{"id":11557,"date":"2015-12-14T07:14:55","date_gmt":"2015-12-14T07:14:55","guid":{"rendered":"https:\/\/agricortes.com\/home\/"},"modified":"2025-01-02T03:57:02","modified_gmt":"2025-01-02T03:57:02","slug":"home","status":"publish","type":"page","link":"https:\/\/agricortes.com\/es\/","title":{"rendered":"Inicio"},"content":{"rendered":"<section class=\"wpb-content-wrapper\"><p>[vc_row][vc_column][rev_slider_vc alias=&#8221;slider-homepage-es&#8221;][\/vc_column][\/vc_row][vc_row full_width=&#8221;stretch_row&#8221; gap=&#8221;10&#8243; css=&#8221;.vc_custom_1722017691189{background-color: #f5f5f5 !important;}&#8221;][vc_column][stm_spacing lg_spacing=&#8221;50&#8243; md_spacing=&#8221;50&#8243; sm_spacing=&#8221;35&#8243; xs_spacing=&#8221;20&#8243;][vc_custom_heading stripe_pos=&#8221;hide&#8221; text=&#8221;Maquinaria y Equipos&#8221; font_container=&#8221;tag:h2|text_align:center&#8221; use_theme_fonts=&#8221;yes&#8221;][vc_empty_space height=&#8221;10px&#8221;][vc_row_inner][vc_column_inner el_class=&#8221;agricultura_section&#8221; width=&#8221;1\/3&#8243;][stm_animation_block animation=&#8221;fadeInUp&#8221; animation_duration=&#8221;0.5&#8243; animation_delay=&#8221;0&#8243;][stm_icon_box box_style=&#8221;style_5&#8243; add_link=&#8221;enable&#8221; icon=&#8221;icon-agri-agricultura&#8221; icon_size=&#8221;52&#8243; icon_color=&#8221;base&#8221; title=&#8221;Agricultura&#8221; link=&#8221;url:https%3A%2F%2Fagricortes.com%2Fes%2Fagricultura%2F|title:Agricultura&#8221; title_font_size=&#8221;20&#8243;][\/stm_icon_box][\/stm_animation_block][\/vc_column_inner][vc_column_inner el_class=&#8221;ambiente_section&#8221; width=&#8221;1\/3&#8243;][stm_animation_block animation=&#8221;fadeInUp&#8221; animation_duration=&#8221;0.5&#8243; animation_delay=&#8221;0&#8243;][stm_icon_box box_style=&#8221;style_5&#8243; add_link=&#8221;enable&#8221; icon=&#8221;icon-agri-ambiente&#8221; icon_size=&#8221;52&#8243; icon_color=&#8221;base&#8221; title=&#8221;Ambiente&#8221; link=&#8221;url:https%3A%2F%2Fagricortes.com%2Fes%2Fambiente%2F|title:Ambiente&#8221; title_font_size=&#8221;20&#8243;][\/stm_icon_box][\/stm_animation_block][\/vc_column_inner][vc_column_inner el_class=&#8221;construcao_section&#8221; width=&#8221;1\/3&#8243;][stm_animation_block animation=&#8221;fadeInUp&#8221; animation_duration=&#8221;0.5&#8243; animation_delay=&#8221;0&#8243;][stm_icon_box box_style=&#8221;style_5&#8243; add_link=&#8221;enable&#8221; icon=&#8221;icon-agri-construcao&#8221; icon_size=&#8221;52&#8243; icon_color=&#8221;base&#8221; title=&#8221;Construcci\u00f3n&#8221; link=&#8221;url:https%3A%2F%2Fagricortes.com%2Fes%2Fconstruccion%2F|title:Construcci%C3%B3n&#8221; title_font_size=&#8221;20&#8243;][\/stm_icon_box][\/stm_animation_block][\/vc_column_inner][\/vc_row_inner][vc_row_inner][vc_column_inner el_class=&#8221;floresta_section&#8221; width=&#8221;1\/3&#8243;][stm_animation_block animation=&#8221;fadeInUp&#8221; animation_duration=&#8221;0.5&#8243; animation_delay=&#8221;0&#8243;][stm_icon_box box_style=&#8221;style_5&#8243; add_link=&#8221;enable&#8221; icon=&#8221;icon-agri-floresta&#8221; icon_size=&#8221;52&#8243; icon_color=&#8221;base&#8221; title=&#8221;Bosque&#8221; link=&#8221;url:https%3A%2F%2Fagricortes.com%2Fes%2Fbosque%2F|title:Bosque&#8221; title_font_size=&#8221;20&#8243;][\/stm_icon_box][\/stm_animation_block][stm_spacing lg_spacing=&#8221;30&#8243; md_spacing=&#8221;30&#8243; sm_spacing=&#8221;30&#8243; xs_spacing=&#8221;30&#8243;][\/vc_column_inner][vc_column_inner el_class=&#8221;logistica_section&#8221; width=&#8221;1\/3&#8243;][stm_animation_block animation=&#8221;fadeInUp&#8221; animation_duration=&#8221;0.5&#8243; animation_delay=&#8221;0&#8243;][stm_icon_box box_style=&#8221;style_5&#8243; add_link=&#8221;enable&#8221; icon=&#8221;icon-agri-logistica&#8221; icon_size=&#8221;52&#8243; icon_color=&#8221;base&#8221; title=&#8221;Log\u00edstica&#8221; link=&#8221;url:https%3A%2F%2Fagricortes.com%2Fes%2Flogistica%2F|title:Log%C3%ADstica&#8221; title_font_size=&#8221;20&#8243;][\/stm_icon_box][\/stm_animation_block][stm_spacing lg_spacing=&#8221;30&#8243; md_spacing=&#8221;30&#8243; sm_spacing=&#8221;30&#8243; xs_spacing=&#8221;30&#8243;][\/vc_column_inner][vc_column_inner el_class=&#8221;motoresepecas_section&#8221; width=&#8221;1\/3&#8243;][stm_animation_block animation=&#8221;fadeInUp&#8221; animation_duration=&#8221;0.5&#8243; animation_delay=&#8221;0&#8243;][stm_icon_box box_style=&#8221;style_5&#8243; add_link=&#8221;enable&#8221; icon=&#8221;icon-agri-motores-pecas&#8221; icon_size=&#8221;52&#8243; icon_color=&#8221;base&#8221; title=&#8221;Motores y Repuestos&#8221; link=&#8221;url:https%3A%2F%2Fagricortes.com%2Fes%2Fmotores-y-repuestos%2F|title:Motores%20y%20Repuestos&#8221; title_font_size=&#8221;20&#8243;][\/stm_icon_box][\/stm_animation_block][stm_spacing lg_spacing=&#8221;30&#8243; md_spacing=&#8221;30&#8243; sm_spacing=&#8221;30&#8243; xs_spacing=&#8221;30&#8243;][\/vc_column_inner][\/vc_row_inner][vc_empty_space][\/vc_column][\/vc_row][vc_row full_width=&#8221;stretch_row&#8221;][vc_column][vc_row_inner][vc_column_inner width=&#8221;4\/12&#8243;][vc_single_image image=&#8221;16933&#8243; img_size=&#8221;530&#215;432&#8243; alignment=&#8221;center&#8221;][stm_spacing lg_spacing=&#8221;0&#8243; md_spacing=&#8221;0&#8243; sm_spacing=&#8221;30&#8243; xs_spacing=&#8221;20&#8243;][\/vc_column_inner][vc_column_inner width=&#8221;8\/12&#8243;][vc_column_text]La constituci\u00f3n de AGRICORTES en 1969 tuve como apalancamiento principal la oportunidad de un mercado surgido de la necesidad de m\u00e1s y mejor maquinaria y equipos para el desarrollo del pa\u00eds, que prestan servicios de forma productiva varios sectores de la econom\u00eda:<\/p>\n<p><a title=\"Agricultura\" href=\"https:\/\/agricortes.com\/es\/agricultura\/\">Agricultura<\/a>\u00a0|\u00a0<a title=\"Ambiente\" href=\"https:\/\/agricortes.com\/es\/ambiente\/\">Ambiente<\/a>\u00a0|\u00a0<a title=\"Construcci\u00f3n\" href=\"https:\/\/agricortes.com\/es\/construccion\/\">Construcci\u00f3n<\/a>\u00a0|\u00a0<a title=\"Bosque\" href=\"https:\/\/agricortes.com\/es\/bosque\/\">Bosque<\/a>\u00a0|\u00a0<a title=\"Log\u00edstica\" href=\"https:\/\/agricortes.com\/es\/logistica\/\">Log\u00edstica<\/a>\u00a0|\u00a0<a title=\"Motores y Repuestos\" href=\"https:\/\/agricortes.com\/es\/motores-y-repuestos\/\">Motores y Repuestos<\/a><\/p>\n<p>Los mercados ib\u00e9rico y de los pa\u00edses africanos de lengua oficial portuguesa fueron surgindo como mercados de proximidad, donde las relaciones de afectos naturalmente se desarrollaron.<\/p>\n<p>Hoy somos una estructura de servicios profesionales en el sector de maquinarua y equipos, desarrollada sobre la base de fuertes princ\u00edpios de gesti\u00f3n, flexibilidad, adaptabilidad y aprendizaje.[\/vc_column_text][\/vc_column_inner][\/vc_row_inner][stm_spacing lg_spacing=&#8221;50&#8243; md_spacing=&#8221;50&#8243; sm_spacing=&#8221;35&#8243; xs_spacing=&#8221;20&#8243;][vc_custom_heading stripe_pos=&#8221;hide&#8221; text=&#8221;Testimonios&#8221; font_container=&#8221;tag:h2|text_align:center&#8221; use_theme_fonts=&#8221;yes&#8221;][vc_row_inner equal_height=&#8221;yes&#8221;][vc_column_inner width=&#8221;1\/3&#8243;][vc_hoverbox image=&#8221;19377&#8243; primary_title=&#8221;Vea el v\u00eddeo&#8221; hover_title=&#8221;&#8221; hover_background_color=&#8221;black&#8221; hover_btn_title=&#8221;Saber mas&#8221; hover_btn_color=&#8221;black&#8221; hover_add_button=&#8221;true&#8221; hover_btn_link=&#8221;url:https%3A%2F%2Fagricortes.com%2Fmultifuncoes-multione%2F&#8221;]<\/p>\n<div style=\"width: 500px;\" class=\"wp-video\"><!--[if lt IE 9]><script>document.createElement('video');<\/script><![endif]-->\n<video class=\"wp-video-shortcode\" id=\"video-11557-1\" width=\"500\" height=\"200\" preload=\"metadata\" controls=\"controls\"><source type=\"video\/mp4\" src=\"https:\/\/agricortes.com\/wp-content\/uploads\/2024\/02\/MULTIONE-8.5SK-TRITURADOR.mp4?_=1\" \/><a href=\"https:\/\/agricortes.com\/wp-content\/uploads\/2024\/02\/MULTIONE-8.5SK-TRITURADOR.mp4\">https:\/\/agricortes.com\/wp-content\/uploads\/2024\/02\/MULTIONE-8.5SK-TRITURADOR.mp4<\/a><\/video><\/div>\n<p>[\/vc_hoverbox][vc_column_text]Made Better Lda es responsable de la gesti\u00f3n de la producci\u00f3n de energ\u00eda fotovoltaica en las instalaciones del grupo Lusiaves. Ha sido equipado con la multifunci\u00f3n MultiOne que le permite utilizar varios accesorios, siendo el principal el lavado de paneles fotovoltaicos, esencial para la eficiencia de la producci\u00f3n de energ\u00eda, pero tambi\u00e9n la trituradora verde para el mantenimiento del terreno.[\/vc_column_text][\/vc_column_inner][vc_column_inner width=&#8221;1\/3&#8243;][vc_hoverbox image=&#8221;17223&#8243; primary_title=&#8221;Vea el v\u00eddeo&#8221; hover_title=&#8221;&#8221; hover_background_color=&#8221;black&#8221; hover_btn_title=&#8221;Saber mas&#8221; hover_btn_color=&#8221;black&#8221; hover_add_button=&#8221;true&#8221; hover_btn_link=&#8221;url:https%3A%2F%2Fagricortes.com%2Fpas-retros-venieri%2F&#8221;]<\/p>\n<div style=\"width: 500px;\" class=\"wp-video\"><video class=\"wp-video-shortcode\" id=\"video-11557-2\" width=\"500\" height=\"200\" preload=\"metadata\" controls=\"controls\"><source type=\"video\/mp4\" src=\"https:\/\/agricortes.com\/wp-content\/uploads\/2024\/04\/Entrega-Venieri-CasteloVide-1.mp4?_=2\" \/><a href=\"https:\/\/agricortes.com\/wp-content\/uploads\/2024\/04\/Entrega-Venieri-CasteloVide-1.mp4\">https:\/\/agricortes.com\/wp-content\/uploads\/2024\/04\/Entrega-Venieri-CasteloVide-1.mp4<\/a><\/video><\/div>\n<p>[\/vc_hoverbox][vc_column_text]<\/p>\n<div id=\"ts-body\">\n<div class=\"css-44 ts-pivot-container\">\n<div id=\"ContentContainer\">\n<div>\n<div>\n<div role=\"tabpanel\" aria-labelledby=\"Pivot0-Tab0\">\n<div class=\"ts-lookup-pivot\">\n<div id=\"Lookup\" class=\"ts-pivot-lookup-component\">\n<div class=\"ms-Grid ts-grid\">\n<div class=\"ms-Grid-row\">\n<div class=\"ts-textfield-container \" lang=\"es\">\n<div class=\"ts-alignment-view-container\">\n<div id=\"ts-alignment-view-idtgt\" class=\"ts-alignment-view ms-font-m ts-alignment-view-tgt ts-ltr-left-zero\" tabindex=\"0\" aria-hidden=\"false\">\n<p tabindex=\"-1\" role=\"label\">El Sr. Jos\u00e9 Matela es fiel a VENIERI con un gusto especial por la mini retroexcavadora modelo 1.33, una m\u00e1quina muy importante para su servicio en la construcci\u00f3n civil. Porque es \u00fanica en el mercado, robusta y con todas las comodidades de una m\u00e1quina grande. Nos reunimos con \u00e9l en Castelo de Vide, donde estuvimos para el entrenamiento del \u00faltimo modelo 1.33C.<\/p>\n<\/div>\n<\/div>\n<\/div>\n<\/div>\n<\/div>\n<\/div>\n<\/div>\n<\/div>\n<\/div>\n<\/div>\n<\/div>\n<\/div>\n<\/div>\n<p>[\/vc_column_text][\/vc_column_inner][vc_column_inner width=&#8221;1\/3&#8243;][vc_hoverbox image=&#8221;19375&#8243; primary_title=&#8221;Vea el v\u00eddeo&#8221; hover_title=&#8221;&#8221; hover_background_color=&#8221;black&#8221; hover_btn_title=&#8221;Saber mas&#8221; hover_btn_color=&#8221;black&#8221; hover_add_button=&#8221;true&#8221; hover_btn_link=&#8221;url:https%3A%2F%2Fagricortes.com%2Fes%2Flimpia-playas-metaljonica%2F&#8221;]<\/p>\n<div style=\"width: 500px;\" class=\"wp-video\"><video class=\"wp-video-shortcode\" id=\"video-11557-3\" width=\"500\" height=\"200\" preload=\"metadata\" controls=\"controls\"><source type=\"video\/mp4\" src=\"https:\/\/agricortes.com\/wp-content\/uploads\/2024\/06\/Limpa-Praias-Metaljonica-Evolucion-165.mp4?_=3\" \/><a href=\"https:\/\/agricortes.com\/wp-content\/uploads\/2024\/06\/Limpa-Praias-Metaljonica-Evolucion-165.mp4\">https:\/\/agricortes.com\/wp-content\/uploads\/2024\/06\/Limpa-Praias-Metaljonica-Evolucion-165.mp4<\/a><\/video><\/div>\n<p>[\/vc_hoverbox][vc_column_text]<\/p>\n<div id=\"ts-body\">\n<div class=\"css-44 ts-pivot-container\">\n<div id=\"ContentContainer\">\n<div role=\"tabpanel\" aria-labelledby=\"Pivot0-Tab0\">\n<div class=\"ts-lookup-pivot\">\n<div id=\"Lookup\" class=\"ts-pivot-lookup-component\">\n<div class=\"ms-Grid ts-grid\">\n<div class=\"ms-Grid-row\">\n<div class=\"ts-textfield-container \" lang=\"es\">\n<div class=\"ts-alignment-view-container\">\n<div id=\"ts-alignment-view-idtgt\" class=\"ts-alignment-view ms-font-m ts-alignment-view-tgt ts-ltr-left-zero\" tabindex=\"0\" aria-hidden=\"false\">\n<p id=\"tw-target-text\" class=\"tw-data-text tw-text-large tw-ta\" dir=\"ltr\" data-placeholder=\"Tradu\u00e7\u00e3o\" data-ved=\"2ahUKEwiuyaX4itaKAxXlVaQEHXjlDcEQ3ewLegQICRAU\" aria-label=\"Texto traduzido: La Praia dos Pescadores de Albufeira cuenta con estas m\u00e1quinas limpiaplayas de Metaljonica trabajando en su mantenimiento. Puedes trabajar en playas o en la arena de campos de golf y circuitos de carreras. Las m\u00e1quinas est\u00e1n adaptadas para trabajar en espacios reducidos, conectadas al sistema hidr\u00e1ulico del tractor para trabajar en grandes superficies.\"><span class=\"Y2IQFc\" lang=\"es\">La Praia dos Pescadores de Albufeira cuenta con estas m\u00e1quinas limpiaplayas de Metaljonica trabajando en su mantenimiento. Puedes trabajar en playas o en la arena de campos de golf y circuitos de carreras. Las m\u00e1quinas est\u00e1n adaptadas para trabajar en espacios reducidos, conectadas al sistema hidr\u00e1ulico del tractor para trabajar en grandes superficies.<\/span><\/p>\n<\/div>\n<\/div>\n<\/div>\n<\/div>\n<\/div>\n<\/div>\n<\/div>\n<\/div>\n<\/div>\n<\/div>\n<\/div>\n<p>[\/vc_column_text][\/vc_column_inner][\/vc_row_inner][stm_spacing lg_spacing=&#8221;50&#8243; md_spacing=&#8221;50&#8243; sm_spacing=&#8221;35&#8243; xs_spacing=&#8221;20&#8243;][vc_empty_space][\/vc_column][\/vc_row]<\/p>\n<\/section>","protected":false},"excerpt":{"rendered":"<p>[vc_row][vc_column][rev_slider_vc alias=&#8221;slider-homepage-es&#8221;][\/vc_column][\/vc_row][vc_row full_width=&#8221;stretch_row&#8221; gap=&#8221;10&#8243; css=&#8221;.vc_custom_1722017691189{background-color: #f5f5f5 !important;}&#8221;][vc_column][stm_spacing lg_spacing=&#8221;50&#8243; md_spacing=&#8221;50&#8243; sm_spacing=&#8221;35&#8243; xs_spacing=&#8221;20&#8243;][vc_custom_heading stripe_pos=&#8221;hide&#8221; text=&#8221;Maquinaria y Equipos&#8221; font_container=&#8221;tag:h2|text_align:center&#8221; use_theme_fonts=&#8221;yes&#8221;][vc_empty_space height=&#8221;10px&#8221;][vc_row_inner][vc_column_inner el_class=&#8221;agricultura_section&#8221; width=&#8221;1\/3&#8243;][stm_animation_block animation=&#8221;fadeInUp&#8221; animation_duration=&#8221;0.5&#8243; animation_delay=&#8221;0&#8243;][stm_icon_box box_style=&#8221;style_5&#8243; add_link=&#8221;enable&#8221; icon=&#8221;icon-agri-agricultura&#8221; icon_size=&#8221;52&#8243; icon_color=&#8221;base&#8221; title=&#8221;Agricultura&#8221; link=&#8221;url:https%3A%2F%2Fagricortes.com%2Fes%2Fagricultura%2F|title:Agricultura&#8221; title_font_size=&#8221;20&#8243;][\/stm_icon_box][\/stm_animation_block][\/vc_column_inner][vc_column_inner el_class=&#8221;ambiente_section&#8221; width=&#8221;1\/3&#8243;][stm_animation_block animation=&#8221;fadeInUp&#8221; animation_duration=&#8221;0.5&#8243; animation_delay=&#8221;0&#8243;][stm_icon_box box_style=&#8221;style_5&#8243; add_link=&#8221;enable&#8221; icon=&#8221;icon-agri-ambiente&#8221; icon_size=&#8221;52&#8243; icon_color=&#8221;base&#8221; title=&#8221;Ambiente&#8221; link=&#8221;url:https%3A%2F%2Fagricortes.com%2Fes%2Fambiente%2F|title:Ambiente&#8221; title_font_size=&#8221;20&#8243;][\/stm_icon_box][\/stm_animation_block][\/vc_column_inner][vc_column_inner el_class=&#8221;construcao_section&#8221; width=&#8221;1\/3&#8243;][stm_animation_block animation=&#8221;fadeInUp&#8221; animation_duration=&#8221;0.5&#8243; animation_delay=&#8221;0&#8243;][stm_icon_box box_style=&#8221;style_5&#8243; add_link=&#8221;enable&#8221; icon=&#8221;icon-agri-construcao&#8221; icon_size=&#8221;52&#8243; icon_color=&#8221;base&#8221; title=&#8221;Construcci\u00f3n&#8221;<\/p>\n","protected":false},"author":1,"featured_media":0,"parent":0,"menu_order":0,"comment_status":"closed","ping_status":"closed","template":"","meta":{"footnotes":""},"class_list":["post-11557","page","type-page","status-publish","hentry"],"aioseo_notices":[],"_links":{"self":[{"href":"https:\/\/agricortes.com\/es\/wp-json\/wp\/v2\/pages\/11557","targetHints":{"allow":["GET"]}}],"collection":[{"href":"https:\/\/agricortes.com\/es\/wp-json\/wp\/v2\/pages"}],"about":[{"href":"https:\/\/agricortes.com\/es\/wp-json\/wp\/v2\/types\/page"}],"author":[{"embeddable":true,"href":"https:\/\/agricortes.com\/es\/wp-json\/wp\/v2\/users\/1"}],"replies":[{"embeddable":true,"href":"https:\/\/agricortes.com\/es\/wp-json\/wp\/v2\/comments?post=11557"}],"version-history":[{"count":70,"href":"https:\/\/agricortes.com\/es\/wp-json\/wp\/v2\/pages\/11557\/revisions"}],"predecessor-version":[{"id":20295,"href":"https:\/\/agricortes.com\/es\/wp-json\/wp\/v2\/pages\/11557\/revisions\/20295"}],"wp:attachment":[{"href":"https:\/\/agricortes.com\/es\/wp-json\/wp\/v2\/media?parent=11557"}],"curies":[{"name":"wp","href":"https:\/\/api.w.org\/{rel}","templated":true}]}}