{"id":11575,"date":"2022-05-13T14:34:46","date_gmt":"2022-05-13T14:34:46","guid":{"rendered":"https:\/\/agricortes.com\/historia\/"},"modified":"2025-02-14T17:44:41","modified_gmt":"2025-02-14T17:44:41","slug":"historia","status":"publish","type":"page","link":"https:\/\/agricortes.com\/es\/historia\/","title":{"rendered":"Hist\u00f3ria"},"content":{"rendered":"<section class=\"wpb-content-wrapper\"><p>[vc_row full_width=&#8221;stretch_row_content_no_spaces&#8221; css=&#8221;.vc_custom_1656348209221{margin-top: 0px !important;margin-right: 0px !important;margin-bottom: 73px !important;margin-left: 0px !important;border-bottom-width: 0px !important;border-bottom-color: #d80d1b !important;border-bottom-style: solid !important;}&#8221;][vc_column][rev_slider_vc alias=&#8221;slider-downloads-es-1&#8243;][\/vc_column][\/vc_row][vc_row][vc_column][vc_custom_heading text=&#8221;Hist\u00f3ria&#8221; font_container=&#8221;tag:h4|text_align:left&#8221; google_fonts=&#8221;font_family:Poppins%3A300%2Cregular%2C500%2C600%2C700|font_style:400%20regular%3A400%3Anormal&#8221; css=&#8221;.vc_custom_1656339385343{margin-top: 0px !important;margin-bottom: 60px !important;padding-top: 0px !important;}&#8221;][\/vc_column][\/vc_row][vc_row][vc_column][vc_row_inner][vc_column_inner][vc_column_text]<\/p>\n<ul>\n<li><strong>1969<\/strong> &#8211; Constituci\u00f3n de AGRICORTES, con sede en Leiria (Portugal), con actividad de comercializaci\u00f3n de m\u00e1quinas y equipos para los sectores Agricultura y Construcci\u00f3n.<\/li>\n<li><strong>1975<\/strong> &#8211; Inicio de la actividad internacional, por la representaci\u00f3n y regulaci\u00f3n del mercado, de m\u00e1quinas y equipos.<\/li>\n<li><strong>1987&gt;90<\/strong> &#8211; Incorporaci\u00f3n de los sectores Logistico, Forestal, Ambiental y Motores.<\/li>\n<li><strong>1999<\/strong> &#8211; Constituci\u00f3n de la filial AGRICORTES ESPA\u00d1A, S.L. con sede en Santiago de Compostela y oficina de representaci\u00f3n en Madrid.<\/li>\n<li><strong>2002<\/strong> &#8211; Transformaci\u00f3n de la empresa portuguesa en sociedad an\u00f3nima: AGRICORTES &#8211; Com\u00e9rcio de M\u00e1quinas e Equipamentos, SA.<\/li>\n<li><strong>2003<\/strong> &#8211; Certificaci\u00f3n del Sistema de Gesti\u00f3n de Calidad seg\u00fan la norma NP EN ISO 9001.<\/li>\n<li><strong>2010<\/strong> &#8211; Implementaci\u00f3n del Sistema de Gesti\u00f3n Ambiental seg\u00fan la norma NP EN ISO 14001.<br \/>\nConstituci\u00f3n de la filial AGRICORTES DE LUANDA, Lda con sede en Luanda &#8211; Angola.<\/li>\n<li><strong>2014<\/strong> &#8211; Implementaci\u00f3n del CRM\u00a0en ambiente internet para la gesti\u00f3n de la relaci\u00f3n con los clientes.<\/li>\n<li><strong>2018<\/strong> &#8211; Constituci\u00f3n de la filial\u00a0AGRICORTES BISSAU, SARL\u00a0con sede en Bissau &#8211; Guin\u00e9-Bissau.<\/li>\n<li><strong>2019<\/strong> &#8211; Criaci\u00f3n del Centro de Formaci\u00f3n para concesionarios en el Parque de Exposici\u00f3n en Batalha &#8211; Leiria, Portugal.<br \/>\nAGRICORTES cumple 50 a\u00f1os de actividad.<\/li>\n<li><strong>2025<\/strong> &#8211; Apertura de tienda online de repuestos originales.<\/li>\n<\/ul>\n<p>[\/vc_column_text][\/vc_column_inner][\/vc_row_inner][stm_spacing lg_spacing=&#8221;80&#8243; md_spacing=&#8221;70&#8243; sm_spacing=&#8221;60&#8243; xs_spacing=&#8221;60&#8243;][\/vc_column][\/vc_row]<\/p>\n<\/section>","protected":false},"excerpt":{"rendered":"<p>[vc_row full_width=&#8221;stretch_row_content_no_spaces&#8221; css=&#8221;.vc_custom_1656348209221{margin-top: 0px !important;margin-right: 0px !important;margin-bottom: 73px !important;margin-left: 0px !important;border-bottom-width: 0px !important;border-bottom-color: #d80d1b !important;border-bottom-style: solid !important;}&#8221;][vc_column][rev_slider_vc alias=&#8221;slider-downloads-es-1&#8243;][\/vc_column][\/vc_row][vc_row][vc_column][vc_custom_heading text=&#8221;Hist\u00f3ria&#8221; font_container=&#8221;tag:h4|text_align:left&#8221; google_fonts=&#8221;font_family:Poppins%3A300%2Cregular%2C500%2C600%2C700|font_style:400%20regular%3A400%3Anormal&#8221; css=&#8221;.vc_custom_1656339385343{margin-top: 0px !important;margin-bottom: 60px !important;padding-top: 0px !important;}&#8221;][\/vc_column][\/vc_row][vc_row][vc_column][vc_row_inner][vc_column_inner][vc_column_text] 1969 &#8211; Constituci\u00f3n de AGRICORTES, con sede en Leiria (Portugal), con actividad de comercializaci\u00f3n de m\u00e1quinas y equipos para los sectores Agricultura y Construcci\u00f3n. 1975 &#8211; Inicio<\/p>\n","protected":false},"author":1,"featured_media":0,"parent":0,"menu_order":0,"comment_status":"closed","ping_status":"closed","template":"","meta":{"footnotes":""},"class_list":["post-11575","page","type-page","status-publish","hentry"],"aioseo_notices":[],"_links":{"self":[{"href":"https:\/\/agricortes.com\/es\/wp-json\/wp\/v2\/pages\/11575","targetHints":{"allow":["GET"]}}],"collection":[{"href":"https:\/\/agricortes.com\/es\/wp-json\/wp\/v2\/pages"}],"about":[{"href":"https:\/\/agricortes.com\/es\/wp-json\/wp\/v2\/types\/page"}],"author":[{"embeddable":true,"href":"https:\/\/agricortes.com\/es\/wp-json\/wp\/v2\/users\/1"}],"replies":[{"embeddable":true,"href":"https:\/\/agricortes.com\/es\/wp-json\/wp\/v2\/comments?post=11575"}],"version-history":[{"count":8,"href":"https:\/\/agricortes.com\/es\/wp-json\/wp\/v2\/pages\/11575\/revisions"}],"predecessor-version":[{"id":20426,"href":"https:\/\/agricortes.com\/es\/wp-json\/wp\/v2\/pages\/11575\/revisions\/20426"}],"wp:attachment":[{"href":"https:\/\/agricortes.com\/es\/wp-json\/wp\/v2\/media?parent=11575"}],"curies":[{"name":"wp","href":"https:\/\/api.w.org\/{rel}","templated":true}]}}