{"id":11587,"date":"2022-05-23T14:43:34","date_gmt":"2022-05-23T14:43:34","guid":{"rendered":"https:\/\/agricortes.com\/qualidade-e-ambiente\/"},"modified":"2022-06-30T17:53:46","modified_gmt":"2022-06-30T17:53:46","slug":"calidad-y-ambiente","status":"publish","type":"page","link":"https:\/\/agricortes.com\/es\/calidad-y-ambiente\/","title":{"rendered":"Calidad y Ambiente"},"content":{"rendered":"<section class=\"wpb-content-wrapper\"><p>[vc_row full_width=&#8221;stretch_row_content_no_spaces&#8221; css=&#8221;.vc_custom_1656348441109{margin-top: 0px !important;margin-right: 0px !important;margin-bottom: 73px !important;margin-left: 0px !important;border-bottom-width: 0px !important;border-bottom-color: #d80d1b !important;border-bottom-style: solid !important;}&#8221;][vc_column][rev_slider_vc alias=&#8221;slider-downloads-es-1&#8243;][\/vc_column][\/vc_row][vc_row][vc_column][vc_custom_heading text=&#8221;Calidad y Ambiente&#8221; font_container=&#8221;tag:h4|text_align:left&#8221; google_fonts=&#8221;font_family:Poppins%3A300%2Cregular%2C500%2C600%2C700|font_style:400%20regular%3A400%3Anormal&#8221; css=&#8221;.vc_custom_1656345120472{margin-top: 0px !important;margin-bottom: 60px !important;padding-top: 0px !important;}&#8221;][\/vc_column][\/vc_row][vc_row][vc_column][vc_row_inner][vc_column_inner][vc_column_text]<strong>POLITICA DE CALIDAD Y MEDIO AMBIENTE<\/strong><br \/>\n<em>Este es nuestro compromiso con la calidad total, en el atendimiento a las necesidades de los clientes, en la mejora continua de los procedimientos y productos, y en el compromiso con el ambiente, en 3 vectores estrat\u00e9gicos creadores de valor:<\/em><\/p>\n<p><strong><em>Creaci\u00f3n de Valor en AGRICORTES<\/em><\/strong><em> a trav\u00e9s de la implementaci\u00f3n y mejora continua de la eficacia de un sistema de gesti\u00f3n de calidad y medio ambiente, conforme las normas ISO 9001 e ISO 14001, que asegure el cumplimiento integral de los requisitos legales y que promueva:<\/em><\/p>\n<ul>\n<li><em>una relaci\u00f3n de satisfacci\u00f3n y confianza entre AGRICORTES y las partes interesadas, expresamente: clientes, proveedores, funcionarios, accionistas, comunidad y Estado;<\/em><\/li>\n<li><em>un desempe\u00f1o ambiental sustentable, reduciendo los niveles de contaminaci\u00f3n.<\/em><\/li>\n<\/ul>\n<p><strong><em>Creaci\u00f3n de valor en los clientes de maquinaria y equipos para:<\/em><\/strong><\/p>\n<ul>\n<li><em>Agricultura\u00a0<\/em><\/li>\n<li><em>Bosque<\/em><\/li>\n<li><em>Ambiente\u00a0<\/em><\/li>\n<li><em>Log\u00edstica\u00a0<\/em><\/li>\n<li><em>Construcci\u00f3n<\/em><\/li>\n<\/ul>\n<p><strong><em>a trav\u00e9s de:<\/em><\/strong><\/p>\n<ul>\n<li><em>la oferta de la marca AGRICORTES como garant\u00eda de un servicio de proximidad, de respuesta eficaz y de asociaci\u00f3n continua que permita el integral cumplimiento de los requisitos del cliente;<\/em><\/li>\n<li><em>la oferta de un portafolio de productos deseables en virtud de sus especificaciones de innovaci\u00f3n y tecnolog\u00eda, que cumpla con la satisfacci\u00f3n de las necesidades productivas del cliente y que introduzca plusval\u00edas en su rentabilidad y calidad de vida.<\/em><\/li>\n<\/ul>\n<p><strong><em>Creaci\u00f3n de Valor Ambiental\u00a0a trav\u00e9s de:\u00a0<\/em><\/strong><\/p>\n<ul>\n<li><em>buenas pr\u00e1cticas de gesti\u00f3n de residuos, racionalizaci\u00f3n de consumos y minimizaci\u00f3n de impactos medioambientales;<\/em><\/li>\n<li><em>nformaci\u00f3n externa a clientes y proveedores sensibiliz\u00e1ndolos para pr\u00e1cticas responsables de protecci\u00f3n ambiental.<\/em><\/li>\n<\/ul>\n<p>[\/vc_column_text][\/vc_column_inner][\/vc_row_inner][stm_spacing lg_spacing=&#8221;80&#8243; md_spacing=&#8221;70&#8243; sm_spacing=&#8221;60&#8243; xs_spacing=&#8221;60&#8243;][\/vc_column][\/vc_row]<\/p>\n<\/section>","protected":false},"excerpt":{"rendered":"<p>[vc_row full_width=&#8221;stretch_row_content_no_spaces&#8221; css=&#8221;.vc_custom_1656348441109{margin-top: 0px !important;margin-right: 0px !important;margin-bottom: 73px !important;margin-left: 0px !important;border-bottom-width: 0px !important;border-bottom-color: #d80d1b !important;border-bottom-style: solid !important;}&#8221;][vc_column][rev_slider_vc alias=&#8221;slider-downloads-es-1&#8243;][\/vc_column][\/vc_row][vc_row][vc_column][vc_custom_heading text=&#8221;Calidad y Ambiente&#8221; font_container=&#8221;tag:h4|text_align:left&#8221; google_fonts=&#8221;font_family:Poppins%3A300%2Cregular%2C500%2C600%2C700|font_style:400%20regular%3A400%3Anormal&#8221; css=&#8221;.vc_custom_1656345120472{margin-top: 0px !important;margin-bottom: 60px !important;padding-top: 0px !important;}&#8221;][\/vc_column][\/vc_row][vc_row][vc_column][vc_row_inner][vc_column_inner][vc_column_text]POLITICA DE CALIDAD Y MEDIO AMBIENTE Este es nuestro compromiso con la calidad total, en el atendimiento a las necesidades de los clientes, en la mejora<\/p>\n","protected":false},"author":1,"featured_media":0,"parent":0,"menu_order":0,"comment_status":"closed","ping_status":"closed","template":"","meta":{"footnotes":""},"class_list":["post-11587","page","type-page","status-publish","hentry"],"aioseo_notices":[],"_links":{"self":[{"href":"https:\/\/agricortes.com\/es\/wp-json\/wp\/v2\/pages\/11587","targetHints":{"allow":["GET"]}}],"collection":[{"href":"https:\/\/agricortes.com\/es\/wp-json\/wp\/v2\/pages"}],"about":[{"href":"https:\/\/agricortes.com\/es\/wp-json\/wp\/v2\/types\/page"}],"author":[{"embeddable":true,"href":"https:\/\/agricortes.com\/es\/wp-json\/wp\/v2\/users\/1"}],"replies":[{"embeddable":true,"href":"https:\/\/agricortes.com\/es\/wp-json\/wp\/v2\/comments?post=11587"}],"version-history":[{"count":5,"href":"https:\/\/agricortes.com\/es\/wp-json\/wp\/v2\/pages\/11587\/revisions"}],"predecessor-version":[{"id":12256,"href":"https:\/\/agricortes.com\/es\/wp-json\/wp\/v2\/pages\/11587\/revisions\/12256"}],"wp:attachment":[{"href":"https:\/\/agricortes.com\/es\/wp-json\/wp\/v2\/media?parent=11587"}],"curies":[{"name":"wp","href":"https:\/\/api.w.org\/{rel}","templated":true}]}}