{"id":11601,"date":"2022-05-23T14:44:18","date_gmt":"2022-05-23T14:44:18","guid":{"rendered":"https:\/\/agricortes.com\/marca-agricortes\/"},"modified":"2022-06-27T16:48:49","modified_gmt":"2022-06-27T16:48:49","slug":"marca-agricortes","status":"publish","type":"page","link":"https:\/\/agricortes.com\/es\/marca-agricortes\/","title":{"rendered":"Marca Agricortes"},"content":{"rendered":"<section class=\"wpb-content-wrapper\"><p>[vc_row full_width=&#8221;stretch_row_content_no_spaces&#8221; css=&#8221;.vc_custom_1656348524671{margin-top: 0px !important;margin-right: 0px !important;margin-bottom: 73px !important;margin-left: 0px !important;border-bottom-width: 0px !important;border-bottom-color: #d80d1b !important;border-bottom-style: solid !important;}&#8221;][vc_column][rev_slider_vc alias=&#8221;slider-downloads-es-1&#8243;][\/vc_column][\/vc_row][vc_row][vc_column][vc_custom_heading text=&#8221;Marca Agricortes&#8221; font_container=&#8221;tag:h4|text_align:left&#8221; google_fonts=&#8221;font_family:Poppins%3A300%2Cregular%2C500%2C600%2C700|font_style:400%20regular%3A400%3Anormal&#8221; css=&#8221;.vc_custom_1656345244658{margin-top: 0px !important;margin-bottom: 60px !important;padding-top: 0px !important;}&#8221;][\/vc_column][\/vc_row][vc_row][vc_column][vc_row_inner][vc_column_inner width=&#8221;2\/3&#8243;][vc_column_text]Somos<\/p>\n<p>una\u00a0<strong>cultura\u00a0<\/strong>tecnol\u00f3gica experiente orientada para el futuro,<\/p>\n<p>un\u00a0<strong>equipo<\/strong>\u00a0que promueve la excelencia,<\/p>\n<p>una\u00a0<strong>visi\u00f3n<\/strong>\u00a0de elevada satisfacci\u00f3n y confianza entre las partes interesadas, expresamente clientes, proveedores, colaboradores, accionistas y comunidad,<\/p>\n<p>un\u00a0<strong>sentimiento<\/strong>\u00a0de pertenencia a un grupo de usuarios de m\u00e1quinas y equipos de elevada calidad, deseables en virtud de sus especificaciones de innovaci\u00f3n y tecnolog\u00eda y que introduzcan plusval\u00edas en su rentabilidad y calidad de vida,<\/p>\n<p>un<strong>\u00a0servicio<\/strong>\u00a0de proximidad, de respuesta eficaz y de asociaci\u00f3n,<\/p>\n<p>un\u00a0<strong>compromiso<\/strong>\u00a0de minimizaci\u00f3n de impactos medioambientales.[\/vc_column_text][\/vc_column_inner][vc_column_inner width=&#8221;1\/3&#8243;][vc_single_image image=&#8221;8414&#8243; img_size=&#8221;full&#8221; alignment=&#8221;center&#8221;][\/vc_column_inner][\/vc_row_inner][stm_spacing lg_spacing=&#8221;80&#8243; md_spacing=&#8221;70&#8243; sm_spacing=&#8221;60&#8243; xs_spacing=&#8221;60&#8243;][\/vc_column][\/vc_row]<\/p>\n<\/section>","protected":false},"excerpt":{"rendered":"<p>[vc_row full_width=&#8221;stretch_row_content_no_spaces&#8221; css=&#8221;.vc_custom_1656348524671{margin-top: 0px !important;margin-right: 0px !important;margin-bottom: 73px !important;margin-left: 0px !important;border-bottom-width: 0px !important;border-bottom-color: #d80d1b !important;border-bottom-style: solid !important;}&#8221;][vc_column][rev_slider_vc alias=&#8221;slider-downloads-es-1&#8243;][\/vc_column][\/vc_row][vc_row][vc_column][vc_custom_heading text=&#8221;Marca Agricortes&#8221; font_container=&#8221;tag:h4|text_align:left&#8221; google_fonts=&#8221;font_family:Poppins%3A300%2Cregular%2C500%2C600%2C700|font_style:400%20regular%3A400%3Anormal&#8221; css=&#8221;.vc_custom_1656345244658{margin-top: 0px !important;margin-bottom: 60px !important;padding-top: 0px !important;}&#8221;][\/vc_column][\/vc_row][vc_row][vc_column][vc_row_inner][vc_column_inner width=&#8221;2\/3&#8243;][vc_column_text]Somos una\u00a0cultura\u00a0tecnol\u00f3gica experiente orientada para el futuro, un\u00a0equipo\u00a0que promueve la excelencia, una\u00a0visi\u00f3n\u00a0de elevada satisfacci\u00f3n y confianza entre las partes interesadas, expresamente clientes, proveedores, colaboradores, accionistas y<\/p>\n","protected":false},"author":1,"featured_media":0,"parent":0,"menu_order":0,"comment_status":"closed","ping_status":"closed","template":"","meta":{"footnotes":""},"class_list":["post-11601","page","type-page","status-publish","hentry"],"aioseo_notices":[],"_links":{"self":[{"href":"https:\/\/agricortes.com\/es\/wp-json\/wp\/v2\/pages\/11601","targetHints":{"allow":["GET"]}}],"collection":[{"href":"https:\/\/agricortes.com\/es\/wp-json\/wp\/v2\/pages"}],"about":[{"href":"https:\/\/agricortes.com\/es\/wp-json\/wp\/v2\/types\/page"}],"author":[{"embeddable":true,"href":"https:\/\/agricortes.com\/es\/wp-json\/wp\/v2\/users\/1"}],"replies":[{"embeddable":true,"href":"https:\/\/agricortes.com\/es\/wp-json\/wp\/v2\/comments?post=11601"}],"version-history":[{"count":6,"href":"https:\/\/agricortes.com\/es\/wp-json\/wp\/v2\/pages\/11601\/revisions"}],"predecessor-version":[{"id":12215,"href":"https:\/\/agricortes.com\/es\/wp-json\/wp\/v2\/pages\/11601\/revisions\/12215"}],"wp:attachment":[{"href":"https:\/\/agricortes.com\/es\/wp-json\/wp\/v2\/media?parent=11601"}],"curies":[{"name":"wp","href":"https:\/\/api.w.org\/{rel}","templated":true}]}}