{"id":11605,"date":"2022-05-23T14:45:26","date_gmt":"2022-05-23T14:45:26","guid":{"rendered":"https:\/\/agricortes.com\/agricortes-club\/"},"modified":"2022-06-27T16:50:27","modified_gmt":"2022-06-27T16:50:27","slug":"agricortes-club","status":"publish","type":"page","link":"https:\/\/agricortes.com\/es\/agricortes-club\/","title":{"rendered":"Agricortes Club"},"content":{"rendered":"<section class=\"wpb-content-wrapper\"><p>[vc_row full_width=&#8221;stretch_row_content_no_spaces&#8221; css=&#8221;.vc_custom_1656348622609{margin-top: 0px !important;margin-right: 0px !important;margin-bottom: 73px !important;margin-left: 0px !important;border-bottom-width: 0px !important;border-bottom-color: #d80d1b !important;border-bottom-style: solid !important;}&#8221;][vc_column][rev_slider_vc alias=&#8221;slider-downloads-es-1&#8243;][\/vc_column][\/vc_row][vc_row][vc_column][vc_custom_heading text=&#8221;Agricortes Club&#8221; font_container=&#8221;tag:h4|text_align:left&#8221; google_fonts=&#8221;font_family:Poppins%3A300%2Cregular%2C500%2C600%2C700|font_style:400%20regular%3A400%3Anormal&#8221; css=&#8221;.vc_custom_1656345348933{margin-top: 0px !important;margin-bottom: 60px !important;padding-top: 0px !important;}&#8221;][\/vc_column][\/vc_row][vc_row][vc_column][vc_row_inner][vc_column_inner width=&#8221;2\/3&#8243;][vc_column_text]Incluye clientes finales, utilizadores de la maquinaria y equipos de AGRICORTES y todos los interesados, sean concesionarios, aparceros, accionistas, colaboradores o comunidad.<\/p>\n<p>Pretendemos unir a trav\u00e9s de un sentimiento de pertenencia; compartir valores; contribuir para una relaci\u00f3n \u00e9tica con el suelo, plantas, animales, personas y generaciones a\u00fan por nascer.<\/p>\n<p>&#8220;La<em>\u00a0agricultura es el fundamento de toda la cultura, ella tiene algo a veer con todos<\/em>&#8220;.<br \/>\nRudolf Steiner[\/vc_column_text][\/vc_column_inner][vc_column_inner width=&#8221;1\/3&#8243;][vc_single_image image=&#8221;8413&#8243; img_size=&#8221;full&#8221; alignment=&#8221;center&#8221;][\/vc_column_inner][\/vc_row_inner][stm_spacing lg_spacing=&#8221;80&#8243; md_spacing=&#8221;70&#8243; sm_spacing=&#8221;60&#8243; xs_spacing=&#8221;60&#8243;][\/vc_column][\/vc_row]<\/p>\n<\/section>","protected":false},"excerpt":{"rendered":"<p>[vc_row full_width=&#8221;stretch_row_content_no_spaces&#8221; css=&#8221;.vc_custom_1656348622609{margin-top: 0px !important;margin-right: 0px !important;margin-bottom: 73px !important;margin-left: 0px !important;border-bottom-width: 0px !important;border-bottom-color: #d80d1b !important;border-bottom-style: solid !important;}&#8221;][vc_column][rev_slider_vc alias=&#8221;slider-downloads-es-1&#8243;][\/vc_column][\/vc_row][vc_row][vc_column][vc_custom_heading text=&#8221;Agricortes Club&#8221; font_container=&#8221;tag:h4|text_align:left&#8221; google_fonts=&#8221;font_family:Poppins%3A300%2Cregular%2C500%2C600%2C700|font_style:400%20regular%3A400%3Anormal&#8221; css=&#8221;.vc_custom_1656345348933{margin-top: 0px !important;margin-bottom: 60px !important;padding-top: 0px !important;}&#8221;][\/vc_column][\/vc_row][vc_row][vc_column][vc_row_inner][vc_column_inner width=&#8221;2\/3&#8243;][vc_column_text]Incluye clientes finales, utilizadores de la maquinaria y equipos de AGRICORTES y todos los interesados, sean concesionarios, aparceros, accionistas, colaboradores o comunidad. Pretendemos unir a trav\u00e9s<\/p>\n","protected":false},"author":1,"featured_media":0,"parent":0,"menu_order":0,"comment_status":"closed","ping_status":"closed","template":"","meta":{"footnotes":""},"class_list":["post-11605","page","type-page","status-publish","hentry"],"aioseo_notices":[],"_links":{"self":[{"href":"https:\/\/agricortes.com\/es\/wp-json\/wp\/v2\/pages\/11605","targetHints":{"allow":["GET"]}}],"collection":[{"href":"https:\/\/agricortes.com\/es\/wp-json\/wp\/v2\/pages"}],"about":[{"href":"https:\/\/agricortes.com\/es\/wp-json\/wp\/v2\/types\/page"}],"author":[{"embeddable":true,"href":"https:\/\/agricortes.com\/es\/wp-json\/wp\/v2\/users\/1"}],"replies":[{"embeddable":true,"href":"https:\/\/agricortes.com\/es\/wp-json\/wp\/v2\/comments?post=11605"}],"version-history":[{"count":5,"href":"https:\/\/agricortes.com\/es\/wp-json\/wp\/v2\/pages\/11605\/revisions"}],"predecessor-version":[{"id":11607,"href":"https:\/\/agricortes.com\/es\/wp-json\/wp\/v2\/pages\/11605\/revisions\/11607"}],"wp:attachment":[{"href":"https:\/\/agricortes.com\/es\/wp-json\/wp\/v2\/media?parent=11605"}],"curies":[{"name":"wp","href":"https:\/\/api.w.org\/{rel}","templated":true}]}}