{"id":11639,"date":"2022-05-27T10:48:36","date_gmt":"2022-05-27T10:48:36","guid":{"rendered":"https:\/\/agricortes.com\/tratores-tym\/"},"modified":"2026-01-26T13:27:02","modified_gmt":"2026-01-26T13:27:02","slug":"tractores-tym","status":"publish","type":"page","link":"https:\/\/agricortes.com\/es\/tractores-tym\/","title":{"rendered":"TYM &#8211; Tractores"},"content":{"rendered":"<section class=\"wpb-content-wrapper\"><p>[vc_row full_width=&#8221;stretch_row_content_no_spaces&#8221; css=&#8221;.vc_custom_1654158973046{margin-top: 0px !important;margin-right: 0px !important;margin-bottom: 73px !important;margin-left: 0px !important;border-bottom-width: 8px !important;border-bottom-color: #d80d1b !important;border-bottom-style: solid !important;}&#8221;][vc_column][rev_slider_vc alias=&#8221;slider-agricultura&#8221;][\/vc_column][\/vc_row][vc_row][vc_column width=&#8221;1\/6&#8243;][vc_custom_heading icon=&#8221;icon-agri-agricultura&#8221; icon_size=&#8221;40&#8243; stripe_pos=&#8221;hide&#8221; text=&#8221;Agricultura&#8221; font_container=&#8221;tag:h4|font_size:23|text_align:left&#8221; google_fonts=&#8221;font_family:Poppins%3A300%2Cregular%2C500%2C600%2C700|font_style:400%20regular%3A400%3Anormal&#8221; css=&#8221;.vc_custom_1713199904134{margin-top: 0px !important;padding-top: 0px !important;}&#8221; el_class=&#8221;iconTitle&#8221; link=&#8221;url:https%3A%2F%2Fagricortes.com%2Fes%2Fagricultura%2F|&#8221;][vc_raw_html]JTVCYmVsbG93cyUyMGNvbmZpZ19pZCUzRCUyMm1haW4lMjIlMjBtZW51JTNEJTIyMTAwJTIyJTVE[\/vc_raw_html][\/vc_column][vc_column width=&#8221;2\/3&#8243;][vc_tta_tabs spacing=&#8221;5&#8243; active_section=&#8221;1&#8243; el_class=&#8221;theme_style&#8221;][vc_tta_section title=&#8221;TYM&#8221; tab_id=&#8221;tym&#8221;][vc_row_inner][vc_column_inner width=&#8221;2\/3&#8243;][vc_single_image image=&#8221;8761&#8243; img_size=&#8221;&#8221; css=&#8221;.vc_custom_1654078195713{margin-bottom: 10px !important;}&#8221;][vc_column_text el_class=&#8221;Download_Files_List&#8221; css=&#8221;.vc_custom_1713199912986{margin-bottom: 0px !important;}&#8221;]<a href=\"http:\/\/www.tymiberica.com\" target=\"_blank\" rel=\"noopener\">tymiberica.com<\/a>[\/vc_column_text][vc_custom_heading text=&#8221;TRATORES TYM&#8221; font_container=&#8221;tag:h1|text_align:left&#8221; google_fonts=&#8221;font_family:Poppins%3A300%2Cregular%2C500%2C600%2C700|font_style:400%20regular%3A400%3Anormal&#8221;][vc_column_text]<strong>Uma fam\u00edlia de tratores de qualidade Premium no seu ADN\u00a0<\/strong><\/p>\n<p>O design coloca estes tratores no topo de um posicionamento marcadamente arrojado, inovador e muito atrativo, proporcionando um excelente conforto em todas as opera\u00e7\u00f5es.<\/p>\n<p>Estes tratores de linhas compactas s\u00e3o essencialmente utilit\u00e1rios, extremamente vers\u00e1teis para todo o tipo de servi\u00e7os.<br \/>\nO seu lema principal \u00e9 a aten\u00e7\u00e3o m\u00e1xima ao cliente e \u00e0 supera\u00e7\u00e3o das suas expectativas.<br \/>\nA inten\u00e7\u00e3o de oferecer uma gama completa que v\u00e1 ao encontro das necessidades dos clientes de pequenos e m\u00e9dios tratores, em pa\u00edses como Estados Unidos, Canad\u00e1, Austr\u00e1lia e Europa, reflete a popularidade destes tratores e a incorpora\u00e7\u00e3o em cada modelo de elevadas especifica\u00e7\u00f5es e ergonomia, que fazem todos os tratores TYM muito f\u00e1ceis de conduzir.[\/vc_column_text][\/vc_column_inner][vc_column_inner width=&#8221;1\/3&#8243;][vc_single_image image=&#8221;8762&#8243; img_size=&#8221;full&#8221; onclick=&#8221;link_image&#8221;][\/vc_column_inner][\/vc_row_inner][\/vc_tta_section][vc_tta_section title=&#8221;TRATORES MINI&#8221; tab_id=&#8221;tratores-mini&#8221;][vc_row_inner][vc_column_inner width=&#8221;2\/3&#8243;][vc_single_image image=&#8221;8761&#8243; img_size=&#8221;&#8221; css=&#8221;.vc_custom_1654078195713{margin-bottom: 10px !important;}&#8221;][vc_column_text el_class=&#8221;Download_Files_List&#8221; css=&#8221;.vc_custom_1713199923657{margin-bottom: 0px !important;}&#8221;]<a href=\"http:\/\/www.tymiberica.com\" target=\"_blank\" rel=\"noopener\">tymiberica.com<\/a>[\/vc_column_text][vc_custom_heading text=&#8221;TRATORES MINI TYM&#8221; font_container=&#8221;tag:h1|text_align:left&#8221; google_fonts=&#8221;font_family:Poppins%3A300%2Cregular%2C500%2C600%2C700|font_style:400%20regular%3A400%3Anormal&#8221;][vc_column_text]Os tratores mini TYM T255 facilitam o trabalho aos profissionais que operam em espa\u00e7os reduzidos e apertados, em minif\u00fandio e estufas hortofrut\u00edcolas.<br \/>\nOu servem simplesmente\u00a0as necessidades mais simples do estilo de vida rural,\u00a0na pequena agricultura e de hobby.<br \/>\nFa\u00e7a o seu trabalho facilmente e com satisfa\u00e7\u00e3o!<\/p>\n<ul>\n<li>Tra\u00e7\u00e3o \u00e0s 4 rodas motrizes<\/li>\n<li>Plataforma plana<\/li>\n<li>Motor diesel<\/li>\n<li>Dire\u00e7\u00e3o hidrost\u00e1tica<\/li>\n<li>Eixo anterior robusto para suportar p\u00e1 carregadora<\/li>\n<li>Caixa da transmiss\u00e3o em ferro fundido<\/li>\n<li>Capacidade de eleva\u00e7\u00e3o do hidr\u00e1ulico 600 Kg<\/li>\n<li>Sa\u00eddas hidr\u00e1ulicas para implementos<\/li>\n<li>Tomada de for\u00e7a de controlo eletrohidr\u00e1ulico<\/li>\n<li>Largura minima 1164 mm<\/li>\n<\/ul>\n<p>Opcionais:<\/p>\n<ul>\n<li>P\u00e1 carregadora frontal<\/li>\n<li>Corta relvas ventral<\/li>\n<\/ul>\n<div class=\"table-responsive\">\n<table class=\"table\" style=\"background: #FFF;\">\n<thead>\n<tr style=\"background: #a32035; color: #ffffff;\">\n<td><strong>M<small>odelo<\/small><\/strong><\/td>\n<td><small><strong>T255<\/strong><\/small><\/td>\n<\/tr>\n<\/thead>\n<tbody>\n<tr>\n<td><small><strong>Posto opera\u00e7\u00e3o<\/strong><\/small><\/td>\n<td><small>ROPS de aro rebat\u00edvel<\/small><\/td>\n<\/tr>\n<tr>\n<td rowspan=\"4\"><small><strong>Motor<\/strong><\/small><\/td>\n<td><small>Yanmar 3TNV76<\/small><\/td>\n<\/tr>\n<tr>\n<td colspan=\"2\"><small>diesel 3 cilindros, arrefecido a \u00e1gua, inje\u00e7\u00e3o indireta<\/small><\/td>\n<\/tr>\n<tr>\n<td><small>25,3 Cv<\/small><\/td>\n<\/tr>\n<tr>\n<td><small>1116 cc<\/small><\/td>\n<\/tr>\n<tr>\n<td rowspan=\"2\"><small><strong>Transmiss\u00e3o<\/strong><\/small><\/td>\n<td><small>4WD<\/small><\/td>\n<\/tr>\n<tr>\n<td><small>6F+2R<\/small><\/td>\n<\/tr>\n<tr>\n<td rowspan=\"2\"><small><strong>Pneus<\/strong><\/small><\/td>\n<td><small>9.5-16 agr\u00edcolas<\/small><\/td>\n<\/tr>\n<tr>\n<td><small>6-12<\/small><\/td>\n<\/tr>\n<tr>\n<td rowspan=\"2\"><small><strong>Pneus opcionais<\/strong><\/small><\/td>\n<td><small>10.5&#215;80-18<\/small><\/td>\n<\/tr>\n<tr>\n<td><small>600-12<\/small><\/td>\n<\/tr>\n<\/tbody>\n<\/table>\n<\/div>\n<p>Veja tamb\u00e9m tratores mini <a href=\"https:\/\/agricortes.com\/tratores-solis\/#1653314755359-8c73aa7e-267816535614593941654189117271\">SOLIS<\/a>.[\/vc_column_text][\/vc_column_inner][vc_column_inner width=&#8221;1\/3&#8243;][vc_custom_heading icon=&#8221;icon-agri-agricultura&#8221; icon_size=&#8221;40&#8243; stripe_pos=&#8221;hide&#8221; text=&#8221;Cat\u00e1logos&#8221; font_container=&#8221;tag:h4|font_size:23|text_align:left&#8221; google_fonts=&#8221;font_family:Poppins%3A300%2Cregular%2C500%2C600%2C700|font_style:400%20regular%3A400%3Anormal&#8221; css=&#8221;.vc_custom_1707331116549{margin-top: 0px !important;padding-top: 0px !important;}&#8221; el_class=&#8221;iconTitle&#8221;][vc_column_text el_class=&#8221;Download_Files_List&#8221;]<a title=\"CATALOGO TRATOR TYM T255 PT\" href=\"\/wp-content\/uploads\/2019\/09\/Catalogo_Trator_TYM_T255_PT.pdf\" download=\"\">CATALOGO TRATOR TYM T255<\/a>[\/vc_column_text][vc_media_grid style=&#8221;lazy&#8221; element_width=&#8221;6&#8243; gap=&#8221;10&#8243; grid_id=&#8221;vc_gid:1769433943733-39ed6167-5fdd-0&#8243; el_class=&#8221;imageGalleryMargin&#8221; include=&#8221;8763,8764,8765,8766&#8243;][\/vc_column_inner][\/vc_row_inner][\/vc_tta_section][vc_tta_section title=&#8221;TRATORES ESTREITOS&#8221; tab_id=&#8221;tratores-estreitos&#8221;][vc_row_inner][vc_column_inner width=&#8221;2\/3&#8243;][vc_single_image image=&#8221;8761&#8243; img_size=&#8221;&#8221; css=&#8221;.vc_custom_1654078195713{margin-bottom: 10px !important;}&#8221;][vc_column_text el_class=&#8221;Download_Files_List&#8221; css=&#8221;.vc_custom_1713199945650{margin-bottom: 0px !important;}&#8221;]<a href=\"http:\/\/www.tymiberica.com\" target=\"_blank\" rel=\"noopener\">tymiberica.com<\/a>[\/vc_column_text][vc_custom_heading text=&#8221;TRATORES ESTREITOS TYM&#8221; font_container=&#8221;tag:h1|text_align:left&#8221; google_fonts=&#8221;font_family:Poppins%3A300%2Cregular%2C500%2C600%2C700|font_style:400%20regular%3A400%3Anormal&#8221;][vc_column_text]Os modelos compactos de eixo estreito da TYM surgiram da necessidade sentida pela agricultura profissional das\u00a0estufas, dos pomares de copas baixas e da agricultura entre linhas estreitas ou da pequena agricultura em campo aberto.<br \/>\nAl\u00e9m disso s\u00e3o fabricados de s\u00e9rie para levar\u00a0carregador frontal o que os torna vers\u00e1teis e multifuncionais.<\/p>\n<ul>\n<li>Plataforma totalmente plana<\/li>\n<li>Comandos ergon\u00f3micos<\/li>\n<li>Joystick incorporado para carregador frontal<\/li>\n<li>Tomada de for\u00e7a eletrohidr\u00e1ulica<\/li>\n<li>Dispositivo autom\u00e1tico \u00e0 TDF<\/li>\n<li>Sistema hidr\u00e1ulico potente<\/li>\n<li>Eixo anterior robusto<\/li>\n<li>Tra\u00e7\u00e3o\u00a04WD\u00a0com\u00a0trav\u00f5es\u00a0de\u00a0discos\u00a0em\u00a0banho\u00a0de\u00a0\u00f3leo<\/li>\n<\/ul>\n<div class=\"table-responsive\">\n<table class=\"table\" style=\"background: #FFF;\">\n<thead>\n<tr style=\"background: #a32035; color: #ffffff;\">\n<td><small><strong>Modelo<\/strong><\/small><\/td>\n<td><small><strong>T475<\/strong><\/small><\/td>\n<\/tr>\n<\/thead>\n<tbody>\n<tr>\n<td><small><strong>Posto opera\u00e7\u00e3o<\/strong><\/small><\/td>\n<td><small>ROPS<\/small><\/td>\n<\/tr>\n<tr>\n<td rowspan=\"4\"><small><strong>\u00a0Motor<\/strong><\/small><\/td>\n<td><small>KM A2300<\/small><\/td>\n<\/tr>\n<tr>\n<td><small>diesel 4 cilindros<\/small><\/td>\n<\/tr>\n<tr>\n<td><small>48 Cv<\/small><\/td>\n<\/tr>\n<tr>\n<td><small>2287 cc<\/small><\/td>\n<\/tr>\n<tr>\n<td rowspan=\"2\"><small><strong>Transmiss\u00e3o<\/strong><\/small><\/td>\n<td><small>4WD<\/small><\/td>\n<\/tr>\n<tr>\n<td><small>12F+12R<\/small><\/td>\n<\/tr>\n<tr>\n<td><small><strong>Dire\u00e7\u00e3o<\/strong><\/small><\/td>\n<td><small>hidrost\u00e1tica<\/small><\/td>\n<\/tr>\n<tr>\n<td rowspan=\"2\"><small><strong>Pneus<\/strong><\/small><\/td>\n<td><small>360.70R24<\/small><\/td>\n<\/tr>\n<tr>\n<td><small>260.70R16<\/small><\/td>\n<\/tr>\n<tr>\n<td><small><strong>Largura<\/strong><\/small><\/td>\n<td><small>1500 mm<\/small><\/td>\n<\/tr>\n<tr>\n<td><small><strong>Aro<\/strong><\/small><\/td>\n<td><small>atr\u00e1s rebat\u00edvel<\/small><\/td>\n<\/tr>\n<\/tbody>\n<\/table>\n<\/div>\n<p>[\/vc_column_text][\/vc_column_inner][vc_column_inner width=&#8221;1\/3&#8243;][vc_custom_heading icon=&#8221;icon-agri-agricultura&#8221; icon_size=&#8221;40&#8243; stripe_pos=&#8221;hide&#8221; text=&#8221;Cat\u00e1logos&#8221; font_container=&#8221;tag:h4|font_size:23|text_align:left&#8221; google_fonts=&#8221;font_family:Poppins%3A300%2Cregular%2C500%2C600%2C700|font_style:400%20regular%3A400%3Anormal&#8221; css=&#8221;.vc_custom_1707331426241{margin-top: 0px !important;padding-top: 0px !important;}&#8221; el_class=&#8221;iconTitle&#8221;][vc_column_text el_class=&#8221;Download_Files_List&#8221;]<a title=\"CATALOGO TRATOR TYM T475 PT\" href=\"\/wp-content\/uploads\/2019\/09\/Catalogo_Trator_TYM_T475_PT.pdf\" download=\"\">CATALOGO TRATOR TYM T475<\/a>[\/vc_column_text][vc_media_grid style=&#8221;lazy&#8221; element_width=&#8221;6&#8243; gap=&#8221;10&#8243; grid_id=&#8221;vc_gid:1769433943733-e3b5f1eb-d33c-4&#8243; el_class=&#8221;imageGalleryMargin&#8221; include=&#8221;18116,18120&#8243;][\/vc_column_inner][\/vc_row_inner][\/vc_tta_section][vc_tta_section title=&#8221;TRATORES COMPACTOS&#8221; tab_id=&#8221;tratores-compactos&#8221;][vc_row_inner][vc_column_inner width=&#8221;2\/3&#8243;][vc_single_image image=&#8221;8761&#8243; img_size=&#8221;&#8221; css=&#8221;.vc_custom_1654078195713{margin-bottom: 10px !important;}&#8221;][vc_column_text el_class=&#8221;Download_Files_List&#8221; css=&#8221;.vc_custom_1713199955297{margin-bottom: 0px !important;}&#8221;]<a href=\"http:\/\/www.tymiberica.com\" target=\"_blank\" rel=\"noopener\">tymiberica.com<\/a>[\/vc_column_text][vc_custom_heading text=&#8221;TRATORES COMPACTOS TYM&#8221; font_container=&#8221;tag:h1|text_align:left&#8221; google_fonts=&#8221;font_family:Poppins%3A300%2Cregular%2C500%2C600%2C700|font_style:400%20regular%3A400%3Anormal&#8221;][vc_column_text]Porque a estrutura define a forma, o design TYM \u00e9 tamb\u00e9m sin\u00f3nimo de um pensamento especializado, onde se mantem a plataforma plana para acesso livre e opera\u00e7\u00f5es confort\u00e1veis, a dire\u00e7\u00e3o hidrost\u00e1tica com circuito independente de f\u00e1cil movimento, a concep\u00e7\u00e3o de for\u00e7a, resist\u00eancia, fiabilidade y qualidade que asseguram 2 anos de garantia total, a seguran\u00e7a completa em todas as opera\u00e7\u00f5es, trav\u00f5es em banho de \u00f3leo multidisco, sistema hidr\u00e1ulico de bomba dupla, controlo de tomada de for\u00e7a electro-hidr\u00e1ulico, eleva\u00e7\u00e3o hidr\u00e1ulica com controlo de posi\u00e7\u00e3o e sensibilidade.<\/p>\n<ul>\n<li>Motores diesel de 4 cilindros<\/li>\n<li>Inversor sincronizado (inversor electro-hidr\u00e1ulico no T603)<\/li>\n<li>Trav\u00f5es multidisco com banho de \u00f3leo<\/li>\n<li>Dupla bomba hidr\u00e1ulica<\/li>\n<li>Circuito hidr\u00e1ulico da dire\u00e7\u00e3o independente<\/li>\n<li>Duas e quatro sa\u00eddas do hidr\u00e1ulico<\/li>\n<li>Tomada de for\u00e7a 540-1000 rpm.<\/li>\n<li>Tomada de for\u00e7a independente com comando electro-hidr\u00e1ulico<\/li>\n<li>Chassi com plataforma plana amortecida com apoios tipo Silent Block<\/li>\n<li>Volante regul\u00e1vel<\/li>\n<li>Aro de seguran\u00e7a rebat\u00edvel<\/li>\n<\/ul>\n<div class=\"table-responsive\">\n<table class=\"table\" style=\"background: #FFF;\">\n<thead>\n<tr style=\"background: #a32035; color: #ffffff;\">\n<td><small><strong>Modelo<\/strong><\/small><\/td>\n<td><small><strong>T495<\/strong><\/small><\/td>\n<td><small><strong>T555<\/strong><\/small><\/td>\n<td><small><strong>T575<\/strong><\/small><\/td>\n<\/tr>\n<\/thead>\n<tbody>\n<tr>\n<td><small><strong>Posto opera\u00e7\u00e3o<\/strong><\/small><\/td>\n<td><small>ROPS<\/small><\/td>\n<td><small>ROPS<\/small><\/td>\n<td><small>ROPS<\/small><\/td>\n<\/tr>\n<tr>\n<td rowspan=\"4\"><small><strong>\u00a0Motor<\/strong><\/small><\/td>\n<td><small>KM A2300<\/small><\/td>\n<td><small>Yanmar 4TNV86<\/small><\/td>\n<td><small>KM A2300T<\/small><\/td>\n<\/tr>\n<tr>\n<td><small>diesel 4 cilindros<\/small><\/td>\n<td><small>diesel 4 cilindros turbo<\/small><\/td>\n<td><small>diesel 4 cilindros turbo<\/small><\/td>\n<\/tr>\n<tr>\n<td><small>49 Cv<\/small><\/td>\n<td><small>56 Cv<\/small><\/td>\n<td><small>59 Cv<\/small><\/td>\n<\/tr>\n<tr>\n<td><small>2287 cc<\/small><\/td>\n<td><small>2091 cc<\/small><\/td>\n<td><small>2287 cc<\/small><\/td>\n<\/tr>\n<tr>\n<td rowspan=\"2\"><small><strong>Transmiss\u00e3o<\/strong><\/small><\/td>\n<td><small>4WD<\/small><\/td>\n<td><small>4WD<\/small><\/td>\n<td><small>4WD<\/small><\/td>\n<\/tr>\n<tr>\n<td><small>8F+8R<\/small><\/td>\n<td><small>16F+16R<\/small><\/td>\n<td><small>8F+16R<\/small><\/td>\n<\/tr>\n<tr>\n<td><small><strong>Dire\u00e7\u00e3o<\/strong><\/small><\/td>\n<td><small>hidrost\u00e1tica<\/small><\/td>\n<td><small>hidrost\u00e1tica<\/small><\/td>\n<td><small>hidrost\u00e1tica<\/small><\/td>\n<\/tr>\n<tr>\n<td rowspan=\"2\"><small><strong>Pneus<\/strong><\/small><\/td>\n<td><small>380.70R24<\/small><\/td>\n<td><small>380.70R24<\/small><\/td>\n<td><small>380.70R24<\/small><\/td>\n<\/tr>\n<tr>\n<td><small>280.70R16<\/small><\/td>\n<td><small>280.70R16<\/small><\/td>\n<td><small>280.70R16<\/small><\/td>\n<\/tr>\n<\/tbody>\n<\/table>\n<\/div>\n<p>[\/vc_column_text][\/vc_column_inner][vc_column_inner width=&#8221;1\/3&#8243;][vc_custom_heading icon=&#8221;icon-agri-agricultura&#8221; icon_size=&#8221;40&#8243; stripe_pos=&#8221;hide&#8221; text=&#8221;Cat\u00e1logos&#8221; font_container=&#8221;tag:h4|font_size:23|text_align:left&#8221; google_fonts=&#8221;font_family:Poppins%3A300%2Cregular%2C500%2C600%2C700|font_style:400%20regular%3A400%3Anormal&#8221; css=&#8221;.vc_custom_1707331388692{margin-top: 0px !important;padding-top: 0px !important;}&#8221; el_class=&#8221;iconTitle&#8221;][vc_column_text el_class=&#8221;Download_Files_List&#8221;]<a title=\"CATALOGO TRATOR TYM T495 PT\" href=\"\/wp-content\/uploads\/2019\/09\/Catalogo_Trator_TYM_T495_PT.pdf\" download=\"\">CATALOGO TRATOR TYM T495<\/a><br \/>\n<a title=\"CATALOGO TRATOR TYM T455 T555 PT\" href=\"\/wp-content\/uploads\/2019\/09\/Catalogo_Trator_TYM_T455_T555_PT.pdf\" download=\"\">CATALOGO TRATOR TYM T555<\/a><br \/>\n<a href=\"https:\/\/agricortes.com\/wp-content\/uploads\/2019\/09\/Catalogo_Trator_TYM_T575_PT.pdf\">CATALOGO TRATOR TYM T575<\/a>[\/vc_column_text][vc_media_grid style=&#8221;lazy&#8221; element_width=&#8221;6&#8243; gap=&#8221;10&#8243; grid_id=&#8221;vc_gid:1769433943734-879d3dcd-ae0e-7&#8243; el_class=&#8221;imageGalleryMargin&#8221; include=&#8221;8773,8771&#8243;][\/vc_column_inner][\/vc_row_inner][\/vc_tta_section][\/vc_tta_tabs][\/vc_column][vc_column width=&#8221;1\/6&#8243;][vc_custom_heading icon=&#8221;stm-email2&#8243; icon_size=&#8221;40&#8243; stripe_pos=&#8221;hide&#8221; text=&#8221;Contacto&#8221; font_container=&#8221;tag:h4|font_size:23|text_align:left&#8221; google_fonts=&#8221;font_family:Poppins%3A300%2Cregular%2C500%2C600%2C700|font_style:400%20regular%3A400%3Anormal&#8221; css=&#8221;.vc_custom_1704469094521{margin-top: 0px !important;padding-top: 0px !important;}&#8221; el_class=&#8221;iconTitle&#8221;]\n<div class=\"wpcf7 no-js\" id=\"wpcf7-f12358-o1\" lang=\"es-ES\" dir=\"ltr\" data-wpcf7-id=\"12358\">\n<div class=\"screen-reader-response\"><p role=\"status\" aria-live=\"polite\" aria-atomic=\"true\"><\/p> <ul><\/ul><\/div>\n<form action=\"\/es\/wp-json\/wp\/v2\/pages\/11639#wpcf7-f12358-o1\" method=\"post\" class=\"wpcf7-form init\" aria-label=\"Formulario de contacto\" novalidate=\"novalidate\" data-status=\"init\">\n<div style=\"display: none;\">\n<input type=\"hidden\" name=\"_wpcf7\" value=\"12358\" \/>\n<input type=\"hidden\" name=\"_wpcf7_version\" value=\"6.0.6\" \/>\n<input type=\"hidden\" name=\"_wpcf7_locale\" value=\"es_ES\" \/>\n<input type=\"hidden\" name=\"_wpcf7_unit_tag\" value=\"wpcf7-f12358-o1\" \/>\n<input type=\"hidden\" name=\"_wpcf7_container_post\" value=\"0\" \/>\n<input type=\"hidden\" name=\"_wpcf7_posted_data_hash\" value=\"\" \/>\n<input type=\"hidden\" name=\"_wpcf7_recaptcha_response\" value=\"\" \/>\n<\/div>\n<div class=\"request_callback\">\n        <div class=\"input-group\">\n            <span class=\"wpcf7-form-control-wrap\" data-name=\"your-subject\"><input size=\"40\" maxlength=\"400\" class=\"wpcf7-form-control wpcf7-text wpcf7-validates-as-required\" aria-required=\"true\" aria-invalid=\"false\" placeholder=\"Sujeto *\" value=\"\" type=\"text\" name=\"your-subject\" \/><\/span>\n        <div class=\"input-group\">\n            <span class=\"wpcf7-form-control-wrap\" data-name=\"your-message\"><textarea cols=\"40\" rows=\"10\" maxlength=\"2000\" class=\"wpcf7-form-control wpcf7-textarea wpcf7-validates-as-required height100\" aria-required=\"true\" aria-invalid=\"false\" placeholder=\"Mensaje *\" name=\"your-message\"><\/textarea><\/span>\n        <div class=\"input-group\">\n            <span class=\"wpcf7-form-control-wrap\" data-name=\"your-company\"><input size=\"40\" maxlength=\"400\" class=\"wpcf7-form-control wpcf7-text\" aria-invalid=\"false\" placeholder=\"Empresa\" value=\"\" type=\"text\" name=\"your-company\" \/><\/span>      \n        <div class=\"input-group\">\n            <span class=\"wpcf7-form-control-wrap\" data-name=\"your-name\"><input size=\"40\" maxlength=\"400\" class=\"wpcf7-form-control wpcf7-text wpcf7-validates-as-required\" aria-required=\"true\" aria-invalid=\"false\" placeholder=\"Nombre *\" value=\"\" type=\"text\" name=\"your-name\" \/><\/span>\n        <div class=\"input-group\">\n            <span class=\"wpcf7-form-control-wrap\" data-name=\"your-loc\"><input size=\"40\" maxlength=\"400\" class=\"wpcf7-form-control wpcf7-text wpcf7-validates-as-required\" aria-required=\"true\" aria-invalid=\"false\" placeholder=\"Localidad *\" value=\"\" type=\"text\" name=\"your-loc\" \/><\/span>\n        <div class=\"input-group\">\n            <span class=\"wpcf7-form-control-wrap\" data-name=\"your-tel\"><input size=\"40\" maxlength=\"400\" class=\"wpcf7-form-control wpcf7-tel wpcf7-validates-as-required wpcf7-text wpcf7-validates-as-tel\" aria-required=\"true\" aria-invalid=\"false\" placeholder=\"Contacto *\" value=\"\" type=\"tel\" name=\"your-tel\" \/><\/span>       \n        <div class=\"input-group\">\n            <span class=\"wpcf7-form-control-wrap\" data-name=\"your-email\"><input size=\"40\" maxlength=\"400\" class=\"wpcf7-form-control wpcf7-email wpcf7-validates-as-required wpcf7-text wpcf7-validates-as-email\" aria-required=\"true\" aria-invalid=\"false\" placeholder=\"E-mail *\" value=\"\" type=\"email\" name=\"your-email\" \/><\/span>      \n        <\/div>\n        <div class=\"input-group\">\n            <button type=\"submit\" class=\"button size-lg icon_right\">Enviar<i class=\"fa fa-chevron-right\"><\/i><\/button>\n        <\/div>\n<\/div><div class=\"wpcf7-response-output\" aria-hidden=\"true\"><\/div>\n<\/form>\n<\/div>\n[\/vc_column][\/vc_row]<\/p>\n<\/section>","protected":false},"excerpt":{"rendered":"<p>[vc_row full_width=&#8221;stretch_row_content_no_spaces&#8221; css=&#8221;.vc_custom_1654158973046{margin-top: 0px !important;margin-right: 0px !important;margin-bottom: 73px !important;margin-left: 0px !important;border-bottom-width: 8px !important;border-bottom-color: #d80d1b !important;border-bottom-style: solid !important;}&#8221;][vc_column][rev_slider_vc alias=&#8221;slider-agricultura&#8221;][\/vc_column][\/vc_row][vc_row][vc_column width=&#8221;1\/6&#8243;][vc_custom_heading icon=&#8221;icon-agri-agricultura&#8221; icon_size=&#8221;40&#8243; stripe_pos=&#8221;hide&#8221; text=&#8221;Agricultura&#8221; font_container=&#8221;tag:h4|font_size:23|text_align:left&#8221; google_fonts=&#8221;font_family:Poppins%3A300%2Cregular%2C500%2C600%2C700|font_style:400%20regular%3A400%3Anormal&#8221; css=&#8221;.vc_custom_1713199904134{margin-top: 0px !important;padding-top: 0px !important;}&#8221; el_class=&#8221;iconTitle&#8221; link=&#8221;url:https%3A%2F%2Fagricortes.com%2Fes%2Fagricultura%2F|&#8221;][vc_raw_html]JTVCYmVsbG93cyUyMGNvbmZpZ19pZCUzRCUyMm1haW4lMjIlMjBtZW51JTNEJTIyMTAwJTIyJTVE[\/vc_raw_html][\/vc_column][vc_column width=&#8221;2\/3&#8243;][vc_tta_tabs spacing=&#8221;5&#8243; active_section=&#8221;1&#8243; el_class=&#8221;theme_style&#8221;][vc_tta_section title=&#8221;TYM&#8221; tab_id=&#8221;tym&#8221;][vc_row_inner][vc_column_inner width=&#8221;2\/3&#8243;][vc_single_image image=&#8221;8761&#8243; img_size=&#8221;&#8221; css=&#8221;.vc_custom_1654078195713{margin-bottom: 10px !important;}&#8221;][vc_column_text el_class=&#8221;Download_Files_List&#8221; css=&#8221;.vc_custom_1713199912986{margin-bottom: 0px !important;}&#8221;]tymiberica.com[\/vc_column_text][vc_custom_heading text=&#8221;TRATORES TYM&#8221; font_container=&#8221;tag:h1|text_align:left&#8221; google_fonts=&#8221;font_family:Poppins%3A300%2Cregular%2C500%2C600%2C700|font_style:400%20regular%3A400%3Anormal&#8221;][vc_column_text]Uma fam\u00edlia de tratores<\/p>\n","protected":false},"author":2,"featured_media":0,"parent":0,"menu_order":0,"comment_status":"closed","ping_status":"closed","template":"","meta":{"footnotes":""},"class_list":["post-11639","page","type-page","status-publish","hentry"],"aioseo_notices":[],"_links":{"self":[{"href":"https:\/\/agricortes.com\/es\/wp-json\/wp\/v2\/pages\/11639","targetHints":{"allow":["GET"]}}],"collection":[{"href":"https:\/\/agricortes.com\/es\/wp-json\/wp\/v2\/pages"}],"about":[{"href":"https:\/\/agricortes.com\/es\/wp-json\/wp\/v2\/types\/page"}],"author":[{"embeddable":true,"href":"https:\/\/agricortes.com\/es\/wp-json\/wp\/v2\/users\/2"}],"replies":[{"embeddable":true,"href":"https:\/\/agricortes.com\/es\/wp-json\/wp\/v2\/comments?post=11639"}],"version-history":[{"count":35,"href":"https:\/\/agricortes.com\/es\/wp-json\/wp\/v2\/pages\/11639\/revisions"}],"predecessor-version":[{"id":21850,"href":"https:\/\/agricortes.com\/es\/wp-json\/wp\/v2\/pages\/11639\/revisions\/21850"}],"wp:attachment":[{"href":"https:\/\/agricortes.com\/es\/wp-json\/wp\/v2\/media?parent=11639"}],"curies":[{"name":"wp","href":"https:\/\/api.w.org\/{rel}","templated":true}]}}