{"id":11653,"date":"2022-06-02T16:44:24","date_gmt":"2022-06-02T16:44:24","guid":{"rendered":"https:\/\/agricortes.com\/acma-escav-grades-arados\/"},"modified":"2025-03-18T12:49:35","modified_gmt":"2025-03-18T12:49:35","slug":"acma-excav-grades-arados","status":"publish","type":"page","link":"https:\/\/agricortes.com\/es\/acma-excav-grades-arados\/","title":{"rendered":"ACMA &#8211; Gradas y Arados"},"content":{"rendered":"<section class=\"wpb-content-wrapper\"><p>[vc_row full_width=&#8221;stretch_row_content_no_spaces&#8221; css=&#8221;.vc_custom_1654158973046{margin-top: 0px !important;margin-right: 0px !important;margin-bottom: 73px !important;margin-left: 0px !important;border-bottom-width: 8px !important;border-bottom-color: #d80d1b !important;border-bottom-style: solid !important;}&#8221;][vc_column][rev_slider_vc alias=&#8221;slider-agricultura-12&#8243;][\/vc_column][\/vc_row][vc_row][vc_column width=&#8221;1\/6&#8243;][vc_custom_heading icon=&#8221;icon-agri-agricultura&#8221; icon_size=&#8221;40&#8243; stripe_pos=&#8221;hide&#8221; text=&#8221;Agricultura&#8221; font_container=&#8221;tag:h4|font_size:23|text_align:left&#8221; google_fonts=&#8221;font_family:Poppins%3A300%2Cregular%2C500%2C600%2C700|font_style:400%20regular%3A400%3Anormal&#8221; css=&#8221;.vc_custom_1713185720034{margin-top: 0px !important;padding-top: 0px !important;}&#8221; el_class=&#8221;iconTitle&#8221; link=&#8221;url:https%3A%2F%2Fagricortes.com%2Fes%2Fagricultura&#8221;][vc_raw_html]JTVCYmVsbG93cyUyMGNvbmZpZ19pZCUzRCUyMm1haW4lMjIlMjBtZW51JTNEJTIyMTE0JTIyJTVE[\/vc_raw_html][\/vc_column][vc_column width=&#8221;2\/3&#8243;][vc_tta_tabs spacing=&#8221;5&#8243; active_section=&#8221;1&#8243; el_class=&#8221;theme_style&#8221;][vc_tta_section title=&#8221;ACMA&#8221; tab_id=&#8221;acma&#8221;][vc_row_inner][vc_column_inner width=&#8221;2\/3&#8243;][vc_single_image image=&#8221;10303&#8243; img_size=&#8221;&#8221; css=&#8221;.vc_custom_1654188618370{margin-bottom: 10px !important;}&#8221;][vc_column_text el_class=&#8221;Download_Files_List&#8221; css=&#8221;.vc_custom_1713185666694{margin-bottom: 0px !important;}&#8221;][\/vc_column_text][vc_custom_heading text=&#8221;ACMA&#8221; font_container=&#8221;tag:h1|text_align:left&#8221; google_fonts=&#8221;font_family:Poppins%3A300%2Cregular%2C500%2C600%2C700|font_style:400%20regular%3A400%3Anormal&#8221;][vc_column_text]<strong>La Tierra es nuestro mundo.<\/strong><\/p>\n<p>La precisi\u00f3n y cuidado en la proyecci\u00f3n y realizaci\u00f3n de los aperos ACMA-GHERARDI\u00a0son el resultado del ingenio italiano. Meticuloso, cuidadoso, la artesan\u00eda italiana. Detalles importantes que valoran el origen y surcan la tierra de nuestro mundo.<\/p>\n<p>Trabajar en el campo es fatigante, por ello ACMA-GHERARDI\u00a0siempre busca las mejores soluciones para aliviar el esfuerzo de los que cuidan de la tierra. Para hacerlo m\u00e1s f\u00e1cil, m\u00e1s sencillo, m\u00e1s seguro.[\/vc_column_text][\/vc_column_inner][vc_column_inner width=&#8221;1\/3&#8243;][vc_column_text]<iframe title=\"YouTube video player\" src=\"https:\/\/www.youtube.com\/embed\/pgiYQZkemXA\" width=\"100%\" height=\"auto\" frameborder=\"0\" allowfullscreen=\"allowfullscreen\"><\/iframe>[\/vc_column_text][\/vc_column_inner][\/vc_row_inner][\/vc_tta_section][vc_tta_section title=&#8221;GRADAS&#8221; tab_id=&#8221;gradas&#8221;][vc_row_inner][vc_column_inner width=&#8221;2\/3&#8243;][vc_single_image image=&#8221;10303&#8243; img_size=&#8221;&#8221; css=&#8221;.vc_custom_1654188644132{margin-bottom: 10px !important;}&#8221;][vc_column_text el_class=&#8221;Download_Files_List&#8221; css=&#8221;.vc_custom_1713185685766{margin-bottom: 0px !important;}&#8221;][\/vc_column_text][vc_custom_heading text=&#8221;GRADAS&#8221; font_container=&#8221;tag:h1|text_align:left&#8221; google_fonts=&#8221;font_family:Poppins%3A300%2Cregular%2C500%2C600%2C700|font_style:400%20regular%3A400%3Anormal&#8221;][vc_column_text]Serie semi-pesada, de discos de 2 secciones, con apertura y regulaci\u00f3n hidr\u00e1ulica, remolcada con ruedas al centro.<\/p>\n<ul>\n<li>Accionada por los hidr\u00e1ulicos del tractor<\/li>\n<li>Barra de remolque regulable horizontalmente y con oscilaci\u00f3n vertical<\/li>\n<li>Ruedas de transporte con elevaci\u00f3n hidr\u00e1ulica<\/li>\n<li>Muelle amortiguador en transporte<\/li>\n<li>Regulaci\u00f3n mec\u00e1nica de la inclinaci\u00f3n del trabajo<\/li>\n<li>Raspador ajustable en cada disco<\/li>\n<li>Discos anteriores lisos y posteriores dentados<\/li>\n<\/ul>\n<div class=\"table-responsive\">\n<table class=\"table\" style=\"background: #FFF;\">\n<thead>\n<tr style=\"background: #a32035; color: #ffffff;\">\n<td><small><strong>Modelo<\/strong><\/small><\/td>\n<td><small><strong>MOD.EOV\/24\/LHF D.660<\/strong><\/small><\/td>\n<\/tr>\n<\/thead>\n<tbody>\n<tr>\n<td><small><strong>Discos<\/strong><\/small><\/td>\n<td><small>24<\/small><\/td>\n<\/tr>\n<tr>\n<td><small><strong>Medidas de los discos<\/strong><\/small><\/td>\n<td><small>26\u2019\u2019<\/small><\/td>\n<\/tr>\n<tr>\n<td><small><strong>Ancho de trabajo<\/strong><\/small><\/td>\n<td><small>277 cm<\/small><\/td>\n<\/tr>\n<tr>\n<td><small><strong>Peso<\/strong><\/small><\/td>\n<td><small>2060 Kg<\/small><\/td>\n<\/tr>\n<tr>\n<td><small><strong>Potencia requerida<\/strong><\/small><\/td>\n<td><small>90-110 Hp<\/small><\/td>\n<\/tr>\n<\/tbody>\n<\/table>\n<\/div>\n<p>[\/vc_column_text][\/vc_column_inner][vc_column_inner width=&#8221;1\/3&#8243;][vc_media_grid style=&#8221;lazy&#8221; element_width=&#8221;6&#8243; gap=&#8221;10&#8243; grid_id=&#8221;vc_gid:1742301909887-aec1ddd1-06cf-8&#8243; include=&#8221;10337,10334,10331,10328&#8243; el_class=&#8221;imageGalleryMargin&#8221;][vc_column_text]<iframe title=\"YouTube video player\" src=\"https:\/\/www.youtube.com\/embed\/jDBQaDyIA2A\" width=\"100%\" height=\"auto\" frameborder=\"0\" allowfullscreen=\"allowfullscreen\"><\/iframe>[\/vc_column_text][\/vc_column_inner][\/vc_row_inner][\/vc_tta_section][vc_tta_section title=&#8221;ARADOS&#8221; tab_id=&#8221;arados&#8221;][vc_row_inner][vc_column_inner width=&#8221;2\/3&#8243;][vc_single_image image=&#8221;10303&#8243; img_size=&#8221;&#8221; css=&#8221;.vc_custom_1654188659361{margin-bottom: 10px !important;}&#8221;][vc_column_text el_class=&#8221;Download_Files_List&#8221; css=&#8221;.vc_custom_1713185694998{margin-bottom: 0px !important;}&#8221;][\/vc_column_text][vc_custom_heading text=&#8221;ARADOS&#8221; font_container=&#8221;tag:h1|text_align:left&#8221; google_fonts=&#8221;font_family:Poppins%3A300%2Cregular%2C500%2C600%2C700|font_style:400%20regular%3A400%3Anormal&#8221;][vc_column_text]Arados de discos, reversibles y con rotaci\u00f3n hidr\u00e1ulica.<\/p>\n<ul>\n<li>Enganche a los 3 puntos del tractor<\/li>\n<li>Chasis tubular<\/li>\n<li>Triple regulaci\u00f3n vertical en cada disco<\/li>\n<li>Discos en acero especial<\/li>\n<li>Raspadores ajustables en cada disco<\/li>\n<li>Rueda direccional el\u00e1stica y ajustable<\/li>\n<li>Soporte de aparcamiento<\/li>\n<\/ul>\n<div class=\"table-responsive\">\n<table class=\"table\" style=\"background: #FFF;\">\n<thead>\n<tr style=\"background: #a32035; color: #ffffff;\">\n<td><small><strong>Modelo<\/strong><\/small><\/td>\n<td><small><strong>TDR\/600\/H D.710<\/strong><\/small><\/td>\n<td><small><strong>QDR\/800\/H D.710<\/strong><\/small><\/td>\n<\/tr>\n<\/thead>\n<tbody>\n<tr>\n<td><small><strong>Discos<\/strong><\/small><\/td>\n<td><small>3<\/small><\/td>\n<td><small>4<\/small><\/td>\n<\/tr>\n<tr>\n<td><small><strong>Medidas de los discos<\/strong><\/small><\/td>\n<td><small>28\u2019\u2019<\/small><\/td>\n<td><small>28\u2019\u2019<\/small><\/td>\n<\/tr>\n<tr>\n<td><small><strong>Profundidad de trabajo<\/strong><\/small><\/td>\n<td><small>28 cm<\/small><\/td>\n<td><small>28 cm<\/small><\/td>\n<\/tr>\n<tr>\n<td><small><strong>Ancho de trabajo<\/strong><\/small><\/td>\n<td><small>85 cm<\/small><\/td>\n<td><small>114 cm<\/small><\/td>\n<\/tr>\n<tr>\n<td><small><strong>Peso<\/strong><\/small><\/td>\n<td><small>575 Kg<\/small><\/td>\n<td><small>710 Kg<\/small><\/td>\n<\/tr>\n<tr>\n<td><small><strong>Potencia requerida<\/strong><\/small><\/td>\n<td><small>60-70 Hp<\/small><\/td>\n<td><small>75-90 Hp<\/small><\/td>\n<\/tr>\n<\/tbody>\n<\/table>\n<\/div>\n<p>Otros modelos\u00a0bajo consulta.[\/vc_column_text][\/vc_column_inner][vc_column_inner width=&#8221;1\/3&#8243;][vc_media_grid style=&#8221;lazy&#8221; element_width=&#8221;6&#8243; gap=&#8221;10&#8243; grid_id=&#8221;vc_gid:1742301909887-bc3a3f54-5b1e-10&#8243; el_class=&#8221;imageGalleryMargin&#8221; include=&#8221;10343,10340&#8243;][vc_column_text]<iframe title=\"YouTube video player\" src=\"https:\/\/www.youtube.com\/embed\/iiqYdwzlCvI\" width=\"100%\" height=\"auto\" frameborder=\"0\" allowfullscreen=\"allowfullscreen\"><\/iframe>[\/vc_column_text][\/vc_column_inner][\/vc_row_inner][\/vc_tta_section][\/vc_tta_tabs][\/vc_column][vc_column width=&#8221;1\/6&#8243;][vc_custom_heading icon=&#8221;stm-email2&#8243; icon_size=&#8221;40&#8243; stripe_pos=&#8221;hide&#8221; text=&#8221;Contacto&#8221; font_container=&#8221;tag:h4|font_size:23|text_align:left&#8221; google_fonts=&#8221;font_family:Poppins%3A300%2Cregular%2C500%2C600%2C700|font_style:400%20regular%3A400%3Anormal&#8221; css=&#8221;.vc_custom_1723224346984{margin-top: 0px !important;padding-top: 0px !important;}&#8221; el_class=&#8221;iconTitle&#8221; link=&#8221;url:https%3A%2F%2Fagricortes.com%2Fes%2Fagricultura&#8221;]\n<div class=\"wpcf7 no-js\" id=\"wpcf7-f12358-o1\" lang=\"es-ES\" dir=\"ltr\" data-wpcf7-id=\"12358\">\n<div class=\"screen-reader-response\"><p role=\"status\" aria-live=\"polite\" aria-atomic=\"true\"><\/p> <ul><\/ul><\/div>\n<form action=\"\/es\/wp-json\/wp\/v2\/pages\/11653#wpcf7-f12358-o1\" method=\"post\" class=\"wpcf7-form init\" aria-label=\"Formulario de contacto\" novalidate=\"novalidate\" data-status=\"init\">\n<div style=\"display: none;\">\n<input type=\"hidden\" name=\"_wpcf7\" value=\"12358\" \/>\n<input type=\"hidden\" name=\"_wpcf7_version\" value=\"6.0.6\" \/>\n<input type=\"hidden\" name=\"_wpcf7_locale\" value=\"es_ES\" \/>\n<input type=\"hidden\" name=\"_wpcf7_unit_tag\" value=\"wpcf7-f12358-o1\" \/>\n<input type=\"hidden\" name=\"_wpcf7_container_post\" value=\"0\" \/>\n<input type=\"hidden\" name=\"_wpcf7_posted_data_hash\" value=\"\" \/>\n<input type=\"hidden\" name=\"_wpcf7_recaptcha_response\" value=\"\" \/>\n<\/div>\n<div class=\"request_callback\">\n        <div class=\"input-group\">\n            <span class=\"wpcf7-form-control-wrap\" data-name=\"your-subject\"><input size=\"40\" maxlength=\"400\" class=\"wpcf7-form-control wpcf7-text wpcf7-validates-as-required\" aria-required=\"true\" aria-invalid=\"false\" placeholder=\"Sujeto *\" value=\"\" type=\"text\" name=\"your-subject\" \/><\/span>\n        <div class=\"input-group\">\n            <span class=\"wpcf7-form-control-wrap\" data-name=\"your-message\"><textarea cols=\"40\" rows=\"10\" maxlength=\"2000\" class=\"wpcf7-form-control wpcf7-textarea wpcf7-validates-as-required height100\" aria-required=\"true\" aria-invalid=\"false\" placeholder=\"Mensaje *\" name=\"your-message\"><\/textarea><\/span>\n        <div class=\"input-group\">\n            <span class=\"wpcf7-form-control-wrap\" data-name=\"your-company\"><input size=\"40\" maxlength=\"400\" class=\"wpcf7-form-control wpcf7-text\" aria-invalid=\"false\" placeholder=\"Empresa\" value=\"\" type=\"text\" name=\"your-company\" \/><\/span>      \n        <div class=\"input-group\">\n            <span class=\"wpcf7-form-control-wrap\" data-name=\"your-name\"><input size=\"40\" maxlength=\"400\" class=\"wpcf7-form-control wpcf7-text wpcf7-validates-as-required\" aria-required=\"true\" aria-invalid=\"false\" placeholder=\"Nombre *\" value=\"\" type=\"text\" name=\"your-name\" \/><\/span>\n        <div class=\"input-group\">\n            <span class=\"wpcf7-form-control-wrap\" data-name=\"your-loc\"><input size=\"40\" maxlength=\"400\" class=\"wpcf7-form-control wpcf7-text wpcf7-validates-as-required\" aria-required=\"true\" aria-invalid=\"false\" placeholder=\"Localidad *\" value=\"\" type=\"text\" name=\"your-loc\" \/><\/span>\n        <div class=\"input-group\">\n            <span class=\"wpcf7-form-control-wrap\" data-name=\"your-tel\"><input size=\"40\" maxlength=\"400\" class=\"wpcf7-form-control wpcf7-tel wpcf7-validates-as-required wpcf7-text wpcf7-validates-as-tel\" aria-required=\"true\" aria-invalid=\"false\" placeholder=\"Contacto *\" value=\"\" type=\"tel\" name=\"your-tel\" \/><\/span>       \n        <div class=\"input-group\">\n            <span class=\"wpcf7-form-control-wrap\" data-name=\"your-email\"><input size=\"40\" maxlength=\"400\" class=\"wpcf7-form-control wpcf7-email wpcf7-validates-as-required wpcf7-text wpcf7-validates-as-email\" aria-required=\"true\" aria-invalid=\"false\" placeholder=\"E-mail *\" value=\"\" type=\"email\" name=\"your-email\" \/><\/span>      \n        <\/div>\n        <div class=\"input-group\">\n            <button type=\"submit\" class=\"button size-lg icon_right\">Enviar<i class=\"fa fa-chevron-right\"><\/i><\/button>\n        <\/div>\n<\/div><div class=\"wpcf7-response-output\" aria-hidden=\"true\"><\/div>\n<\/form>\n<\/div>\n[\/vc_column][\/vc_row]<\/p>\n<\/section>","protected":false},"excerpt":{"rendered":"<p>[vc_row full_width=&#8221;stretch_row_content_no_spaces&#8221; css=&#8221;.vc_custom_1654158973046{margin-top: 0px !important;margin-right: 0px !important;margin-bottom: 73px !important;margin-left: 0px !important;border-bottom-width: 8px !important;border-bottom-color: #d80d1b !important;border-bottom-style: solid !important;}&#8221;][vc_column][rev_slider_vc alias=&#8221;slider-agricultura-12&#8243;][\/vc_column][\/vc_row][vc_row][vc_column width=&#8221;1\/6&#8243;][vc_custom_heading icon=&#8221;icon-agri-agricultura&#8221; icon_size=&#8221;40&#8243; stripe_pos=&#8221;hide&#8221; text=&#8221;Agricultura&#8221; font_container=&#8221;tag:h4|font_size:23|text_align:left&#8221; google_fonts=&#8221;font_family:Poppins%3A300%2Cregular%2C500%2C600%2C700|font_style:400%20regular%3A400%3Anormal&#8221; css=&#8221;.vc_custom_1713185720034{margin-top: 0px !important;padding-top: 0px !important;}&#8221; el_class=&#8221;iconTitle&#8221; link=&#8221;url:https%3A%2F%2Fagricortes.com%2Fes%2Fagricultura&#8221;][vc_raw_html]JTVCYmVsbG93cyUyMGNvbmZpZ19pZCUzRCUyMm1haW4lMjIlMjBtZW51JTNEJTIyMTE0JTIyJTVE[\/vc_raw_html][\/vc_column][vc_column width=&#8221;2\/3&#8243;][vc_tta_tabs spacing=&#8221;5&#8243; active_section=&#8221;1&#8243; el_class=&#8221;theme_style&#8221;][vc_tta_section title=&#8221;ACMA&#8221; tab_id=&#8221;acma&#8221;][vc_row_inner][vc_column_inner width=&#8221;2\/3&#8243;][vc_single_image image=&#8221;10303&#8243; img_size=&#8221;&#8221; css=&#8221;.vc_custom_1654188618370{margin-bottom: 10px !important;}&#8221;][vc_column_text el_class=&#8221;Download_Files_List&#8221; css=&#8221;.vc_custom_1713185666694{margin-bottom: 0px !important;}&#8221;][\/vc_column_text][vc_custom_heading text=&#8221;ACMA&#8221; font_container=&#8221;tag:h1|text_align:left&#8221; google_fonts=&#8221;font_family:Poppins%3A300%2Cregular%2C500%2C600%2C700|font_style:400%20regular%3A400%3Anormal&#8221;][vc_column_text]La Tierra es nuestro mundo.<\/p>\n","protected":false},"author":2,"featured_media":0,"parent":0,"menu_order":0,"comment_status":"closed","ping_status":"closed","template":"","meta":{"footnotes":""},"class_list":["post-11653","page","type-page","status-publish","hentry"],"aioseo_notices":[],"_links":{"self":[{"href":"https:\/\/agricortes.com\/es\/wp-json\/wp\/v2\/pages\/11653","targetHints":{"allow":["GET"]}}],"collection":[{"href":"https:\/\/agricortes.com\/es\/wp-json\/wp\/v2\/pages"}],"about":[{"href":"https:\/\/agricortes.com\/es\/wp-json\/wp\/v2\/types\/page"}],"author":[{"embeddable":true,"href":"https:\/\/agricortes.com\/es\/wp-json\/wp\/v2\/users\/2"}],"replies":[{"embeddable":true,"href":"https:\/\/agricortes.com\/es\/wp-json\/wp\/v2\/comments?post=11653"}],"version-history":[{"count":12,"href":"https:\/\/agricortes.com\/es\/wp-json\/wp\/v2\/pages\/11653\/revisions"}],"predecessor-version":[{"id":20659,"href":"https:\/\/agricortes.com\/es\/wp-json\/wp\/v2\/pages\/11653\/revisions\/20659"}],"wp:attachment":[{"href":"https:\/\/agricortes.com\/es\/wp-json\/wp\/v2\/media?parent=11653"}],"curies":[{"name":"wp","href":"https:\/\/api.w.org\/{rel}","templated":true}]}}