{"id":11658,"date":"2022-06-03T13:09:21","date_gmt":"2022-06-03T13:09:21","guid":{"rendered":"https:\/\/agricortes.com\/multifresas-comeb\/"},"modified":"2025-03-18T12:52:38","modified_gmt":"2025-03-18T12:52:38","slug":"multifresas-comeb","status":"publish","type":"page","link":"https:\/\/agricortes.com\/es\/multifresas-comeb\/","title":{"rendered":"COMEB &#8211; Multifresas"},"content":{"rendered":"<section class=\"wpb-content-wrapper\"><p>[vc_row full_width=&#8221;stretch_row_content_no_spaces&#8221; css=&#8221;.vc_custom_1654158973046{margin-top: 0px !important;margin-right: 0px !important;margin-bottom: 73px !important;margin-left: 0px !important;border-bottom-width: 8px !important;border-bottom-color: #d80d1b !important;border-bottom-style: solid !important;}&#8221;][vc_column][rev_slider_vc alias=&#8221;slider-agricultura-12&#8243;][\/vc_column][\/vc_row][vc_row][vc_column width=&#8221;1\/6&#8243;][vc_custom_heading icon=&#8221;icon-agri-agricultura&#8221; icon_size=&#8221;40&#8243; stripe_pos=&#8221;hide&#8221; text=&#8221;Agricultura&#8221; font_container=&#8221;tag:h4|font_size:23|text_align:left&#8221; google_fonts=&#8221;font_family:Poppins%3A300%2Cregular%2C500%2C600%2C700|font_style:400%20regular%3A400%3Anormal&#8221; css=&#8221;.vc_custom_1723224662900{margin-top: 0px !important;padding-top: 0px !important;}&#8221; el_class=&#8221;iconTitle&#8221; link=&#8221;url:https%3A%2F%2Fagricortes.com%2Fes%2Fagricultura&#8221;][vc_raw_html]JTVCYmVsbG93cyUyMGNvbmZpZ19pZCUzRCUyMm1haW4lMjIlMjBtZW51JTNEJTIyMTE0JTIyJTVE[\/vc_raw_html][\/vc_column][vc_column width=&#8221;2\/3&#8243;][vc_tta_tabs spacing=&#8221;5&#8243; active_section=&#8221;1&#8243; el_class=&#8221;theme_style&#8221;][vc_tta_section title=&#8221;COMEB&#8221; tab_id=&#8221;comeb&#8221;][vc_row_inner][vc_column_inner width=&#8221;2\/3&#8243;][vc_single_image image=&#8221;10593&#8243; img_size=&#8221;&#8221; css=&#8221;.vc_custom_1654263969761{margin-bottom: 10px !important;}&#8221;][vc_column_text el_class=&#8221;Download_Files_List&#8221; css=&#8221;.vc_custom_1723224205623{margin-bottom: 0px !important;}&#8221;]<a href=\"http:\/\/www.comebsrl.it\/\" target=\"_blank\" rel=\"noopener\">comebsrl.it<\/a>[\/vc_column_text][vc_custom_heading text=&#8221;COMEB&#8221; font_container=&#8221;tag:h1|text_align:left&#8221; google_fonts=&#8221;font_family:Poppins%3A300%2Cregular%2C500%2C600%2C700|font_style:400%20regular%3A400%3Anormal&#8221;][vc_column_text]CO.ME.B es una empresa italiana que opera en el sector agr\u00edcola desde 1972. Es especializada en el fabrico de maquinaria para el trabajo en el suelo: multifresas, fresadoras y enterradora de piedras con diversos tipos de rodillos. Son m\u00e1quinas ideales\u00a0para la preparaci\u00f3n de la cama de siembra y pnataci\u00f3n, sobre cada tipo de terreno,\u00a0tanto en presencia de piedras como de residuos de cultivo, y tambi\u00e9n en presencia de un terreno tenaz y arcilloso.<\/p>\n<p>Un profundo conocimiento del mundo agr\u00edcola y sus problem\u00e1ticas, y una sensibilidad en oscultar las exig\u00e9ncias tan diversas de los agricultores, permiten a esta empresa ofrecer productos innovadores, de elevada qualidad, consolidando en el tiempo una relaci\u00f3n de confianza y seguridad con los clientes distribuidos en todas las partes del mundo.<\/p>\n<p>[\/vc_column_text][\/vc_column_inner][vc_column_inner width=&#8221;1\/3&#8243;][\/vc_column_inner][\/vc_row_inner][\/vc_tta_section][vc_tta_section title=&#8221;MULTIFRESAS&#8221; tab_id=&#8221;multifresas&#8221;][vc_row_inner][vc_column_inner width=&#8221;2\/3&#8243;][vc_single_image image=&#8221;10593&#8243; img_size=&#8221;&#8221; css=&#8221;.vc_custom_1654264269887{margin-bottom: 10px !important;}&#8221;][vc_column_text el_class=&#8221;Download_Files_List&#8221; css=&#8221;.vc_custom_1723224205623{margin-bottom: 0px !important;}&#8221;]<a href=\"http:\/\/www.comebsrl.it\/\" target=\"_blank\" rel=\"noopener\">comebsrl.it<\/a>[\/vc_column_text][vc_custom_heading text=&#8221;MULTIFRESAS&#8221; font_container=&#8221;tag:h1|text_align:left&#8221; google_fonts=&#8221;font_family:Poppins%3A300%2Cregular%2C500%2C600%2C700|font_style:400%20regular%3A400%3Anormal&#8221;][vc_column_text]La cantidad de elementos debe ser definida para cada cultura \/ terreno<em>.<\/em><\/p>\n<p><strong>Serie ligera<\/strong>: para verduras y culturas inter hileras estrechas.<\/p>\n<p><strong>Serie pesada<\/strong>: para ma\u00edz, girasol, tabaco, remolacha, verduras, etc.<\/p>\n<p><strong>Serie pesada super reforzada<\/strong>: para ma\u00edz, girasol, tabaco, remolacha, patata, soja, algod\u00f3n, etc.<\/p>\n<p>De serie:<\/p>\n<ul>\n<li>Enganche 3 puntos y TDF en la parte posterior del tractor<\/li>\n<li>Cajas de transmisi\u00f3n en cada elemento de la multifresa<\/li>\n<li>Chasis en acero con eje hexagonal<\/li>\n<li>Dise\u00f1o modular<\/li>\n<li>C\u00e1rteres amovibles en cada elemento de la multifresa, con protecciones laterales y traseras<\/li>\n<li>Ruedas de ajuste de profundidad<\/li>\n<li>Dispositivo de ajuste de la altura de trabajo<\/li>\n<li>Dispositivo de desplazamiento de los elementos de la multifresa<\/li>\n<li>Dispositivos de seguridad completos<\/li>\n<li>Cuchillas helicoidales<\/li>\n<li>Card\u00e1n<\/li>\n<\/ul>\n<p>Opcionales:<\/p>\n<ul>\n<li>Adubador<\/li>\n<li>Surcadores<\/li>\n<li>Marcador<\/li>\n<\/ul>\n<div class=\"table-responsive\">\n<table class=\"table\" style=\"background: #FFF;\">\n<thead>\n<tr style=\"background: #a32035; color: #ffffff;\">\n<td><small><strong>Modelo<\/strong><\/small><\/td>\n<td><small><strong>FL<\/strong><\/small><\/td>\n<td><small><strong>FP<\/strong><\/small><\/td>\n<td><small><strong>FPSR<\/strong><\/small><\/td>\n<\/tr>\n<\/thead>\n<tbody>\n<tr>\n<td><small><strong>Terrenos<\/strong><\/small><\/td>\n<td><small>ligero<\/small><\/td>\n<td><small>dureza m\u00e9dia<\/small><\/td>\n<td><small>dif\u00edciles<\/small><\/td>\n<\/tr>\n<tr>\n<td><small><strong>N\u00ba elementos<\/strong><\/small><\/td>\n<td><small>de 2 a 8<\/small><\/td>\n<td><small>de 2 a 7<\/small><\/td>\n<td><small>de 2 a 5<\/small><\/td>\n<\/tr>\n<tr>\n<td><small><strong>Interfilas<\/strong><\/small><\/td>\n<td><small>14 a 76 cm<\/small><\/td>\n<td><small>22 a 100 cm<\/small><\/td>\n<td><small>27 a 100 cm<\/small><\/td>\n<\/tr>\n<tr>\n<td><small><strong>Profundidad<\/strong><\/small><\/td>\n<td><small>35 ou 47 cm<\/small><\/td>\n<td><small>50 ou 66 ou 78<\/small><\/td>\n<td><small>50 ou 66 ou 78<\/small><\/td>\n<\/tr>\n<tr>\n<td><small><strong>Pot\u00e9ncia requerida<\/strong><\/small><\/td>\n<td><small>15-60 Hp<\/small><\/td>\n<td><small>40-80 Hp<\/small><\/td>\n<td><small>50-100 Hp<\/small><\/td>\n<\/tr>\n<\/tbody>\n<\/table>\n<\/div>\n<p>[\/vc_column_text][\/vc_column_inner][vc_column_inner width=&#8221;1\/3&#8243;][vc_media_grid style=&#8221;lazy&#8221; element_width=&#8221;6&#8243; gap=&#8221;10&#8243; grid_id=&#8221;vc_gid:1742302239800-b91964fc-a023-7&#8243; include=&#8221;10571,10568,10565,10562&#8243; el_class=&#8221;imageGalleryMargin&#8221;][vc_column_text]<iframe title=\"YouTube video player\" src=\"https:\/\/www.youtube.com\/embed\/KEf3VBQNgd0\" width=\"100%\" height=\"auto\" frameborder=\"0\" allowfullscreen=\"allowfullscreen\"><\/iframe>[\/vc_column_text][vc_column_text]<iframe title=\"YouTube video player\" src=\"https:\/\/www.youtube.com\/embed\/mx8UehBy-CM\" width=\"100%\" height=\"auto\" frameborder=\"0\" allowfullscreen=\"allowfullscreen\"><\/iframe>[\/vc_column_text][\/vc_column_inner][\/vc_row_inner][\/vc_tta_section][\/vc_tta_tabs][\/vc_column][vc_column width=&#8221;1\/6&#8243;][vc_custom_heading icon=&#8221;stm-email2&#8243; icon_size=&#8221;40&#8243; stripe_pos=&#8221;hide&#8221; text=&#8221;Contacto&#8221; font_container=&#8221;tag:h4|font_size:23|text_align:left&#8221; google_fonts=&#8221;font_family:Poppins%3A300%2Cregular%2C500%2C600%2C700|font_style:400%20regular%3A400%3Anormal&#8221; css=&#8221;.vc_custom_1723224143684{margin-top: 0px !important;padding-top: 0px !important;}&#8221; el_class=&#8221;iconTitle&#8221;]\n<div class=\"wpcf7 no-js\" id=\"wpcf7-f12358-o1\" lang=\"es-ES\" dir=\"ltr\" data-wpcf7-id=\"12358\">\n<div class=\"screen-reader-response\"><p role=\"status\" aria-live=\"polite\" aria-atomic=\"true\"><\/p> <ul><\/ul><\/div>\n<form action=\"\/es\/wp-json\/wp\/v2\/pages\/11658#wpcf7-f12358-o1\" method=\"post\" class=\"wpcf7-form init\" aria-label=\"Formulario de contacto\" novalidate=\"novalidate\" data-status=\"init\">\n<div style=\"display: none;\">\n<input type=\"hidden\" name=\"_wpcf7\" value=\"12358\" \/>\n<input type=\"hidden\" name=\"_wpcf7_version\" value=\"6.0.6\" \/>\n<input type=\"hidden\" name=\"_wpcf7_locale\" value=\"es_ES\" \/>\n<input type=\"hidden\" name=\"_wpcf7_unit_tag\" value=\"wpcf7-f12358-o1\" \/>\n<input type=\"hidden\" name=\"_wpcf7_container_post\" value=\"0\" \/>\n<input type=\"hidden\" name=\"_wpcf7_posted_data_hash\" value=\"\" \/>\n<input type=\"hidden\" name=\"_wpcf7_recaptcha_response\" value=\"\" \/>\n<\/div>\n<div class=\"request_callback\">\n        <div class=\"input-group\">\n            <span class=\"wpcf7-form-control-wrap\" data-name=\"your-subject\"><input size=\"40\" maxlength=\"400\" class=\"wpcf7-form-control wpcf7-text wpcf7-validates-as-required\" aria-required=\"true\" aria-invalid=\"false\" placeholder=\"Sujeto *\" value=\"\" type=\"text\" name=\"your-subject\" \/><\/span>\n        <div class=\"input-group\">\n            <span class=\"wpcf7-form-control-wrap\" data-name=\"your-message\"><textarea cols=\"40\" rows=\"10\" maxlength=\"2000\" class=\"wpcf7-form-control wpcf7-textarea wpcf7-validates-as-required height100\" aria-required=\"true\" aria-invalid=\"false\" placeholder=\"Mensaje *\" name=\"your-message\"><\/textarea><\/span>\n        <div class=\"input-group\">\n            <span class=\"wpcf7-form-control-wrap\" data-name=\"your-company\"><input size=\"40\" maxlength=\"400\" class=\"wpcf7-form-control wpcf7-text\" aria-invalid=\"false\" placeholder=\"Empresa\" value=\"\" type=\"text\" name=\"your-company\" \/><\/span>      \n        <div class=\"input-group\">\n            <span class=\"wpcf7-form-control-wrap\" data-name=\"your-name\"><input size=\"40\" maxlength=\"400\" class=\"wpcf7-form-control wpcf7-text wpcf7-validates-as-required\" aria-required=\"true\" aria-invalid=\"false\" placeholder=\"Nombre *\" value=\"\" type=\"text\" name=\"your-name\" \/><\/span>\n        <div class=\"input-group\">\n            <span class=\"wpcf7-form-control-wrap\" data-name=\"your-loc\"><input size=\"40\" maxlength=\"400\" class=\"wpcf7-form-control wpcf7-text wpcf7-validates-as-required\" aria-required=\"true\" aria-invalid=\"false\" placeholder=\"Localidad *\" value=\"\" type=\"text\" name=\"your-loc\" \/><\/span>\n        <div class=\"input-group\">\n            <span class=\"wpcf7-form-control-wrap\" data-name=\"your-tel\"><input size=\"40\" maxlength=\"400\" class=\"wpcf7-form-control wpcf7-tel wpcf7-validates-as-required wpcf7-text wpcf7-validates-as-tel\" aria-required=\"true\" aria-invalid=\"false\" placeholder=\"Contacto *\" value=\"\" type=\"tel\" name=\"your-tel\" \/><\/span>       \n        <div class=\"input-group\">\n            <span class=\"wpcf7-form-control-wrap\" data-name=\"your-email\"><input size=\"40\" maxlength=\"400\" class=\"wpcf7-form-control wpcf7-email wpcf7-validates-as-required wpcf7-text wpcf7-validates-as-email\" aria-required=\"true\" aria-invalid=\"false\" placeholder=\"E-mail *\" value=\"\" type=\"email\" name=\"your-email\" \/><\/span>      \n        <\/div>\n        <div class=\"input-group\">\n            <button type=\"submit\" class=\"button size-lg icon_right\">Enviar<i class=\"fa fa-chevron-right\"><\/i><\/button>\n        <\/div>\n<\/div><div class=\"wpcf7-response-output\" aria-hidden=\"true\"><\/div>\n<\/form>\n<\/div>\n[\/vc_column][\/vc_row]<\/p>\n<\/section>","protected":false},"excerpt":{"rendered":"<p>[vc_row full_width=&#8221;stretch_row_content_no_spaces&#8221; css=&#8221;.vc_custom_1654158973046{margin-top: 0px !important;margin-right: 0px !important;margin-bottom: 73px !important;margin-left: 0px !important;border-bottom-width: 8px !important;border-bottom-color: #d80d1b !important;border-bottom-style: solid !important;}&#8221;][vc_column][rev_slider_vc alias=&#8221;slider-agricultura-12&#8243;][\/vc_column][\/vc_row][vc_row][vc_column width=&#8221;1\/6&#8243;][vc_custom_heading icon=&#8221;icon-agri-agricultura&#8221; icon_size=&#8221;40&#8243; stripe_pos=&#8221;hide&#8221; text=&#8221;Agricultura&#8221; font_container=&#8221;tag:h4|font_size:23|text_align:left&#8221; google_fonts=&#8221;font_family:Poppins%3A300%2Cregular%2C500%2C600%2C700|font_style:400%20regular%3A400%3Anormal&#8221; css=&#8221;.vc_custom_1723224662900{margin-top: 0px !important;padding-top: 0px !important;}&#8221; el_class=&#8221;iconTitle&#8221; link=&#8221;url:https%3A%2F%2Fagricortes.com%2Fes%2Fagricultura&#8221;][vc_raw_html]JTVCYmVsbG93cyUyMGNvbmZpZ19pZCUzRCUyMm1haW4lMjIlMjBtZW51JTNEJTIyMTE0JTIyJTVE[\/vc_raw_html][\/vc_column][vc_column width=&#8221;2\/3&#8243;][vc_tta_tabs spacing=&#8221;5&#8243; active_section=&#8221;1&#8243; el_class=&#8221;theme_style&#8221;][vc_tta_section title=&#8221;COMEB&#8221; tab_id=&#8221;comeb&#8221;][vc_row_inner][vc_column_inner width=&#8221;2\/3&#8243;][vc_single_image image=&#8221;10593&#8243; img_size=&#8221;&#8221; css=&#8221;.vc_custom_1654263969761{margin-bottom: 10px !important;}&#8221;][vc_column_text el_class=&#8221;Download_Files_List&#8221; css=&#8221;.vc_custom_1723224205623{margin-bottom: 0px !important;}&#8221;]comebsrl.it[\/vc_column_text][vc_custom_heading text=&#8221;COMEB&#8221; font_container=&#8221;tag:h1|text_align:left&#8221; google_fonts=&#8221;font_family:Poppins%3A300%2Cregular%2C500%2C600%2C700|font_style:400%20regular%3A400%3Anormal&#8221;][vc_column_text]CO.ME.B es una empresa italiana<\/p>\n","protected":false},"author":2,"featured_media":0,"parent":0,"menu_order":0,"comment_status":"closed","ping_status":"closed","template":"","meta":{"footnotes":""},"class_list":["post-11658","page","type-page","status-publish","hentry"],"aioseo_notices":[],"_links":{"self":[{"href":"https:\/\/agricortes.com\/es\/wp-json\/wp\/v2\/pages\/11658","targetHints":{"allow":["GET"]}}],"collection":[{"href":"https:\/\/agricortes.com\/es\/wp-json\/wp\/v2\/pages"}],"about":[{"href":"https:\/\/agricortes.com\/es\/wp-json\/wp\/v2\/types\/page"}],"author":[{"embeddable":true,"href":"https:\/\/agricortes.com\/es\/wp-json\/wp\/v2\/users\/2"}],"replies":[{"embeddable":true,"href":"https:\/\/agricortes.com\/es\/wp-json\/wp\/v2\/comments?post=11658"}],"version-history":[{"count":10,"href":"https:\/\/agricortes.com\/es\/wp-json\/wp\/v2\/pages\/11658\/revisions"}],"predecessor-version":[{"id":20660,"href":"https:\/\/agricortes.com\/es\/wp-json\/wp\/v2\/pages\/11658\/revisions\/20660"}],"wp:attachment":[{"href":"https:\/\/agricortes.com\/es\/wp-json\/wp\/v2\/media?parent=11658"}],"curies":[{"name":"wp","href":"https:\/\/api.w.org\/{rel}","templated":true}]}}