{"id":11679,"date":"2022-06-03T14:28:47","date_gmt":"2022-06-03T14:28:47","guid":{"rendered":"https:\/\/agricortes.com\/camalhoes-hortech\/"},"modified":"2022-06-30T16:23:14","modified_gmt":"2022-06-30T16:23:14","slug":"conformadoras-hortech","status":"publish","type":"page","link":"https:\/\/agricortes.com\/es\/conformadoras-hortech\/","title":{"rendered":"HORTECH &#8211; Conformadoras"},"content":{"rendered":"<section class=\"wpb-content-wrapper\"><p>[vc_row full_width=&#8221;stretch_row_content_no_spaces&#8221; css=&#8221;.vc_custom_1654158973046{margin-top: 0px !important;margin-right: 0px !important;margin-bottom: 73px !important;margin-left: 0px !important;border-bottom-width: 8px !important;border-bottom-color: #d80d1b !important;border-bottom-style: solid !important;}&#8221;][vc_column][rev_slider_vc alias=&#8221;slider-agricultura-12&#8243;][\/vc_column][\/vc_row][vc_row][vc_column width=&#8221;1\/4&#8243;][vc_custom_heading icon=&#8221;icon-agri-agricultura&#8221; icon_size=&#8221;40&#8243; stripe_pos=&#8221;hide&#8221; text=&#8221;Agricultura&#8221; font_container=&#8221;tag:h4|font_size:23|text_align:left&#8221; google_fonts=&#8221;font_family:Poppins%3A300%2Cregular%2C500%2C600%2C700|font_style:400%20regular%3A400%3Anormal&#8221; css=&#8221;.vc_custom_1656601202103{margin-top: 0px !important;padding-top: 0px !important;}&#8221; el_class=&#8221;iconTitle&#8221;][vc_raw_html]JTVCYmVsbG93cyUyMGNvbmZpZ19pZCUzRCUyMm1haW4lMjIlMjBtZW51JTNEJTIyMTE0JTIyJTVE[\/vc_raw_html][\/vc_column][vc_column width=&#8221;3\/4&#8243;][vc_tta_tabs spacing=&#8221;5&#8243; active_section=&#8221;1&#8243; el_class=&#8221;theme_style&#8221;][vc_tta_section title=&#8221;HORTECH&#8221; tab_id=&#8221;1653314755352-a90f6af0-ddaa1653561459394&#8243;][vc_row_inner][vc_column_inner width=&#8221;2\/3&#8243;][vc_single_image image=&#8221;10646&#8243; img_size=&#8221;&#8221; css=&#8221;.vc_custom_1654268185849{margin-bottom: 10px !important;}&#8221;][vc_column_text el_class=&#8221;Download_Files_List&#8221; css=&#8221;.vc_custom_1654268226934{margin-bottom: 0px !important;}&#8221;]<a href=\"https:\/\/www.hortech.it\/\" target=\"_blank\" rel=\"noopener\">https:\/\/www.hortech.it\/<\/a>[\/vc_column_text][vc_custom_heading text=&#8221;HORTECH&#8221; font_container=&#8221;tag:h4|text_align:left&#8221; google_fonts=&#8221;font_family:Poppins%3A300%2Cregular%2C500%2C600%2C700|font_style:400%20regular%3A400%3Anormal&#8221;][vc_column_text]Nace de la fusi\u00f3n de dos prestigiosos l\u00edderes en la producci\u00f3n de tecnolog\u00eda para la horticultura: MAS y HORTUS que en el curso de los a\u00f1os han tenidos exitos y reconocimientos a nivel mundial por las numerosas innovaciones tecnol\u00f3gicas aportadas a la mecanizaci\u00f3n del sector de horticultura.<\/p>\n<p>HORTECH tiene una gama completa de equipamiento para la horticultura: desde la preparaci\u00f3n del terreno a la siembra- trasplante, desde la protecci\u00f3n de la planta a la recogida integral del producto.<\/p>\n<p>Vea m\u00e1s en &#8220;AGRICULTURA SUELO&#8221;.[\/vc_column_text][\/vc_column_inner][vc_column_inner width=&#8221;1\/3&#8243;][vc_column_text]<iframe title=\"YouTube video player\" src=\"https:\/\/www.youtube.com\/embed\/lZKKLo1W7XM\" width=\"100%\" height=\"auto\" frameborder=\"0\" allowfullscreen=\"allowfullscreen\"><\/iframe>[\/vc_column_text][\/vc_column_inner][\/vc_row_inner][\/vc_tta_section][vc_tta_section title=&#8221;CONFORMADORA&#8221; tab_id=&#8221;1653314755359-8c73aa7e-26781653561459394&#8243;][vc_row_inner][vc_column_inner width=&#8221;2\/3&#8243;][vc_single_image image=&#8221;10646&#8243; img_size=&#8221;&#8221; css=&#8221;.vc_custom_1654269365325{margin-bottom: 10px !important;}&#8221;][vc_column_text el_class=&#8221;Download_Files_List&#8221; css=&#8221;.vc_custom_1654268226934{margin-bottom: 0px !important;}&#8221;]<a href=\"https:\/\/www.hortech.it\/\" target=\"_blank\" rel=\"noopener\">https:\/\/www.hortech.it\/<\/a>[\/vc_column_text][vc_custom_heading text=&#8221;CONFORMADORA&#8221; font_container=&#8221;tag:h4|text_align:left&#8221; google_fonts=&#8221;font_family:Poppins%3A300%2Cregular%2C500%2C600%2C700|font_style:400%20regular%3A400%3Anormal&#8221;][vc_column_text]Para el cultivo y la producci\u00f3n de hortalizas la primera operaci\u00f3n o sea la preparaci\u00f3n del terreno es important\u00edsima para obtener unos productos de calidad. La conformaci\u00f3n del terreno en camas comporta muchas ventajas agronomicas: por ejemplo un mejor drenaje de las aguas, la optimizaci\u00f3n del desarrollo radical, un h\u00e1bitat ideal para los microorganismos y una contenci\u00f3n de los par\u00e1sitos.<\/p>\n<p>Fundamentalmente existen dos modelos de fresadoras-conformadoras:<\/p>\n<p>&#8211; La fresadora enterradora de piedras modelo AI MAXI apto para todos los terrenos pesados y\/o bien donde hay unas piedras o unos gruesos terrones.<\/p>\n<p>&#8211; La fresadora-conformadora modelo AF SUPER para los terrenos ligeros y arenosos; las cuchillas del rotor anterior trabajan verticalmente y en profundidad, sin modificar la estructura natural del terreno.<\/p>\n<p>Hay tambi\u00e9n el modelo AIRONE o sea un chasis\u00a0donde se pueden montar dos o tres m\u00e1quinas modelo AF SUPER o AI MAXI. Esto es ideal para las grandes extensiones.<\/p>\n<div class=\"table-responsive\">\n<table class=\"table\" style=\"background: #FFF;\">\n<thead>\n<tr style=\"background: #a32035; color: #ffffff;\">\n<td><small><strong>Modelos<\/strong><\/small><\/td>\n<td><small><strong>Ancho\u00a0trabajo<\/strong><\/small><\/td>\n<td><small><strong>Ancho cama<\/strong><\/small><\/td>\n<td><small><strong>Altura cama<\/strong><\/small><\/td>\n<td><small><strong>Potencia requerida<\/strong><\/small><\/td>\n<td><small><strong>Peso<\/strong><\/small><\/td>\n<\/tr>\n<\/thead>\n<tbody>\n<tr>\n<td><small><strong>AI MAXI 120<\/strong><\/small><\/td>\n<td><small>120-140 cm<\/small><\/td>\n<td><small>100-110 cm<\/small><\/td>\n<td><small>m\u00e1x. 25 cm<\/small><\/td>\n<td><small>50 Hp<\/small><\/td>\n<td><small>600 Kg<\/small><\/td>\n<\/tr>\n<tr>\n<td><small><strong>AI MAXI 140<\/strong><\/small><\/td>\n<td><small>140-160 cm<\/small><\/td>\n<td><small>120-130 cm<\/small><\/td>\n<td><small>m\u00e1x. 25 cm<\/small><\/td>\n<td><small>60 Hp<\/small><\/td>\n<td><small>700 Kg<\/small><\/td>\n<\/tr>\n<tr>\n<td><small><strong>AI MAXI 160<\/strong><\/small><\/td>\n<td><small>160-180 cm<\/small><\/td>\n<td><small>140-150 cm<\/small><\/td>\n<td><small>m\u00e1x. 25 cm<\/small><\/td>\n<td><small>70 Hp<\/small><\/td>\n<td><small>800 Kg<\/small><\/td>\n<\/tr>\n<tr>\n<td><small><strong>AI MAXI 190<\/strong><\/small><\/td>\n<td><small>190-210 cm<\/small><\/td>\n<td><small>170-180 cm<\/small><\/td>\n<td><small>m\u00e1x. 25 cm<\/small><\/td>\n<td><small>80 Hp<\/small><\/td>\n<td><small>900 Kg<\/small><\/td>\n<\/tr>\n<tr>\n<td><small><strong>AI MAXI 205<\/strong><\/small><\/td>\n<td><small>205-250 cm<\/small><\/td>\n<td><small>190-195 cm<\/small><\/td>\n<td><small>m\u00e1x. 25 cm<\/small><\/td>\n<td><small>80 Hp<\/small><\/td>\n<td><small>1000 Kg<\/small><\/td>\n<\/tr>\n<\/tbody>\n<\/table>\n<\/div>\n<p><strong>Opcionales:<\/strong><\/p>\n<ul>\n<li>Distribuidor de abono o microgranulador<\/li>\n<li>Rodillo hidr\u00e1ulico o mec\u00e1nico para formar dos camas<\/li>\n<li>Asurcadores para formar una o m\u00e1s camas<\/li>\n<li>Desplazamiento hidra\u00falico del rodillo hidra\u00falico o mec\u00e1nico.<\/li>\n<li>Sistema para poner el film pl\u00e1stico<\/li>\n<li>Sistema de riega<\/li>\n<li>Anillo marcador<\/li>\n<li>Rodillo concavo<\/li>\n<\/ul>\n<p>[\/vc_column_text][\/vc_column_inner][vc_column_inner width=&#8221;1\/3&#8243;][vc_media_grid style=&#8221;lazy&#8221; element_width=&#8221;6&#8243; gap=&#8221;10&#8243; grid_id=&#8221;vc_gid:1656606161664-eb7ef80b-a826-6&#8243; include=&#8221;10658,10655,10652,10649&#8243; el_class=&#8221;imageGalleryMargin&#8221;][vc_column_text]<iframe title=\"YouTube video player\" src=\"https:\/\/www.youtube.com\/embed\/TOssWDjetKs\" width=\"100%\" height=\"auto\" frameborder=\"0\" allowfullscreen=\"allowfullscreen\"><\/iframe>[\/vc_column_text][\/vc_column_inner][\/vc_row_inner][\/vc_tta_section][\/vc_tta_tabs][\/vc_column][\/vc_row]<\/p>\n<\/section>","protected":false},"excerpt":{"rendered":"<p>[vc_row full_width=&#8221;stretch_row_content_no_spaces&#8221; css=&#8221;.vc_custom_1654158973046{margin-top: 0px !important;margin-right: 0px !important;margin-bottom: 73px !important;margin-left: 0px !important;border-bottom-width: 8px !important;border-bottom-color: #d80d1b !important;border-bottom-style: solid !important;}&#8221;][vc_column][rev_slider_vc alias=&#8221;slider-agricultura-12&#8243;][\/vc_column][\/vc_row][vc_row][vc_column width=&#8221;1\/4&#8243;][vc_custom_heading icon=&#8221;icon-agri-agricultura&#8221; icon_size=&#8221;40&#8243; stripe_pos=&#8221;hide&#8221; text=&#8221;Agricultura&#8221; font_container=&#8221;tag:h4|font_size:23|text_align:left&#8221; google_fonts=&#8221;font_family:Poppins%3A300%2Cregular%2C500%2C600%2C700|font_style:400%20regular%3A400%3Anormal&#8221; css=&#8221;.vc_custom_1656601202103{margin-top: 0px !important;padding-top: 0px !important;}&#8221; el_class=&#8221;iconTitle&#8221;][vc_raw_html]JTVCYmVsbG93cyUyMGNvbmZpZ19pZCUzRCUyMm1haW4lMjIlMjBtZW51JTNEJTIyMTE0JTIyJTVE[\/vc_raw_html][\/vc_column][vc_column width=&#8221;3\/4&#8243;][vc_tta_tabs spacing=&#8221;5&#8243; active_section=&#8221;1&#8243; el_class=&#8221;theme_style&#8221;][vc_tta_section title=&#8221;HORTECH&#8221; tab_id=&#8221;1653314755352-a90f6af0-ddaa1653561459394&#8243;][vc_row_inner][vc_column_inner width=&#8221;2\/3&#8243;][vc_single_image image=&#8221;10646&#8243; img_size=&#8221;&#8221; css=&#8221;.vc_custom_1654268185849{margin-bottom: 10px !important;}&#8221;][vc_column_text el_class=&#8221;Download_Files_List&#8221; css=&#8221;.vc_custom_1654268226934{margin-bottom: 0px !important;}&#8221;]https:\/\/www.hortech.it\/[\/vc_column_text][vc_custom_heading text=&#8221;HORTECH&#8221; font_container=&#8221;tag:h4|text_align:left&#8221; google_fonts=&#8221;font_family:Poppins%3A300%2Cregular%2C500%2C600%2C700|font_style:400%20regular%3A400%3Anormal&#8221;][vc_column_text]Nace de la fusi\u00f3n de dos<\/p>\n","protected":false},"author":2,"featured_media":0,"parent":0,"menu_order":0,"comment_status":"closed","ping_status":"closed","template":"","meta":{"footnotes":""},"class_list":["post-11679","page","type-page","status-publish","hentry"],"aioseo_notices":[],"_links":{"self":[{"href":"https:\/\/agricortes.com\/es\/wp-json\/wp\/v2\/pages\/11679","targetHints":{"allow":["GET"]}}],"collection":[{"href":"https:\/\/agricortes.com\/es\/wp-json\/wp\/v2\/pages"}],"about":[{"href":"https:\/\/agricortes.com\/es\/wp-json\/wp\/v2\/types\/page"}],"author":[{"embeddable":true,"href":"https:\/\/agricortes.com\/es\/wp-json\/wp\/v2\/users\/2"}],"replies":[{"embeddable":true,"href":"https:\/\/agricortes.com\/es\/wp-json\/wp\/v2\/comments?post=11679"}],"version-history":[{"count":7,"href":"https:\/\/agricortes.com\/es\/wp-json\/wp\/v2\/pages\/11679\/revisions"}],"predecessor-version":[{"id":11862,"href":"https:\/\/agricortes.com\/es\/wp-json\/wp\/v2\/pages\/11679\/revisions\/11862"}],"wp:attachment":[{"href":"https:\/\/agricortes.com\/es\/wp-json\/wp\/v2\/media?parent=11679"}],"curies":[{"name":"wp","href":"https:\/\/api.w.org\/{rel}","templated":true}]}}