{"id":11690,"date":"2022-06-03T15:21:40","date_gmt":"2022-06-03T15:21:40","guid":{"rendered":"https:\/\/agricortes.com\/multifresas-minos-agri\/"},"modified":"2025-04-02T16:43:28","modified_gmt":"2025-04-02T16:43:28","slug":"multifresas-minos-agri","status":"publish","type":"page","link":"https:\/\/agricortes.com\/es\/multifresas-minos-agri\/","title":{"rendered":"MINOS AGRI &#8211; Multifresas"},"content":{"rendered":"<section class=\"wpb-content-wrapper\"><p>[vc_row full_width=&#8221;stretch_row_content_no_spaces&#8221; css=&#8221;.vc_custom_1654158973046{margin-top: 0px !important;margin-right: 0px !important;margin-bottom: 73px !important;margin-left: 0px !important;border-bottom-width: 8px !important;border-bottom-color: #d80d1b !important;border-bottom-style: solid !important;}&#8221;][vc_column][rev_slider_vc alias=&#8221;slider-agricultura-12&#8243;][\/vc_column][\/vc_row][vc_row][vc_column width=&#8221;1\/6&#8243;][vc_custom_heading icon=&#8221;icon-agri-agricultura&#8221; icon_size=&#8221;40&#8243; stripe_pos=&#8221;hide&#8221; text=&#8221;Agricultura&#8221; font_container=&#8221;tag:h4|font_size:23|text_align:left&#8221; google_fonts=&#8221;font_family:Poppins%3A300%2Cregular%2C500%2C600%2C700|font_style:400%20regular%3A400%3Anormal&#8221; css=&#8221;.vc_custom_1723225719437{margin-top: 0px !important;padding-top: 0px !important;}&#8221; el_class=&#8221;iconTitle&#8221; link=&#8221;url:https%3A%2F%2Fagricortes.com%2Fes%2Fagricultura&#8221;][vc_raw_html]JTVCYmVsbG93cyUyMGNvbmZpZ19pZCUzRCUyMm1haW4lMjIlMjBtZW51JTNEJTIyMTE0JTIyJTVE[\/vc_raw_html][\/vc_column][vc_column width=&#8221;2\/3&#8243;][vc_tta_tabs spacing=&#8221;5&#8243; active_section=&#8221;1&#8243; el_class=&#8221;theme_style&#8221;][vc_tta_section title=&#8221;MINOS AGRI&#8221; tab_id=&#8221;minos-agri&#8221;][vc_row_inner][vc_column_inner width=&#8221;2\/3&#8243;][vc_single_image image=&#8221;10687&#8243; img_size=&#8221;&#8221; css=&#8221;.vc_custom_1654270219378{margin-bottom: 10px !important;}&#8221;][vc_column_text el_class=&#8221;Download_Files_List&#8221; css=&#8221;.vc_custom_1723225824376{margin-bottom: 0px !important;}&#8221;]<a href=\"https:\/\/www.minosagri.com\/\" target=\"_blank\" rel=\"noopener\">minosagri.com<\/a>[\/vc_column_text][vc_custom_heading text=&#8221;MINOS AGRI&#8221; font_container=&#8221;tag:h1|text_align:left&#8221; google_fonts=&#8221;font_family:Poppins%3A300%2Cregular%2C500%2C600%2C700|font_style:400%20regular%3A400%3Anormal&#8221;][vc_column_text]Minos Tarim Makineleri\u00a0ha tenido gran importancia en el desarrollo de la agricultura en Turqu\u00eda, ya que ha estado activa en el campo de la mecanizaci\u00f3n agr\u00edcola desde el a\u00f1o 1959. Sigue fabricando diversas m\u00e1quinas de acuerdo con la \u00faltima tecnolog\u00eda,\u00a0que vienen se utilizando para la preparaci\u00f3n del suelo anterior al cultivo y para el mantenimiento y fertilizaci\u00f3n y cosecha posterior al cultivo,\u00a0tales como: fresas, multifresas, rotovator, trituradoras, cinseles, gradas de discos, cultivadoras combinadas, sembradoras de semillas, esparcidor de fertilizantes, segadoras, segadoras atadoras, m\u00e1quinas de ensilaje de ma\u00edz,\u00a0etc.[\/vc_column_text][\/vc_column_inner][vc_column_inner width=&#8221;1\/3&#8243;][\/vc_column_inner][\/vc_row_inner][\/vc_tta_section][vc_tta_section title=&#8221;MULTIFRESAS&#8221; tab_id=&#8221;multifresas&#8221;][vc_row_inner][vc_column_inner width=&#8221;2\/3&#8243;][vc_single_image image=&#8221;10687&#8243; img_size=&#8221;&#8221; css=&#8221;.vc_custom_1654270240400{margin-bottom: 10px !important;}&#8221;][vc_column_text el_class=&#8221;Download_Files_List&#8221; css=&#8221;.vc_custom_1723225836806{margin-bottom: 0px !important;}&#8221;]<a href=\"https:\/\/www.minosagri.com\/\" target=\"_blank\" rel=\"noopener\">minosagri.com<\/a>[\/vc_column_text][vc_custom_heading text=&#8221;MULTIFRESAS&#8221; font_container=&#8221;tag:h1|text_align:left&#8221; google_fonts=&#8221;font_family:Poppins%3A300%2Cregular%2C500%2C600%2C700|font_style:400%20regular%3A400%3Anormal&#8221;][vc_column_text]La multifresas hace la azada mec\u00e1nica entre las filas, destruye de manera mec\u00e1nica las malas hierbas que se encuentran entre las filas de las plantas que se siembran en las filas, como ma\u00edz, remolacha, girasol, algod\u00f3n, patata, tomate y pimiento. Mientras destruye las malas hierbas, no da\u00f1a las plantas y es una m\u00e1quina respetuosa al medio ambiente que proporciona suficiente nutrici\u00f3n y agua a las plantas.<\/p>\n<p>Especificaciones<br \/>\n&#8211;\u00a0La apertura de la fila se puede ajustar deslizando las unidades sobre el chasis.<br \/>\n&#8211;\u00a0La profundidad de procesamiento se proporciona por 2 ruedas montadas en el chasis y los lugares de estas dos ruedas se pueden reemplazar.<br \/>\n&#8211;\u00a0La anchura de trabajo de las unidades puede variar seg\u00fan el producto y el rango de la planta.<\/p>\n<p>Opcionales:<\/p>\n<ul>\n<li>2 a 8 l\u00edneas<\/li>\n<li>Caja de fertilizantes<\/li>\n<li>Apre surcos<\/li>\n<\/ul>\n<p>[\/vc_column_text][\/vc_column_inner][vc_column_inner width=&#8221;1\/3&#8243;][vc_media_grid style=&#8221;lazy&#8221; element_width=&#8221;6&#8243; gap=&#8221;10&#8243; grid_id=&#8221;vc_gid:1743589677791-7028e51a-52d0-7&#8243; el_class=&#8221;imageGalleryMargin&#8221; include=&#8221;10699,10696,10693,10690&#8243;][\/vc_column_inner][\/vc_row_inner][\/vc_tta_section][\/vc_tta_tabs][\/vc_column][vc_column width=&#8221;1\/6&#8243;][vc_custom_heading icon=&#8221;stm-email2&#8243; icon_size=&#8221;40&#8243; stripe_pos=&#8221;hide&#8221; text=&#8221;Contacto&#8221; font_container=&#8221;tag:h4|font_size:23|text_align:left&#8221; google_fonts=&#8221;font_family:Poppins%3A300%2Cregular%2C500%2C600%2C700|font_style:400%20regular%3A400%3Anormal&#8221; css=&#8221;.vc_custom_1723225797275{margin-top: 0px !important;padding-top: 0px !important;}&#8221; el_class=&#8221;iconTitle&#8221;]\n<div class=\"wpcf7 no-js\" id=\"wpcf7-f12358-o1\" lang=\"es-ES\" dir=\"ltr\" data-wpcf7-id=\"12358\">\n<div class=\"screen-reader-response\"><p role=\"status\" aria-live=\"polite\" aria-atomic=\"true\"><\/p> <ul><\/ul><\/div>\n<form action=\"\/es\/wp-json\/wp\/v2\/pages\/11690#wpcf7-f12358-o1\" method=\"post\" class=\"wpcf7-form init\" aria-label=\"Formulario de contacto\" novalidate=\"novalidate\" data-status=\"init\">\n<div style=\"display: none;\">\n<input type=\"hidden\" name=\"_wpcf7\" value=\"12358\" \/>\n<input type=\"hidden\" name=\"_wpcf7_version\" value=\"6.0.6\" \/>\n<input type=\"hidden\" name=\"_wpcf7_locale\" value=\"es_ES\" \/>\n<input type=\"hidden\" name=\"_wpcf7_unit_tag\" value=\"wpcf7-f12358-o1\" \/>\n<input type=\"hidden\" name=\"_wpcf7_container_post\" value=\"0\" \/>\n<input type=\"hidden\" name=\"_wpcf7_posted_data_hash\" value=\"\" \/>\n<input type=\"hidden\" name=\"_wpcf7_recaptcha_response\" value=\"\" \/>\n<\/div>\n<div class=\"request_callback\">\n        <div class=\"input-group\">\n            <span class=\"wpcf7-form-control-wrap\" data-name=\"your-subject\"><input size=\"40\" maxlength=\"400\" class=\"wpcf7-form-control wpcf7-text wpcf7-validates-as-required\" aria-required=\"true\" aria-invalid=\"false\" placeholder=\"Sujeto *\" value=\"\" type=\"text\" name=\"your-subject\" \/><\/span>\n        <div class=\"input-group\">\n            <span class=\"wpcf7-form-control-wrap\" data-name=\"your-message\"><textarea cols=\"40\" rows=\"10\" maxlength=\"2000\" class=\"wpcf7-form-control wpcf7-textarea wpcf7-validates-as-required height100\" aria-required=\"true\" aria-invalid=\"false\" placeholder=\"Mensaje *\" name=\"your-message\"><\/textarea><\/span>\n        <div class=\"input-group\">\n            <span class=\"wpcf7-form-control-wrap\" data-name=\"your-company\"><input size=\"40\" maxlength=\"400\" class=\"wpcf7-form-control wpcf7-text\" aria-invalid=\"false\" placeholder=\"Empresa\" value=\"\" type=\"text\" name=\"your-company\" \/><\/span>      \n        <div class=\"input-group\">\n            <span class=\"wpcf7-form-control-wrap\" data-name=\"your-name\"><input size=\"40\" maxlength=\"400\" class=\"wpcf7-form-control wpcf7-text wpcf7-validates-as-required\" aria-required=\"true\" aria-invalid=\"false\" placeholder=\"Nombre *\" value=\"\" type=\"text\" name=\"your-name\" \/><\/span>\n        <div class=\"input-group\">\n            <span class=\"wpcf7-form-control-wrap\" data-name=\"your-loc\"><input size=\"40\" maxlength=\"400\" class=\"wpcf7-form-control wpcf7-text wpcf7-validates-as-required\" aria-required=\"true\" aria-invalid=\"false\" placeholder=\"Localidad *\" value=\"\" type=\"text\" name=\"your-loc\" \/><\/span>\n        <div class=\"input-group\">\n            <span class=\"wpcf7-form-control-wrap\" data-name=\"your-tel\"><input size=\"40\" maxlength=\"400\" class=\"wpcf7-form-control wpcf7-tel wpcf7-validates-as-required wpcf7-text wpcf7-validates-as-tel\" aria-required=\"true\" aria-invalid=\"false\" placeholder=\"Contacto *\" value=\"\" type=\"tel\" name=\"your-tel\" \/><\/span>       \n        <div class=\"input-group\">\n            <span class=\"wpcf7-form-control-wrap\" data-name=\"your-email\"><input size=\"40\" maxlength=\"400\" class=\"wpcf7-form-control wpcf7-email wpcf7-validates-as-required wpcf7-text wpcf7-validates-as-email\" aria-required=\"true\" aria-invalid=\"false\" placeholder=\"E-mail *\" value=\"\" type=\"email\" name=\"your-email\" \/><\/span>      \n        <\/div>\n        <div class=\"input-group\">\n            <button type=\"submit\" class=\"button size-lg icon_right\">Enviar<i class=\"fa fa-chevron-right\"><\/i><\/button>\n        <\/div>\n<\/div><div class=\"wpcf7-response-output\" aria-hidden=\"true\"><\/div>\n<\/form>\n<\/div>\n[\/vc_column][\/vc_row]<\/p>\n<\/section>","protected":false},"excerpt":{"rendered":"<p>[vc_row full_width=&#8221;stretch_row_content_no_spaces&#8221; css=&#8221;.vc_custom_1654158973046{margin-top: 0px !important;margin-right: 0px !important;margin-bottom: 73px !important;margin-left: 0px !important;border-bottom-width: 8px !important;border-bottom-color: #d80d1b !important;border-bottom-style: solid !important;}&#8221;][vc_column][rev_slider_vc alias=&#8221;slider-agricultura-12&#8243;][\/vc_column][\/vc_row][vc_row][vc_column width=&#8221;1\/6&#8243;][vc_custom_heading icon=&#8221;icon-agri-agricultura&#8221; icon_size=&#8221;40&#8243; stripe_pos=&#8221;hide&#8221; text=&#8221;Agricultura&#8221; font_container=&#8221;tag:h4|font_size:23|text_align:left&#8221; google_fonts=&#8221;font_family:Poppins%3A300%2Cregular%2C500%2C600%2C700|font_style:400%20regular%3A400%3Anormal&#8221; css=&#8221;.vc_custom_1723225719437{margin-top: 0px !important;padding-top: 0px !important;}&#8221; el_class=&#8221;iconTitle&#8221; link=&#8221;url:https%3A%2F%2Fagricortes.com%2Fes%2Fagricultura&#8221;][vc_raw_html]JTVCYmVsbG93cyUyMGNvbmZpZ19pZCUzRCUyMm1haW4lMjIlMjBtZW51JTNEJTIyMTE0JTIyJTVE[\/vc_raw_html][\/vc_column][vc_column width=&#8221;2\/3&#8243;][vc_tta_tabs spacing=&#8221;5&#8243; active_section=&#8221;1&#8243; el_class=&#8221;theme_style&#8221;][vc_tta_section title=&#8221;MINOS AGRI&#8221; tab_id=&#8221;minos-agri&#8221;][vc_row_inner][vc_column_inner width=&#8221;2\/3&#8243;][vc_single_image image=&#8221;10687&#8243; img_size=&#8221;&#8221; css=&#8221;.vc_custom_1654270219378{margin-bottom: 10px !important;}&#8221;][vc_column_text el_class=&#8221;Download_Files_List&#8221; css=&#8221;.vc_custom_1723225824376{margin-bottom: 0px !important;}&#8221;]minosagri.com[\/vc_column_text][vc_custom_heading text=&#8221;MINOS AGRI&#8221; font_container=&#8221;tag:h1|text_align:left&#8221; google_fonts=&#8221;font_family:Poppins%3A300%2Cregular%2C500%2C600%2C700|font_style:400%20regular%3A400%3Anormal&#8221;][vc_column_text]Minos Tarim Makineleri\u00a0ha<\/p>\n","protected":false},"author":2,"featured_media":0,"parent":0,"menu_order":0,"comment_status":"closed","ping_status":"closed","template":"","meta":{"footnotes":""},"class_list":["post-11690","page","type-page","status-publish","hentry"],"aioseo_notices":[],"_links":{"self":[{"href":"https:\/\/agricortes.com\/es\/wp-json\/wp\/v2\/pages\/11690","targetHints":{"allow":["GET"]}}],"collection":[{"href":"https:\/\/agricortes.com\/es\/wp-json\/wp\/v2\/pages"}],"about":[{"href":"https:\/\/agricortes.com\/es\/wp-json\/wp\/v2\/types\/page"}],"author":[{"embeddable":true,"href":"https:\/\/agricortes.com\/es\/wp-json\/wp\/v2\/users\/2"}],"replies":[{"embeddable":true,"href":"https:\/\/agricortes.com\/es\/wp-json\/wp\/v2\/comments?post=11690"}],"version-history":[{"count":8,"href":"https:\/\/agricortes.com\/es\/wp-json\/wp\/v2\/pages\/11690\/revisions"}],"predecessor-version":[{"id":20720,"href":"https:\/\/agricortes.com\/es\/wp-json\/wp\/v2\/pages\/11690\/revisions\/20720"}],"wp:attachment":[{"href":"https:\/\/agricortes.com\/es\/wp-json\/wp\/v2\/media?parent=11690"}],"curies":[{"name":"wp","href":"https:\/\/api.w.org\/{rel}","templated":true}]}}