{"id":11694,"date":"2022-06-03T15:31:13","date_gmt":"2022-06-03T15:31:13","guid":{"rendered":"https:\/\/agricortes.com\/cavad-triturad-tortella\/"},"modified":"2025-12-05T11:07:34","modified_gmt":"2025-12-05T11:07:34","slug":"cavad-triturad-tortella","status":"publish","type":"page","link":"https:\/\/agricortes.com\/es\/cavad-triturad-tortella\/","title":{"rendered":"TORTELLA &#8211; Cavad y Triturad"},"content":{"rendered":"<section class=\"wpb-content-wrapper\"><p>[vc_row full_width=&#8221;stretch_row_content_no_spaces&#8221; css=&#8221;.vc_custom_1654158973046{margin-top: 0px !important;margin-right: 0px !important;margin-bottom: 73px !important;margin-left: 0px !important;border-bottom-width: 8px !important;border-bottom-color: #d80d1b !important;border-bottom-style: solid !important;}&#8221;][vc_column][rev_slider_vc alias=&#8221;slider-agricultura-12&#8243;][\/vc_column][\/vc_row][vc_row][vc_column width=&#8221;1\/6&#8243;][vc_custom_heading icon=&#8221;icon-agri-agricultura&#8221; icon_size=&#8221;40&#8243; stripe_pos=&#8221;hide&#8221; text=&#8221;Agricultura&#8221; font_container=&#8221;tag:h4|font_size:23|text_align:left&#8221; google_fonts=&#8221;font_family:Poppins%3A300%2Cregular%2C500%2C600%2C700|font_style:400%20regular%3A400%3Anormal&#8221; css=&#8221;.vc_custom_1723226001370{margin-top: 0px !important;padding-top: 0px !important;}&#8221; el_class=&#8221;iconTitle&#8221; link=&#8221;url:https%3A%2F%2Fagricortes.com%2Fes%2Fagricultura&#8221;][vc_raw_html]JTVCYmVsbG93cyUyMGNvbmZpZ19pZCUzRCUyMm1haW4lMjIlMjBtZW51JTNEJTIyMTE0JTIyJTVE[\/vc_raw_html][\/vc_column][vc_column width=&#8221;2\/3&#8243;][vc_tta_tabs spacing=&#8221;5&#8243; active_section=&#8221;1&#8243; el_class=&#8221;theme_style&#8221;][vc_tta_section title=&#8221;TORTELLA&#8221; tab_id=&#8221;1653314755352-a90f6af0-ddaa1653561459394&#8243;][vc_row_inner][vc_column_inner width=&#8221;2\/3&#8243;][vc_single_image image=&#8221;10708&#8243; img_size=&#8221;&#8221; css=&#8221;.vc_custom_1654271507394{margin-bottom: 10px !important;}&#8221;][vc_column_text el_class=&#8221;Download_Files_List&#8221; css=&#8221;.vc_custom_1723226225219{margin-bottom: 0px !important;}&#8221;]<a href=\"https:\/\/tortella.it\/\" target=\"_blank\" rel=\"noopener\">tortella.it<\/a>[\/vc_column_text][vc_custom_heading text=&#8221;TORTELLA&#8221; font_container=&#8221;tag:h1|text_align:left&#8221; google_fonts=&#8221;font_family:Poppins%3A300%2Cregular%2C500%2C600%2C700|font_style:400%20regular%3A400%3Anormal&#8221;][vc_column_text]Son ya muy antiguas las relaciones de trabajo entre TORTELLA y el mercado ib\u00e9rico.<\/p>\n<p>Su gama de modelos de las cavadoras, fresadoras, rotopuntas, desbrozadoras, intercepas y soluciones combinadas es muy vasta: modelos con enganche 3 puntos, robustos, muy sencillos de operar, seguros y con muy poco mantenimiento. Todos los modelos TORTELLA son f\u00e1cilmente adaptables a cualquier tipo de tractor.<\/p>\n<p>Su tecnolog\u00eda avanzada exige del tractor un esfuerzo muy reducido, con menos desgaste y menor consumo.<\/p>\n<p>Pida opini\u00f3n a un cliente TORTELLA![\/vc_column_text][\/vc_column_inner][vc_column_inner width=&#8221;1\/3&#8243;][vc_column_text]<iframe title=\"YouTube video player\" src=\"https:\/\/www.youtube.com\/embed\/pyHD6wPbp1Y\" width=\"263\" height=\"150\" frameborder=\"0\" allowfullscreen=\"allowfullscreen\"><\/iframe>[\/vc_column_text][\/vc_column_inner][\/vc_row_inner][\/vc_tta_section][vc_tta_section title=&#8221;CAVADORAS&#8221; tab_id=&#8221;1654270971511-4b78cce3-d112&#8243;][vc_row_inner][vc_column_inner width=&#8221;2\/3&#8243;][vc_single_image image=&#8221;10708&#8243; img_size=&#8221;&#8221; css=&#8221;.vc_custom_1654271523114{margin-bottom: 10px !important;}&#8221;][vc_column_text el_class=&#8221;Download_Files_List&#8221; css=&#8221;.vc_custom_1723226264354{margin-bottom: 0px !important;}&#8221;]<a href=\"https:\/\/tortella.it\/\" target=\"_blank\" rel=\"noopener\">tortella.it<\/a>[\/vc_column_text][vc_custom_heading text=&#8221;CAVADORAS&#8221; font_container=&#8221;tag:h1|text_align:left&#8221; google_fonts=&#8221;font_family:Poppins%3A300%2Cregular%2C500%2C600%2C700|font_style:400%20regular%3A400%3Anormal&#8221;][vc_column_text]La serie 105 incluye cavadoras con caracter\u00edsticas de gama media y son perfectas para trabajar en vi\u00f1edos, fruter\u00edas, etc., incluso en condiciones de suelo duro.<\/p>\n<p>La serie 205 incluye todas las m\u00e1quinas de la gama pesada que son adecuadas para ser utilizadas en todo tipo de agricultura. El dise\u00f1o y la pesadez del marco permiten alcanzar buenas profundidades de trabajo y evitar la obstrucci\u00f3n del suelo en caso de alta humedad.<\/p>\n<p>Est\u00e1n equipados con grade, caja de 3 velocidades y reguladores de profundidad (patines).<\/p>\n<div class=\"table-responsive\">\n<table class=\"table\" style=\"background: #FFF;\">\n<thead>\n<tr style=\"background: #a32035; color: #ffffff;\">\n<td><small><strong>Modelo<\/strong><\/small><\/td>\n<td><small><strong>105.130<\/strong><\/small><\/td>\n<td><small><strong>105.145<\/strong><\/small><\/td>\n<td><small><strong>105.170<\/strong><\/small><\/td>\n<\/tr>\n<\/thead>\n<tbody>\n<tr>\n<td><small><strong>Ancho de trabajo<\/strong><\/small><\/td>\n<td><small>130 cm<\/small><\/td>\n<td><small>140 cm<\/small><\/td>\n<td><small>168 cm<\/small><\/td>\n<\/tr>\n<tr>\n<td><small><strong>Profundid. de trabajo<\/strong><\/small><\/td>\n<td><small>25 cm<\/small><\/td>\n<td><small>25 cm<\/small><\/td>\n<td><small>25 cm<\/small><\/td>\n<\/tr>\n<tr>\n<td><small><strong>N\u00ba palas<\/strong><\/small><\/td>\n<td><small>6<\/small><\/td>\n<td><small>6<\/small><\/td>\n<td><small>8<\/small><\/td>\n<\/tr>\n<tr>\n<td><small><strong>Peso<\/strong><\/small><\/td>\n<td><small>500 Kg<\/small><\/td>\n<td><small>520 Kg<\/small><\/td>\n<td><small>600 Kg<\/small><\/td>\n<\/tr>\n<tr>\n<td><small><strong>Pot\u00eancia requerida<\/strong><\/small><\/td>\n<td><small>30-35 Hp<\/small><\/td>\n<td><small>30-35 Hp<\/small><\/td>\n<td><small>30-45 Hp<\/small><\/td>\n<\/tr>\n<\/tbody>\n<\/table>\n<\/div>\n<p>[\/vc_column_text][\/vc_column_inner][vc_column_inner width=&#8221;1\/3&#8243;][vc_custom_heading icon=&#8221;icon-agri-agricultura&#8221; icon_size=&#8221;40&#8243; stripe_pos=&#8221;hide&#8221; text=&#8221;Cat\u00e1logos&#8221; font_container=&#8221;tag:h4|font_size:23|text_align:left&#8221; google_fonts=&#8221;font_family:Poppins%3A300%2Cregular%2C500%2C600%2C700|font_style:400%20regular%3A400%3Anormal&#8221; css=&#8221;.vc_custom_1723226114680{margin-top: 0px !important;padding-top: 0px !important;}&#8221; el_class=&#8221;iconTitle&#8221;][vc_column_text el_class=&#8221;Download_Files_List&#8221;]<a title=\"CATALOGO TORTELLA CAVADEIRA 105\" href=\"\/wp-content\/uploads\/2019\/09\/Catalogo_Tortella_Cavadeira_105.pdf\" download=\"\">CATALOGO TORTELLA CAVADEIRA 105<\/a>[\/vc_column_text][vc_single_image image=&#8221;10711&#8243; img_size=&#8221;full&#8221; onclick=&#8221;link_image&#8221;][vc_column_text]<iframe title=\"YouTube video player\" src=\"https:\/\/www.youtube.com\/embed\/xQopINgYFZs\" width=\"263\" height=\"150\" frameborder=\"0\" allowfullscreen=\"allowfullscreen\"><\/iframe>[\/vc_column_text][\/vc_column_inner][\/vc_row_inner][\/vc_tta_section][vc_tta_section title=&#8221;TRITURADORAS&#8221; tab_id=&#8221;1654271378784-d2e6971b-e3d3&#8243;][vc_row_inner][vc_column_inner width=&#8221;2\/3&#8243;][vc_single_image image=&#8221;10708&#8243; img_size=&#8221;&#8221; css=&#8221;.vc_custom_1654271549271{margin-bottom: 10px !important;}&#8221;][vc_column_text el_class=&#8221;Download_Files_List&#8221; css=&#8221;.vc_custom_1723226324226{margin-bottom: 0px !important;}&#8221;]<a href=\"https:\/\/tortella.it\/\" target=\"_blank\" rel=\"noopener\">tortella.it<\/a>[\/vc_column_text][vc_custom_heading text=&#8221;TRITURADORAS&#8221; font_container=&#8221;tag:h1|text_align:left&#8221; google_fonts=&#8221;font_family:Poppins%3A300%2Cregular%2C500%2C600%2C700|font_style:400%20regular%3A400%3Anormal&#8221;][vc_column_text]Trituradoras robustas y equilibradas, provistas de martillos en acero y forma especial, de alta resistencia, permitiendo trabajar en terrenos pedregosos, matorrales y prados.<br \/>\nPara hierba hasta 10 cm di\u00e1metro, espacios verdes, restos de poda, etc.<br \/>\nVentajas:<\/p>\n<ul>\n<li>hacer el humus necesario a la\u00a0 fertilidad del suelo<\/li>\n<li>eliminar parasitas<\/li>\n<li>respeto al medio ambiente<\/li>\n<li>permite la cultura o colleta en las mejores condiciones<\/li>\n<li>limpia mata<\/li>\n<\/ul>\n<p>Todos los modelos con desplazamiento hidr\u00e1ulico lateral.<\/p>\n<div class=\"table-responsive\">\n<table class=\"table\" style=\"background: #FFF;\">\n<thead>\n<tr style=\"background: #a32035; color: #ffffff;\">\n<td><small><strong>Modelo<\/strong><\/small><\/td>\n<td><small><strong>TR09bV-140<\/strong><\/small><\/td>\n<td><small><strong>TR09bV-150<\/strong><\/small><\/td>\n<td><small><strong>TR09bV-160<\/strong><\/small><\/td>\n<td><small><strong>TR09bV-180<\/strong><\/small><\/td>\n<\/tr>\n<\/thead>\n<tbody>\n<tr>\n<td><small><strong>Ancho de trabajo<\/strong><\/small><\/td>\n<td><small>140 cm<\/small><\/td>\n<td><small>150 cm<\/small><\/td>\n<td><small>160 cm<\/small><\/td>\n<td><small>180 cm<\/small><\/td>\n<\/tr>\n<tr>\n<td><small><strong>N\u00ba martillos<\/strong><\/small><\/td>\n<td><small>16<\/small><\/td>\n<td><small>16<\/small><\/td>\n<td><small>18<\/small><\/td>\n<td><small>20<\/small><\/td>\n<\/tr>\n<tr>\n<td><small><strong>Peso<\/strong><\/small><\/td>\n<td><small>401 Kg<\/small><\/td>\n<td><small>413 Kg<\/small><\/td>\n<td><small>473 Kg<\/small><\/td>\n<td><small>527 Kg<\/small><\/td>\n<\/tr>\n<tr>\n<td><small><strong>Peso con desp. hid.<\/strong><\/small><\/td>\n<td><small>452 Kg<\/small><\/td>\n<td><small>465 Kg<\/small><\/td>\n<td><small>520 Kg<\/small><\/td>\n<td><small>572 Kg<\/small><\/td>\n<\/tr>\n<tr>\n<td><small><strong>Pot\u00e9ncia requerida<\/strong><\/small><\/td>\n<td><small>35-70 Kg<\/small><\/td>\n<td><small>40-70 Kg<\/small><\/td>\n<td><small>40-70 Kg<\/small><\/td>\n<td><small>40-70 Hp<\/small><\/td>\n<\/tr>\n<\/tbody>\n<\/table>\n<\/div>\n<p>Vea tambi\u00e9n trituradoras MEAAT y GL1.[\/vc_column_text][\/vc_column_inner][vc_column_inner width=&#8221;1\/3&#8243;][vc_custom_heading icon=&#8221;icon-agri-agricultura&#8221; icon_size=&#8221;40&#8243; stripe_pos=&#8221;hide&#8221; text=&#8221;Cat\u00e1logos&#8221; font_container=&#8221;tag:h4|font_size:23|text_align:left&#8221; google_fonts=&#8221;font_family:Poppins%3A300%2Cregular%2C500%2C600%2C700|font_style:400%20regular%3A400%3Anormal&#8221; css=&#8221;.vc_custom_1723226114680{margin-top: 0px !important;padding-top: 0px !important;}&#8221; el_class=&#8221;iconTitle&#8221;][vc_column_text el_class=&#8221;Download_Files_List&#8221;]<a title=\"CATALOGO TORTELLA TRITURADOR TR9B BV\" href=\"\/wp-content\/uploads\/2019\/09\/Catalogo_Tortella_Triturador_TR9B_BV.pdf\" download=\"\">CATALOGO TORTELLA TRITURADOR TR9B BV<\/a>[\/vc_column_text][vc_single_image image=&#8221;10717&#8243; img_size=&#8221;full&#8221; onclick=&#8221;link_image&#8221;][vc_column_text]<iframe title=\"YouTube video player\" src=\"https:\/\/www.youtube.com\/embed\/jed1IamdUIU\" width=\"263\" height=\"150\" frameborder=\"0\" allowfullscreen=\"allowfullscreen\"><\/iframe>[\/vc_column_text][\/vc_column_inner][\/vc_row_inner][\/vc_tta_section][vc_tta_section title=&#8221;TRITURADORAS LATERALES&#8221; tab_id=&#8221;1654271366897-64eefc46-84b0&#8243;][vc_row_inner][vc_column_inner width=&#8221;2\/3&#8243;][vc_single_image image=&#8221;10708&#8243; img_size=&#8221;&#8221; css=&#8221;.vc_custom_1654271563355{margin-bottom: 10px !important;}&#8221;][vc_column_text el_class=&#8221;Download_Files_List&#8221; css=&#8221;.vc_custom_1723226334737{margin-bottom: 0px !important;}&#8221;]<a href=\"https:\/\/tortella.it\/\" target=\"_blank\" rel=\"noopener\">tortella.it<\/a>[\/vc_column_text][vc_custom_heading text=&#8221;TRITURADORAS LATERALES&#8221; font_container=&#8221;tag:h1|text_align:left&#8221; google_fonts=&#8221;font_family:Poppins%3A300%2Cregular%2C500%2C600%2C700|font_style:400%20regular%3A400%3Anormal&#8221;][vc_column_text]Las trituradoras de la serie TL son m\u00e1quinas multifunci\u00f3n: trituradoras con cambio hidr\u00e1ulico lateral y con levantamento hidr\u00e1ulico, para hierba.<\/p>\n<p>Ya que pueden trabajar tanto en posici\u00f3n central como lateral, con su \u00e1ngulo de trabajo cambiante dentro de un gran espacio, son perfectos para limpiar y mantener pendientes, bordes de las carreteras, zanjas, zanjas y, en general, terrenos inclinados. Gracias a su cambio lateral, se pueden utilizar tambi\u00e9n para trabajar en olivares o peque\u00f1as areas fruter\u00edas.<\/p>\n<div class=\"table-responsive\">\n<table class=\"table\" style=\"background: #FFF;\">\n<thead>\n<tr style=\"background: #a32035; color: #ffffff;\">\n<td><small><strong>Modelo<\/strong><\/small><\/td>\n<td><small><strong>TL-160<\/strong><\/small><\/td>\n<td><small><strong>TL-180<\/strong><\/small><\/td>\n<td><small><strong>TL-200<\/strong><\/small><\/td>\n<\/tr>\n<\/thead>\n<tbody>\n<tr>\n<td><small><strong>Ancho de trabajo<\/strong><\/small><\/td>\n<td><small>160 cm<\/small><\/td>\n<td><small>180 cm<\/small><\/td>\n<td><small>200 cm<\/small><\/td>\n<\/tr>\n<tr>\n<td><small><strong>N\u00ba martillos<\/strong><\/small><\/td>\n<td><small>14<\/small><\/td>\n<td><small>16<\/small><\/td>\n<td><small>18<\/small><\/td>\n<\/tr>\n<tr>\n<td><small><strong>Peso<\/strong><\/small><\/td>\n<td><small>529 Kg<\/small><\/td>\n<td><small>547 Kg<\/small><\/td>\n<td><small>573 Kg<\/small><\/td>\n<\/tr>\n<tr>\n<td><small><strong>Pot\u00e9ncia requerida<\/strong><\/small><\/td>\n<td><small>50-85 HP<\/small><\/td>\n<td><small>70-100 Hp<\/small><\/td>\n<td><small>80-100 Hp<\/small><\/td>\n<\/tr>\n<\/tbody>\n<\/table>\n<\/div>\n<p>Vea tambi\u00e9n trituradoras laterales MEAAT y GL1.[\/vc_column_text][\/vc_column_inner][vc_column_inner width=&#8221;1\/3&#8243;][vc_custom_heading icon=&#8221;icon-agri-agricultura&#8221; icon_size=&#8221;40&#8243; stripe_pos=&#8221;hide&#8221; text=&#8221;Cat\u00e1logos&#8221; font_container=&#8221;tag:h4|font_size:23|text_align:left&#8221; google_fonts=&#8221;font_family:Poppins%3A300%2Cregular%2C500%2C600%2C700|font_style:400%20regular%3A400%3Anormal&#8221; css=&#8221;.vc_custom_1723226114680{margin-top: 0px !important;padding-top: 0px !important;}&#8221; el_class=&#8221;iconTitle&#8221;][vc_column_text el_class=&#8221;Download_Files_List&#8221;]<a title=\"CATALOGO TORTELLA TRITURADOR TL\" href=\"\/wp-content\/uploads\/2019\/09\/Catalogo_Tortella_Triturador_TL.pdf\" download=\"\">CATALOGO TORTELLA TRITURADOR TL<\/a>[\/vc_column_text][vc_media_grid style=&#8221;lazy&#8221; element_width=&#8221;6&#8243; gap=&#8221;10&#8243; grid_id=&#8221;vc_gid:1764932714928-6d86bfde-0c6c-10&#8243; el_class=&#8221;imageGalleryMargin&#8221; include=&#8221;10735,10732,10729,10726&#8243;][\/vc_column_inner][\/vc_row_inner][\/vc_tta_section][\/vc_tta_tabs][\/vc_column][vc_column width=&#8221;1\/6&#8243;][vc_custom_heading icon=&#8221;stm-email2&#8243; icon_size=&#8221;40&#8243; stripe_pos=&#8221;hide&#8221; text=&#8221;Contacto&#8221; font_container=&#8221;tag:h4|font_size:23|text_align:left&#8221; google_fonts=&#8221;font_family:Poppins%3A300%2Cregular%2C500%2C600%2C700|font_style:400%20regular%3A400%3Anormal&#8221; css=&#8221;.vc_custom_1723226068985{margin-top: 0px !important;padding-top: 0px !important;}&#8221; el_class=&#8221;iconTitle&#8221;]\n<div class=\"wpcf7 no-js\" id=\"wpcf7-f12358-o1\" lang=\"es-ES\" dir=\"ltr\" data-wpcf7-id=\"12358\">\n<div class=\"screen-reader-response\"><p role=\"status\" aria-live=\"polite\" aria-atomic=\"true\"><\/p> <ul><\/ul><\/div>\n<form action=\"\/es\/wp-json\/wp\/v2\/pages\/11694#wpcf7-f12358-o1\" method=\"post\" class=\"wpcf7-form init\" aria-label=\"Formulario de contacto\" novalidate=\"novalidate\" data-status=\"init\">\n<div style=\"display: none;\">\n<input type=\"hidden\" name=\"_wpcf7\" value=\"12358\" \/>\n<input type=\"hidden\" name=\"_wpcf7_version\" value=\"6.0.6\" \/>\n<input type=\"hidden\" name=\"_wpcf7_locale\" value=\"es_ES\" \/>\n<input type=\"hidden\" name=\"_wpcf7_unit_tag\" value=\"wpcf7-f12358-o1\" \/>\n<input type=\"hidden\" name=\"_wpcf7_container_post\" value=\"0\" \/>\n<input type=\"hidden\" name=\"_wpcf7_posted_data_hash\" value=\"\" \/>\n<input type=\"hidden\" name=\"_wpcf7_recaptcha_response\" value=\"\" \/>\n<\/div>\n<div class=\"request_callback\">\n        <div class=\"input-group\">\n            <span class=\"wpcf7-form-control-wrap\" data-name=\"your-subject\"><input size=\"40\" maxlength=\"400\" class=\"wpcf7-form-control wpcf7-text wpcf7-validates-as-required\" aria-required=\"true\" aria-invalid=\"false\" placeholder=\"Sujeto *\" value=\"\" type=\"text\" name=\"your-subject\" \/><\/span>\n        <div class=\"input-group\">\n            <span class=\"wpcf7-form-control-wrap\" data-name=\"your-message\"><textarea cols=\"40\" rows=\"10\" maxlength=\"2000\" class=\"wpcf7-form-control wpcf7-textarea wpcf7-validates-as-required height100\" aria-required=\"true\" aria-invalid=\"false\" placeholder=\"Mensaje *\" name=\"your-message\"><\/textarea><\/span>\n        <div class=\"input-group\">\n            <span class=\"wpcf7-form-control-wrap\" data-name=\"your-company\"><input size=\"40\" maxlength=\"400\" class=\"wpcf7-form-control wpcf7-text\" aria-invalid=\"false\" placeholder=\"Empresa\" value=\"\" type=\"text\" name=\"your-company\" \/><\/span>      \n        <div class=\"input-group\">\n            <span class=\"wpcf7-form-control-wrap\" data-name=\"your-name\"><input size=\"40\" maxlength=\"400\" class=\"wpcf7-form-control wpcf7-text wpcf7-validates-as-required\" aria-required=\"true\" aria-invalid=\"false\" placeholder=\"Nombre *\" value=\"\" type=\"text\" name=\"your-name\" \/><\/span>\n        <div class=\"input-group\">\n            <span class=\"wpcf7-form-control-wrap\" data-name=\"your-loc\"><input size=\"40\" maxlength=\"400\" class=\"wpcf7-form-control wpcf7-text wpcf7-validates-as-required\" aria-required=\"true\" aria-invalid=\"false\" placeholder=\"Localidad *\" value=\"\" type=\"text\" name=\"your-loc\" \/><\/span>\n        <div class=\"input-group\">\n            <span class=\"wpcf7-form-control-wrap\" data-name=\"your-tel\"><input size=\"40\" maxlength=\"400\" class=\"wpcf7-form-control wpcf7-tel wpcf7-validates-as-required wpcf7-text wpcf7-validates-as-tel\" aria-required=\"true\" aria-invalid=\"false\" placeholder=\"Contacto *\" value=\"\" type=\"tel\" name=\"your-tel\" \/><\/span>       \n        <div class=\"input-group\">\n            <span class=\"wpcf7-form-control-wrap\" data-name=\"your-email\"><input size=\"40\" maxlength=\"400\" class=\"wpcf7-form-control wpcf7-email wpcf7-validates-as-required wpcf7-text wpcf7-validates-as-email\" aria-required=\"true\" aria-invalid=\"false\" placeholder=\"E-mail *\" value=\"\" type=\"email\" name=\"your-email\" \/><\/span>      \n        <\/div>\n        <div class=\"input-group\">\n            <button type=\"submit\" class=\"button size-lg icon_right\">Enviar<i class=\"fa fa-chevron-right\"><\/i><\/button>\n        <\/div>\n<\/div><div class=\"wpcf7-response-output\" aria-hidden=\"true\"><\/div>\n<\/form>\n<\/div>\n[\/vc_column][\/vc_row]<\/p>\n<\/section>","protected":false},"excerpt":{"rendered":"<p>[vc_row full_width=&#8221;stretch_row_content_no_spaces&#8221; css=&#8221;.vc_custom_1654158973046{margin-top: 0px !important;margin-right: 0px !important;margin-bottom: 73px !important;margin-left: 0px !important;border-bottom-width: 8px !important;border-bottom-color: #d80d1b !important;border-bottom-style: solid !important;}&#8221;][vc_column][rev_slider_vc alias=&#8221;slider-agricultura-12&#8243;][\/vc_column][\/vc_row][vc_row][vc_column width=&#8221;1\/6&#8243;][vc_custom_heading icon=&#8221;icon-agri-agricultura&#8221; icon_size=&#8221;40&#8243; stripe_pos=&#8221;hide&#8221; text=&#8221;Agricultura&#8221; font_container=&#8221;tag:h4|font_size:23|text_align:left&#8221; google_fonts=&#8221;font_family:Poppins%3A300%2Cregular%2C500%2C600%2C700|font_style:400%20regular%3A400%3Anormal&#8221; css=&#8221;.vc_custom_1723226001370{margin-top: 0px !important;padding-top: 0px !important;}&#8221; el_class=&#8221;iconTitle&#8221; link=&#8221;url:https%3A%2F%2Fagricortes.com%2Fes%2Fagricultura&#8221;][vc_raw_html]JTVCYmVsbG93cyUyMGNvbmZpZ19pZCUzRCUyMm1haW4lMjIlMjBtZW51JTNEJTIyMTE0JTIyJTVE[\/vc_raw_html][\/vc_column][vc_column width=&#8221;2\/3&#8243;][vc_tta_tabs spacing=&#8221;5&#8243; active_section=&#8221;1&#8243; el_class=&#8221;theme_style&#8221;][vc_tta_section title=&#8221;TORTELLA&#8221; tab_id=&#8221;1653314755352-a90f6af0-ddaa1653561459394&#8243;][vc_row_inner][vc_column_inner width=&#8221;2\/3&#8243;][vc_single_image image=&#8221;10708&#8243; img_size=&#8221;&#8221; css=&#8221;.vc_custom_1654271507394{margin-bottom: 10px !important;}&#8221;][vc_column_text el_class=&#8221;Download_Files_List&#8221; css=&#8221;.vc_custom_1723226225219{margin-bottom: 0px !important;}&#8221;]tortella.it[\/vc_column_text][vc_custom_heading text=&#8221;TORTELLA&#8221; font_container=&#8221;tag:h1|text_align:left&#8221; google_fonts=&#8221;font_family:Poppins%3A300%2Cregular%2C500%2C600%2C700|font_style:400%20regular%3A400%3Anormal&#8221;][vc_column_text]Son ya muy antiguas las<\/p>\n","protected":false},"author":2,"featured_media":0,"parent":0,"menu_order":0,"comment_status":"closed","ping_status":"closed","template":"","meta":{"footnotes":""},"class_list":["post-11694","page","type-page","status-publish","hentry"],"aioseo_notices":[],"_links":{"self":[{"href":"https:\/\/agricortes.com\/es\/wp-json\/wp\/v2\/pages\/11694","targetHints":{"allow":["GET"]}}],"collection":[{"href":"https:\/\/agricortes.com\/es\/wp-json\/wp\/v2\/pages"}],"about":[{"href":"https:\/\/agricortes.com\/es\/wp-json\/wp\/v2\/types\/page"}],"author":[{"embeddable":true,"href":"https:\/\/agricortes.com\/es\/wp-json\/wp\/v2\/users\/2"}],"replies":[{"embeddable":true,"href":"https:\/\/agricortes.com\/es\/wp-json\/wp\/v2\/comments?post=11694"}],"version-history":[{"count":9,"href":"https:\/\/agricortes.com\/es\/wp-json\/wp\/v2\/pages\/11694\/revisions"}],"predecessor-version":[{"id":21643,"href":"https:\/\/agricortes.com\/es\/wp-json\/wp\/v2\/pages\/11694\/revisions\/21643"}],"wp:attachment":[{"href":"https:\/\/agricortes.com\/es\/wp-json\/wp\/v2\/media?parent=11694"}],"curies":[{"name":"wp","href":"https:\/\/api.w.org\/{rel}","templated":true}]}}