{"id":11706,"date":"2022-06-03T16:31:53","date_gmt":"2022-06-03T16:31:53","guid":{"rendered":"https:\/\/agricortes.com\/enfardadeiras-abbriata\/"},"modified":"2024-10-11T13:59:33","modified_gmt":"2024-10-11T13:59:33","slug":"empacadoras-abbriata","status":"publish","type":"page","link":"https:\/\/agricortes.com\/es\/empacadoras-abbriata\/","title":{"rendered":"ABBRIATA &#8211; Empacadoras"},"content":{"rendered":"<section class=\"wpb-content-wrapper\"><p>[vc_row full_width=&#8221;stretch_row_content_no_spaces&#8221; css=&#8221;.vc_custom_1654158973046{margin-top: 0px !important;margin-right: 0px !important;margin-bottom: 73px !important;margin-left: 0px !important;border-bottom-width: 8px !important;border-bottom-color: #d80d1b !important;border-bottom-style: solid !important;}&#8221;][vc_column][rev_slider_vc alias=&#8221;slider-agricultura-12&#8243;][\/vc_column][\/vc_row][vc_row][vc_column width=&#8221;1\/6&#8243;][vc_custom_heading icon=&#8221;icon-agri-agricultura&#8221; icon_size=&#8221;40&#8243; stripe_pos=&#8221;hide&#8221; text=&#8221;Agricultura&#8221; font_container=&#8221;tag:h4|font_size:23|text_align:left&#8221; google_fonts=&#8221;font_family:Poppins%3A300%2Cregular%2C500%2C600%2C700|font_style:400%20regular%3A400%3Anormal&#8221; css=&#8221;.vc_custom_1722619721667{margin-top: 0px !important;padding-top: 0px !important;}&#8221; el_class=&#8221;iconTitle&#8221; link=&#8221;url:http%3A%2F%2Fwww.agricortes%2Fes%2Fagricultura&#8221;][vc_raw_html]JTVCYmVsbG93cyUyMGNvbmZpZ19pZCUzRCUyMm1haW4lMjIlMjBtZW51JTNEJTIyMTE0JTIyJTVE[\/vc_raw_html][\/vc_column][vc_column width=&#8221;2\/3&#8243;][vc_tta_tabs spacing=&#8221;5&#8243; active_section=&#8221;1&#8243; el_class=&#8221;theme_style&#8221;][vc_tta_section title=&#8221;ABBRIATA&#8221; tab_id=&#8221;1653314755352-a90f6af0-ddaa1653561459394&#8243;][vc_row_inner][vc_column_inner width=&#8221;2\/3&#8243;][vc_single_image image=&#8221;10837&#8243; img_size=&#8221;&#8221; css=&#8221;.vc_custom_1654275194916{margin-bottom: 10px !important;}&#8221;][vc_column_text el_class=&#8221;Download_Files_List&#8221; css=&#8221;.vc_custom_1722619646295{margin-bottom: 0px !important;}&#8221;]<a href=\"http:\/\/www.abbriata.it\/en\/\" target=\"_blank\" rel=\"noopener\">abbriata.it<\/a>[\/vc_column_text][vc_custom_heading text=&#8221;ABBRIATA&#8221; font_container=&#8221;tag:h1|text_align:left&#8221; google_fonts=&#8221;font_family:Poppins%3A300%2Cregular%2C500%2C600%2C700|font_style:400%20regular%3A400%3Anormal&#8221;][vc_column_text]Fundada en 1896 &#8211; Indiscutible experiencia y calidad en el mercado mundial.<\/p>\n<p>Las empacadoras ABBRIATA le garantizan la calidad y robustez de una m\u00e1quina moderna y de una marca testada hace mucho tiempo.<\/p>\n<p>Modelos diversos para pacas rectangulares y cil\u00edndricas; preparados para todos los tipos de forraje.[\/vc_column_text][\/vc_column_inner][vc_column_inner width=&#8221;1\/3&#8243;][vc_single_image image=&#8221;10840&#8243; img_size=&#8221;full&#8221; onclick=&#8221;link_image&#8221;][\/vc_column_inner][\/vc_row_inner][\/vc_tta_section][vc_tta_section title=&#8221;EMPACADORAS PACAS RECTANGULARES&#8221; tab_id=&#8221;1653579033964-58ea2ebe-3846&#8243;][vc_row_inner][vc_column_inner width=&#8221;2\/3&#8243;][vc_single_image image=&#8221;10837&#8243; img_size=&#8221;&#8221; css=&#8221;.vc_custom_1654275213296{margin-bottom: 10px !important;}&#8221;][vc_column_text el_class=&#8221;Download_Files_List&#8221; css=&#8221;.vc_custom_1722619668951{margin-bottom: 0px !important;}&#8221;]<a href=\"http:\/\/www.abbriata.it\/en\/\" target=\"_blank\" rel=\"noopener\">abbriata.it<\/a>[\/vc_column_text][vc_custom_heading text=&#8221;EMPACADORAS PACAS RECTANGULARES&#8221; font_container=&#8221;tag:h1|text_align:left&#8221; google_fonts=&#8221;font_family:Poppins%3A300%2Cregular%2C500%2C600%2C700|font_style:400%20regular%3A400%3Anormal&#8221;][vc_column_text]<strong>ABBRIATA\u00ae M60 MINI de pacas rectangulares\u00a0<\/strong>es\u00a0caracterizada por una c\u00e1mara\u00a0de compresi\u00f3n\u00a0de 34&#215;44 cm, un peso muy ligero\u00a0y aproximadamente\u00a0900kg, ancho\u00a0m\u00e1ximo del\u00a0pick-up\u00a0105 cm\u00a0y\u00a0ancho m\u00e1ximo\u00a0en transporte\u00a0160 cm.<\/p>\n<p><strong>ABBRIATA\u00ae M60 SUPER\u00a0<\/strong><strong>de pacas rectangulares\u00a0<\/strong>es\u00a0la soluci\u00f3n\u00a0ideal\u00a0para empacar con tractores de baja potencia. La paca\u00a0tiene un ancho del pick-up\u00a0de 140 cm\u00a0y\u00a0ancho m\u00e1ximo\u00a0en transporte de\u00a0190 cm,\u00a0mientras\u00a0la c\u00e1mara de compresi\u00f3n tiene las mismas medidas\u00a0(34&#215;44 cm) de la\u00a0<strong>M60 MINI<\/strong>.\u00a0El peso aproximado\u00a0es\u00a0de 1000 kg.<\/p>\n<p><strong>ABBRIATA\u00ae M61 EXPORT<\/strong>\u00a0<strong>de pacas rectangulares\u00a0<\/strong>es actualmente\u00a0el modelo m\u00e1s\u00a0popular de la gama de empacadoras\u00a0<strong>ABBRIATA\u00ae<\/strong>.\u00a0El equipo\u00a0es caracterizado\u00a0por\u00a0sus\u00a0dimensiones est\u00e1ndar\u00a0de la\u00a0c\u00e1mara de compresi\u00f3n (36&#215;46 cm)\u00a0y por\u00a0el ancho\u00a0del pick-up de\u00a0160 cm,\u00a0produciendo una\u00a0paca de categor\u00eda mediana.<\/p>\n<p><strong>ABBRIATA\u00ae\u00a0M61 EXPORT\/170\u00a0<\/strong>semejante al equipo anterior, permite\u00a0aumentar la producci\u00f3n\u00a0con\u00a0un ancho del pick-up de\u00a0170 cm y\u00a0 sistema de alimentaci\u00f3n\u00a0\u00a0m\u00e1s potente.\u00a0La paca usa la misma c\u00e1mara de compresi\u00f3n\u00a0(36&#215;46 cm) pudiendo\u00a0 ser\u00a0 equipada\u00a0con cuerda o alambre.<\/p>\n<p><strong>ABBRIATA\u00ae M64 MAGNUM<\/strong>\u00a0<strong>de pacas rectangulares\u00a0<\/strong>es caracterizada por ser\u00a0el modelo de mayor capacidad productiva\u00a0y especificamente dimensionada para los trabajos intensivos\u00a0de las grandes fincas\u00a0o contratistas. La c\u00e1mara de compresi\u00f3n tiene 36&#215;48 cm\u00a0y el ancho\u00a0del pick-up\u00a0180 cm, pudiendo ser\u00a0equipada con cuerda\u00a0o alambre. La\u00a0transmisi\u00f3n de los primeros movimientos\u00a0es por engrenajes\u00a0y\u00a0el\u00a0eje sin corrientes.<\/p>\n<div class=\"table-responsive\">\n<table class=\"table\" style=\"background: #FFF;\">\n<thead>\n<tr style=\"background: #a32035; color: #ffffff;\">\n<td><small><strong>Modelo<\/strong><\/small><\/td>\n<td><small><strong>M60<br \/>\nMINI S<\/strong><\/small><\/td>\n<td><small><strong>M60<br \/>\nMINI<\/strong><\/small><\/td>\n<td><small><strong>M60<br \/>\nSUPER<\/strong><\/small><\/td>\n<td><small><strong>M61<br \/>\nEXPORT<\/strong><\/small><\/td>\n<td><small><strong>M64<br \/>\nMAGNUM<\/strong><\/small><\/td>\n<\/tr>\n<\/thead>\n<tbody>\n<tr>\n<td><small><strong>Tipo paca rectangular<\/strong><\/small><\/td>\n<td><small>34&#215;44 cm<\/small><\/td>\n<td><small>34&#215;44 cm<\/small><\/td>\n<td><small>34&#215;44 cm<\/small><\/td>\n<td><small>36\u00d746 cm<\/small><\/td>\n<td><small>36\u00d748 cm<\/small><\/td>\n<\/tr>\n<tr>\n<td><small><strong>Atadura<\/strong><\/small><\/td>\n<td><small>cuerda<\/small><\/td>\n<td><small>cuerda<\/small><\/td>\n<td><small>cuerda<\/small><\/td>\n<td><small>cuerda \/<br \/>\nalambre<\/small><\/td>\n<td><small>cuerda \/<br \/>\nalambre<\/small><\/td>\n<\/tr>\n<tr>\n<td><small><strong>Ancho del pick-up<\/strong><\/small><\/td>\n<td><small>90 cm<\/small><\/td>\n<td><small>105 cm<\/small><\/td>\n<td><small>140 cm<\/small><\/td>\n<td><small>160 cm<\/small><\/td>\n<td><small>180 cm<\/small><\/td>\n<\/tr>\n<tr>\n<td><small><strong>Longitud de la paca<\/strong><\/small><\/td>\n<td><small>40\u00f7130 cm<\/small><\/td>\n<td><small>40\u00f7130 cm<\/small><\/td>\n<td><small>40\u00f7130 cm<\/small><\/td>\n<td><small>40\u00f7130 cm<\/small><\/td>\n<td><small>40\u00f7120 cm<\/small><\/td>\n<\/tr>\n<tr>\n<td><small><strong>TDF<\/strong><\/small><\/td>\n<td><small>540 rpm<\/small><\/td>\n<td><small>540 rpm<\/small><\/td>\n<td><small>540 rpm<\/small><\/td>\n<td><small>540 rpm<\/small><\/td>\n<td><small>540 rpm<\/small><\/td>\n<\/tr>\n<tr>\n<td><small><strong>Potencia requerida<\/strong><\/small><\/td>\n<td><small>20\u00f725 Hp<\/small><\/td>\n<td><small>20\u00f725 Hp<\/small><\/td>\n<td><small>20\u00f725 Hp<\/small><\/td>\n<td><small>26\u00f730 Hp<\/small><\/td>\n<td><small>50\u00f760 Hp<\/small><\/td>\n<\/tr>\n<tr>\n<td><small><strong>Peso<\/strong><\/small><\/td>\n<td><small>900 Kg<\/small><\/td>\n<td><small>900 Kg<\/small><\/td>\n<td><small>1000 Kg<\/small><\/td>\n<td><small>1150 Kg\/<br \/>\n1175 Kg<\/small><\/td>\n<td><small>1650 Kg \/<br \/>\n1700 Kg<\/small><\/td>\n<\/tr>\n<\/tbody>\n<\/table>\n<\/div>\n<p>Vea tambi\u00e9n empacadoras\u00a0BARGAM, LERDA y PAKSAN.[\/vc_column_text][\/vc_column_inner][vc_column_inner width=&#8221;1\/3&#8243;][vc_media_grid style=&#8221;lazy&#8221; element_width=&#8221;6&#8243; gap=&#8221;10&#8243; grid_id=&#8221;vc_gid:1728655111983-d9a378d0-8382-9&#8243; include=&#8221;10852,10849,10846,10843&#8243; el_class=&#8221;imageGalleryMargin&#8221;][vc_column_text]<iframe title=\"YouTube video player\" src=\"https:\/\/www.youtube.com\/embed\/FHRRvMROSos\" width=\"100%\" height=\"auto\" frameborder=\"0\" allowfullscreen=\"allowfullscreen\"><\/iframe>[\/vc_column_text][\/vc_column_inner][\/vc_row_inner][\/vc_tta_section][vc_tta_section title=&#8221;EMPACADORAS PACAS CIL\u00cdNDRICAS&#8221; tab_id=&#8221;1653581106118-6fd6083c-4f2a&#8221;][vc_row_inner][vc_column_inner width=&#8221;2\/3&#8243;][vc_single_image image=&#8221;10837&#8243; img_size=&#8221;&#8221; css=&#8221;.vc_custom_1654275237882{margin-bottom: 10px !important;}&#8221;][vc_column_text el_class=&#8221;Download_Files_List&#8221; css=&#8221;.vc_custom_1722619691760{margin-bottom: 0px !important;}&#8221;]<a href=\"http:\/\/www.abbriata.it\/en\/\" target=\"_blank\" rel=\"noopener\">abbriata.it<\/a>[\/vc_column_text][vc_custom_heading text=&#8221;EMPACADORAS PACAS CIL\u00cdNDRICAS&#8221; font_container=&#8221;tag:h1|text_align:left&#8221; google_fonts=&#8221;font_family:Poppins%3A300%2Cregular%2C500%2C600%2C700|font_style:400%20regular%3A400%3Anormal&#8221;][vc_column_text]Todos los modelos de pacas cil\u00edndricas incluyen la apertura hidr\u00e1ulica posterior y el indicador sonoro.<\/p>\n<p>Opcionales:<\/p>\n<ul>\n<li>Kit especial para empacar vides<\/li>\n<li>Kit para empacar con red para M120 con mando el\u00e9ctrico<\/li>\n<li>Kit de instalaci\u00f3n el\u00e9ctrica de tr\u00e1fico<\/li>\n<li>Kit hidr\u00e1ulico en el cabezal<\/li>\n<\/ul>\n<div class=\"table-responsive\">\n<table class=\"table\" style=\"background: #FFF;\">\n<thead>\n<tr style=\"background: #a32035; color: #ffffff;\">\n<td><small><strong>Modelo<\/strong><\/small><\/td>\n<td><small><strong>M100<br \/>\nSUPER<\/strong><\/small><\/td>\n<td><small><strong>M100<br \/>\nMAGNUM<\/strong><\/small><\/td>\n<td><small><strong>M100<br \/>\nSUPER L<\/strong><\/small><\/td>\n<td><small><strong>M100<br \/>\nMAGNUM L<\/strong><\/small><\/td>\n<\/tr>\n<\/thead>\n<tbody>\n<tr>\n<td><small><strong>Tipo paca cil\u00edndrica<\/strong><\/small><\/td>\n<td><small>\u00d8 100&#215;100 cm<\/small><\/td>\n<td><small>\u00d8 100&#215;100 cm<\/small><\/td>\n<td><small>\u00d8 100&#215;120 cm<\/small><\/td>\n<td><small>\u00d8 100&#215;120 cm<\/small><\/td>\n<\/tr>\n<tr>\n<td><small><strong>Atadura<\/strong><\/small><\/td>\n<td><small>comprimida<\/small><\/td>\n<td><small>comprimida<\/small><\/td>\n<td><small>comprimida<\/small><\/td>\n<td><small>comprimida<\/small><\/td>\n<\/tr>\n<tr>\n<td><small><strong>Ancho del pick-up<\/strong><\/small><\/td>\n<td><small>145 cm<\/small><\/td>\n<td><small>165 cm<\/small><\/td>\n<td><small>165 cm<\/small><\/td>\n<td><small>185 cm<\/small><\/td>\n<\/tr>\n<tr>\n<td><small><strong>N\u00ba barras<\/strong><\/small><\/td>\n<td><small>27<\/small><\/td>\n<td><small>27<\/small><\/td>\n<td><small>27<\/small><\/td>\n<td><small>27<\/small><\/td>\n<\/tr>\n<tr>\n<td><small><strong>TDF<\/strong><\/small><\/td>\n<td><small>540 rpm<\/small><\/td>\n<td><small>540 rpm<\/small><\/td>\n<td><small>540 rpm<\/small><\/td>\n<td><small>540 rpm<\/small><\/td>\n<\/tr>\n<tr>\n<td><small><strong>Potencia requerida<\/strong><\/small><\/td>\n<td><small>40\u00f745<\/small><\/td>\n<td><small>40\u00f745<\/small><\/td>\n<td><small>40\u00f745<\/small><\/td>\n<td><small>40\u00f745<\/small><\/td>\n<\/tr>\n<tr>\n<td><small><strong>Peso<\/strong><\/small><\/td>\n<td><small>1590 Kg<\/small><\/td>\n<td><small>1650 Kg<\/small><\/td>\n<td><small>1650 Kg<\/small><\/td>\n<td><small>1730 Kg<\/small><\/td>\n<\/tr>\n<\/tbody>\n<\/table>\n<\/div>\n<div class=\"table-responsive\">\n<table class=\"table\" style=\"background: #FFF;\">\n<thead>\n<tr style=\"background: #a32035; color: #ffffff;\">\n<td><\/td>\n<td><small><strong>M120<br \/>\nCOMPACT<br \/>\nPLUS<\/strong><\/small><\/td>\n<td><small><strong>M120<br \/>\nCOMPACT<br \/>\nMAGNUM<br \/>\nPLUS<\/strong><\/small><\/td>\n<td><small><strong>M120<br \/>\nSUPER<br \/>\nPLUS<\/strong><\/small><\/td>\n<td><small><strong>M120<br \/>\nMAGNUM<br \/>\nPLUS<\/strong><\/small><\/td>\n<td><small><strong>M150<br \/>\nSUPER<br \/>\nPLUS<\/strong><\/small><\/td>\n<td><small><strong>M150<br \/>\nMAGNUM<br \/>\nPLUS<\/strong><\/small><\/td>\n<\/tr>\n<\/thead>\n<tbody>\n<tr>\n<td><small><strong>Tipo paca cil\u00edndrica<\/strong><\/small><\/td>\n<td><small>\u00d8 120 x 100<\/small><\/td>\n<td><small>\u00d8 120 x 100<\/small><\/td>\n<td><small>\u00d8 120 x 120<\/small><\/td>\n<td><small>\u00d8 120 x 120<\/small><\/td>\n<td><small>\u00d8 150 x 120<\/small><\/td>\n<td><small>\u00d8 150 x 120<\/small><\/td>\n<\/tr>\n<tr>\n<td><small><strong>Atadura<\/strong><\/small><\/td>\n<td><small>comprimida<\/small><\/td>\n<td><small>comprimida<\/small><\/td>\n<td><small>comprimida<\/small><\/td>\n<td><small>comprimida<\/small><\/td>\n<td><small>comprimida<\/small><\/td>\n<td><small>comprimida<\/small><\/td>\n<\/tr>\n<tr>\n<td><small><strong>Ancho del pick-up<\/strong><\/small><\/td>\n<td><small>145 cm<\/small><\/td>\n<td><small>165 cm<\/small><\/td>\n<td><small>165 cm<\/small><\/td>\n<td><small>185 cm<\/small><\/td>\n<td><small>165 cm<\/small><\/td>\n<td><small>185 cm<\/small><\/td>\n<\/tr>\n<tr>\n<td><small><strong>N\u00ba barras<\/strong><\/small><\/td>\n<td><small>31<\/small><\/td>\n<td><small>31<\/small><\/td>\n<td><small>31<\/small><\/td>\n<td><small>31<\/small><\/td>\n<td><small>41<\/small><\/td>\n<td><small>41<\/small><\/td>\n<\/tr>\n<tr>\n<td><small><strong>TDF<\/strong><\/small><\/td>\n<td><small>540 rpm<\/small><\/td>\n<td><small>540 rpm<\/small><\/td>\n<td><small>540 rpm<\/small><\/td>\n<td><small>540 rpm<\/small><\/td>\n<td><small>540 rpm<\/small><\/td>\n<td><small>540 rpm<\/small><\/td>\n<\/tr>\n<tr>\n<td><small><strong>Potencia requerida<\/strong><\/small><\/td>\n<td><small>40\u00f745 Hp<\/small><\/td>\n<td><small>50 Hp<\/small><\/td>\n<td><small>50 Hp<\/small><\/td>\n<td><small>60 Hp<\/small><\/td>\n<td><small>50 Hp<\/small><\/td>\n<td><small>60 Hp<\/small><\/td>\n<\/tr>\n<tr>\n<td><small><strong>Peso<\/strong><\/small><\/td>\n<td><small>1650 Kg<\/small><\/td>\n<td><small>1720 Kg<\/small><\/td>\n<td><small>1850 Kg<\/small><\/td>\n<td><small>2200 Kg<\/small><\/td>\n<td><small>2100 Kg<\/small><\/td>\n<td><small>2450 Kg<\/small><\/td>\n<\/tr>\n<\/tbody>\n<\/table>\n<\/div>\n<p>Vea tambi\u00e9n empacadoras BARGAM, LERDA y PAKSAN.[\/vc_column_text][\/vc_column_inner][vc_column_inner width=&#8221;1\/3&#8243;][vc_media_grid style=&#8221;lazy&#8221; element_width=&#8221;6&#8243; gap=&#8221;10&#8243; grid_id=&#8221;vc_gid:1728655111983-e6340a4e-5125-5&#8243; el_class=&#8221;imageGalleryMargin&#8221; include=&#8221;10864,10861,10858,10855&#8243;][vc_column_text]<iframe title=\"YouTube video player\" src=\"https:\/\/www.youtube.com\/embed\/XnrKDS6Xto4\" width=\"100%\" height=\"auto\" frameborder=\"0\" allowfullscreen=\"allowfullscreen\"><\/iframe>[\/vc_column_text][\/vc_column_inner][\/vc_row_inner][\/vc_tta_section][\/vc_tta_tabs][\/vc_column][vc_column width=&#8221;1\/6&#8243;][vc_custom_heading icon=&#8221;stm-email2&#8243; icon_size=&#8221;40&#8243; stripe_pos=&#8221;hide&#8221; text=&#8221;Contacto&#8221; font_container=&#8221;tag:h4|font_size:23|text_align:left&#8221; google_fonts=&#8221;font_family:Poppins%3A300%2Cregular%2C500%2C600%2C700|font_style:400%20regular%3A400%3Anormal&#8221; css=&#8221;.vc_custom_1722619622564{margin-top: 0px !important;padding-top: 0px !important;}&#8221; el_class=&#8221;iconTitle&#8221;]\n<div class=\"wpcf7 no-js\" id=\"wpcf7-f12358-o1\" lang=\"es-ES\" dir=\"ltr\" data-wpcf7-id=\"12358\">\n<div class=\"screen-reader-response\"><p role=\"status\" aria-live=\"polite\" aria-atomic=\"true\"><\/p> <ul><\/ul><\/div>\n<form action=\"\/es\/wp-json\/wp\/v2\/pages\/11706#wpcf7-f12358-o1\" method=\"post\" class=\"wpcf7-form init\" aria-label=\"Formulario de contacto\" novalidate=\"novalidate\" data-status=\"init\">\n<div style=\"display: none;\">\n<input type=\"hidden\" name=\"_wpcf7\" value=\"12358\" \/>\n<input type=\"hidden\" name=\"_wpcf7_version\" value=\"6.0.6\" \/>\n<input type=\"hidden\" name=\"_wpcf7_locale\" value=\"es_ES\" \/>\n<input type=\"hidden\" name=\"_wpcf7_unit_tag\" value=\"wpcf7-f12358-o1\" \/>\n<input type=\"hidden\" name=\"_wpcf7_container_post\" value=\"0\" \/>\n<input type=\"hidden\" name=\"_wpcf7_posted_data_hash\" value=\"\" \/>\n<input type=\"hidden\" name=\"_wpcf7_recaptcha_response\" value=\"\" \/>\n<\/div>\n<div class=\"request_callback\">\n        <div class=\"input-group\">\n            <span class=\"wpcf7-form-control-wrap\" data-name=\"your-subject\"><input size=\"40\" maxlength=\"400\" class=\"wpcf7-form-control wpcf7-text wpcf7-validates-as-required\" aria-required=\"true\" aria-invalid=\"false\" placeholder=\"Sujeto *\" value=\"\" type=\"text\" name=\"your-subject\" \/><\/span>\n        <div class=\"input-group\">\n            <span class=\"wpcf7-form-control-wrap\" data-name=\"your-message\"><textarea cols=\"40\" rows=\"10\" maxlength=\"2000\" class=\"wpcf7-form-control wpcf7-textarea wpcf7-validates-as-required height100\" aria-required=\"true\" aria-invalid=\"false\" placeholder=\"Mensaje *\" name=\"your-message\"><\/textarea><\/span>\n        <div class=\"input-group\">\n            <span class=\"wpcf7-form-control-wrap\" data-name=\"your-company\"><input size=\"40\" maxlength=\"400\" class=\"wpcf7-form-control wpcf7-text\" aria-invalid=\"false\" placeholder=\"Empresa\" value=\"\" type=\"text\" name=\"your-company\" \/><\/span>      \n        <div class=\"input-group\">\n            <span class=\"wpcf7-form-control-wrap\" data-name=\"your-name\"><input size=\"40\" maxlength=\"400\" class=\"wpcf7-form-control wpcf7-text wpcf7-validates-as-required\" aria-required=\"true\" aria-invalid=\"false\" placeholder=\"Nombre *\" value=\"\" type=\"text\" name=\"your-name\" \/><\/span>\n        <div class=\"input-group\">\n            <span class=\"wpcf7-form-control-wrap\" data-name=\"your-loc\"><input size=\"40\" maxlength=\"400\" class=\"wpcf7-form-control wpcf7-text wpcf7-validates-as-required\" aria-required=\"true\" aria-invalid=\"false\" placeholder=\"Localidad *\" value=\"\" type=\"text\" name=\"your-loc\" \/><\/span>\n        <div class=\"input-group\">\n            <span class=\"wpcf7-form-control-wrap\" data-name=\"your-tel\"><input size=\"40\" maxlength=\"400\" class=\"wpcf7-form-control wpcf7-tel wpcf7-validates-as-required wpcf7-text wpcf7-validates-as-tel\" aria-required=\"true\" aria-invalid=\"false\" placeholder=\"Contacto *\" value=\"\" type=\"tel\" name=\"your-tel\" \/><\/span>       \n        <div class=\"input-group\">\n            <span class=\"wpcf7-form-control-wrap\" data-name=\"your-email\"><input size=\"40\" maxlength=\"400\" class=\"wpcf7-form-control wpcf7-email wpcf7-validates-as-required wpcf7-text wpcf7-validates-as-email\" aria-required=\"true\" aria-invalid=\"false\" placeholder=\"E-mail *\" value=\"\" type=\"email\" name=\"your-email\" \/><\/span>      \n        <\/div>\n        <div class=\"input-group\">\n            <button type=\"submit\" class=\"button size-lg icon_right\">Enviar<i class=\"fa fa-chevron-right\"><\/i><\/button>\n        <\/div>\n<\/div><div class=\"wpcf7-response-output\" aria-hidden=\"true\"><\/div>\n<\/form>\n<\/div>\n[\/vc_column][\/vc_row]<\/p>\n<\/section>","protected":false},"excerpt":{"rendered":"<p>[vc_row full_width=&#8221;stretch_row_content_no_spaces&#8221; css=&#8221;.vc_custom_1654158973046{margin-top: 0px !important;margin-right: 0px !important;margin-bottom: 73px !important;margin-left: 0px !important;border-bottom-width: 8px !important;border-bottom-color: #d80d1b !important;border-bottom-style: solid !important;}&#8221;][vc_column][rev_slider_vc alias=&#8221;slider-agricultura-12&#8243;][\/vc_column][\/vc_row][vc_row][vc_column width=&#8221;1\/6&#8243;][vc_custom_heading icon=&#8221;icon-agri-agricultura&#8221; icon_size=&#8221;40&#8243; stripe_pos=&#8221;hide&#8221; text=&#8221;Agricultura&#8221; font_container=&#8221;tag:h4|font_size:23|text_align:left&#8221; google_fonts=&#8221;font_family:Poppins%3A300%2Cregular%2C500%2C600%2C700|font_style:400%20regular%3A400%3Anormal&#8221; css=&#8221;.vc_custom_1722619721667{margin-top: 0px !important;padding-top: 0px !important;}&#8221; el_class=&#8221;iconTitle&#8221; link=&#8221;url:http%3A%2F%2Fwww.agricortes%2Fes%2Fagricultura&#8221;][vc_raw_html]JTVCYmVsbG93cyUyMGNvbmZpZ19pZCUzRCUyMm1haW4lMjIlMjBtZW51JTNEJTIyMTE0JTIyJTVE[\/vc_raw_html][\/vc_column][vc_column width=&#8221;2\/3&#8243;][vc_tta_tabs spacing=&#8221;5&#8243; active_section=&#8221;1&#8243; el_class=&#8221;theme_style&#8221;][vc_tta_section title=&#8221;ABBRIATA&#8221; tab_id=&#8221;1653314755352-a90f6af0-ddaa1653561459394&#8243;][vc_row_inner][vc_column_inner width=&#8221;2\/3&#8243;][vc_single_image image=&#8221;10837&#8243; img_size=&#8221;&#8221; css=&#8221;.vc_custom_1654275194916{margin-bottom: 10px !important;}&#8221;][vc_column_text el_class=&#8221;Download_Files_List&#8221; css=&#8221;.vc_custom_1722619646295{margin-bottom: 0px !important;}&#8221;]abbriata.it[\/vc_column_text][vc_custom_heading text=&#8221;ABBRIATA&#8221; font_container=&#8221;tag:h1|text_align:left&#8221; google_fonts=&#8221;font_family:Poppins%3A300%2Cregular%2C500%2C600%2C700|font_style:400%20regular%3A400%3Anormal&#8221;][vc_column_text]Fundada en 1896 &#8211; Indiscutible<\/p>\n","protected":false},"author":2,"featured_media":0,"parent":0,"menu_order":0,"comment_status":"closed","ping_status":"closed","template":"","meta":{"footnotes":""},"class_list":["post-11706","page","type-page","status-publish","hentry"],"aioseo_notices":[],"_links":{"self":[{"href":"https:\/\/agricortes.com\/es\/wp-json\/wp\/v2\/pages\/11706","targetHints":{"allow":["GET"]}}],"collection":[{"href":"https:\/\/agricortes.com\/es\/wp-json\/wp\/v2\/pages"}],"about":[{"href":"https:\/\/agricortes.com\/es\/wp-json\/wp\/v2\/types\/page"}],"author":[{"embeddable":true,"href":"https:\/\/agricortes.com\/es\/wp-json\/wp\/v2\/users\/2"}],"replies":[{"embeddable":true,"href":"https:\/\/agricortes.com\/es\/wp-json\/wp\/v2\/comments?post=11706"}],"version-history":[{"count":8,"href":"https:\/\/agricortes.com\/es\/wp-json\/wp\/v2\/pages\/11706\/revisions"}],"predecessor-version":[{"id":19937,"href":"https:\/\/agricortes.com\/es\/wp-json\/wp\/v2\/pages\/11706\/revisions\/19937"}],"wp:attachment":[{"href":"https:\/\/agricortes.com\/es\/wp-json\/wp\/v2\/media?parent=11706"}],"curies":[{"name":"wp","href":"https:\/\/api.w.org\/{rel}","templated":true}]}}