{"id":11718,"date":"2022-06-06T08:46:31","date_gmt":"2022-06-06T08:46:31","guid":{"rendered":"https:\/\/agricortes.com\/forragem-acma\/"},"modified":"2022-06-30T16:30:36","modified_gmt":"2022-06-30T16:30:36","slug":"forragen-acma","status":"publish","type":"page","link":"https:\/\/agricortes.com\/es\/forragen-acma\/","title":{"rendered":"ACMA &#8211; Forragen"},"content":{"rendered":"<section class=\"wpb-content-wrapper\"><p>[vc_row full_width=&#8221;stretch_row_content_no_spaces&#8221; css=&#8221;.vc_custom_1654158973046{margin-top: 0px !important;margin-right: 0px !important;margin-bottom: 73px !important;margin-left: 0px !important;border-bottom-width: 8px !important;border-bottom-color: #d80d1b !important;border-bottom-style: solid !important;}&#8221;][vc_column][rev_slider_vc alias=&#8221;slider-agricultura-12&#8243;][\/vc_column][\/vc_row][vc_row][vc_column width=&#8221;1\/4&#8243;][vc_custom_heading icon=&#8221;icon-agri-agricultura&#8221; icon_size=&#8221;40&#8243; stripe_pos=&#8221;hide&#8221; text=&#8221;Agricultura&#8221; font_container=&#8221;tag:h4|font_size:23|text_align:left&#8221; google_fonts=&#8221;font_family:Poppins%3A300%2Cregular%2C500%2C600%2C700|font_style:400%20regular%3A400%3Anormal&#8221; css=&#8221;.vc_custom_1656601202103{margin-top: 0px !important;padding-top: 0px !important;}&#8221; el_class=&#8221;iconTitle&#8221;][vc_raw_html]JTVCYmVsbG93cyUyMGNvbmZpZ19pZCUzRCUyMm1haW4lMjIlMjBtZW51JTNEJTIyMTE0JTIyJTVE[\/vc_raw_html][\/vc_column][vc_column width=&#8221;3\/4&#8243;][vc_tta_tabs spacing=&#8221;5&#8243; active_section=&#8221;1&#8243; el_class=&#8221;theme_style&#8221;][vc_tta_section title=&#8221;ACMA&#8221; tab_id=&#8221;1653314755352-a90f6af0-ddaa1653561459394&#8243;][vc_row_inner][vc_column_inner width=&#8221;2\/3&#8243;][vc_single_image image=&#8221;10303&#8243; img_size=&#8221;&#8221; css=&#8221;.vc_custom_1654188618370{margin-bottom: 10px !important;}&#8221;][vc_column_text el_class=&#8221;Download_Files_List&#8221; css=&#8221;.vc_custom_1654189800458{margin-bottom: 0px !important;}&#8221;]<a href=\"https:\/\/www.acma-ausonia.it\/\" target=\"_blank\" rel=\"noopener\">https:\/\/www.acma-ausonia.it\/<\/a>[\/vc_column_text][vc_custom_heading text=&#8221;ACMA&#8221; font_container=&#8221;tag:h4|text_align:left&#8221; google_fonts=&#8221;font_family:Poppins%3A300%2Cregular%2C500%2C600%2C700|font_style:400%20regular%3A400%3Anormal&#8221;][vc_column_text]<strong>La Tierra es nuestro mundo.<\/strong><\/p>\n<p>La precisi\u00f3n y cuidado en la proyecci\u00f3n y realizaci\u00f3n de los aperos ACMA son el resultado del ingenio italiano. Meticuloso, cuidadoso, la artesan\u00eda italiana. Detalles importantes que valoran el origen y surcan la tierra de nuestro mundo.<\/p>\n<p>Trabajar en el campo es fatigante, por ello ACMA siempre busca las mejores soluciones para aliviar el esfuerzo de los que cuidan de la tierra. Para hacerlo m\u00e1s f\u00e1cil, m\u00e1s sencillo, m\u00e1s seguro.[\/vc_column_text][\/vc_column_inner][vc_column_inner width=&#8221;1\/3&#8243;][\/vc_column_inner][\/vc_row_inner][\/vc_tta_section][vc_tta_section title=&#8221;SEGADORAS DE PEINE&#8221; tab_id=&#8221;1653314755359-8c73aa7e-26781653561459394&#8243;][vc_row_inner][vc_column_inner width=&#8221;2\/3&#8243;][vc_single_image image=&#8221;10303&#8243; img_size=&#8221;&#8221; css=&#8221;.vc_custom_1654188631202{margin-bottom: 10px !important;}&#8221;][vc_column_text el_class=&#8221;Download_Files_List&#8221; css=&#8221;.vc_custom_1654189800458{margin-bottom: 0px !important;}&#8221;]<a href=\"https:\/\/www.acma-ausonia.it\/\" target=\"_blank\" rel=\"noopener\">https:\/\/www.acma-ausonia.it\/<\/a>[\/vc_column_text][vc_custom_heading text=&#8221;SEGADORAS DE PEINE&#8221; font_container=&#8221;tag:h4|text_align:left&#8221; google_fonts=&#8221;font_family:Poppins%3A300%2Cregular%2C500%2C600%2C700|font_style:400%20regular%3A400%3Anormal&#8221;][vc_column_text]Para el corte de forrajes las segadoras de corte doble de la italiana ACMA\u00a0son proyectadas y construidas para una r\u00e1pida aplicaci\u00f3n a los 3 puntos de qualquier tractor compacto o de gama media.<br \/>\nEl chasis es una estructura tubular leve y resistente. Las barras portasierras m\u00e1s usuales son las de 1,65 mts para los tractores compactos y las de 1,80\u00a0mts y 2,05\u00a0mts para los tractores convencionales.<\/p>\n<p>Especificaciones distintivas:<\/p>\n<ul>\n<li>Biela del\u00a0cig\u00fce\u00f1al\u00a0en hierro<\/li>\n<li>Barra de apoyo de las bielas en hierro<\/li>\n<li>Elevador hidr\u00e1ulico de la barra portasierra<\/li>\n<li>Dientes del peine desmontables<\/li>\n<li>Patin y peine regulan con cierre del 3\u00ba punto y afinaci\u00f3n de corrente<\/li>\n<\/ul>\n<div class=\"table-responsive\">\n<table class=\"table\" style=\"background: #FFF;\">\n<thead>\n<tr style=\"background: #a32035; color: #ffffff;\">\n<td><small><strong>Modelo<\/strong><\/small><\/td>\n<td><small><strong>BF 165 DS<\/strong><\/small><\/td>\n<td><small><strong>BF 180 DS<\/strong><\/small><\/td>\n<td><small><strong>BF 205 DS<\/strong><\/small><\/td>\n<\/tr>\n<\/thead>\n<tbody>\n<tr>\n<td><small><strong>Ancho de corte<\/strong><\/small><\/td>\n<td><small>165 cm<\/small><\/td>\n<td><small>180 cm<\/small><\/td>\n<td><small>205 cm<\/small><\/td>\n<\/tr>\n<tr>\n<td><small><strong>Peine de corte<\/strong><\/small><\/td>\n<td><small>doble<\/small><\/td>\n<td><small>doble<\/small><\/td>\n<td><small>doble<\/small><\/td>\n<\/tr>\n<tr>\n<td><small><strong>Dientes<\/strong><\/small><\/td>\n<td><small>desmontables<\/small><\/td>\n<td><small>desmontables<\/small><\/td>\n<td><small>desmontables<\/small><\/td>\n<\/tr>\n<tr>\n<td><small><strong>Barra<\/strong><\/small><\/td>\n<td><small>fija<\/small><\/td>\n<td><small>fija<\/small><\/td>\n<td><small>fija<\/small><\/td>\n<\/tr>\n<tr>\n<td><small><strong>Elevaci\u00f3n<\/strong><\/small><\/td>\n<td><small>hidr\u00e1ulico<\/small><\/td>\n<td><small>hidr\u00e1ulico<\/small><\/td>\n<td><small>hidr\u00e1ulico<\/small><\/td>\n<\/tr>\n<\/tbody>\n<\/table>\n<\/div>\n<p>Vea tambi\u00e9n segadoras ENOROSSI.[\/vc_column_text][\/vc_column_inner][vc_column_inner width=&#8221;1\/3&#8243;][vc_single_image image=&#8221;10922&#8243; img_size=&#8221;full&#8221; onclick=&#8221;link_image&#8221;][\/vc_column_inner][\/vc_row_inner][\/vc_tta_section][vc_tta_section title=&#8221;SEGADORAS DE DISCOS&#8221; tab_id=&#8221;1653579033964-58ea2ebe-3846&#8243;][vc_row_inner][vc_column_inner width=&#8221;2\/3&#8243;][vc_single_image image=&#8221;10303&#8243; img_size=&#8221;&#8221; css=&#8221;.vc_custom_1654188644132{margin-bottom: 10px !important;}&#8221;][vc_column_text el_class=&#8221;Download_Files_List&#8221; css=&#8221;.vc_custom_1654189800458{margin-bottom: 0px !important;}&#8221;]<a href=\"https:\/\/www.acma-ausonia.it\/\" target=\"_blank\" rel=\"noopener\">https:\/\/www.acma-ausonia.it\/<\/a>[\/vc_column_text][vc_custom_heading text=&#8221;SEGADORAS DE DISCOS&#8221; font_container=&#8221;tag:h4|text_align:left&#8221; google_fonts=&#8221;font_family:Poppins%3A300%2Cregular%2C500%2C600%2C700|font_style:400%20regular%3A400%3Anormal&#8221;][vc_column_text]Segadora\u00a0de discos con elevaci\u00f3n hidr\u00e1ulica,\u00a0sistema autom\u00e1tico de protecci\u00f3n para proteger la maquina de cualquier obst\u00e1culo, cardan con rueda libre, lona de protecci\u00f3n, disco para la formaci\u00f3n de la hilera y desenganche autom\u00e1tico de seguridad. La barra de corte es en acero de la mejor calidad.<\/p>\n<div class=\"table-responsive\">\n<table class=\"table\" style=\"background: #FFF;\">\n<thead>\n<tr style=\"background: #a32035; color: #ffffff;\">\n<td><small><strong>Modelo<\/strong><\/small><\/td>\n<td><small><strong>BD\/5-205<\/strong><\/small><\/td>\n<td><small><strong>BD\/6-245<\/strong><\/small><\/td>\n<\/tr>\n<\/thead>\n<tbody>\n<tr>\n<td><small><strong>Ancho de corte<\/strong><\/small><\/td>\n<td><small>205 cm<\/small><\/td>\n<td><small>245 cm<\/small><\/td>\n<\/tr>\n<tr>\n<td><small><strong>N\u00ba discos<\/strong><\/small><\/td>\n<td><small>5<\/small><\/td>\n<td><small>6<\/small><\/td>\n<\/tr>\n<tr>\n<td><small><strong>Rotores<\/strong><\/small><\/td>\n<td><small>2 l\u00e1minas<\/small><\/td>\n<td><small>2 l\u00e1minas<\/small><\/td>\n<\/tr>\n<tr>\n<td><small><strong>Engranajes<\/strong><\/small><\/td>\n<td><small>ba\u00f1o aceite<\/small><\/td>\n<td><small>ba\u00f1o aceite<\/small><\/td>\n<\/tr>\n<tr>\n<td><small><strong>Mando<\/strong><\/small><\/td>\n<td><small>hidr\u00e1ulico<\/small><\/td>\n<td><small>hidr\u00e1ulico<\/small><\/td>\n<\/tr>\n<tr>\n<td><small><strong>Elevaci\u00f3n<\/strong><\/small><\/td>\n<td><small>hidr\u00e1ulica<\/small><\/td>\n<td><small>hidr\u00e1ulica<\/small><\/td>\n<\/tr>\n<\/tbody>\n<\/table>\n<\/div>\n<p>[\/vc_column_text][\/vc_column_inner][vc_column_inner width=&#8221;1\/3&#8243;][vc_single_image image=&#8221;10925&#8243; img_size=&#8221;full&#8221; onclick=&#8221;link_image&#8221;][\/vc_column_inner][\/vc_row_inner][\/vc_tta_section][vc_tta_section title=&#8221;RASTRILLO VOLTEADOR HILERADOR&#8221; tab_id=&#8221;1653581106118-6fd6083c-4f2a&#8221;][vc_row_inner][vc_column_inner width=&#8221;2\/3&#8243;][vc_single_image image=&#8221;10303&#8243; img_size=&#8221;&#8221; css=&#8221;.vc_custom_1654188659361{margin-bottom: 10px !important;}&#8221;][vc_column_text el_class=&#8221;Download_Files_List&#8221; css=&#8221;.vc_custom_1654189800458{margin-bottom: 0px !important;}&#8221;]<a href=\"https:\/\/www.acma-ausonia.it\/\" target=\"_blank\" rel=\"noopener\">https:\/\/www.acma-ausonia.it\/<\/a>[\/vc_column_text][vc_custom_heading text=&#8221;RASTRILLO VOLTEADOR HILERADOR&#8221; font_container=&#8221;tag:h4|text_align:left&#8221; google_fonts=&#8221;font_family:Poppins%3A300%2Cregular%2C500%2C600%2C700|font_style:400%20regular%3A400%3Anormal&#8221;][vc_column_text]Las hileradoras de brazos son actualmente las m\u00e1s populares en el mercado.<\/p>\n<p>La experiencia y an\u00e1lisis del factor\u00a0coste-eficacia ha orientado ACMA\u00a0a adoptar como m\u00e1quina-tipo aquella que tiene\u00a08 a 13\u00a0brazos de longitud\u00a0regulable.<\/p>\n<div class=\"table-responsive\">\n<table class=\"table\" style=\"background: #FFF;\">\n<thead>\n<tr style=\"background: #a32035; color: #ffffff;\">\n<td><small><strong>Modelo<\/strong><\/small><\/td>\n<td><small><strong>G8\/310<\/strong><\/small><\/td>\n<td><small><strong>G9\/340<\/strong><\/small><\/td>\n<td><small><strong>GAST\/380-11<\/strong><\/small><\/td>\n<td><small><strong>GS-SRT\/480-13<\/strong><\/small><\/td>\n<\/tr>\n<\/thead>\n<tbody>\n<tr>\n<td><small><strong>N\u00ba Brazos<\/strong><\/small><\/td>\n<td><small>8<\/small><\/td>\n<td><small>9<\/small><\/td>\n<td><small>11<\/small><\/td>\n<td><small>13<\/small><\/td>\n<\/tr>\n<tr>\n<td><small><strong>N\u00ba dientes por brazo<\/strong><\/small><\/td>\n<td><small>3<\/small><\/td>\n<td><small>3<\/small><\/td>\n<td><small>4<\/small><\/td>\n<td><small>4<\/small><\/td>\n<\/tr>\n<tr>\n<td><small><strong>Ancho de trabajo<\/strong><\/small><\/td>\n<td><small>3,50 m<\/small><\/td>\n<td><small>3,90 m<\/small><\/td>\n<td><small>3,80 m<\/small><\/td>\n<td><small>4,80 m<\/small><\/td>\n<\/tr>\n<tr>\n<td><small><strong>Rueda apoyo delantera<\/strong><\/small><\/td>\n<td><small>&#8211;<\/small><\/td>\n<td><small>tandem<\/small><\/td>\n<td><small>tandem<\/small><\/td>\n<td><small>tandem<\/small><\/td>\n<\/tr>\n<tr>\n<td><small><strong>Ancho en transporte<\/strong><\/small><\/td>\n<td><small>1,10 m<\/small><\/td>\n<td><small>1,60 m<\/small><\/td>\n<td><small>1,80 m<\/small><\/td>\n<td><small>1,80 m<\/small><\/td>\n<\/tr>\n<tr>\n<td><small><strong>Potencia requerida<\/strong><\/small><\/td>\n<td><small>40 Hp<\/small><\/td>\n<td><small>40 Hp<\/small><\/td>\n<td><small>60 Hp<\/small><\/td>\n<td><small>60 Hp<\/small><\/td>\n<\/tr>\n<\/tbody>\n<\/table>\n<\/div>\n<p>Vea tambi\u00e9n hileradoras de brazos\u00a0ENOROSSI.[\/vc_column_text][\/vc_column_inner][vc_column_inner width=&#8221;1\/3&#8243;][vc_media_grid style=&#8221;lazy&#8221; element_width=&#8221;6&#8243; gap=&#8221;10&#8243; grid_id=&#8221;vc_gid:1656606622877-851e9739-280f-7&#8243; el_class=&#8221;imageGalleryMargin&#8221; include=&#8221;10928,10931&#8243;][\/vc_column_inner][\/vc_row_inner][\/vc_tta_section][\/vc_tta_tabs][\/vc_column][\/vc_row]<\/p>\n<\/section>","protected":false},"excerpt":{"rendered":"<p>[vc_row full_width=&#8221;stretch_row_content_no_spaces&#8221; css=&#8221;.vc_custom_1654158973046{margin-top: 0px !important;margin-right: 0px !important;margin-bottom: 73px !important;margin-left: 0px !important;border-bottom-width: 8px !important;border-bottom-color: #d80d1b !important;border-bottom-style: solid !important;}&#8221;][vc_column][rev_slider_vc alias=&#8221;slider-agricultura-12&#8243;][\/vc_column][\/vc_row][vc_row][vc_column width=&#8221;1\/4&#8243;][vc_custom_heading icon=&#8221;icon-agri-agricultura&#8221; icon_size=&#8221;40&#8243; stripe_pos=&#8221;hide&#8221; text=&#8221;Agricultura&#8221; font_container=&#8221;tag:h4|font_size:23|text_align:left&#8221; google_fonts=&#8221;font_family:Poppins%3A300%2Cregular%2C500%2C600%2C700|font_style:400%20regular%3A400%3Anormal&#8221; css=&#8221;.vc_custom_1656601202103{margin-top: 0px !important;padding-top: 0px !important;}&#8221; el_class=&#8221;iconTitle&#8221;][vc_raw_html]JTVCYmVsbG93cyUyMGNvbmZpZ19pZCUzRCUyMm1haW4lMjIlMjBtZW51JTNEJTIyMTE0JTIyJTVE[\/vc_raw_html][\/vc_column][vc_column width=&#8221;3\/4&#8243;][vc_tta_tabs spacing=&#8221;5&#8243; active_section=&#8221;1&#8243; el_class=&#8221;theme_style&#8221;][vc_tta_section title=&#8221;ACMA&#8221; tab_id=&#8221;1653314755352-a90f6af0-ddaa1653561459394&#8243;][vc_row_inner][vc_column_inner width=&#8221;2\/3&#8243;][vc_single_image image=&#8221;10303&#8243; img_size=&#8221;&#8221; css=&#8221;.vc_custom_1654188618370{margin-bottom: 10px !important;}&#8221;][vc_column_text el_class=&#8221;Download_Files_List&#8221; css=&#8221;.vc_custom_1654189800458{margin-bottom: 0px !important;}&#8221;]https:\/\/www.acma-ausonia.it\/[\/vc_column_text][vc_custom_heading text=&#8221;ACMA&#8221; font_container=&#8221;tag:h4|text_align:left&#8221; google_fonts=&#8221;font_family:Poppins%3A300%2Cregular%2C500%2C600%2C700|font_style:400%20regular%3A400%3Anormal&#8221;][vc_column_text]La Tierra es nuestro mundo. La<\/p>\n","protected":false},"author":2,"featured_media":0,"parent":0,"menu_order":0,"comment_status":"closed","ping_status":"closed","template":"","meta":{"footnotes":""},"class_list":["post-11718","page","type-page","status-publish","hentry"],"aioseo_notices":[],"_links":{"self":[{"href":"https:\/\/agricortes.com\/es\/wp-json\/wp\/v2\/pages\/11718","targetHints":{"allow":["GET"]}}],"collection":[{"href":"https:\/\/agricortes.com\/es\/wp-json\/wp\/v2\/pages"}],"about":[{"href":"https:\/\/agricortes.com\/es\/wp-json\/wp\/v2\/types\/page"}],"author":[{"embeddable":true,"href":"https:\/\/agricortes.com\/es\/wp-json\/wp\/v2\/users\/2"}],"replies":[{"embeddable":true,"href":"https:\/\/agricortes.com\/es\/wp-json\/wp\/v2\/comments?post=11718"}],"version-history":[{"count":6,"href":"https:\/\/agricortes.com\/es\/wp-json\/wp\/v2\/pages\/11718\/revisions"}],"predecessor-version":[{"id":11869,"href":"https:\/\/agricortes.com\/es\/wp-json\/wp\/v2\/pages\/11718\/revisions\/11869"}],"wp:attachment":[{"href":"https:\/\/agricortes.com\/es\/wp-json\/wp\/v2\/media?parent=11718"}],"curies":[{"name":"wp","href":"https:\/\/api.w.org\/{rel}","templated":true}]}}