{"id":11738,"date":"2022-06-06T09:14:51","date_gmt":"2022-06-06T09:14:51","guid":{"rendered":"https:\/\/agricortes.com\/plastificadores-enria\/"},"modified":"2024-10-11T14:04:09","modified_gmt":"2024-10-11T14:04:09","slug":"plastificadoras-enria","status":"publish","type":"page","link":"https:\/\/agricortes.com\/es\/plastificadoras-enria\/","title":{"rendered":"ENRIA &#8211; Plastificadoras"},"content":{"rendered":"<section class=\"wpb-content-wrapper\"><p>[vc_row full_width=&#8221;stretch_row_content_no_spaces&#8221; css=&#8221;.vc_custom_1654158973046{margin-top: 0px !important;margin-right: 0px !important;margin-bottom: 73px !important;margin-left: 0px !important;border-bottom-width: 8px !important;border-bottom-color: #d80d1b !important;border-bottom-style: solid !important;}&#8221;][vc_column][rev_slider_vc alias=&#8221;slider-agricultura-12&#8243;][\/vc_column][\/vc_row][vc_row][vc_column width=&#8221;1\/6&#8243;][vc_custom_heading icon=&#8221;icon-agri-agricultura&#8221; icon_size=&#8221;40&#8243; stripe_pos=&#8221;hide&#8221; text=&#8221;Agricultura&#8221; font_container=&#8221;tag:h4|font_size:23|text_align:left&#8221; google_fonts=&#8221;font_family:Poppins%3A300%2Cregular%2C500%2C600%2C700|font_style:400%20regular%3A400%3Anormal&#8221; css=&#8221;.vc_custom_1723227592385{margin-top: 0px !important;padding-top: 0px !important;}&#8221; el_class=&#8221;iconTitle&#8221; link=&#8221;url:https%3A%2F%2Fagricortes.com%2Fes%2Fagricultura&#8221;][vc_raw_html]JTVCYmVsbG93cyUyMGNvbmZpZ19pZCUzRCUyMm1haW4lMjIlMjBtZW51JTNEJTIyMTE0JTIyJTVE[\/vc_raw_html][\/vc_column][vc_column width=&#8221;2\/3&#8243;][vc_tta_tabs spacing=&#8221;5&#8243; active_section=&#8221;1&#8243; el_class=&#8221;theme_style&#8221;][vc_tta_section title=&#8221;ENRIA&#8221; tab_id=&#8221;1653314755352-a90f6af0-ddaa1653561459394&#8243;][vc_row_inner][vc_column_inner width=&#8221;2\/3&#8243;][vc_single_image image=&#8221;11002&#8243; img_size=&#8221;&#8221; css=&#8221;.vc_custom_1654510890656{margin-bottom: 10px !important;}&#8221;][vc_column_text el_class=&#8221;Download_Files_List&#8221; css=&#8221;.vc_custom_1723227655501{margin-bottom: 0px !important;}&#8221;]<a href=\"https:\/\/www.enria.it\" target=\"_blank\" rel=\"noopener\">enria.it<\/a>[\/vc_column_text][vc_custom_heading text=&#8221;ENRIA&#8221; font_container=&#8221;tag:h1|text_align:left&#8221; google_fonts=&#8221;font_family:Poppins%3A300%2Cregular%2C500%2C600%2C700|font_style:400%20regular%3A400%3Anormal&#8221;][vc_column_text]La empresa ENRIA fue fundada en 1923 como fabricante de carros de granja.<br \/>\nCon los a\u00f1os la empresa ha evolucionado la diversificaci\u00f3n de la producci\u00f3n de maquinaria al servicio de la agricultura, particularmente sus famosas encitadoras de pacas redondas.[\/vc_column_text][\/vc_column_inner][vc_column_inner width=&#8221;1\/3&#8243;][\/vc_column_inner][\/vc_row_inner][\/vc_tta_section][vc_tta_section title=&#8221;ENCINTADORA DE PACAS REDONDAS&#8221; tab_id=&#8221;1653314755359-8c73aa7e-26781653561459394&#8243;][vc_row_inner][vc_column_inner width=&#8221;2\/3&#8243;][vc_single_image image=&#8221;11002&#8243; img_size=&#8221;&#8221; css=&#8221;.vc_custom_1654512089861{margin-bottom: 10px !important;}&#8221;][vc_column_text el_class=&#8221;Download_Files_List&#8221; css=&#8221;.vc_custom_1723227667301{margin-bottom: 0px !important;}&#8221;]<a href=\"https:\/\/www.enria.it\" target=\"_blank\" rel=\"noopener\">enria.it<\/a>[\/vc_column_text][vc_custom_heading text=&#8221;ENCINTADORA DE PACAS REDONDAS&#8221; font_container=&#8221;tag:h1|text_align:left&#8221; google_fonts=&#8221;font_family:Poppins%3A300%2Cregular%2C500%2C600%2C700|font_style:400%20regular%3A400%3Anormal&#8221;][vc_column_text]La t\u00e9cnica de ensilaje de pacas de forraje envueltas en pel\u00edcula de pl\u00e1stico tiene muchas ventajas:<\/p>\n<ul>\n<li>Se puede encintar cualquier tipo de forraje verde o semi seco.<\/li>\n<li>La maquina carga, encinta y descarga delicadamente el forraje encintado<\/li>\n<li>Velocidad regulable de rotaci\u00f3n<\/li>\n<li>Enganche y desenganche autom\u00e1tico de la pel\u00edcula<\/li>\n<li>Corte autom\u00e1tico de la pel\u00edcula<\/li>\n<\/ul>\n<p>La m\u00e1quina con chasis remolcado<strong>\u00a0<\/strong>y con carga de la paca por brazo central es particularmente indicada para zonas monta\u00f1osas:<\/p>\n<div class=\"table-responsive\">\n<table class=\"table\" style=\"background: #FFF;\">\n<thead>\n<tr style=\"background: #a32035; color: #ffffff;\">\n<td><small><strong>Modelos<\/strong><\/small><\/td>\n<td><small><strong>120 \/160<\/strong><\/small><\/td>\n<td><small><strong>JUNIOR<\/strong><\/small><\/td>\n<td><small><strong>CL<\/strong><\/small><\/td>\n<td><small><strong>SUSPENSO<\/strong><\/small><\/td>\n<\/tr>\n<\/thead>\n<tbody>\n<tr>\n<td><small><strong>Pacas<\/strong><\/small><\/td>\n<td><small>\u00d8 120 ou 160 cm<\/small><\/td>\n<td><small>\u00d8 90 ou 120 cm<\/small><\/td>\n<td><small>\u00d8 120 ou 150 cm<\/small><\/td>\n<td><small>\u00d8 160 cm<\/small><\/td>\n<\/tr>\n<tr>\n<td><small><strong>Carga<\/strong><\/small><\/td>\n<td><small>central<\/small><\/td>\n<td><small>central<\/small><\/td>\n<td><small>lateral<\/small><\/td>\n<td><small>central<\/small><\/td>\n<\/tr>\n<tr>\n<td><small><strong>Rodillos motorizados<\/strong><\/small><\/td>\n<td><small>4<\/small><\/td>\n<td><small>4<\/small><\/td>\n<td><small>4<\/small><\/td>\n<td><small>2<\/small><\/td>\n<\/tr>\n<tr>\n<td><small><strong>Mando<\/strong><\/small><\/td>\n<td><small>hidr\u00e1ulico<\/small><\/td>\n<td><small>hidr\u00e1ulico<\/small><\/td>\n<td><small>hidr\u00e1ulico<\/small><\/td>\n<td><small>mec\u00e2nico<\/small><\/td>\n<\/tr>\n<tr>\n<td><small><strong>Corte del filme<\/strong><\/small><\/td>\n<td><small>autom\u00e1tico<\/small><\/td>\n<td><small>autom\u00e1tico<\/small><\/td>\n<td><small>autom\u00e1tico<\/small><\/td>\n<td><small>autom\u00e1tico<\/small><\/td>\n<\/tr>\n<tr>\n<td><small><strong>Enganche<\/strong><\/small><\/td>\n<td><small>rebocado<\/small><\/td>\n<td><small>rebocado<\/small><\/td>\n<td><small>rebocado<\/small><\/td>\n<td><small>3P<\/small><\/td>\n<\/tr>\n<tr>\n<td><small><strong>Pot\u00e9ncia requerida<\/strong><\/small><\/td>\n<td><small>40 Hp<\/small><\/td>\n<td><small>40 Hp<\/small><\/td>\n<td><small>50 Hp<\/small><\/td>\n<td><small>50 Hp<\/small><\/td>\n<\/tr>\n<tr>\n<td><small><strong>Peso<\/strong><\/small><\/td>\n<td><small>840 Kg<\/small><\/td>\n<td><small>650 Kg<\/small><\/td>\n<td><small>940 Kg<\/small><\/td>\n<td><small>635 Kg<\/small><\/td>\n<\/tr>\n<\/tbody>\n<\/table>\n<\/div>\n<p>[\/vc_column_text][\/vc_column_inner][vc_column_inner width=&#8221;1\/3&#8243;][vc_media_grid style=&#8221;lazy&#8221; element_width=&#8221;6&#8243; gap=&#8221;10&#8243; grid_id=&#8221;vc_gid:1728655389147-1a281df1-e88e-5&#8243; include=&#8221;11026,11023,11020,11017&#8243; el_class=&#8221;imageGalleryMargin&#8221;][vc_column_text]<iframe title=\"YouTube video player\" src=\"https:\/\/www.youtube.com\/embed\/dnGird955ow\" width=\"100%\" height=\"auto\" frameborder=\"0\" allowfullscreen=\"allowfullscreen\"><\/iframe>[\/vc_column_text][\/vc_column_inner][\/vc_row_inner][\/vc_tta_section][vc_tta_section title=&#8221;REMOLQUE CORTA FORRAJE&#8221; tab_id=&#8221;1653579033964-58ea2ebe-3846&#8243;][vc_row_inner][vc_column_inner width=&#8221;2\/3&#8243;][vc_single_image image=&#8221;11002&#8243; img_size=&#8221;&#8221; css=&#8221;.vc_custom_1654512072109{margin-bottom: 10px !important;}&#8221;][vc_column_text el_class=&#8221;Download_Files_List&#8221; css=&#8221;.vc_custom_1723227679501{margin-bottom: 0px !important;}&#8221;]<a href=\"https:\/\/www.enria.it\" target=\"_blank\" rel=\"noopener\">enria.it<\/a>[\/vc_column_text][vc_custom_heading text=&#8221;REMOLQUE CORTA FORRAJE&#8221; font_container=&#8221;tag:h1|text_align:left&#8221; google_fonts=&#8221;font_family:Poppins%3A300%2Cregular%2C500%2C600%2C700|font_style:400%20regular%3A400%3Anormal&#8221;][vc_column_text]Corta Forraje para la recolecci\u00f3n, transporte y distribuci\u00f3n de forrajes verdes (4 modelos FCT).<\/p>\n<p>Las m\u00e1quinas son construidas por la uni\u00f3n del autocargamento con segadora de discos.\u00a0La barra de corte, a pesar de estar firmemente articulada a la estructura de soporte de la m\u00e1quina, es capaz de adaptarse a un terreno irregular, lo que permite un trabajo de corte perfecto, incluso en terreno ondulado. La caja de carga por detr\u00e1s de la segadora, carga directamente, sin el forraje caer al suelo, asegurando as\u00ed el m\u00e1ximo grado posible de limpieza del producto.\u00a0La direcci\u00f3n hidr\u00e1ulica abarca todas las posiciones posibles de operaci\u00f3n.<\/p>\n<p>Todos los componentes del sistema hidr\u00e1ulico se colocan en la m\u00e1quina con transmisi\u00f3n a la toma de fuerza y accionado desde el tractor.[\/vc_column_text][\/vc_column_inner][vc_column_inner width=&#8221;1\/3&#8243;][vc_media_grid style=&#8221;lazy&#8221; element_width=&#8221;6&#8243; gap=&#8221;10&#8243; grid_id=&#8221;vc_gid:1728655389148-389fd21d-b418-5&#8243; include=&#8221;11014,11011,11008,11005&#8243; el_class=&#8221;imageGalleryMargin&#8221;][\/vc_column_inner][\/vc_row_inner][\/vc_tta_section][\/vc_tta_tabs][\/vc_column][vc_column width=&#8221;1\/6&#8243;][vc_custom_heading icon=&#8221;stm-email2&#8243; icon_size=&#8221;40&#8243; stripe_pos=&#8221;hide&#8221; text=&#8221;Contacto&#8221; font_container=&#8221;tag:h4|font_size:23|text_align:left&#8221; google_fonts=&#8221;font_family:Poppins%3A300%2Cregular%2C500%2C600%2C700|font_style:400%20regular%3A400%3Anormal&#8221; css=&#8221;.vc_custom_1723227618724{margin-top: 0px !important;padding-top: 0px !important;}&#8221; el_class=&#8221;iconTitle&#8221;]\n<div class=\"wpcf7 no-js\" id=\"wpcf7-f12358-o1\" lang=\"es-ES\" dir=\"ltr\" data-wpcf7-id=\"12358\">\n<div class=\"screen-reader-response\"><p role=\"status\" aria-live=\"polite\" aria-atomic=\"true\"><\/p> <ul><\/ul><\/div>\n<form action=\"\/es\/wp-json\/wp\/v2\/pages\/11738#wpcf7-f12358-o1\" method=\"post\" class=\"wpcf7-form init\" aria-label=\"Formulario de contacto\" novalidate=\"novalidate\" data-status=\"init\">\n<div style=\"display: none;\">\n<input type=\"hidden\" name=\"_wpcf7\" value=\"12358\" \/>\n<input type=\"hidden\" name=\"_wpcf7_version\" value=\"6.0.6\" \/>\n<input type=\"hidden\" name=\"_wpcf7_locale\" value=\"es_ES\" \/>\n<input type=\"hidden\" name=\"_wpcf7_unit_tag\" value=\"wpcf7-f12358-o1\" \/>\n<input type=\"hidden\" name=\"_wpcf7_container_post\" value=\"0\" \/>\n<input type=\"hidden\" name=\"_wpcf7_posted_data_hash\" value=\"\" \/>\n<input type=\"hidden\" name=\"_wpcf7_recaptcha_response\" value=\"\" \/>\n<\/div>\n<div class=\"request_callback\">\n        <div class=\"input-group\">\n            <span class=\"wpcf7-form-control-wrap\" data-name=\"your-subject\"><input size=\"40\" maxlength=\"400\" class=\"wpcf7-form-control wpcf7-text wpcf7-validates-as-required\" aria-required=\"true\" aria-invalid=\"false\" placeholder=\"Sujeto *\" value=\"\" type=\"text\" name=\"your-subject\" \/><\/span>\n        <div class=\"input-group\">\n            <span class=\"wpcf7-form-control-wrap\" data-name=\"your-message\"><textarea cols=\"40\" rows=\"10\" maxlength=\"2000\" class=\"wpcf7-form-control wpcf7-textarea wpcf7-validates-as-required height100\" aria-required=\"true\" aria-invalid=\"false\" placeholder=\"Mensaje *\" name=\"your-message\"><\/textarea><\/span>\n        <div class=\"input-group\">\n            <span class=\"wpcf7-form-control-wrap\" data-name=\"your-company\"><input size=\"40\" maxlength=\"400\" class=\"wpcf7-form-control wpcf7-text\" aria-invalid=\"false\" placeholder=\"Empresa\" value=\"\" type=\"text\" name=\"your-company\" \/><\/span>      \n        <div class=\"input-group\">\n            <span class=\"wpcf7-form-control-wrap\" data-name=\"your-name\"><input size=\"40\" maxlength=\"400\" class=\"wpcf7-form-control wpcf7-text wpcf7-validates-as-required\" aria-required=\"true\" aria-invalid=\"false\" placeholder=\"Nombre *\" value=\"\" type=\"text\" name=\"your-name\" \/><\/span>\n        <div class=\"input-group\">\n            <span class=\"wpcf7-form-control-wrap\" data-name=\"your-loc\"><input size=\"40\" maxlength=\"400\" class=\"wpcf7-form-control wpcf7-text wpcf7-validates-as-required\" aria-required=\"true\" aria-invalid=\"false\" placeholder=\"Localidad *\" value=\"\" type=\"text\" name=\"your-loc\" \/><\/span>\n        <div class=\"input-group\">\n            <span class=\"wpcf7-form-control-wrap\" data-name=\"your-tel\"><input size=\"40\" maxlength=\"400\" class=\"wpcf7-form-control wpcf7-tel wpcf7-validates-as-required wpcf7-text wpcf7-validates-as-tel\" aria-required=\"true\" aria-invalid=\"false\" placeholder=\"Contacto *\" value=\"\" type=\"tel\" name=\"your-tel\" \/><\/span>       \n        <div class=\"input-group\">\n            <span class=\"wpcf7-form-control-wrap\" data-name=\"your-email\"><input size=\"40\" maxlength=\"400\" class=\"wpcf7-form-control wpcf7-email wpcf7-validates-as-required wpcf7-text wpcf7-validates-as-email\" aria-required=\"true\" aria-invalid=\"false\" placeholder=\"E-mail *\" value=\"\" type=\"email\" name=\"your-email\" \/><\/span>      \n        <\/div>\n        <div class=\"input-group\">\n            <button type=\"submit\" class=\"button size-lg icon_right\">Enviar<i class=\"fa fa-chevron-right\"><\/i><\/button>\n        <\/div>\n<\/div><div class=\"wpcf7-response-output\" aria-hidden=\"true\"><\/div>\n<\/form>\n<\/div>\n[\/vc_column][\/vc_row]<\/p>\n<\/section>","protected":false},"excerpt":{"rendered":"<p>[vc_row full_width=&#8221;stretch_row_content_no_spaces&#8221; css=&#8221;.vc_custom_1654158973046{margin-top: 0px !important;margin-right: 0px !important;margin-bottom: 73px !important;margin-left: 0px !important;border-bottom-width: 8px !important;border-bottom-color: #d80d1b !important;border-bottom-style: solid !important;}&#8221;][vc_column][rev_slider_vc alias=&#8221;slider-agricultura-12&#8243;][\/vc_column][\/vc_row][vc_row][vc_column width=&#8221;1\/6&#8243;][vc_custom_heading icon=&#8221;icon-agri-agricultura&#8221; icon_size=&#8221;40&#8243; stripe_pos=&#8221;hide&#8221; text=&#8221;Agricultura&#8221; font_container=&#8221;tag:h4|font_size:23|text_align:left&#8221; google_fonts=&#8221;font_family:Poppins%3A300%2Cregular%2C500%2C600%2C700|font_style:400%20regular%3A400%3Anormal&#8221; css=&#8221;.vc_custom_1723227592385{margin-top: 0px !important;padding-top: 0px !important;}&#8221; el_class=&#8221;iconTitle&#8221; link=&#8221;url:https%3A%2F%2Fagricortes.com%2Fes%2Fagricultura&#8221;][vc_raw_html]JTVCYmVsbG93cyUyMGNvbmZpZ19pZCUzRCUyMm1haW4lMjIlMjBtZW51JTNEJTIyMTE0JTIyJTVE[\/vc_raw_html][\/vc_column][vc_column width=&#8221;2\/3&#8243;][vc_tta_tabs spacing=&#8221;5&#8243; active_section=&#8221;1&#8243; el_class=&#8221;theme_style&#8221;][vc_tta_section title=&#8221;ENRIA&#8221; tab_id=&#8221;1653314755352-a90f6af0-ddaa1653561459394&#8243;][vc_row_inner][vc_column_inner width=&#8221;2\/3&#8243;][vc_single_image image=&#8221;11002&#8243; img_size=&#8221;&#8221; css=&#8221;.vc_custom_1654510890656{margin-bottom: 10px !important;}&#8221;][vc_column_text el_class=&#8221;Download_Files_List&#8221; css=&#8221;.vc_custom_1723227655501{margin-bottom: 0px !important;}&#8221;]enria.it[\/vc_column_text][vc_custom_heading text=&#8221;ENRIA&#8221; font_container=&#8221;tag:h1|text_align:left&#8221; google_fonts=&#8221;font_family:Poppins%3A300%2Cregular%2C500%2C600%2C700|font_style:400%20regular%3A400%3Anormal&#8221;][vc_column_text]La empresa ENRIA fue fundada<\/p>\n","protected":false},"author":2,"featured_media":0,"parent":0,"menu_order":0,"comment_status":"closed","ping_status":"closed","template":"","meta":{"footnotes":""},"class_list":["post-11738","page","type-page","status-publish","hentry"],"aioseo_notices":[],"_links":{"self":[{"href":"https:\/\/agricortes.com\/es\/wp-json\/wp\/v2\/pages\/11738","targetHints":{"allow":["GET"]}}],"collection":[{"href":"https:\/\/agricortes.com\/es\/wp-json\/wp\/v2\/pages"}],"about":[{"href":"https:\/\/agricortes.com\/es\/wp-json\/wp\/v2\/types\/page"}],"author":[{"embeddable":true,"href":"https:\/\/agricortes.com\/es\/wp-json\/wp\/v2\/users\/2"}],"replies":[{"embeddable":true,"href":"https:\/\/agricortes.com\/es\/wp-json\/wp\/v2\/comments?post=11738"}],"version-history":[{"count":10,"href":"https:\/\/agricortes.com\/es\/wp-json\/wp\/v2\/pages\/11738\/revisions"}],"predecessor-version":[{"id":19939,"href":"https:\/\/agricortes.com\/es\/wp-json\/wp\/v2\/pages\/11738\/revisions\/19939"}],"wp:attachment":[{"href":"https:\/\/agricortes.com\/es\/wp-json\/wp\/v2\/media?parent=11738"}],"curies":[{"name":"wp","href":"https:\/\/api.w.org\/{rel}","templated":true}]}}