{"id":11760,"date":"2022-06-06T11:36:39","date_gmt":"2022-06-06T11:36:39","guid":{"rendered":"https:\/\/agricortes.com\/enfardadeiras-lerda\/"},"modified":"2024-10-11T14:43:32","modified_gmt":"2024-10-11T14:43:32","slug":"empacadoras-lerda","status":"publish","type":"page","link":"https:\/\/agricortes.com\/es\/empacadoras-lerda\/","title":{"rendered":"LERDA &#8211; Empacadoras"},"content":{"rendered":"<section class=\"wpb-content-wrapper\"><p>[vc_row full_width=&#8221;stretch_row_content_no_spaces&#8221; css=&#8221;.vc_custom_1654158973046{margin-top: 0px !important;margin-right: 0px !important;margin-bottom: 73px !important;margin-left: 0px !important;border-bottom-width: 8px !important;border-bottom-color: #d80d1b !important;border-bottom-style: solid !important;}&#8221;][vc_column][rev_slider_vc alias=&#8221;slider-agricultura-12&#8243;][\/vc_column][\/vc_row][vc_row][vc_column width=&#8221;1\/6&#8243;][vc_custom_heading icon=&#8221;icon-agri-agricultura&#8221; icon_size=&#8221;40&#8243; stripe_pos=&#8221;hide&#8221; text=&#8221;Agricultura&#8221; font_container=&#8221;tag:h4|font_size:23|text_align:left&#8221; google_fonts=&#8221;font_family:Poppins%3A300%2Cregular%2C500%2C600%2C700|font_style:400%20regular%3A400%3Anormal&#8221; css=&#8221;.vc_custom_1723229870371{margin-top: 0px !important;padding-top: 0px !important;}&#8221; el_class=&#8221;iconTitle&#8221; link=&#8221;url:https%3A%2F%2Fagricortes.com%2Fes%2Fagricultura&#8221;][vc_raw_html]JTVCYmVsbG93cyUyMGNvbmZpZ19pZCUzRCUyMm1haW4lMjIlMjBtZW51JTNEJTIyMTE0JTIyJTVE[\/vc_raw_html][\/vc_column][vc_column width=&#8221;2\/3&#8243;][vc_tta_tabs spacing=&#8221;5&#8243; active_section=&#8221;1&#8243; el_class=&#8221;theme_style&#8221;][vc_tta_section title=&#8221;LERDA&#8221; tab_id=&#8221;1653314755352-a90f6af0-ddaa1653561459394&#8243;][vc_row_inner][vc_column_inner width=&#8221;2\/3&#8243;][vc_single_image image=&#8221;11120&#8243; img_size=&#8221;&#8221; css=&#8221;.vc_custom_1654516003991{margin-bottom: 10px !important;}&#8221;][vc_column_text el_class=&#8221;Download_Files_List&#8221; css=&#8221;.vc_custom_1723229884247{margin-bottom: 0px !important;}&#8221;]<a href=\"http:\/\/www.lerdaagri.com\/\" target=\"_blank\" rel=\"noopener\">lerdaagri.com<\/a>[\/vc_column_text][vc_custom_heading text=&#8221;LERDA&#8221; font_container=&#8221;tag:h1|text_align:left&#8221; google_fonts=&#8221;font_family:Poppins%3A300%2Cregular%2C500%2C600%2C700|font_style:400%20regular%3A400%3Anormal&#8221;][vc_column_text]Hablar de Lerda es hablar de espacializaci\u00f3n para el sector vitivin\u00edcola.<br \/>\nLa \u00fanica empacadora de pacas rectangulares para la poda de residuos del vi\u00f1edo.<br \/>\nTambi\u00e9n presenta modelos estrechos de pacas cil\u00edndricas para transportar en los caminos m\u00e1s apretados.[\/vc_column_text][\/vc_column_inner][vc_column_inner width=&#8221;1\/3&#8243;][\/vc_column_inner][\/vc_row_inner][\/vc_tta_section][vc_tta_section title=&#8221;EMPACADORAS PACAS RECTANGULARES&#8221; tab_id=&#8221;1653314755359-8c73aa7e-26781653561459394&#8243;][vc_row_inner][vc_column_inner width=&#8221;2\/3&#8243;][vc_single_image image=&#8221;11120&#8243; img_size=&#8221;&#8221; css=&#8221;.vc_custom_1654516003991{margin-bottom: 10px !important;}&#8221;][vc_column_text el_class=&#8221;Download_Files_List&#8221; css=&#8221;.vc_custom_1723229914229{margin-bottom: 0px !important;}&#8221;]<a href=\"http:\/\/www.lerdaagri.com\/\" target=\"_blank\" rel=\"noopener\">lerdaagri.com<\/a>[\/vc_column_text][vc_custom_heading text=&#8221;EMPACADORAS PACAS RECTANGULARES&#8221; font_container=&#8221;tag:h1|text_align:left&#8221; google_fonts=&#8221;font_family:Poppins%3A300%2Cregular%2C500%2C600%2C700|font_style:400%20regular%3A400%3Anormal&#8221;][vc_column_text]Gama profesional para empacar <strong>residuos de la poda de vi\u00f1edos<\/strong>.<br \/>\nTiene barra direccional hidr\u00e1ulica y\u00a0pick-up hidr\u00e1ulico opcional.<\/p>\n<div class=\"table-responsive\">\n<table class=\"table\" style=\"background: #FFF;\">\n<thead>\n<tr style=\"background: #a32035; color: #ffffff;\">\n<td><small><strong>Modelo<\/strong><\/small><\/td>\n<td><small><strong>T900L<\/strong><\/small><\/td>\n<\/tr>\n<\/thead>\n<tbody>\n<tr>\n<td><small><strong>Tipo paca cil\u00edndrica<\/strong><\/small><\/td>\n<td><small>32 x 42 cm<\/small><\/td>\n<\/tr>\n<tr>\n<td><small><strong>Atadura<\/strong><\/small><\/td>\n<td><small>hilo<\/small><\/td>\n<\/tr>\n<tr>\n<td><small><strong>Ancho del pick-up<\/strong><\/small><\/td>\n<td><small>90 cm<\/small><\/td>\n<\/tr>\n<tr>\n<td><small><strong>Longitud de la paca<\/strong><\/small><\/td>\n<td><small>30 \u2013 100 cm<\/small><\/td>\n<\/tr>\n<tr>\n<td><small><strong>Barra direcional<\/strong><\/small><\/td>\n<td><small>hidr\u00e1ulica<\/small><\/td>\n<\/tr>\n<tr>\n<td><small><strong>TDF<\/strong><\/small><\/td>\n<td><small>540 rpm<\/small><\/td>\n<\/tr>\n<tr>\n<td><small><strong>Pot\u00e9ncia requerida<\/strong><\/small><\/td>\n<td><small>30 Hp<\/small><\/td>\n<\/tr>\n<tr>\n<td><small><strong>Peso<\/strong><\/small><\/td>\n<td><small>920 Kg<\/small><\/td>\n<\/tr>\n<\/tbody>\n<\/table>\n<\/div>\n<p>Vea tambi\u00e9n empacadoras ABBRIATA, ENOROSSI y FIMAKS.[\/vc_column_text][\/vc_column_inner][vc_column_inner width=&#8221;1\/3&#8243;][vc_media_grid style=&#8221;lazy&#8221; element_width=&#8221;6&#8243; gap=&#8221;10&#8243; grid_id=&#8221;vc_gid:1728656661064-8f0a857e-0f41-3&#8243; include=&#8221;11135,11132,11129,11126&#8243; el_class=&#8221;imageGalleryMargin&#8221;][\/vc_column_inner][\/vc_row_inner][\/vc_tta_section][vc_tta_section title=&#8221;EMPACADORA PACAS CIL\u00cdNDRICAS&#8221; tab_id=&#8221;1653579033964-58ea2ebe-3846&#8243;][vc_row_inner][vc_column_inner width=&#8221;2\/3&#8243;][vc_single_image image=&#8221;11120&#8243; img_size=&#8221;&#8221; css=&#8221;.vc_custom_1654516003991{margin-bottom: 10px !important;}&#8221;][vc_column_text el_class=&#8221;Download_Files_List&#8221; css=&#8221;.vc_custom_1723229940596{margin-bottom: 0px !important;}&#8221;]<a href=\"http:\/\/www.lerdaagri.com\/\" target=\"_blank\" rel=\"noopener\">lerdaagri.com<\/a>[\/vc_column_text][vc_custom_heading text=&#8221;EMPACADORA PACAS CIL\u00cdNDRICAS&#8221; font_container=&#8221;tag:h1|text_align:left&#8221; google_fonts=&#8221;font_family:Poppins%3A300%2Cregular%2C500%2C600%2C700|font_style:400%20regular%3A400%3Anormal&#8221;][vc_column_text]La dimensi\u00f3n estrecha de estas empacadoras la hace ideal para su uso en\u00a0<strong>zonas rurales de paso estrecho<\/strong>, donde se puede tomar una m\u00e1quina de 2 metros de ancho al campo.<br \/>\nEquipado con kit de luces para carretera.<\/p>\n<div class=\"table-responsive\">\n<table class=\"table\" style=\"background: #FFF;\">\n<thead>\n<tr style=\"background: #a32035; color: #ffffff;\">\n<td><small><strong>Modelo<\/strong><\/small><\/td>\n<td><small><strong>T110<\/strong><\/small><\/td>\n<\/tr>\n<\/thead>\n<tbody>\n<tr>\n<td><small><strong>Tipo paca cil\u00edndrica<\/strong><\/small><\/td>\n<td><small>\u00d8 110 x 100<\/small><\/td>\n<\/tr>\n<tr>\n<td><small><strong>Atadura<\/strong><\/small><\/td>\n<td><small>comprimida<\/small><\/td>\n<\/tr>\n<tr>\n<td><small><strong>Ancho del pick-up<\/strong><\/small><\/td>\n<td><small>134 cm<\/small><\/td>\n<\/tr>\n<tr>\n<td><small><strong>Alimentador<\/strong><\/small><\/td>\n<td><small>alternativo<\/small><\/td>\n<\/tr>\n<tr>\n<td><small><strong>Atador<\/strong><\/small><\/td>\n<td><small>red<\/small><\/td>\n<\/tr>\n<tr>\n<td><small><strong>TDF<\/strong><\/small><\/td>\n<td><small>540 rpm<\/small><\/td>\n<\/tr>\n<tr>\n<td><small><strong>Pot\u00e9ncia requerida<\/strong><\/small><\/td>\n<td><small>45 Hp<\/small><\/td>\n<\/tr>\n<tr>\n<td><small><strong>Peso<\/strong><\/small><\/td>\n<td><small>1360 Kg<\/small><\/td>\n<\/tr>\n<\/tbody>\n<\/table>\n<\/div>\n<p>Vea tambi\u00e9n empacadoras ABBRIATA, ENOROSSI y FIMAKS.[\/vc_column_text][\/vc_column_inner][vc_column_inner width=&#8221;1\/3&#8243;][vc_single_image image=&#8221;11123&#8243; img_size=&#8221;full&#8221; onclick=&#8221;link_image&#8221;][\/vc_column_inner][\/vc_row_inner][\/vc_tta_section][\/vc_tta_tabs][\/vc_column][vc_column width=&#8221;1\/6&#8243;][vc_custom_heading icon=&#8221;stm-email2&#8243; icon_size=&#8221;40&#8243; stripe_pos=&#8221;hide&#8221; text=&#8221;Contacto&#8221; font_container=&#8221;tag:h4|font_size:23|text_align:left&#8221; google_fonts=&#8221;font_family:Poppins%3A300%2Cregular%2C500%2C600%2C700|font_style:400%20regular%3A400%3Anormal&#8221; css=&#8221;.vc_custom_1723229839068{margin-top: 0px !important;padding-top: 0px !important;}&#8221; el_class=&#8221;iconTitle&#8221;]\n<div class=\"wpcf7 no-js\" id=\"wpcf7-f12358-o1\" lang=\"es-ES\" dir=\"ltr\" data-wpcf7-id=\"12358\">\n<div class=\"screen-reader-response\"><p role=\"status\" aria-live=\"polite\" aria-atomic=\"true\"><\/p> <ul><\/ul><\/div>\n<form action=\"\/es\/wp-json\/wp\/v2\/pages\/11760#wpcf7-f12358-o1\" method=\"post\" class=\"wpcf7-form init\" aria-label=\"Formulario de contacto\" novalidate=\"novalidate\" data-status=\"init\">\n<div style=\"display: none;\">\n<input type=\"hidden\" name=\"_wpcf7\" value=\"12358\" \/>\n<input type=\"hidden\" name=\"_wpcf7_version\" value=\"6.0.6\" \/>\n<input type=\"hidden\" name=\"_wpcf7_locale\" value=\"es_ES\" \/>\n<input type=\"hidden\" name=\"_wpcf7_unit_tag\" value=\"wpcf7-f12358-o1\" \/>\n<input type=\"hidden\" name=\"_wpcf7_container_post\" value=\"0\" \/>\n<input type=\"hidden\" name=\"_wpcf7_posted_data_hash\" value=\"\" \/>\n<input type=\"hidden\" name=\"_wpcf7_recaptcha_response\" value=\"\" \/>\n<\/div>\n<div class=\"request_callback\">\n        <div class=\"input-group\">\n            <span class=\"wpcf7-form-control-wrap\" data-name=\"your-subject\"><input size=\"40\" maxlength=\"400\" class=\"wpcf7-form-control wpcf7-text wpcf7-validates-as-required\" aria-required=\"true\" aria-invalid=\"false\" placeholder=\"Sujeto *\" value=\"\" type=\"text\" name=\"your-subject\" \/><\/span>\n        <div class=\"input-group\">\n            <span class=\"wpcf7-form-control-wrap\" data-name=\"your-message\"><textarea cols=\"40\" rows=\"10\" maxlength=\"2000\" class=\"wpcf7-form-control wpcf7-textarea wpcf7-validates-as-required height100\" aria-required=\"true\" aria-invalid=\"false\" placeholder=\"Mensaje *\" name=\"your-message\"><\/textarea><\/span>\n        <div class=\"input-group\">\n            <span class=\"wpcf7-form-control-wrap\" data-name=\"your-company\"><input size=\"40\" maxlength=\"400\" class=\"wpcf7-form-control wpcf7-text\" aria-invalid=\"false\" placeholder=\"Empresa\" value=\"\" type=\"text\" name=\"your-company\" \/><\/span>      \n        <div class=\"input-group\">\n            <span class=\"wpcf7-form-control-wrap\" data-name=\"your-name\"><input size=\"40\" maxlength=\"400\" class=\"wpcf7-form-control wpcf7-text wpcf7-validates-as-required\" aria-required=\"true\" aria-invalid=\"false\" placeholder=\"Nombre *\" value=\"\" type=\"text\" name=\"your-name\" \/><\/span>\n        <div class=\"input-group\">\n            <span class=\"wpcf7-form-control-wrap\" data-name=\"your-loc\"><input size=\"40\" maxlength=\"400\" class=\"wpcf7-form-control wpcf7-text wpcf7-validates-as-required\" aria-required=\"true\" aria-invalid=\"false\" placeholder=\"Localidad *\" value=\"\" type=\"text\" name=\"your-loc\" \/><\/span>\n        <div class=\"input-group\">\n            <span class=\"wpcf7-form-control-wrap\" data-name=\"your-tel\"><input size=\"40\" maxlength=\"400\" class=\"wpcf7-form-control wpcf7-tel wpcf7-validates-as-required wpcf7-text wpcf7-validates-as-tel\" aria-required=\"true\" aria-invalid=\"false\" placeholder=\"Contacto *\" value=\"\" type=\"tel\" name=\"your-tel\" \/><\/span>       \n        <div class=\"input-group\">\n            <span class=\"wpcf7-form-control-wrap\" data-name=\"your-email\"><input size=\"40\" maxlength=\"400\" class=\"wpcf7-form-control wpcf7-email wpcf7-validates-as-required wpcf7-text wpcf7-validates-as-email\" aria-required=\"true\" aria-invalid=\"false\" placeholder=\"E-mail *\" value=\"\" type=\"email\" name=\"your-email\" \/><\/span>      \n        <\/div>\n        <div class=\"input-group\">\n            <button type=\"submit\" class=\"button size-lg icon_right\">Enviar<i class=\"fa fa-chevron-right\"><\/i><\/button>\n        <\/div>\n<\/div><div class=\"wpcf7-response-output\" aria-hidden=\"true\"><\/div>\n<\/form>\n<\/div>\n[\/vc_column][\/vc_row]<\/p>\n<\/section>","protected":false},"excerpt":{"rendered":"<p>[vc_row full_width=&#8221;stretch_row_content_no_spaces&#8221; css=&#8221;.vc_custom_1654158973046{margin-top: 0px !important;margin-right: 0px !important;margin-bottom: 73px !important;margin-left: 0px !important;border-bottom-width: 8px !important;border-bottom-color: #d80d1b !important;border-bottom-style: solid !important;}&#8221;][vc_column][rev_slider_vc alias=&#8221;slider-agricultura-12&#8243;][\/vc_column][\/vc_row][vc_row][vc_column width=&#8221;1\/6&#8243;][vc_custom_heading icon=&#8221;icon-agri-agricultura&#8221; icon_size=&#8221;40&#8243; stripe_pos=&#8221;hide&#8221; text=&#8221;Agricultura&#8221; font_container=&#8221;tag:h4|font_size:23|text_align:left&#8221; google_fonts=&#8221;font_family:Poppins%3A300%2Cregular%2C500%2C600%2C700|font_style:400%20regular%3A400%3Anormal&#8221; css=&#8221;.vc_custom_1723229870371{margin-top: 0px !important;padding-top: 0px !important;}&#8221; el_class=&#8221;iconTitle&#8221; link=&#8221;url:https%3A%2F%2Fagricortes.com%2Fes%2Fagricultura&#8221;][vc_raw_html]JTVCYmVsbG93cyUyMGNvbmZpZ19pZCUzRCUyMm1haW4lMjIlMjBtZW51JTNEJTIyMTE0JTIyJTVE[\/vc_raw_html][\/vc_column][vc_column width=&#8221;2\/3&#8243;][vc_tta_tabs spacing=&#8221;5&#8243; active_section=&#8221;1&#8243; el_class=&#8221;theme_style&#8221;][vc_tta_section title=&#8221;LERDA&#8221; tab_id=&#8221;1653314755352-a90f6af0-ddaa1653561459394&#8243;][vc_row_inner][vc_column_inner width=&#8221;2\/3&#8243;][vc_single_image image=&#8221;11120&#8243; img_size=&#8221;&#8221; css=&#8221;.vc_custom_1654516003991{margin-bottom: 10px !important;}&#8221;][vc_column_text el_class=&#8221;Download_Files_List&#8221; css=&#8221;.vc_custom_1723229884247{margin-bottom: 0px !important;}&#8221;]lerdaagri.com[\/vc_column_text][vc_custom_heading text=&#8221;LERDA&#8221; font_container=&#8221;tag:h1|text_align:left&#8221; google_fonts=&#8221;font_family:Poppins%3A300%2Cregular%2C500%2C600%2C700|font_style:400%20regular%3A400%3Anormal&#8221;][vc_column_text]Hablar de Lerda es hablar<\/p>\n","protected":false},"author":2,"featured_media":0,"parent":0,"menu_order":0,"comment_status":"closed","ping_status":"closed","template":"","meta":{"footnotes":""},"class_list":["post-11760","page","type-page","status-publish","hentry"],"aioseo_notices":[],"_links":{"self":[{"href":"https:\/\/agricortes.com\/es\/wp-json\/wp\/v2\/pages\/11760","targetHints":{"allow":["GET"]}}],"collection":[{"href":"https:\/\/agricortes.com\/es\/wp-json\/wp\/v2\/pages"}],"about":[{"href":"https:\/\/agricortes.com\/es\/wp-json\/wp\/v2\/types\/page"}],"author":[{"embeddable":true,"href":"https:\/\/agricortes.com\/es\/wp-json\/wp\/v2\/users\/2"}],"replies":[{"embeddable":true,"href":"https:\/\/agricortes.com\/es\/wp-json\/wp\/v2\/comments?post=11760"}],"version-history":[{"count":9,"href":"https:\/\/agricortes.com\/es\/wp-json\/wp\/v2\/pages\/11760\/revisions"}],"predecessor-version":[{"id":19942,"href":"https:\/\/agricortes.com\/es\/wp-json\/wp\/v2\/pages\/11760\/revisions\/19942"}],"wp:attachment":[{"href":"https:\/\/agricortes.com\/es\/wp-json\/wp\/v2\/media?parent=11760"}],"curies":[{"name":"wp","href":"https:\/\/api.w.org\/{rel}","templated":true}]}}