{"id":11765,"date":"2022-06-06T09:58:14","date_gmt":"2022-06-06T09:58:14","guid":{"rendered":"https:\/\/agricortes.com\/unifeeds-lucas\/"},"modified":"2024-10-11T14:57:56","modified_gmt":"2024-10-11T14:57:56","slug":"unifeeds-lucas","status":"publish","type":"page","link":"https:\/\/agricortes.com\/es\/unifeeds-lucas\/","title":{"rendered":"LUCAS &#8211; Unifeeds"},"content":{"rendered":"<section class=\"wpb-content-wrapper\"><p>[vc_row full_width=&#8221;stretch_row_content_no_spaces&#8221; css=&#8221;.vc_custom_1654158973046{margin-top: 0px !important;margin-right: 0px !important;margin-bottom: 73px !important;margin-left: 0px !important;border-bottom-width: 8px !important;border-bottom-color: #d80d1b !important;border-bottom-style: solid !important;}&#8221;][vc_column][rev_slider_vc alias=&#8221;slider-agricultura-12&#8243;][\/vc_column][\/vc_row][vc_row][vc_column width=&#8221;1\/6&#8243;][vc_custom_heading icon=&#8221;icon-agri-agricultura&#8221; icon_size=&#8221;40&#8243; stripe_pos=&#8221;hide&#8221; text=&#8221;Agricultura&#8221; font_container=&#8221;tag:h4|font_size:23|text_align:left&#8221; google_fonts=&#8221;font_family:Poppins%3A300%2Cregular%2C500%2C600%2C700|font_style:400%20regular%3A400%3Anormal&#8221; css=&#8221;.vc_custom_1723230354911{margin-top: 0px !important;padding-top: 0px !important;}&#8221; el_class=&#8221;iconTitle&#8221; link=&#8221;url:https%3A%2F%2Fagricortes.com%2Fes%2Fagricultura&#8221;][vc_raw_html]JTVCYmVsbG93cyUyMGNvbmZpZ19pZCUzRCUyMm1haW4lMjIlMjBtZW51JTNEJTIyMTE0JTIyJTVE[\/vc_raw_html][\/vc_column][vc_column width=&#8221;2\/3&#8243;][vc_tta_tabs spacing=&#8221;5&#8243; active_section=&#8221;1&#8243; el_class=&#8221;theme_style&#8221;][vc_tta_section title=&#8221;LUCAS&#8221; tab_id=&#8221;1653314755352-a90f6af0-ddaa1653561459394&#8243;][vc_row_inner][vc_column_inner width=&#8221;2\/3&#8243;][vc_single_image image=&#8221;11152&#8243; img_size=&#8221;&#8221; css=&#8221;.vc_custom_1654516348456{margin-bottom: 10px !important;}&#8221;][vc_column_text el_class=&#8221;Download_Files_List&#8221; css=&#8221;.vc_custom_1723230380259{margin-bottom: 0px !important;}&#8221;]<a href=\"https:\/\/www.lucasg.com\/\" target=\"_blank\" rel=\"noopener\">lucasg.com<\/a>[\/vc_column_text][vc_custom_heading text=&#8221;LUCAS&#8221; font_container=&#8221;tag:h1|text_align:left&#8221; google_fonts=&#8221;font_family:Poppins%3A300%2Cregular%2C500%2C600%2C700|font_style:400%20regular%3A400%3Anormal&#8221;][vc_column_text]Para distribuir forraje, sea para camas, sea para alimentaci\u00f3n, est\u00e1n disponibles equipos de rentabilidad y funci\u00f3n muy variadas:<\/p>\n<ul>\n<li>Desensiladoras y distribuidoras de forraje<\/li>\n<li>Trituradoras y distribuidoras de forraje<\/li>\n<li>Mezcladoras y distribuidoras de forraje (<em>Unifeed<\/em>)<\/li>\n<li>y la suma de todas estas partes, las Desensiladoras Mezcladoras de forraje<\/li>\n<\/ul>\n<p>[\/vc_column_text][\/vc_column_inner][vc_column_inner width=&#8221;1\/3&#8243;][vc_single_image image=&#8221;11179&#8243; img_size=&#8221;full&#8221; onclick=&#8221;link_image&#8221;][vc_column_text]<iframe title=\"YouTube video player\" src=\"https:\/\/www.youtube.com\/embed\/oxgeLJmZWbg\" width=\"100%\" height=\"auto\" frameborder=\"0\" allowfullscreen=\"allowfullscreen\"><\/iframe>[\/vc_column_text][\/vc_column_inner][\/vc_row_inner][\/vc_tta_section][vc_tta_section title=&#8221;DESENSILADORAS&#8221; tab_id=&#8221;1653314755359-8c73aa7e-26781653561459394&#8243;][vc_row_inner][vc_column_inner width=&#8221;2\/3&#8243;][vc_single_image image=&#8221;11152&#8243; img_size=&#8221;&#8221; css=&#8221;.vc_custom_1654516634593{margin-bottom: 10px !important;}&#8221;][vc_column_text el_class=&#8221;Download_Files_List&#8221; css=&#8221;.vc_custom_1723230395938{margin-bottom: 0px !important;}&#8221;]<a href=\"https:\/\/www.lucasg.com\/\" target=\"_blank\" rel=\"noopener\">lucasg.com<\/a>[\/vc_column_text][vc_custom_heading text=&#8221;DESENSILADORAS&#8221; font_container=&#8221;tag:h1|text_align:left&#8221; google_fonts=&#8221;font_family:Poppins%3A300%2Cregular%2C500%2C600%2C700|font_style:400%20regular%3A400%3Anormal&#8221;][vc_column_text]SILOGRIF<\/p>\n<p>Para\u00a0<strong>desensilar<\/strong>, cargar, transportar y distribuir forraje simple\u00a0<strong>almacenado en silos<\/strong>.<\/p>\n<p>Para pacas redondas (paja, heno, ensilado) y pacas rectangulares.<\/p>\n<ul>\n<li>Acoplamiento a los 3 puntos del tractor.<\/li>\n<li>Garra de desensilado redondeada.<\/li>\n<li>Descarga para\u00a0la derecha a 2,35 m de altura.<\/li>\n<li>Capacidad 1,90 m3<\/li>\n<li>Control manual<\/li>\n<li>Potencia del tractor necesaria 70 CV<\/li>\n<li>Ancho total 233 cm<\/li>\n<li>Peso 808 Kg.<\/li>\n<\/ul>\n<p>Opcionales:<\/p>\n<ul>\n<li>Kit elevador para descargas m\u00e1s altas<\/li>\n<li>Mando el\u00e9ctrico<\/li>\n<\/ul>\n<p>V\u00e9ase tambi\u00e9n las Desensiladoras Mezcladoras LUCAS.[\/vc_column_text][\/vc_column_inner][vc_column_inner width=&#8221;1\/3&#8243;][vc_media_grid style=&#8221;lazy&#8221; element_width=&#8221;6&#8243; gap=&#8221;10&#8243; grid_id=&#8221;vc_gid:1728658594775-918dc1ae-6595-6&#8243; include=&#8221;11191,11188,11185,11182&#8243; el_class=&#8221;imageGalleryMargin&#8221;][\/vc_column_inner][\/vc_row_inner][\/vc_tta_section][vc_tta_section title=&#8221;TRITURADORAS Y DISTRIBUIDORAS&#8221; tab_id=&#8221;1653579033964-58ea2ebe-3846&#8243;][vc_row_inner][vc_column_inner width=&#8221;2\/3&#8243;][vc_single_image image=&#8221;10303&#8243; img_size=&#8221;&#8221; css=&#8221;.vc_custom_1654188644132{margin-bottom: 10px !important;}&#8221;][vc_column_text el_class=&#8221;Download_Files_List&#8221; css=&#8221;.vc_custom_1723230412978{margin-bottom: 0px !important;}&#8221;]<a href=\"https:\/\/www.lucasg.com\/\" target=\"_blank\" rel=\"noopener\">lucasg.com<\/a>[\/vc_column_text][vc_custom_heading text=&#8221;TRITURADORAS Y DISTRIBUIDORAS&#8221; font_container=&#8221;tag:h1|text_align:left&#8221; google_fonts=&#8221;font_family:Poppins%3A300%2Cregular%2C500%2C600%2C700|font_style:400%20regular%3A400%3Anormal&#8221;][vc_column_text]CASTOR G<\/p>\n<p>Estas m\u00e1quinas pueden desensilar, cargar, transportar, triturar y distribuir ensilado, con transmisi\u00f3n al tractor y en versi\u00f3n remolcable.<\/p>\n<p>Uso:<\/p>\n<ul>\n<li>Desensilado por corte de todos los productos de silos horizontales: ma\u00edz, hierba, remolacha, etc.<\/li>\n<li>Carga y transporte del ensilado, pacas redondas o rectangulares<\/li>\n<li>Distribuci\u00f3n de paja en las zonas de reposo de los animales por chorro que alcanza los 18 metros<\/li>\n<\/ul>\n<p>Especificaciones:<\/p>\n<ul>\n<li>Gama de capacidades de 4,5 y 8 m3<\/li>\n<li>Brazo de desensilado redondeado<\/li>\n<li>Tac\u00f3n de caja en &#8220;G&#8221; para un agarre perfecto al silo con cuchilla antidesgaste<\/li>\n<li>Peine hidr\u00e1ulico y ajustable que regula la llegada de la materia al picador<\/li>\n<li>48 Cuchillas en forma de V en cada picador, corte limpio de la materia<\/li>\n<li>1 ou 2 picadores<\/li>\n<li>Contra-cuchilla de boquilla<\/li>\n<li>Mando el\u00e9ctrico en la cabina del tractor por monopalanca y de manera muy c\u00f3moda<\/li>\n<li>Descarga\/distribuici\u00f3n por turbina para la derecha<\/li>\n<\/ul>\n<p>Opcionales:<\/p>\n<ul>\n<li>Enganche fijo, articulado o telesc\u00f3pico<\/li>\n<li>Kit elevador para descargas m\u00e1s altas<\/li>\n<li>Tolva de mezcla para los alimentos secos para la adici\u00f3n de comkplementos a la raci\u00f3n<\/li>\n<\/ul>\n<p>V\u00e9ase tambi\u00e9n las Desensiladoras Mezcladoras LUCAS.[\/vc_column_text][\/vc_column_inner][vc_column_inner width=&#8221;1\/3&#8243;][vc_media_grid style=&#8221;lazy&#8221; element_width=&#8221;6&#8243; gap=&#8221;10&#8243; grid_id=&#8221;vc_gid:1728658594776-721bcfcc-cd16-3&#8243; include=&#8221;11164,11161,11158,11155&#8243; el_class=&#8221;imageGalleryMargin&#8221;][vc_column_text]<iframe title=\"YouTube video player\" src=\"https:\/\/www.youtube.com\/embed\/2Jlow6kVKpI\" width=\"100%\" height=\"auto\" frameborder=\"0\" allowfullscreen=\"allowfullscreen\"><\/iframe><br \/>\n[\/vc_column_text][\/vc_column_inner][\/vc_row_inner][\/vc_tta_section][vc_tta_section title=&#8221;MISTURADORAS Y DISTRIBUIDORAS (UNIFEED)&#8221; tab_id=&#8221;1653581106118-6fd6083c-4f2a&#8221;][vc_row_inner][vc_column_inner width=&#8221;2\/3&#8243;][vc_single_image image=&#8221;10303&#8243; img_size=&#8221;&#8221; css=&#8221;.vc_custom_1654188659361{margin-bottom: 10px !important;}&#8221;][vc_column_text el_class=&#8221;Download_Files_List&#8221; css=&#8221;.vc_custom_1723230423770{margin-bottom: 0px !important;}&#8221;]<a href=\"https:\/\/www.lucasg.com\/\" target=\"_blank\" rel=\"noopener\">lucasg.com<\/a>[\/vc_column_text][vc_custom_heading text=&#8221;MISTURADORAS Y DISTRIBUIDORAS (UNIFEED)&#8221; font_container=&#8221;tag:h1|text_align:left&#8221; google_fonts=&#8221;font_family:Poppins%3A300%2Cregular%2C500%2C600%2C700|font_style:400%20regular%3A400%3Anormal&#8221;][vc_column_text]QUALIMIX<\/p>\n<p>Estas m\u00e1quinas pueden cargar, transportar, cortar, mezclar y distribuir ensilado, mezclada con alimentos concentrados, sin desfibrar la mat\u00e9ria y seg\u00fan las dosis deseadas.<br \/>\nTrabajan a\u00a0<strong>eje mezclador horizontal<\/strong>\u00a0de 2 sinfines en acero de elevada resistencia.<\/p>\n<p>Especificaciones:<\/p>\n<ul>\n<li>Gama de capacidades de 15 y 20 m3<\/li>\n<li>Transmisi\u00f3n al tractor y sistema remolcable<\/li>\n<li>Mando el\u00e9ctrohidr\u00e1ulico en la cabina del tractor por monopalanca y de manera muy c\u00f3moda<\/li>\n<li>Lubricaci\u00f3n permanente<\/li>\n<li>Unidad de corte y unidad mezcladora separadas para garantizar la integridad del material<\/li>\n<li>Sistema de pesaje no programable<\/li>\n<li>Mistura 1000 a 1500 kg\/min<\/li>\n<li>Distribui 1500 kg\/min<\/li>\n<li>Descarga regular y en la lateral izquierda con ca\u00edda por gravedad a la altura de 0,95 m<\/li>\n<li>Potencia m\u00ednima del tractor 70-80 Hp<\/li>\n<li>Bajo consumo de energ\u00eda<\/li>\n<li>Estabilizador hidr\u00e1ulico<\/li>\n<\/ul>\n<p>Opcionales:<\/p>\n<ul>\n<li>Segunda estaci\u00f3n de control, posicionada en la m\u00e1quina<\/li>\n<li>Sistema de pesaje programable<\/li>\n<li>Descarga lateral por cinta horizontal a la altura de \u00a00,90 m (para peque\u00f1os ruminantes)<\/li>\n<li>Descarga lateral por cinta en elevaci\u00f3n a la altura\u00a01,20 &#8211; 1,50 m<\/li>\n<li>Separador magn\u00e9tico<\/li>\n<li>Sistema desenrollador de palas interas<\/li>\n<li>Version &#8220;AUTONOME&#8221; con motor Deutz de 100 Hp<\/li>\n<\/ul>\n<p>SPIRMIX<\/p>\n<p>Estas m\u00e1quinas pueden cargar, transportar, triturar, cortar, mezclar y distribuir ensilado. Tienen mezcladores de granulados y fluidos seg\u00fan las dosis deseadas.<br \/>\nTrabajan a\u00a0<strong>eje mezclador vertical<\/strong>, con transmisi\u00f3n al tractor y en versi\u00f3n remolcable.<\/p>\n<p>Tiene 3 modos de distribuci\u00f3n:<\/p>\n<ul>\n<li>Ca\u00edda por gravedad anterior a la derecha<\/li>\n<li>Cinta anterior para descarga a\u00a0derecha o a izquierda<\/li>\n<li>Descarga en altura<\/li>\n<\/ul>\n<p>V\u00e9ase tambi\u00e9n las Desensiladoras Mezcladoras LUCAS[\/vc_column_text][\/vc_column_inner][vc_column_inner width=&#8221;1\/3&#8243;][vc_media_grid style=&#8221;lazy&#8221; element_width=&#8221;6&#8243; gap=&#8221;10&#8243; grid_id=&#8221;vc_gid:1728658594777-bdd1450b-6005-3&#8243; el_class=&#8221;imageGalleryMargin&#8221; include=&#8221;11176,11173,11170,11167&#8243;][vc_column_text]<iframe title=\"YouTube video player\" src=\"https:\/\/www.youtube.com\/embed\/7OAiCxu51ec\" width=\"100%\" height=\"auto\" frameborder=\"0\" allowfullscreen=\"allowfullscreen\"><\/iframe><br \/>\n[\/vc_column_text][vc_column_text]<iframe title=\"YouTube video player\" src=\"https:\/\/www.youtube.com\/embed\/mTd-D2_r5x0\" width=\"100%\" height=\"auto\" frameborder=\"0\" allowfullscreen=\"allowfullscreen\"><\/iframe><br \/>\n[\/vc_column_text][\/vc_column_inner][\/vc_row_inner][\/vc_tta_section][vc_tta_section title=&#8221;DESENSILADORAS MEZCLADORAS (UNIFEED)&#8221; tab_id=&#8221;1654517106496-cd53929a-ae54&#8243;][vc_row_inner][vc_column_inner width=&#8221;2\/3&#8243;][vc_single_image image=&#8221;10303&#8243; img_size=&#8221;&#8221; css=&#8221;.vc_custom_1654188659361{margin-bottom: 10px !important;}&#8221;][vc_column_text el_class=&#8221;Download_Files_List&#8221; css=&#8221;.vc_custom_1723230437866{margin-bottom: 0px !important;}&#8221;]<a href=\"https:\/\/www.lucasg.com\/\" target=\"_blank\" rel=\"noopener\">lucasg.com<\/a>[\/vc_column_text][vc_custom_heading text=&#8221;DESENSILADORAS MEZCLADORAS (UNIFEED)&#8221; font_container=&#8221;tag:h1|text_align:left&#8221; google_fonts=&#8221;font_family:Poppins%3A300%2Cregular%2C500%2C600%2C700|font_style:400%20regular%3A400%3Anormal&#8221;][vc_column_text]Estas m\u00e1quinas pueden\u00a0cargar, transportar,\u00a0<strong>desensilar,\u00a0<\/strong>cortar,\u00a0<strong>mezclar\u00a0<\/strong>y distribuir ensilado.<br \/>\nHay modelos y dimensiones muy variadas de acuerdo con las necesidades del usuario.<\/p>\n<p>CASTORMIX<\/p>\n<p>Uso:<\/p>\n<ul>\n<li>Desensilado por corte de todos los productos de silos horizontales: ma\u00edz, hierba, remolacha, etc.<\/li>\n<li>Carga y transporte del ensilado, pacas redondas o rectangulares<\/li>\n<li>Distribuci\u00f3n de paja en las zonas de reposo de los animales por chorro que alcanza los 18 metros<\/li>\n<li>Mezcla con alimentos concentrados\u00a0granulados o fluidos para la alimentaci\u00f3n de los animales<\/li>\n<\/ul>\n<p>Especificaciones:<\/p>\n<ul>\n<li>Gama de capacidades de 6 a 18 m3<\/li>\n<li>Con enganche a los 3 puntos del tractor o en versi\u00f3n remolcable<\/li>\n<li>Caja de 2 velocidades<\/li>\n<li>Mando el\u00e9ctrohidr\u00e1ulico en la cabina del tractor por monopalanca y de manera muy c\u00f3moda<\/li>\n<li>Lubricaci\u00f3n permanente<\/li>\n<li>Unidad de corte y unidad mezcladora separadas para garantizar la integridad del material<\/li>\n<li>Sistema de pesaje no programable<\/li>\n<li>Garra de desensilado en &#8220;G&#8221;<\/li>\n<li>Descarga orientable a 270\u00ba<\/li>\n<li>Potencia m\u00ednima del tractor 70-80 Hp<\/li>\n<\/ul>\n<p>Opcionales:<\/p>\n<ul>\n<li>Enganche del remolque fijo o articulado<\/li>\n<li>Estabilizador hidr\u00e1ulico<\/li>\n<li>Sistema de pesaje programable<\/li>\n<li>Embrague el\u00e9ctrico<\/li>\n<li>Control manual (modelo Abeille 12)<\/li>\n<li>Distribuidor con salida lateral a la derecha (modelo Abeille 12)<\/li>\n<li>Puerta trasera elevadora o hidr\u00e1ulica (modelo Castormix 180)<\/li>\n<\/ul>\n<p>Vej\u00e1se tambi\u00e9n las Misturadores Distribuidoras LUCAS[\/vc_column_text][\/vc_column_inner][vc_column_inner width=&#8221;1\/3&#8243;][vc_media_grid style=&#8221;lazy&#8221; element_width=&#8221;6&#8243; gap=&#8221;10&#8243; grid_id=&#8221;vc_gid:1728658594777-b5b305f8-d9a3-1&#8243; el_class=&#8221;imageGalleryMargin&#8221; include=&#8221;11203,11200,11197,11194&#8243;][vc_column_text]<iframe title=\"YouTube video player\" src=\"https:\/\/www.youtube.com\/embed\/lQMTTB8aWvY\" width=\"100%\" height=\"auto\" frameborder=\"0\" allowfullscreen=\"allowfullscreen\"><\/iframe><br \/>\n[\/vc_column_text][\/vc_column_inner][\/vc_row_inner][\/vc_tta_section][vc_tta_section title=&#8221;AUTOMOTRICES&#8221; tab_id=&#8221;1654517278530-028f2b32-5ad6&#8243;][vc_row_inner][vc_column_inner width=&#8221;2\/3&#8243;][vc_single_image image=&#8221;10303&#8243; img_size=&#8221;&#8221; css=&#8221;.vc_custom_1654188659361{margin-bottom: 10px !important;}&#8221;][vc_column_text el_class=&#8221;Download_Files_List&#8221; css=&#8221;.vc_custom_1723230450089{margin-bottom: 0px !important;}&#8221;]<a href=\"https:\/\/www.lucasg.com\/\" target=\"_blank\" rel=\"noopener\">lucasg.com<\/a>[\/vc_column_text][vc_custom_heading text=&#8221;AUTOMOTRICES&#8221; font_container=&#8221;tag:h1|text_align:left&#8221; google_fonts=&#8221;font_family:Poppins%3A300%2Cregular%2C500%2C600%2C700|font_style:400%20regular%3A400%3Anormal&#8221;][vc_column_text]AUTOSPIRE<\/p>\n<p>M\u00e1quinas automotrices para\u00a0cargar, transportar, cortar, mezclar y distribuir ensilado, mezclada con alimentos concentrados, sin desfibrar la mat\u00e9ria y seg\u00fan las dosis deseadas.\u00a0Trabajan a\u00a0eje mezclador vertical<strong>.<\/strong><\/p>\n<p>Uso:<\/p>\n<ul>\n<li>Desensilado por corte de todos los productos de silos horizontales: ma\u00edz, hierba, remolacha, etc.<\/li>\n<li>Carga y transporte de ensilado, pacas redondas o rectangulares<\/li>\n<li>Distribuci\u00f3n de paja en las zonas de reposo de los animales<\/li>\n<li>Mezcla con alimentos concentrados\u00a0granulados o fluidos para la alimentaci\u00f3n de los animales<\/li>\n<\/ul>\n<p>Especificaciones:<\/p>\n<ul>\n<li>Gama de capacidades de 12 y 14 m3 de 1 eje; 16 y 18 m3 de 2 ejes<\/li>\n<li>Motor Deutz diesel de 145 de 4 cilindros y 170 CV de 6 cilindros<\/li>\n<li>Joystick multifunci\u00f3n<\/li>\n<li>Pantalla de control t\u00e1ctil para acceso al consumo de combustible, velocidad de la fresa, diagn\u00f3stico en tiempo real de algunos componentes<\/li>\n<li>Sistema de pesaje en la cabina<\/li>\n<li>2 modos de velocidades, en trabajo (0 &#8211; 8 km\/h) y en movimiento (0-25 km\/h o 40 km\/h)<\/li>\n<li>Brazo de desensilado hasta la altura de 5 metros, con fresa de 200 cm de ancho y 61 cm de di\u00e1metro bidireccional<\/li>\n<li>Descarga a la altura de 77 cm, a\u00a0derecha o a izquierda, por cinta<\/li>\n<li>Unidad mezcladora de 6 cuchillas con transmisi\u00f3n de 3 velocidades<\/li>\n<li>2 ruedas motrices, 2 ruedas direccionales<\/li>\n<li>Suspensi\u00f3n delantera hidr\u00e1ulica, suspensi\u00f3n trasera de parab\u00f3licas<\/li>\n<li>Acceso f\u00e1cil a los \u00f3rganos de mantenimiento<\/li>\n<\/ul>\n<p>Opcionales:<\/p>\n<ul>\n<li>4 ruedas motrices<\/li>\n<li>4 ruedas direccionales<\/li>\n<\/ul>\n<p>[\/vc_column_text][\/vc_column_inner][vc_column_inner width=&#8221;1\/3&#8243;][vc_media_grid style=&#8221;lazy&#8221; element_width=&#8221;6&#8243; gap=&#8221;10&#8243; grid_id=&#8221;vc_gid:1728658594777-ee07c786-f5a7-6&#8243; el_class=&#8221;imageGalleryMargin&#8221; include=&#8221;11215,11212,11209,11206&#8243;][vc_column_text]<iframe title=\"YouTube video player\" src=\"https:\/\/www.youtube.com\/embed\/UI4ucLZRtVU\" width=\"100%\" height=\"auto\" frameborder=\"0\" allowfullscreen=\"allowfullscreen\"><\/iframe><br \/>\n[\/vc_column_text][\/vc_column_inner][\/vc_row_inner][\/vc_tta_section][\/vc_tta_tabs][\/vc_column][vc_column width=&#8221;1\/6&#8243;][vc_custom_heading icon=&#8221;stm-email2&#8243; icon_size=&#8221;40&#8243; stripe_pos=&#8221;hide&#8221; text=&#8221;Contacto&#8221; font_container=&#8221;tag:h4|font_size:23|text_align:left&#8221; google_fonts=&#8221;font_family:Poppins%3A300%2Cregular%2C500%2C600%2C700|font_style:400%20regular%3A400%3Anormal&#8221; css=&#8221;.vc_custom_1723230323592{margin-top: 0px !important;padding-top: 0px !important;}&#8221; el_class=&#8221;iconTitle&#8221;]\n<div class=\"wpcf7 no-js\" id=\"wpcf7-f12358-o1\" lang=\"es-ES\" dir=\"ltr\" data-wpcf7-id=\"12358\">\n<div class=\"screen-reader-response\"><p role=\"status\" aria-live=\"polite\" aria-atomic=\"true\"><\/p> <ul><\/ul><\/div>\n<form action=\"\/es\/wp-json\/wp\/v2\/pages\/11765#wpcf7-f12358-o1\" method=\"post\" class=\"wpcf7-form init\" aria-label=\"Formulario de contacto\" novalidate=\"novalidate\" data-status=\"init\">\n<div style=\"display: none;\">\n<input type=\"hidden\" name=\"_wpcf7\" value=\"12358\" \/>\n<input type=\"hidden\" name=\"_wpcf7_version\" value=\"6.0.6\" \/>\n<input type=\"hidden\" name=\"_wpcf7_locale\" value=\"es_ES\" \/>\n<input type=\"hidden\" name=\"_wpcf7_unit_tag\" value=\"wpcf7-f12358-o1\" \/>\n<input type=\"hidden\" name=\"_wpcf7_container_post\" value=\"0\" \/>\n<input type=\"hidden\" name=\"_wpcf7_posted_data_hash\" value=\"\" \/>\n<input type=\"hidden\" name=\"_wpcf7_recaptcha_response\" value=\"\" \/>\n<\/div>\n<div class=\"request_callback\">\n        <div class=\"input-group\">\n            <span class=\"wpcf7-form-control-wrap\" data-name=\"your-subject\"><input size=\"40\" maxlength=\"400\" class=\"wpcf7-form-control wpcf7-text wpcf7-validates-as-required\" aria-required=\"true\" aria-invalid=\"false\" placeholder=\"Sujeto *\" value=\"\" type=\"text\" name=\"your-subject\" \/><\/span>\n        <div class=\"input-group\">\n            <span class=\"wpcf7-form-control-wrap\" data-name=\"your-message\"><textarea cols=\"40\" rows=\"10\" maxlength=\"2000\" class=\"wpcf7-form-control wpcf7-textarea wpcf7-validates-as-required height100\" aria-required=\"true\" aria-invalid=\"false\" placeholder=\"Mensaje *\" name=\"your-message\"><\/textarea><\/span>\n        <div class=\"input-group\">\n            <span class=\"wpcf7-form-control-wrap\" data-name=\"your-company\"><input size=\"40\" maxlength=\"400\" class=\"wpcf7-form-control wpcf7-text\" aria-invalid=\"false\" placeholder=\"Empresa\" value=\"\" type=\"text\" name=\"your-company\" \/><\/span>      \n        <div class=\"input-group\">\n            <span class=\"wpcf7-form-control-wrap\" data-name=\"your-name\"><input size=\"40\" maxlength=\"400\" class=\"wpcf7-form-control wpcf7-text wpcf7-validates-as-required\" aria-required=\"true\" aria-invalid=\"false\" placeholder=\"Nombre *\" value=\"\" type=\"text\" name=\"your-name\" \/><\/span>\n        <div class=\"input-group\">\n            <span class=\"wpcf7-form-control-wrap\" data-name=\"your-loc\"><input size=\"40\" maxlength=\"400\" class=\"wpcf7-form-control wpcf7-text wpcf7-validates-as-required\" aria-required=\"true\" aria-invalid=\"false\" placeholder=\"Localidad *\" value=\"\" type=\"text\" name=\"your-loc\" \/><\/span>\n        <div class=\"input-group\">\n            <span class=\"wpcf7-form-control-wrap\" data-name=\"your-tel\"><input size=\"40\" maxlength=\"400\" class=\"wpcf7-form-control wpcf7-tel wpcf7-validates-as-required wpcf7-text wpcf7-validates-as-tel\" aria-required=\"true\" aria-invalid=\"false\" placeholder=\"Contacto *\" value=\"\" type=\"tel\" name=\"your-tel\" \/><\/span>       \n        <div class=\"input-group\">\n            <span class=\"wpcf7-form-control-wrap\" data-name=\"your-email\"><input size=\"40\" maxlength=\"400\" class=\"wpcf7-form-control wpcf7-email wpcf7-validates-as-required wpcf7-text wpcf7-validates-as-email\" aria-required=\"true\" aria-invalid=\"false\" placeholder=\"E-mail *\" value=\"\" type=\"email\" name=\"your-email\" \/><\/span>      \n        <\/div>\n        <div class=\"input-group\">\n            <button type=\"submit\" class=\"button size-lg icon_right\">Enviar<i class=\"fa fa-chevron-right\"><\/i><\/button>\n        <\/div>\n<\/div><div class=\"wpcf7-response-output\" aria-hidden=\"true\"><\/div>\n<\/form>\n<\/div>\n[\/vc_column][\/vc_row]<\/p>\n<\/section>","protected":false},"excerpt":{"rendered":"<p>[vc_row full_width=&#8221;stretch_row_content_no_spaces&#8221; css=&#8221;.vc_custom_1654158973046{margin-top: 0px !important;margin-right: 0px !important;margin-bottom: 73px !important;margin-left: 0px !important;border-bottom-width: 8px !important;border-bottom-color: #d80d1b !important;border-bottom-style: solid !important;}&#8221;][vc_column][rev_slider_vc alias=&#8221;slider-agricultura-12&#8243;][\/vc_column][\/vc_row][vc_row][vc_column width=&#8221;1\/6&#8243;][vc_custom_heading icon=&#8221;icon-agri-agricultura&#8221; icon_size=&#8221;40&#8243; stripe_pos=&#8221;hide&#8221; text=&#8221;Agricultura&#8221; font_container=&#8221;tag:h4|font_size:23|text_align:left&#8221; google_fonts=&#8221;font_family:Poppins%3A300%2Cregular%2C500%2C600%2C700|font_style:400%20regular%3A400%3Anormal&#8221; css=&#8221;.vc_custom_1723230354911{margin-top: 0px !important;padding-top: 0px !important;}&#8221; el_class=&#8221;iconTitle&#8221; link=&#8221;url:https%3A%2F%2Fagricortes.com%2Fes%2Fagricultura&#8221;][vc_raw_html]JTVCYmVsbG93cyUyMGNvbmZpZ19pZCUzRCUyMm1haW4lMjIlMjBtZW51JTNEJTIyMTE0JTIyJTVE[\/vc_raw_html][\/vc_column][vc_column width=&#8221;2\/3&#8243;][vc_tta_tabs spacing=&#8221;5&#8243; active_section=&#8221;1&#8243; el_class=&#8221;theme_style&#8221;][vc_tta_section title=&#8221;LUCAS&#8221; tab_id=&#8221;1653314755352-a90f6af0-ddaa1653561459394&#8243;][vc_row_inner][vc_column_inner width=&#8221;2\/3&#8243;][vc_single_image image=&#8221;11152&#8243; img_size=&#8221;&#8221; css=&#8221;.vc_custom_1654516348456{margin-bottom: 10px !important;}&#8221;][vc_column_text el_class=&#8221;Download_Files_List&#8221; css=&#8221;.vc_custom_1723230380259{margin-bottom: 0px !important;}&#8221;]lucasg.com[\/vc_column_text][vc_custom_heading text=&#8221;LUCAS&#8221; font_container=&#8221;tag:h1|text_align:left&#8221; google_fonts=&#8221;font_family:Poppins%3A300%2Cregular%2C500%2C600%2C700|font_style:400%20regular%3A400%3Anormal&#8221;][vc_column_text]Para distribuir forraje, sea para<\/p>\n","protected":false},"author":2,"featured_media":0,"parent":0,"menu_order":0,"comment_status":"closed","ping_status":"closed","template":"","meta":{"footnotes":""},"class_list":["post-11765","page","type-page","status-publish","hentry"],"aioseo_notices":[],"_links":{"self":[{"href":"https:\/\/agricortes.com\/es\/wp-json\/wp\/v2\/pages\/11765","targetHints":{"allow":["GET"]}}],"collection":[{"href":"https:\/\/agricortes.com\/es\/wp-json\/wp\/v2\/pages"}],"about":[{"href":"https:\/\/agricortes.com\/es\/wp-json\/wp\/v2\/types\/page"}],"author":[{"embeddable":true,"href":"https:\/\/agricortes.com\/es\/wp-json\/wp\/v2\/users\/2"}],"replies":[{"embeddable":true,"href":"https:\/\/agricortes.com\/es\/wp-json\/wp\/v2\/comments?post=11765"}],"version-history":[{"count":12,"href":"https:\/\/agricortes.com\/es\/wp-json\/wp\/v2\/pages\/11765\/revisions"}],"predecessor-version":[{"id":19943,"href":"https:\/\/agricortes.com\/es\/wp-json\/wp\/v2\/pages\/11765\/revisions\/19943"}],"wp:attachment":[{"href":"https:\/\/agricortes.com\/es\/wp-json\/wp\/v2\/media?parent=11765"}],"curies":[{"name":"wp","href":"https:\/\/api.w.org\/{rel}","templated":true}]}}