{"id":11785,"date":"2022-06-06T10:35:47","date_gmt":"2022-06-06T10:35:47","guid":{"rendered":"https:\/\/agricortes.com\/enfardadeiras-paksan\/"},"modified":"2022-06-30T16:41:09","modified_gmt":"2022-06-30T16:41:09","slug":"empacadoras-paksan","status":"publish","type":"page","link":"https:\/\/agricortes.com\/es\/empacadoras-paksan\/","title":{"rendered":"PAKSAN &#8211; Empacadoras"},"content":{"rendered":"<section class=\"wpb-content-wrapper\"><p>[vc_row full_width=&#8221;stretch_row_content_no_spaces&#8221; css=&#8221;.vc_custom_1654158973046{margin-top: 0px !important;margin-right: 0px !important;margin-bottom: 73px !important;margin-left: 0px !important;border-bottom-width: 8px !important;border-bottom-color: #d80d1b !important;border-bottom-style: solid !important;}&#8221;][vc_column][rev_slider_vc alias=&#8221;slider-agricultura-12&#8243;][\/vc_column][\/vc_row][vc_row][vc_column width=&#8221;1\/4&#8243;][vc_custom_heading icon=&#8221;icon-agri-agricultura&#8221; icon_size=&#8221;40&#8243; stripe_pos=&#8221;hide&#8221; text=&#8221;Agricultura&#8221; font_container=&#8221;tag:h4|font_size:23|text_align:left&#8221; google_fonts=&#8221;font_family:Poppins%3A300%2Cregular%2C500%2C600%2C700|font_style:400%20regular%3A400%3Anormal&#8221; css=&#8221;.vc_custom_1656601202103{margin-top: 0px !important;padding-top: 0px !important;}&#8221; el_class=&#8221;iconTitle&#8221;][vc_raw_html]JTVCYmVsbG93cyUyMGNvbmZpZ19pZCUzRCUyMm1haW4lMjIlMjBtZW51JTNEJTIyMTE0JTIyJTVE[\/vc_raw_html][\/vc_column][vc_column width=&#8221;3\/4&#8243;][vc_tta_tabs spacing=&#8221;5&#8243; active_section=&#8221;1&#8243; el_class=&#8221;theme_style&#8221;][vc_tta_section title=&#8221;PAKSAN&#8221; tab_id=&#8221;1653314755352-a90f6af0-ddaa1653561459394&#8243;][vc_row_inner][vc_column_inner width=&#8221;2\/3&#8243;][vc_single_image image=&#8221;11226&#8243; img_size=&#8221;&#8221; css=&#8221;.vc_custom_1654520680493{margin-bottom: 10px !important;}&#8221;][vc_column_text el_class=&#8221;Download_Files_List&#8221; css=&#8221;.vc_custom_1654521180316{margin-bottom: 0px !important;}&#8221;]<a href=\"https:\/\/www.paksanmakina.com.tr\/\" target=\"_blank\" rel=\"noopener\">https:\/\/www.paksanmakina.com.tr\/<\/a>[\/vc_column_text][vc_custom_heading text=&#8221;PAKSAN&#8221; font_container=&#8221;tag:h4|text_align:left&#8221; google_fonts=&#8221;font_family:Poppins%3A300%2Cregular%2C500%2C600%2C700|font_style:400%20regular%3A400%3Anormal&#8221;][vc_column_text]Paksan Makina es uno de los productores m\u00e1s importantes de empacadoras en Turqu\u00eda y el mundo, fundada por Ozhan Pak y sus socios en 1970. Se producen m\u00e1quinas de soldadura de robots, bancos de trabajo CNC, m\u00e1quinas de corte por l\u00e1ser, programa de dibujo solidworks y utilizando la \u00faltima tecnolog\u00eda, como m\u00e1quinas de clase mundial.[\/vc_column_text][\/vc_column_inner][vc_column_inner width=&#8221;1\/3&#8243;][vc_single_image image=&#8221;11229&#8243; img_size=&#8221;full&#8221; onclick=&#8221;link_image&#8221;][vc_column_text]<iframe title=\"YouTube video player\" src=\"https:\/\/www.youtube.com\/embed\/8TGdjl1RvPA\" width=\"100%\" height=\"auto\" frameborder=\"0\" allowfullscreen=\"allowfullscreen\"><\/iframe>[\/vc_column_text][\/vc_column_inner][\/vc_row_inner][\/vc_tta_section][vc_tta_section title=&#8221;EMPACADORAS PACAS RECTANGULARES&#8221; tab_id=&#8221;1653314755359-8c73aa7e-26781653561459394&#8243;][vc_row_inner][vc_column_inner width=&#8221;2\/3&#8243;][vc_single_image image=&#8221;11226&#8243; img_size=&#8221;&#8221; css=&#8221;.vc_custom_1654520898126{margin-bottom: 10px !important;}&#8221;][vc_column_text el_class=&#8221;Download_Files_List&#8221; css=&#8221;.vc_custom_1654521139317{margin-bottom: 0px !important;}&#8221;]<a href=\"https:\/\/www.paksanmakina.com.tr\/\" target=\"_blank\" rel=\"noopener\">https:\/\/www.paksanmakina.com.tr\/<\/a>[\/vc_column_text][vc_custom_heading text=&#8221;EMPACADORAS PACAS RECTANGULARES&#8221; font_container=&#8221;tag:h4|text_align:left&#8221; google_fonts=&#8221;font_family:Poppins%3A300%2Cregular%2C500%2C600%2C700|font_style:400%20regular%3A400%3Anormal&#8221;][vc_column_text]Gama profisional para<strong>\u00a0uso en campo abierto<\/strong>, en particular para los cereales secos (trigo, centeno y cebada).<\/p>\n<p>Dotada de serie con barra direccional hidr\u00e1ulica, pick-up hidr\u00e1ulico y\u00a0ventilaci\u00f3n de los\u00a0atadores.<\/p>\n<div class=\"table-responsive\">\n<table class=\"table\" style=\"background: #FFF;\">\n<thead>\n<tr style=\"background: #a32035; color: #ffffff;\">\n<td><small><strong>Modelo<\/strong><\/small><\/td>\n<td><small><strong>Super Yunus 3020<\/strong><\/small><\/td>\n<\/tr>\n<\/thead>\n<tbody>\n<tr>\n<td><small><strong>Tipo paca cil\u00edndrica<\/strong><\/small><\/td>\n<td><small>36 x 46 cm<\/small><\/td>\n<\/tr>\n<tr>\n<td><small><strong>Atadura<\/strong><\/small><\/td>\n<td><small>hilo<\/small><\/td>\n<\/tr>\n<tr>\n<td><small><strong>Ancho del pick-up<\/strong><\/small><\/td>\n<td><small>163 cm<\/small><\/td>\n<\/tr>\n<tr>\n<td><small><strong>Longitud de la paca<\/strong><\/small><\/td>\n<td><small>30 \u2013 140 cm<\/small><\/td>\n<\/tr>\n<tr>\n<td><small><strong>Peso paca m\u00e1x.<\/strong><\/small><\/td>\n<td><small>50 Kg<\/small><\/td>\n<\/tr>\n<tr>\n<td><small><strong>TDF<\/strong><\/small><\/td>\n<td><small>540 rpm<\/small><\/td>\n<\/tr>\n<tr>\n<td><small><strong>Pot\u00e9ncia requerida<\/strong><\/small><\/td>\n<td><small>70 Hp<\/small><\/td>\n<\/tr>\n<tr>\n<td><small><strong>Peso<\/strong><\/small><\/td>\n<td><small>2000 Kg<\/small><\/td>\n<\/tr>\n<\/tbody>\n<\/table>\n<\/div>\n<p>Vea tambi\u00e9n empacadoras ABBRIATA, BARFGAM y\u00a0LERDA.[\/vc_column_text][\/vc_column_inner][vc_column_inner width=&#8221;1\/3&#8243;][vc_media_grid style=&#8221;lazy&#8221; element_width=&#8221;6&#8243; gap=&#8221;10&#8243; grid_id=&#8221;vc_gid:1656607248238-beee9fb9-e763-9&#8243; include=&#8221;11241,11238,11235,11232&#8243; el_class=&#8221;imageGalleryMargin&#8221;][vc_column_text]<iframe title=\"YouTube video player\" src=\"https:\/\/www.youtube.com\/embed\/UFLHTJLae2U\" width=\"100%\" height=\"auto\" frameborder=\"0\" allowfullscreen=\"allowfullscreen\"><\/iframe>[\/vc_column_text][\/vc_column_inner][\/vc_row_inner][\/vc_tta_section][\/vc_tta_tabs][\/vc_column][\/vc_row]<\/p>\n<\/section>","protected":false},"excerpt":{"rendered":"<p>[vc_row full_width=&#8221;stretch_row_content_no_spaces&#8221; css=&#8221;.vc_custom_1654158973046{margin-top: 0px !important;margin-right: 0px !important;margin-bottom: 73px !important;margin-left: 0px !important;border-bottom-width: 8px !important;border-bottom-color: #d80d1b !important;border-bottom-style: solid !important;}&#8221;][vc_column][rev_slider_vc alias=&#8221;slider-agricultura-12&#8243;][\/vc_column][\/vc_row][vc_row][vc_column width=&#8221;1\/4&#8243;][vc_custom_heading icon=&#8221;icon-agri-agricultura&#8221; icon_size=&#8221;40&#8243; stripe_pos=&#8221;hide&#8221; text=&#8221;Agricultura&#8221; font_container=&#8221;tag:h4|font_size:23|text_align:left&#8221; google_fonts=&#8221;font_family:Poppins%3A300%2Cregular%2C500%2C600%2C700|font_style:400%20regular%3A400%3Anormal&#8221; css=&#8221;.vc_custom_1656601202103{margin-top: 0px !important;padding-top: 0px !important;}&#8221; el_class=&#8221;iconTitle&#8221;][vc_raw_html]JTVCYmVsbG93cyUyMGNvbmZpZ19pZCUzRCUyMm1haW4lMjIlMjBtZW51JTNEJTIyMTE0JTIyJTVE[\/vc_raw_html][\/vc_column][vc_column width=&#8221;3\/4&#8243;][vc_tta_tabs spacing=&#8221;5&#8243; active_section=&#8221;1&#8243; el_class=&#8221;theme_style&#8221;][vc_tta_section title=&#8221;PAKSAN&#8221; tab_id=&#8221;1653314755352-a90f6af0-ddaa1653561459394&#8243;][vc_row_inner][vc_column_inner width=&#8221;2\/3&#8243;][vc_single_image image=&#8221;11226&#8243; img_size=&#8221;&#8221; css=&#8221;.vc_custom_1654520680493{margin-bottom: 10px !important;}&#8221;][vc_column_text el_class=&#8221;Download_Files_List&#8221; css=&#8221;.vc_custom_1654521180316{margin-bottom: 0px !important;}&#8221;]https:\/\/www.paksanmakina.com.tr\/[\/vc_column_text][vc_custom_heading text=&#8221;PAKSAN&#8221; font_container=&#8221;tag:h4|text_align:left&#8221; google_fonts=&#8221;font_family:Poppins%3A300%2Cregular%2C500%2C600%2C700|font_style:400%20regular%3A400%3Anormal&#8221;][vc_column_text]Paksan Makina es uno de los<\/p>\n","protected":false},"author":2,"featured_media":0,"parent":0,"menu_order":0,"comment_status":"closed","ping_status":"closed","template":"","meta":{"footnotes":""},"class_list":["post-11785","page","type-page","status-publish","hentry"],"aioseo_notices":[],"_links":{"self":[{"href":"https:\/\/agricortes.com\/es\/wp-json\/wp\/v2\/pages\/11785","targetHints":{"allow":["GET"]}}],"collection":[{"href":"https:\/\/agricortes.com\/es\/wp-json\/wp\/v2\/pages"}],"about":[{"href":"https:\/\/agricortes.com\/es\/wp-json\/wp\/v2\/types\/page"}],"author":[{"embeddable":true,"href":"https:\/\/agricortes.com\/es\/wp-json\/wp\/v2\/users\/2"}],"replies":[{"embeddable":true,"href":"https:\/\/agricortes.com\/es\/wp-json\/wp\/v2\/comments?post=11785"}],"version-history":[{"count":6,"href":"https:\/\/agricortes.com\/es\/wp-json\/wp\/v2\/pages\/11785\/revisions"}],"predecessor-version":[{"id":11880,"href":"https:\/\/agricortes.com\/es\/wp-json\/wp\/v2\/pages\/11785\/revisions\/11880"}],"wp:attachment":[{"href":"https:\/\/agricortes.com\/es\/wp-json\/wp\/v2\/media?parent=11785"}],"curies":[{"name":"wp","href":"https:\/\/api.w.org\/{rel}","templated":true}]}}