{"id":11791,"date":"2022-06-06T11:01:47","date_gmt":"2022-06-06T11:01:47","guid":{"rendered":"https:\/\/agricortes.com\/volta-fenos-sitrex\/"},"modified":"2022-06-30T16:42:44","modified_gmt":"2022-06-30T16:42:44","slug":"rastrillos-hileradores-sitrex","status":"publish","type":"page","link":"https:\/\/agricortes.com\/es\/rastrillos-hileradores-sitrex\/","title":{"rendered":"SITREX &#8211; Rastrillos Hileradores"},"content":{"rendered":"<section class=\"wpb-content-wrapper\"><p>[vc_row full_width=&#8221;stretch_row_content_no_spaces&#8221; css=&#8221;.vc_custom_1654158973046{margin-top: 0px !important;margin-right: 0px !important;margin-bottom: 73px !important;margin-left: 0px !important;border-bottom-width: 8px !important;border-bottom-color: #d80d1b !important;border-bottom-style: solid !important;}&#8221;][vc_column][rev_slider_vc alias=&#8221;slider-agricultura-12&#8243;][\/vc_column][\/vc_row][vc_row][vc_column width=&#8221;1\/4&#8243;][vc_custom_heading icon=&#8221;icon-agri-agricultura&#8221; icon_size=&#8221;40&#8243; stripe_pos=&#8221;hide&#8221; text=&#8221;Agricultura&#8221; font_container=&#8221;tag:h4|font_size:23|text_align:left&#8221; google_fonts=&#8221;font_family:Poppins%3A300%2Cregular%2C500%2C600%2C700|font_style:400%20regular%3A400%3Anormal&#8221; css=&#8221;.vc_custom_1656601202103{margin-top: 0px !important;padding-top: 0px !important;}&#8221; el_class=&#8221;iconTitle&#8221;][vc_raw_html]JTVCYmVsbG93cyUyMGNvbmZpZ19pZCUzRCUyMm1haW4lMjIlMjBtZW51JTNEJTIyMTE0JTIyJTVE[\/vc_raw_html][\/vc_column][vc_column width=&#8221;3\/4&#8243;][vc_tta_tabs spacing=&#8221;5&#8243; active_section=&#8221;1&#8243; el_class=&#8221;theme_style&#8221;][vc_tta_section title=&#8221;SITREX&#8221; tab_id=&#8221;1653314755352-a90f6af0-ddaa1653561459394&#8243;][vc_row_inner][vc_column_inner width=&#8221;2\/3&#8243;][vc_single_image image=&#8221;11245&#8243; img_size=&#8221;&#8221; css=&#8221;.vc_custom_1654520977203{margin-bottom: 10px !important;}&#8221;][vc_column_text el_class=&#8221;Download_Files_List&#8221; css=&#8221;.vc_custom_1654520948549{margin-bottom: 0px !important;}&#8221;]<a href=\"https:\/\/www.sitrex.com\/\" target=\"_blank\" rel=\"noopener\">https:\/\/www.sitrex.com\/<\/a>[\/vc_column_text][vc_custom_heading text=&#8221;SITREX&#8221; font_container=&#8221;tag:h4|text_align:left&#8221; google_fonts=&#8221;font_family:Poppins%3A300%2Cregular%2C500%2C600%2C700|font_style:400%20regular%3A400%3Anormal&#8221;][vc_column_text]La empresa Sitrex fue fundada en 1970 por el Sr. Giovanni Signorelli, fundador y actual presidente, con la producci\u00f3n de maquinaria agr\u00edcola. La operaci\u00f3n ampli\u00f3 y export\u00f3 los primeros productos a pa\u00edses europeos, y luego a los EE.UU, Canad\u00e1, Australia. La compa\u00f1\u00eda se especializa en equipos forrajes y exporta el 98% de la producci\u00f3n a m\u00e1s de 60 pa\u00edses.[\/vc_column_text][\/vc_column_inner][vc_column_inner width=&#8221;1\/3&#8243;][\/vc_column_inner][\/vc_row_inner][\/vc_tta_section][vc_tta_section title=&#8221;RASTRILLOS HILERADORES ESTRELLAS&#8221; tab_id=&#8221;1653314755359-8c73aa7e-26781653561459394&#8243;][vc_row_inner][vc_column_inner width=&#8221;2\/3&#8243;][vc_single_image image=&#8221;11245&#8243; img_size=&#8221;&#8221; css=&#8221;.vc_custom_1654520977203{margin-bottom: 10px !important;}&#8221;][vc_column_text el_class=&#8221;Download_Files_List&#8221; css=&#8221;.vc_custom_1654520948549{margin-bottom: 0px !important;}&#8221;]<a href=\"https:\/\/www.sitrex.com\/\" target=\"_blank\" rel=\"noopener\">https:\/\/www.sitrex.com\/<\/a>[\/vc_column_text][vc_custom_heading text=&#8221;RASTRILLOS HILERADORES ESTRELLAS&#8221; font_container=&#8221;tag:h4|text_align:left&#8221; google_fonts=&#8221;font_family:Poppins%3A300%2Cregular%2C500%2C600%2C700|font_style:400%20regular%3A400%3Anormal&#8221;][vc_column_text]Rastrillo extremadamente simple y efi caz, ideal para cualquier tipo de forraje. El sistema\u00a0de muelles permite a las estrellas de adaptarse a cualquier tipo de\u00a0terreno con la justa presi\u00f3n sin perjudicar la calidad del forraje. Estrellas independientes e\u00a0intercambiables, montadas sobre cojinetes de rodillos c\u00f3nicos. Dientes de acero fl exible\u00a0de 7 mm de di\u00e1metro.<\/p>\n<div class=\"table-responsive\">\n<table class=\"table\" style=\"background: #FFF;\">\n<thead>\n<tr style=\"background: #a32035; color: #ffffff;\">\n<td><small><strong>Modelo<\/strong><\/small><\/td>\n<td><small><strong>RP4<\/strong><\/small><\/td>\n<\/tr>\n<\/thead>\n<tbody>\n<tr>\n<td><small><strong>Ancho de trabajo<\/strong><\/small><\/td>\n<td><small>2,60 \u2013 2,90 m<\/small><\/td>\n<\/tr>\n<tr>\n<td><small><strong>N\u00ba estrellas \/ muelas<\/strong><\/small><\/td>\n<td><small>4\/40<\/small><\/td>\n<\/tr>\n<tr>\n<td><small><strong>Di\u00e1metro estrella<\/strong><\/small><\/td>\n<td><small>1,55 m<\/small><\/td>\n<\/tr>\n<tr>\n<td><small><strong>Potencia requerida<\/strong><\/small><\/td>\n<td><small>30 Hp<\/small><\/td>\n<\/tr>\n<\/tbody>\n<\/table>\n<\/div>\n<p>M\u00e1s modelos bajo consulta.[\/vc_column_text][\/vc_column_inner][vc_column_inner width=&#8221;1\/3&#8243;][vc_media_grid style=&#8221;lazy&#8221; element_width=&#8221;6&#8243; gap=&#8221;10&#8243; grid_id=&#8221;vc_gid:1656607329552-5033501c-8cb5-8&#8243; include=&#8221;11254,11251,11248&#8243; el_class=&#8221;imageGalleryMargin&#8221;][\/vc_column_inner][\/vc_row_inner][\/vc_tta_section][\/vc_tta_tabs][\/vc_column][\/vc_row]<\/p>\n<\/section>","protected":false},"excerpt":{"rendered":"<p>[vc_row full_width=&#8221;stretch_row_content_no_spaces&#8221; css=&#8221;.vc_custom_1654158973046{margin-top: 0px !important;margin-right: 0px !important;margin-bottom: 73px !important;margin-left: 0px !important;border-bottom-width: 8px !important;border-bottom-color: #d80d1b !important;border-bottom-style: solid !important;}&#8221;][vc_column][rev_slider_vc alias=&#8221;slider-agricultura-12&#8243;][\/vc_column][\/vc_row][vc_row][vc_column width=&#8221;1\/4&#8243;][vc_custom_heading icon=&#8221;icon-agri-agricultura&#8221; icon_size=&#8221;40&#8243; stripe_pos=&#8221;hide&#8221; text=&#8221;Agricultura&#8221; font_container=&#8221;tag:h4|font_size:23|text_align:left&#8221; google_fonts=&#8221;font_family:Poppins%3A300%2Cregular%2C500%2C600%2C700|font_style:400%20regular%3A400%3Anormal&#8221; css=&#8221;.vc_custom_1656601202103{margin-top: 0px !important;padding-top: 0px !important;}&#8221; el_class=&#8221;iconTitle&#8221;][vc_raw_html]JTVCYmVsbG93cyUyMGNvbmZpZ19pZCUzRCUyMm1haW4lMjIlMjBtZW51JTNEJTIyMTE0JTIyJTVE[\/vc_raw_html][\/vc_column][vc_column width=&#8221;3\/4&#8243;][vc_tta_tabs spacing=&#8221;5&#8243; active_section=&#8221;1&#8243; el_class=&#8221;theme_style&#8221;][vc_tta_section title=&#8221;SITREX&#8221; tab_id=&#8221;1653314755352-a90f6af0-ddaa1653561459394&#8243;][vc_row_inner][vc_column_inner width=&#8221;2\/3&#8243;][vc_single_image image=&#8221;11245&#8243; img_size=&#8221;&#8221; css=&#8221;.vc_custom_1654520977203{margin-bottom: 10px !important;}&#8221;][vc_column_text el_class=&#8221;Download_Files_List&#8221; css=&#8221;.vc_custom_1654520948549{margin-bottom: 0px !important;}&#8221;]https:\/\/www.sitrex.com\/[\/vc_column_text][vc_custom_heading text=&#8221;SITREX&#8221; font_container=&#8221;tag:h4|text_align:left&#8221; google_fonts=&#8221;font_family:Poppins%3A300%2Cregular%2C500%2C600%2C700|font_style:400%20regular%3A400%3Anormal&#8221;][vc_column_text]La empresa Sitrex fue fundada en<\/p>\n","protected":false},"author":2,"featured_media":0,"parent":0,"menu_order":0,"comment_status":"closed","ping_status":"closed","template":"","meta":{"footnotes":""},"class_list":["post-11791","page","type-page","status-publish","hentry"],"aioseo_notices":[],"_links":{"self":[{"href":"https:\/\/agricortes.com\/es\/wp-json\/wp\/v2\/pages\/11791","targetHints":{"allow":["GET"]}}],"collection":[{"href":"https:\/\/agricortes.com\/es\/wp-json\/wp\/v2\/pages"}],"about":[{"href":"https:\/\/agricortes.com\/es\/wp-json\/wp\/v2\/types\/page"}],"author":[{"embeddable":true,"href":"https:\/\/agricortes.com\/es\/wp-json\/wp\/v2\/users\/2"}],"replies":[{"embeddable":true,"href":"https:\/\/agricortes.com\/es\/wp-json\/wp\/v2\/comments?post=11791"}],"version-history":[{"count":5,"href":"https:\/\/agricortes.com\/es\/wp-json\/wp\/v2\/pages\/11791\/revisions"}],"predecessor-version":[{"id":11881,"href":"https:\/\/agricortes.com\/es\/wp-json\/wp\/v2\/pages\/11791\/revisions\/11881"}],"wp:attachment":[{"href":"https:\/\/agricortes.com\/es\/wp-json\/wp\/v2\/media?parent=11791"}],"curies":[{"name":"wp","href":"https:\/\/api.w.org\/{rel}","templated":true}]}}