{"id":11797,"date":"2022-06-06T10:59:54","date_gmt":"2022-06-06T10:59:54","guid":{"rendered":"https:\/\/agricortes.com\/poda-varejad-campagnola\/"},"modified":"2025-01-01T22:26:30","modified_gmt":"2025-01-01T22:26:30","slug":"poda-varejad-campagnola","status":"publish","type":"page","link":"https:\/\/agricortes.com\/es\/poda-varejad-campagnola\/","title":{"rendered":"CAMPAGNOLA &#8211; Poda y Varejad."},"content":{"rendered":"<section class=\"wpb-content-wrapper\"><p>[vc_row full_width=&#8221;stretch_row_content_no_spaces&#8221; css=&#8221;.vc_custom_1654158973046{margin-top: 0px !important;margin-right: 0px !important;margin-bottom: 73px !important;margin-left: 0px !important;border-bottom-width: 8px !important;border-bottom-color: #d80d1b !important;border-bottom-style: solid !important;}&#8221;][vc_column][rev_slider_vc alias=&#8221;slider-agricultura-12&#8243;][\/vc_column][\/vc_row][vc_row][vc_column width=&#8221;1\/6&#8243;][vc_custom_heading icon=&#8221;icon-agri-agricultura&#8221; icon_size=&#8221;40&#8243; stripe_pos=&#8221;hide&#8221; text=&#8221;Agricultura&#8221; font_container=&#8221;tag:h4|font_size:23|text_align:left&#8221; google_fonts=&#8221;font_family:Poppins%3A300%2Cregular%2C500%2C600%2C700|font_style:400%20regular%3A400%3Anormal&#8221; css=&#8221;.vc_custom_1723230889520{margin-top: 0px !important;padding-top: 0px !important;}&#8221; el_class=&#8221;iconTitle&#8221; link=&#8221;url:https%3A%2F%2Fagricortes.com%2Fes%2Fagricultura&#8221;][vc_raw_html]JTVCYmVsbG93cyUyMGNvbmZpZ19pZCUzRCUyMm1haW4lMjIlMjBtZW51JTNEJTIyMTE0JTIyJTVE[\/vc_raw_html][\/vc_column][vc_column width=&#8221;2\/3&#8243;][vc_tta_tabs spacing=&#8221;5&#8243; active_section=&#8221;1&#8243; el_class=&#8221;theme_style&#8221;][vc_tta_section title=&#8221;CAMPAGNOLA&#8221; tab_id=&#8221;1653314755352-a90f6af0-ddaa1653561459394&#8243;][vc_row_inner][vc_column_inner width=&#8221;2\/3&#8243;][vc_single_image image=&#8221;11268&#8243; img_size=&#8221;&#8221; css=&#8221;.vc_custom_1654521452852{margin-bottom: 10px !important;}&#8221;][vc_column_text css=&#8221;.vc_custom_1735770297734{margin-bottom: 30px !important;}&#8221;]<a href=\"https:\/\/www.campagnola.es\" target=\"_blank\" rel=\"noopener\">campagnola.es<\/a><\/p>\n<p>Visita nuestra tienda online: <a href=\"https:\/\/shop.agricortes.com\" target=\"_blank\" rel=\"noopener\">shop.agricortes.com<\/a><\/p>\n<p>[\/vc_column_text][vc_custom_heading text=&#8221;CAMPAGNOLA&#8221; font_container=&#8221;tag:h1|text_align:left&#8221; google_fonts=&#8221;font_family:Poppins%3A300%2Cregular%2C500%2C600%2C700|font_style:400%20regular%3A400%3Anormal&#8221;][vc_column_text]Sistemas neum\u00e1ticos, electromec\u00e1nicos, endot\u00e9rmicos y manuales para la poda y la cosecha simplificadas.[\/vc_column_text][\/vc_column_inner][vc_column_inner width=&#8221;1\/3&#8243;][vc_column_text]<iframe title=\"YouTube video player\" src=\"https:\/\/www.youtube.com\/embed\/yCZFJN_vrN0\" width=\"100%\" height=\"auto\" frameborder=\"0\" allowfullscreen=\"allowfullscreen\"><\/iframe>[\/vc_column_text][\/vc_column_inner][\/vc_row_inner][\/vc_tta_section][vc_tta_section title=&#8221;PODA NEUM\u00c1TICA&#8221; tab_id=&#8221;1653314755359-8c73aa7e-26781653561459394&#8243;][vc_row_inner][vc_column_inner width=&#8221;2\/3&#8243;][vc_single_image image=&#8221;11268&#8243; img_size=&#8221;&#8221; css=&#8221;.vc_custom_1654521452852{margin-bottom: 10px !important;}&#8221;][vc_column_text css=&#8221;.vc_custom_1735770297734{margin-bottom: 30px !important;}&#8221;]<a href=\"https:\/\/www.campagnola.es\" target=\"_blank\" rel=\"noopener\">campagnola.es<\/a><\/p>\n<p>Visita nuestra tienda online: <a href=\"https:\/\/shop.agricortes.com\" target=\"_blank\" rel=\"noopener\">shop.agricortes.com<\/a><\/p>\n<p>[\/vc_column_text][vc_custom_heading text=&#8221;PODA NEUM\u00c1TICA&#8221; font_container=&#8221;tag:h1|text_align:left&#8221; google_fonts=&#8221;font_family:Poppins%3A300%2Cregular%2C500%2C600%2C700|font_style:400%20regular%3A400%3Anormal&#8221;][vc_column_text]Una excelente y calificada gama de equipos neum\u00e1ticos para poda.<\/p>\n<p><strong>Compresores<\/strong>\u00a0de enganche 3 puntos, de diferentes l\u00edneas y capacidades de acuerdo con la fuerza necesaria y el trabajo deseado.<\/p>\n<div class=\"table-responsive\">\n<table class=\"table\" style=\"background: #FFF;\">\n<thead>\n<tr style=\"background: #a32035; color: #ffffff;\">\n<td><small><strong>Modelo<\/strong><\/small><\/td>\n<td><small><strong>ECO PLUS 520\/25<\/strong><\/small><\/td>\n<td><small><strong>ECO PLUS 950\/25<\/strong><\/small><\/td>\n<td><small><strong>LION 940\/620<\/strong><\/small><\/td>\n<td><small><strong>MAMMUT 1000\/1000<\/strong><\/small><\/td>\n<\/tr>\n<\/thead>\n<tbody>\n<tr>\n<td><small><strong>Dep\u00f3sito<\/strong><\/small><\/td>\n<td><small>25 L horizontal<\/small><\/td>\n<td><small>25 L horizontal<\/small><\/td>\n<td><small>620 L horizontal<\/small><\/td>\n<td><small>1000 L vertical<\/small><\/td>\n<\/tr>\n<tr>\n<td><small><strong>Tijeras<\/strong><\/small><\/td>\n<td><small>5<\/small><\/td>\n<td><small>11<\/small><\/td>\n<td><small>12<\/small><\/td>\n<td><small>11<\/small><\/td>\n<\/tr>\n<tr>\n<td><strong>Cosechadores<\/strong><\/td>\n<td><small>2<\/small><\/td>\n<td><small>4<\/small><\/td>\n<td><small>4<\/small><\/td>\n<td><small>4<\/small><\/td>\n<\/tr>\n<tr>\n<td><strong>Podadores<\/strong><\/td>\n<td><small>1<\/small><\/td>\n<td><small>1<\/small><\/td>\n<td><small>1-2<\/small><\/td>\n<td><small>1<\/small><\/td>\n<\/tr>\n<\/tbody>\n<\/table>\n<\/div>\n<p><strong>M<\/strong><strong>otocompresores\u00a0<\/strong>con motorizaciones diversas, port\u00e1tiles, el\u00e9ctricos o de combusti\u00f3n.<\/p>\n<div class=\"table-responsive\">\n<table class=\"table\" style=\"background: #FFF;\">\n<thead>\n<tr style=\"background: #a32035; color: #ffffff;\">\n<td><small><strong>Modelo<\/strong><\/small><\/td>\n<td><small><strong>FALCON 245<\/strong><\/small><\/td>\n<td><small><strong>MC 550 \/ MC 650<\/strong><\/small><\/td>\n<td><small><strong>MC 460 \/ MC 550 automotriz<\/strong><\/small><\/td>\n<td><small><strong>MC 950 automotriz<\/strong><\/small><\/td>\n<\/tr>\n<\/thead>\n<tbody>\n<tr>\n<td><small><strong>Dep\u00f3sito<\/strong><\/small><\/td>\n<td><small>4<\/small><\/td>\n<td><small>11+11<\/small><\/td>\n<td><small>14<\/small><\/td>\n<td><small>25<\/small><\/td>\n<\/tr>\n<tr>\n<td><small><strong>Tijeras<\/strong><\/small><\/td>\n<td><small>2<\/small><\/td>\n<td><small>4 &#8211; 5<\/small><\/td>\n<td><small>4<\/small><\/td>\n<td><small>7<\/small><\/td>\n<\/tr>\n<tr>\n<td><strong>Cosechadores<\/strong><\/td>\n<td><small>1<\/small><\/td>\n<td><small>3<\/small><\/td>\n<td><small>2 &#8211; 3<\/small><\/td>\n<td><small>3 &#8211; 4<\/small><\/td>\n<\/tr>\n<tr>\n<td><strong>Podadores<\/strong><\/td>\n<td><small>&#8211;<\/small><\/td>\n<td><small>1<\/small><\/td>\n<td><small>1<\/small><\/td>\n<td><small>1<\/small><\/td>\n<\/tr>\n<\/tbody>\n<\/table>\n<\/div>\n<p><strong>Accesorios<\/strong>\u00a0diversos:<\/p>\n<ul>\n<li>Tijeras para frutales<\/li>\n<li>Tijeras para la vi\u00f1a<\/li>\n<li>Tijeras con alargadoras<\/li>\n<li>Tijeras para todo\u00a0el tipo de podas<\/li>\n<li>Sierras con cadenas<\/li>\n<li>Cortasetos<\/li>\n<li>Desbrozadoras<\/li>\n<li>Esquiladoras<\/li>\n<li>Vibradoras<\/li>\n<li>Portamangueras enrollables<\/li>\n<li>Mangueras<\/li>\n<li>Alargadoras normales y telesc\u00f3picas<\/li>\n<li>Etc.<\/li>\n<\/ul>\n<p>[\/vc_column_text][\/vc_column_inner][vc_column_inner width=&#8221;1\/3&#8243;][vc_media_grid style=&#8221;lazy&#8221; element_width=&#8221;6&#8243; gap=&#8221;10&#8243; grid_id=&#8221;vc_gid:1735770350724-8f091f9d-b9b7-10&#8243; include=&#8221;11307,11304,11301,11298&#8243; el_class=&#8221;imageGalleryMargin&#8221;][vc_column_text]<iframe title=\"YouTube video player\" src=\"https:\/\/www.youtube.com\/embed\/DPzRip6Of0c\" width=\"100%\" height=\"auto\" frameborder=\"0\" allowfullscreen=\"allowfullscreen\"><\/iframe>[\/vc_column_text][\/vc_column_inner][\/vc_row_inner][\/vc_tta_section][vc_tta_section title=&#8221;PODA ELECTROMEC\u00c1NICA&#8221; tab_id=&#8221;1653579033964-58ea2ebe-3846&#8243;][vc_row_inner][vc_column_inner width=&#8221;2\/3&#8243;][vc_single_image image=&#8221;11268&#8243; img_size=&#8221;&#8221; css=&#8221;.vc_custom_1654521452852{margin-bottom: 10px !important;}&#8221;][vc_column_text css=&#8221;.vc_custom_1735770297734{margin-bottom: 30px !important;}&#8221;]<a href=\"https:\/\/www.campagnola.es\" target=\"_blank\" rel=\"noopener\">campagnola.es<\/a><\/p>\n<p>Visita nuestra tienda online: <a href=\"https:\/\/shop.agricortes.com\" target=\"_blank\" rel=\"noopener\">shop.agricortes.com<\/a><\/p>\n<p>[\/vc_column_text][vc_custom_heading text=&#8221;PODA ELECTROMEC\u00c1NICA&#8221; font_container=&#8221;tag:h1|text_align:left&#8221; google_fonts=&#8221;font_family:Poppins%3A300%2Cregular%2C500%2C600%2C700|font_style:400%20regular%3A400%3Anormal&#8221;][vc_column_text]Una excelente y calificada gama de equipos electromec\u00e1nicos para la poda.<\/p>\n<p>Gracias a la nueva generaci\u00f3n de tijeras, que solucionan con mucha eficacia todos los problemas relacionados con la poda, es permitido al usuario un trabajo de m\u00e1xima seguridad, gran independencia y libertad de movimiento en zonas de pendientes o de monta\u00f1a. De herramientas pr\u00e1cticas, simples en su utilizaci\u00f3n y extremadamente eficaces, se pueden alimentar por medio de peque\u00f1as y ligeras bater\u00edas de litio-pol\u00edmero, llevadas en los hombros por el operario, o bien por medio de un bater\u00eda de coche de 12 V.<\/p>\n<p>El kit es compuesto por:<\/p>\n<ul>\n<li>Tijera<\/li>\n<li>Electr\u00f3nica<\/li>\n<li>Bater\u00eda de litio<\/li>\n<li>Mochila porta-bater\u00eda<\/li>\n<li>Cargador bater\u00eda<\/li>\n<li>Maleta de transporte<\/li>\n<\/ul>\n<p>[\/vc_column_text][\/vc_column_inner][vc_column_inner width=&#8221;1\/3&#8243;][vc_media_grid style=&#8221;lazy&#8221; element_width=&#8221;6&#8243; gap=&#8221;10&#8243; grid_id=&#8221;vc_gid:1735770350725-7b9a73ad-84a0-0&#8243; include=&#8221;11319,11316,11313,11310&#8243; el_class=&#8221;imageGalleryMargin&#8221;][vc_column_text]<iframe title=\"YouTube video player\" src=\"https:\/\/www.youtube.com\/embed\/XFGIQeBmza0\" width=\"100%\" height=\"auto\" frameborder=\"0\" allowfullscreen=\"allowfullscreen\"><\/iframe>[\/vc_column_text][\/vc_column_inner][\/vc_row_inner][\/vc_tta_section][vc_tta_section title=&#8221;COSECHADORES NEUM\u00c1TICOS&#8221; tab_id=&#8221;1653581106118-6fd6083c-4f2a&#8221;][vc_row_inner][vc_column_inner width=&#8221;2\/3&#8243;][vc_single_image image=&#8221;11268&#8243; img_size=&#8221;&#8221; css=&#8221;.vc_custom_1654521452852{margin-bottom: 10px !important;}&#8221;][vc_column_text css=&#8221;.vc_custom_1735770297734{margin-bottom: 30px !important;}&#8221;]<a href=\"https:\/\/www.campagnola.es\" target=\"_blank\" rel=\"noopener\">campagnola.es<\/a><\/p>\n<p>Visita nuestra tienda online: <a href=\"https:\/\/shop.agricortes.com\" target=\"_blank\" rel=\"noopener\">shop.agricortes.com<\/a><\/p>\n<p>[\/vc_column_text][vc_custom_heading text=&#8221;COSECHADORES NEUM\u00c1TICOS&#8221; font_container=&#8221;tag:h1|text_align:left&#8221; google_fonts=&#8221;font_family:Poppins%3A300%2Cregular%2C500%2C600%2C700|font_style:400%20regular%3A400%3Anormal&#8221;][vc_column_text]Una excelente y calificada gama de equipos neum\u00e1ticos para la<strong>\u00a0<\/strong>cosecha\u00a0de la aceituna o ar\u00e1ndanos:<\/p>\n<ul>\n<li>Compresores de enganche 3 puntos, de diferentes l\u00edneas y capacidades de acuerdo con la fuerza necesaria y el trabajo deseado.<\/li>\n<li>Motocompresores con motorizaciones diversas y port\u00e1tiles.<\/li>\n<li>Peine doble<\/li>\n<li>Alargadoras fijas o telesc\u00f3picas<\/li>\n<li>Acessorios diversos (tijeras, sierras con cadena, etc.)<\/li>\n<\/ul>\n<p>[\/vc_column_text][\/vc_column_inner][vc_column_inner width=&#8221;1\/3&#8243;][vc_media_grid style=&#8221;lazy&#8221; element_width=&#8221;6&#8243; gap=&#8221;10&#8243; grid_id=&#8221;vc_gid:1735770350725-002a722c-0de6-6&#8243; el_class=&#8221;imageGalleryMargin&#8221; include=&#8221;11283,11280,11277,11274&#8243;][vc_column_text]<iframe title=\"YouTube video player\" src=\"https:\/\/www.youtube.com\/embed\/Qi_Ah3ot6gY\" width=\"100%\" height=\"auto\" frameborder=\"0\" allowfullscreen=\"allowfullscreen\"><\/iframe>[\/vc_column_text][vc_column_text]<iframe title=\"YouTube video player\" src=\"https:\/\/www.youtube.com\/embed\/FaY0kdWbYwE\" width=\"100%\" height=\"auto\" frameborder=\"0\" allowfullscreen=\"allowfullscreen\"><\/iframe>[\/vc_column_text][\/vc_column_inner][\/vc_row_inner][\/vc_tta_section][vc_tta_section title=&#8221;COSECHADORES ELECTROMEC\u00c1NICOS&#8221; tab_id=&#8221;1654521580168-1fd917b0-0bd4&#8243;][vc_row_inner][vc_column_inner width=&#8221;2\/3&#8243;][vc_single_image image=&#8221;11268&#8243; img_size=&#8221;&#8221; css=&#8221;.vc_custom_1654521452852{margin-bottom: 10px !important;}&#8221;][vc_column_text css=&#8221;.vc_custom_1735770297734{margin-bottom: 30px !important;}&#8221;]<a href=\"https:\/\/www.campagnola.es\" target=\"_blank\" rel=\"noopener\">campagnola.es<\/a><\/p>\n<p>Visita nuestra tienda online: <a href=\"https:\/\/shop.agricortes.com\" target=\"_blank\" rel=\"noopener\">shop.agricortes.com<\/a><\/p>\n<p>[\/vc_column_text][vc_custom_heading text=&#8221;COSECHADORES ELECTROMEC\u00c1NICOS&#8221; font_container=&#8221;tag:h1|text_align:left&#8221; google_fonts=&#8221;font_family:Poppins%3A300%2Cregular%2C500%2C600%2C700|font_style:400%20regular%3A400%3Anormal&#8221;][vc_column_text]Una excelente y calificada gama de equipos electromec\u00e1nicos para la cosecha de aceituna<strong>:<\/strong><\/p>\n<p>Gracias a la nueva generaci\u00f3n de cosechadores electromec\u00e1nicos, que solucionan con mucha eficacia todos los problemas relacionados con la cosecha de aceitunas, es permitido al usuario un trabajo de m\u00e1xima seguridad, gran independencia y libertad de movimiento en zonas de pendientes o de monta\u00f1a. De herramientas pr\u00e1cticas, simples en su utilizaci\u00f3n y extremadamente eficaces, se pueden alimentar por medio de peque\u00f1as y ligeras bater\u00edas de litio-pol\u00edmero, llevadas en los hombros por el operario, o bien por medio de un bater\u00eda de coche de 12 V.<\/p>\n<p>El\u00a0<strong>equipo base<\/strong>\u00a0se compone de:<\/p>\n<ul>\n<li>Peine<\/li>\n<li>Unidad de potencia 12 V<\/li>\n<li>Alargadora telesc\u00f3pica<\/li>\n<\/ul>\n<p><strong>Cosechadoras para conexi\u00f3n a una bater\u00eda de un tractor o veh\u00edculo<\/strong>, equipan:<br \/>\n&#8211;\u00a0Equipo base<br \/>\n&#8211; Cable de 15 mt para conectar la bater\u00eda externa<\/p>\n<p><strong>Cosechadoras en pack de cuestas ergon\u00f3mico <\/strong>, equipan:<br \/>\n&#8211;\u00a0Equipo base<br \/>\n&#8211; Bater\u00eda de 8h, 600W<br \/>\n&#8211; Cargador<br \/>\n&#8211; Mochila<br \/>\n&#8211; Cable de 15 mt[\/vc_column_text][\/vc_column_inner][vc_column_inner width=&#8221;1\/3&#8243;][vc_media_grid style=&#8221;lazy&#8221; element_width=&#8221;6&#8243; gap=&#8221;10&#8243; grid_id=&#8221;vc_gid:1735770350726-9fb6fb35-be55-1&#8243; el_class=&#8221;imageGalleryMargin&#8221; include=&#8221;11295,11292,11289,11286&#8243;][\/vc_column_inner][\/vc_row_inner][\/vc_tta_section][\/vc_tta_tabs][\/vc_column][vc_column width=&#8221;1\/6&#8243;][vc_custom_heading icon=&#8221;stm-email2&#8243; icon_size=&#8221;40&#8243; stripe_pos=&#8221;hide&#8221; text=&#8221;Contacto&#8221; font_container=&#8221;tag:h4|font_size:23|text_align:left&#8221; google_fonts=&#8221;font_family:Poppins%3A300%2Cregular%2C500%2C600%2C700|font_style:400%20regular%3A400%3Anormal&#8221; css=&#8221;.vc_custom_1723230872641{margin-top: 0px !important;padding-top: 0px !important;}&#8221; el_class=&#8221;iconTitle&#8221;]\n<div class=\"wpcf7 no-js\" id=\"wpcf7-f12358-o1\" lang=\"es-ES\" dir=\"ltr\" data-wpcf7-id=\"12358\">\n<div class=\"screen-reader-response\"><p role=\"status\" aria-live=\"polite\" aria-atomic=\"true\"><\/p> <ul><\/ul><\/div>\n<form action=\"\/es\/wp-json\/wp\/v2\/pages\/11797#wpcf7-f12358-o1\" method=\"post\" class=\"wpcf7-form init\" aria-label=\"Formulario de contacto\" novalidate=\"novalidate\" data-status=\"init\">\n<div style=\"display: none;\">\n<input type=\"hidden\" name=\"_wpcf7\" value=\"12358\" \/>\n<input type=\"hidden\" name=\"_wpcf7_version\" value=\"6.0.6\" \/>\n<input type=\"hidden\" name=\"_wpcf7_locale\" value=\"es_ES\" \/>\n<input type=\"hidden\" name=\"_wpcf7_unit_tag\" value=\"wpcf7-f12358-o1\" \/>\n<input type=\"hidden\" name=\"_wpcf7_container_post\" value=\"0\" \/>\n<input type=\"hidden\" name=\"_wpcf7_posted_data_hash\" value=\"\" \/>\n<input type=\"hidden\" name=\"_wpcf7_recaptcha_response\" value=\"\" \/>\n<\/div>\n<div class=\"request_callback\">\n        <div class=\"input-group\">\n            <span class=\"wpcf7-form-control-wrap\" data-name=\"your-subject\"><input size=\"40\" maxlength=\"400\" class=\"wpcf7-form-control wpcf7-text wpcf7-validates-as-required\" aria-required=\"true\" aria-invalid=\"false\" placeholder=\"Sujeto *\" value=\"\" type=\"text\" name=\"your-subject\" \/><\/span>\n        <div class=\"input-group\">\n            <span class=\"wpcf7-form-control-wrap\" data-name=\"your-message\"><textarea cols=\"40\" rows=\"10\" maxlength=\"2000\" class=\"wpcf7-form-control wpcf7-textarea wpcf7-validates-as-required height100\" aria-required=\"true\" aria-invalid=\"false\" placeholder=\"Mensaje *\" name=\"your-message\"><\/textarea><\/span>\n        <div class=\"input-group\">\n            <span class=\"wpcf7-form-control-wrap\" data-name=\"your-company\"><input size=\"40\" maxlength=\"400\" class=\"wpcf7-form-control wpcf7-text\" aria-invalid=\"false\" placeholder=\"Empresa\" value=\"\" type=\"text\" name=\"your-company\" \/><\/span>      \n        <div class=\"input-group\">\n            <span class=\"wpcf7-form-control-wrap\" data-name=\"your-name\"><input size=\"40\" maxlength=\"400\" class=\"wpcf7-form-control wpcf7-text wpcf7-validates-as-required\" aria-required=\"true\" aria-invalid=\"false\" placeholder=\"Nombre *\" value=\"\" type=\"text\" name=\"your-name\" \/><\/span>\n        <div class=\"input-group\">\n            <span class=\"wpcf7-form-control-wrap\" data-name=\"your-loc\"><input size=\"40\" maxlength=\"400\" class=\"wpcf7-form-control wpcf7-text wpcf7-validates-as-required\" aria-required=\"true\" aria-invalid=\"false\" placeholder=\"Localidad *\" value=\"\" type=\"text\" name=\"your-loc\" \/><\/span>\n        <div class=\"input-group\">\n            <span class=\"wpcf7-form-control-wrap\" data-name=\"your-tel\"><input size=\"40\" maxlength=\"400\" class=\"wpcf7-form-control wpcf7-tel wpcf7-validates-as-required wpcf7-text wpcf7-validates-as-tel\" aria-required=\"true\" aria-invalid=\"false\" placeholder=\"Contacto *\" value=\"\" type=\"tel\" name=\"your-tel\" \/><\/span>       \n        <div class=\"input-group\">\n            <span class=\"wpcf7-form-control-wrap\" data-name=\"your-email\"><input size=\"40\" maxlength=\"400\" class=\"wpcf7-form-control wpcf7-email wpcf7-validates-as-required wpcf7-text wpcf7-validates-as-email\" aria-required=\"true\" aria-invalid=\"false\" placeholder=\"E-mail *\" value=\"\" type=\"email\" name=\"your-email\" \/><\/span>      \n        <\/div>\n        <div class=\"input-group\">\n            <button type=\"submit\" class=\"button size-lg icon_right\">Enviar<i class=\"fa fa-chevron-right\"><\/i><\/button>\n        <\/div>\n<\/div><div class=\"wpcf7-response-output\" aria-hidden=\"true\"><\/div>\n<\/form>\n<\/div>\n[\/vc_column][\/vc_row]<\/p>\n<\/section>","protected":false},"excerpt":{"rendered":"<p>[vc_row full_width=&#8221;stretch_row_content_no_spaces&#8221; css=&#8221;.vc_custom_1654158973046{margin-top: 0px !important;margin-right: 0px !important;margin-bottom: 73px !important;margin-left: 0px !important;border-bottom-width: 8px !important;border-bottom-color: #d80d1b !important;border-bottom-style: solid !important;}&#8221;][vc_column][rev_slider_vc alias=&#8221;slider-agricultura-12&#8243;][\/vc_column][\/vc_row][vc_row][vc_column width=&#8221;1\/6&#8243;][vc_custom_heading icon=&#8221;icon-agri-agricultura&#8221; icon_size=&#8221;40&#8243; stripe_pos=&#8221;hide&#8221; text=&#8221;Agricultura&#8221; font_container=&#8221;tag:h4|font_size:23|text_align:left&#8221; google_fonts=&#8221;font_family:Poppins%3A300%2Cregular%2C500%2C600%2C700|font_style:400%20regular%3A400%3Anormal&#8221; css=&#8221;.vc_custom_1723230889520{margin-top: 0px !important;padding-top: 0px !important;}&#8221; el_class=&#8221;iconTitle&#8221; link=&#8221;url:https%3A%2F%2Fagricortes.com%2Fes%2Fagricultura&#8221;][vc_raw_html]JTVCYmVsbG93cyUyMGNvbmZpZ19pZCUzRCUyMm1haW4lMjIlMjBtZW51JTNEJTIyMTE0JTIyJTVE[\/vc_raw_html][\/vc_column][vc_column width=&#8221;2\/3&#8243;][vc_tta_tabs spacing=&#8221;5&#8243; active_section=&#8221;1&#8243; el_class=&#8221;theme_style&#8221;][vc_tta_section title=&#8221;CAMPAGNOLA&#8221; tab_id=&#8221;1653314755352-a90f6af0-ddaa1653561459394&#8243;][vc_row_inner][vc_column_inner width=&#8221;2\/3&#8243;][vc_single_image image=&#8221;11268&#8243; img_size=&#8221;&#8221; css=&#8221;.vc_custom_1654521452852{margin-bottom: 10px !important;}&#8221;][vc_column_text css=&#8221;.vc_custom_1735770297734{margin-bottom: 30px !important;}&#8221;]campagnola.es Visita nuestra tienda online: shop.agricortes.com [\/vc_column_text][vc_custom_heading text=&#8221;CAMPAGNOLA&#8221; font_container=&#8221;tag:h1|text_align:left&#8221;<\/p>\n","protected":false},"author":2,"featured_media":0,"parent":0,"menu_order":0,"comment_status":"closed","ping_status":"closed","template":"","meta":{"footnotes":""},"class_list":["post-11797","page","type-page","status-publish","hentry"],"aioseo_notices":[],"_links":{"self":[{"href":"https:\/\/agricortes.com\/es\/wp-json\/wp\/v2\/pages\/11797","targetHints":{"allow":["GET"]}}],"collection":[{"href":"https:\/\/agricortes.com\/es\/wp-json\/wp\/v2\/pages"}],"about":[{"href":"https:\/\/agricortes.com\/es\/wp-json\/wp\/v2\/types\/page"}],"author":[{"embeddable":true,"href":"https:\/\/agricortes.com\/es\/wp-json\/wp\/v2\/users\/2"}],"replies":[{"embeddable":true,"href":"https:\/\/agricortes.com\/es\/wp-json\/wp\/v2\/comments?post=11797"}],"version-history":[{"count":10,"href":"https:\/\/agricortes.com\/es\/wp-json\/wp\/v2\/pages\/11797\/revisions"}],"predecessor-version":[{"id":20246,"href":"https:\/\/agricortes.com\/es\/wp-json\/wp\/v2\/pages\/11797\/revisions\/20246"}],"wp:attachment":[{"href":"https:\/\/agricortes.com\/es\/wp-json\/wp\/v2\/media?parent=11797"}],"curies":[{"name":"wp","href":"https:\/\/api.w.org\/{rel}","templated":true}]}}