{"id":11804,"date":"2022-06-06T11:09:31","date_gmt":"2022-06-06T11:09:31","guid":{"rendered":"https:\/\/agricortes.com\/colheita-hortech\/"},"modified":"2023-03-21T12:31:44","modified_gmt":"2023-03-21T12:31:44","slug":"colheita-hortech","status":"publish","type":"page","link":"https:\/\/agricortes.com\/es\/colheita-hortech\/","title":{"rendered":"HORTECH &#8211; Cosecha"},"content":{"rendered":"<section class=\"wpb-content-wrapper\"><p>[vc_row full_width=&#8221;stretch_row_content_no_spaces&#8221; css=&#8221;.vc_custom_1654158973046{margin-top: 0px !important;margin-right: 0px !important;margin-bottom: 73px !important;margin-left: 0px !important;border-bottom-width: 8px !important;border-bottom-color: #d80d1b !important;border-bottom-style: solid !important;}&#8221;][vc_column][rev_slider_vc alias=&#8221;slider-agricultura-12&#8243;][\/vc_column][\/vc_row][vc_row][vc_column width=&#8221;1\/4&#8243;][vc_custom_heading icon=&#8221;icon-agri-agricultura&#8221; icon_size=&#8221;40&#8243; stripe_pos=&#8221;hide&#8221; text=&#8221;Agricultura&#8221; font_container=&#8221;tag:h4|font_size:23|text_align:left&#8221; google_fonts=&#8221;font_family:Poppins%3A300%2Cregular%2C500%2C600%2C700|font_style:400%20regular%3A400%3Anormal&#8221; css=&#8221;.vc_custom_1656601202103{margin-top: 0px !important;padding-top: 0px !important;}&#8221; el_class=&#8221;iconTitle&#8221;][vc_raw_html]JTVCYmVsbG93cyUyMGNvbmZpZ19pZCUzRCUyMm1haW4lMjIlMjBtZW51JTNEJTIyMTE0JTIyJTVE[\/vc_raw_html][\/vc_column][vc_column width=&#8221;3\/4&#8243;][vc_tta_tabs spacing=&#8221;5&#8243; active_section=&#8221;1&#8243; el_class=&#8221;theme_style&#8221;][vc_tta_section title=&#8221;HORTECH&#8221; tab_id=&#8221;1653314755352-a90f6af0-ddaa1653561459394&#8243;][vc_row_inner][vc_column_inner width=&#8221;2\/3&#8243;][vc_single_image image=&#8221;11324&#8243; img_size=&#8221;&#8221; css=&#8221;.vc_custom_1654521515490{margin-bottom: 10px !important;}&#8221;][vc_column_text el_class=&#8221;Download_Files_List&#8221; css=&#8221;.vc_custom_1679401897343{margin-bottom: 0px !important;}&#8221;]<a href=\"https:\/\/www.hortech.it\/es\/\" target=\"_blank\" rel=\"noopener\">https:\/\/www.hortech.it\/es<\/a>[\/vc_column_text][vc_custom_heading text=&#8221;HORTECH&#8221; font_container=&#8221;tag:h4|text_align:left&#8221; google_fonts=&#8221;font_family:Poppins%3A300%2Cregular%2C500%2C600%2C700|font_style:400%20regular%3A400%3Anormal&#8221;][vc_column_text]Nace de la fusi\u00f3n de dos prestigiosos l\u00edderes en la producci\u00f3n de tecnolog\u00eda para la horticultura: MAS y HORTUS que, a lo largo de los a\u00f1os, han obtenido \u00e9xito y reconocimiento a nivel mundial, por las numerosas innovaciones tecnol\u00f3gicas aportadas a la mecanizaci\u00f3n del sector de horticultura.<\/p>\n<p>HORTECH tiene una gama completa de equipos para la horticultura: desde la preparaci\u00f3n del terreno a la siembra- trasplante, desde la protecci\u00f3n de la planta a la recolecci\u00f3n integral del producto.<\/p>\n<p>Vea m\u00e1s en \u201cAGRICULTURA SUELO\u201d.[\/vc_column_text][\/vc_column_inner][vc_column_inner width=&#8221;1\/3&#8243;][vc_column_text]<iframe title=\"YouTube video player\" src=\"https:\/\/www.youtube.com\/embed\/TtvCpvMr-bU\" width=\"100%\" height=\"auto\" frameborder=\"0\" allowfullscreen=\"allowfullscreen\"><\/iframe>[\/vc_column_text][\/vc_column_inner][\/vc_row_inner][\/vc_tta_section][vc_tta_section title=&#8221;COSECHADORA&#8221; tab_id=&#8221;1653314755359-8c73aa7e-26781653561459394&#8243;][vc_row_inner][vc_column_inner width=&#8221;2\/3&#8243;][vc_single_image image=&#8221;11324&#8243; img_size=&#8221;&#8221; css=&#8221;.vc_custom_1654521808292{margin-bottom: 10px !important;}&#8221;][vc_column_text el_class=&#8221;Download_Files_List&#8221; css=&#8221;.vc_custom_1679401838941{margin-bottom: 0px !important;}&#8221;]<a href=\"https:\/\/www.hortech.it\/es\/\" target=\"_blank\" rel=\"noopener\">https:\/\/www.hortech.it\/es<\/a>[\/vc_column_text][vc_custom_heading text=&#8221;COSECHADORA&#8221; font_container=&#8221;tag:h4|text_align:left&#8221; google_fonts=&#8221;font_family:Poppins%3A300%2Cregular%2C500%2C600%2C700|font_style:400%20regular%3A400%3Anormal&#8221;][vc_column_text]M\u00e1quina remolcable, \u00a0con enganche a los tres puntos del tractor, para la recolecci\u00f3n de plantas con tallos verdes de hoja solamente, lista para poner el producto directamente en cajas en el campo.<\/p>\n<p>El equipo est\u00e1ndar del modelo Slide T incluye regulaci\u00f3n de altura de corte, desde la posici\u00f3n de trabajo, altura de corte controlada por rodillo, velocidad de la cinta regulable, cepillo para limpiar la cinta constantemente, portacajas vac\u00edas y llenas, entre otros.<\/p>\n<div class=\"table-responsive\">\n<table class=\"table\" style=\"background: #FFF;\">\n<thead>\n<tr style=\"background: #a32035; color: #ffffff;\">\n<td><small><strong>Modelo<\/strong><\/small><\/td>\n<td><small><strong>Ancho \u00a0ruedas<\/strong><\/small><\/td>\n<td><small><strong>Ancho trabajo<\/strong><\/small><\/td>\n<td><small><strong>Potencia requerida<\/strong><\/small><\/td>\n<td><small><strong>Peso<\/strong><\/small><\/td>\n<\/tr>\n<\/thead>\n<tbody>\n<tr>\n<td><small><strong>Slide T<\/strong><\/small><\/td>\n<td><small>min. 145 cm<\/small><\/td>\n<td><small>120\/130\/140\/150\/160\/170\/180 cm<\/small><\/td>\n<td><small>50 hp<\/small><\/td>\n<td><small>450 Kg<\/small><\/td>\n<\/tr>\n<\/tbody>\n<\/table>\n<\/div>\n<p><strong>Opcionales<\/strong><\/p>\n<ul>\n<li>Cintas para la recogida de producto a hoja en ramilletes como por ejemplo el perejil y otros productos semejantes<\/li>\n<li>Techo para dar sombra<\/li>\n<li>Altura de corte controlada por sensor electrohidr\u00e1ulico proporcional, que garantiza un control perfecto de la altura de corte, sin da\u00f1ar el producto<\/li>\n<\/ul>\n<p>[\/vc_column_text][\/vc_column_inner][vc_column_inner width=&#8221;1\/3&#8243;][vc_media_grid style=&#8221;lazy&#8221; element_width=&#8221;6&#8243; gap=&#8221;10&#8243; grid_id=&#8221;vc_gid:1679400566459-ca09350442c43f4721ee3a9221ac9064-2&#8243; include=&#8221;11333,11330,11327&#8243; el_class=&#8221;imageGalleryMargin&#8221;][vc_column_text]<iframe title=\"YouTube video player\" src=\"https:\/\/www.youtube.com\/embed\/1NQ4XIdCBI4\" width=\"100%\" height=\"auto\" frameborder=\"0\" allowfullscreen=\"allowfullscreen\"><\/iframe>[\/vc_column_text][\/vc_column_inner][\/vc_row_inner][\/vc_tta_section][vc_tta_section title=&#8221;COSECHADORA AUTOPROPULSADA&#8221; tab_id=&#8221;1654521820654-9a218578-bf38&#8243;][vc_row_inner][vc_column_inner width=&#8221;2\/3&#8243;][vc_single_image image=&#8221;11324&#8243; img_size=&#8221;&#8221; css=&#8221;.vc_custom_1654521808292{margin-bottom: 10px !important;}&#8221;][vc_column_text el_class=&#8221;Download_Files_List&#8221; css=&#8221;.vc_custom_1679401870061{margin-bottom: 0px !important;}&#8221;]<a href=\"https:\/\/www.hortech.it\/es\/\" target=\"_blank\" rel=\"noopener\">https:\/\/www.hortech.it\/es<\/a>[\/vc_column_text][vc_custom_heading text=&#8221;COSECHADORA AUTOPROPULSADA&#8221; font_container=&#8221;tag:h4|text_align:left&#8221; google_fonts=&#8221;font_family:Poppins%3A300%2Cregular%2C500%2C600%2C700|font_style:400%20regular%3A400%3Anormal&#8221;][vc_column_text]M\u00e1quina cosechadora autopropulsada equipada con orugas de hierro para la cosecha de todo tipo de hort\u00edcolas de hoja, por ejemplo espinacas, r\u00facula, perejil, menta, cebollino, mejorana, etc.<\/p>\n<p>Se puede equipar con accesorios que permiten cuidar el producto recolectado de diferentes formas: coloc\u00e1ndolo en cajas directamente en el campo, o en algunos productos agr\u00edcolas (por ejemplo, la espinaca) se puede descargar por medio de una cinta lateral sobre un remolque o, como para el perejil, se puede tener cintas de gu\u00eda para permitir un producto \u00edntegro.<\/p>\n<div class=\"table-responsive\">\n<table class=\"table\" style=\"background: #FFF;\">\n<thead>\n<tr style=\"background: #a32035; color: #ffffff;\">\n<td><small><strong>Modelos<\/strong><\/small><\/td>\n<td><small><strong>Ancho orugas<\/strong><\/small><\/td>\n<td><small><strong>Ancho trabajo<\/strong><\/small><\/td>\n<td><small><strong>Transmisi\u00f3n<\/strong><\/small><\/td>\n<td><small><strong>Motor<\/strong><\/small><\/td>\n<td><small><strong>Peso<\/strong><\/small><\/td>\n<\/tr>\n<\/thead>\n<tbody>\n<tr>\n<td><small><strong>Slide TW<\/strong><\/small><\/td>\n<td><small>min. 145 cm<\/small><\/td>\n<td rowspan=\"2\"><small>140\/150\/160\/170\/180 cm<\/small><\/td>\n<td><small>hidrost\u00e1tica<\/small><\/td>\n<td><small>38 Hp<\/small><\/td>\n<td><small>2300 Kg<\/small><\/td>\n<\/tr>\n<tr>\n<td><small><strong>Slide TW XL<\/strong><\/small><\/td>\n<td><small>min. 145 cm<\/small><\/td>\n<td><small>hidrost\u00e1tica<\/small><\/td>\n<td><small>50 Hp<\/small><\/td>\n<td><small>2300 Kg<\/small><\/td>\n<\/tr>\n<\/tbody>\n<\/table>\n<\/div>\n<p>Cosechadora de 4 ruedas motrices para la recolecci\u00f3n de valeriana.<\/p>\n<div class=\"table-responsive\">\n<table class=\"table\" style=\"background: #FFF;\">\n<thead>\n<tr style=\"background: #a32035; color: #ffffff;\">\n<td><small><strong>Modelos<\/strong><\/small><\/td>\n<td><small><strong>Ancho \u00a0ruedas<\/strong><\/small><\/td>\n<td><small><strong>Ancho trabajo<\/strong><\/small><\/td>\n<td><small><strong>Transmisi\u00f3n<\/strong><\/small><\/td>\n<td><small><strong>Motor<\/strong><\/small><\/td>\n<td><small><strong>Peso<\/strong><\/small><\/td>\n<\/tr>\n<\/thead>\n<tbody>\n<tr>\n<td><small><strong>Valeriana<\/strong><\/small><\/td>\n<td><small>min. 145 cm<\/small><\/td>\n<td><small>140\/150\/160\/170\/180 cm<\/small><\/td>\n<td><small>hidrost\u00e1tica<\/small><\/td>\n<td><small>38 Hp<\/small><\/td>\n<td><small>2300 Kg<\/small><\/td>\n<\/tr>\n<\/tbody>\n<\/table>\n<\/div>\n<p><strong>Opcionales<\/strong><\/p>\n<ul>\n<li>Carretilla elevadora porta-pal\u00e9 colocada en la parte posterior de la m\u00e1quina<\/li>\n<li>Plataformas laterales portacajas vac\u00edas y llenas<\/li>\n<\/ul>\n<p>[\/vc_column_text][\/vc_column_inner][vc_column_inner width=&#8221;1\/3&#8243;][vc_media_grid style=&#8221;lazy&#8221; element_width=&#8221;6&#8243; gap=&#8221;10&#8243; grid_id=&#8221;vc_gid:1679400566580-634b1bd261da9f7c289dee9c70e8eafd-0&#8243; include=&#8221;11345,11342,11339,11336&#8243; el_class=&#8221;imageGalleryMargin&#8221;][vc_column_text]<iframe title=\"YouTube video player\" src=\"https:\/\/www.youtube.com\/embed\/UuBOKzuGf18\" width=\"100%\" height=\"auto\" frameborder=\"0\" allowfullscreen=\"allowfullscreen\"><\/iframe>[\/vc_column_text][vc_column_text]<iframe title=\"YouTube video player\" src=\"https:\/\/www.youtube.com\/embed\/c2Zj-ToXGQI\" width=\"100%\" height=\"auto\" frameborder=\"0\" allowfullscreen=\"allowfullscreen\"><\/iframe>[\/vc_column_text][\/vc_column_inner][\/vc_row_inner][\/vc_tta_section][\/vc_tta_tabs][\/vc_column][\/vc_row]<\/p>\n<\/section>","protected":false},"excerpt":{"rendered":"<p>[vc_row full_width=&#8221;stretch_row_content_no_spaces&#8221; css=&#8221;.vc_custom_1654158973046{margin-top: 0px !important;margin-right: 0px !important;margin-bottom: 73px !important;margin-left: 0px !important;border-bottom-width: 8px !important;border-bottom-color: #d80d1b !important;border-bottom-style: solid !important;}&#8221;][vc_column][rev_slider_vc alias=&#8221;slider-agricultura-12&#8243;][\/vc_column][\/vc_row][vc_row][vc_column width=&#8221;1\/4&#8243;][vc_custom_heading icon=&#8221;icon-agri-agricultura&#8221; icon_size=&#8221;40&#8243; stripe_pos=&#8221;hide&#8221; text=&#8221;Agricultura&#8221; font_container=&#8221;tag:h4|font_size:23|text_align:left&#8221; google_fonts=&#8221;font_family:Poppins%3A300%2Cregular%2C500%2C600%2C700|font_style:400%20regular%3A400%3Anormal&#8221; css=&#8221;.vc_custom_1656601202103{margin-top: 0px !important;padding-top: 0px !important;}&#8221; el_class=&#8221;iconTitle&#8221;][vc_raw_html]JTVCYmVsbG93cyUyMGNvbmZpZ19pZCUzRCUyMm1haW4lMjIlMjBtZW51JTNEJTIyMTE0JTIyJTVE[\/vc_raw_html][\/vc_column][vc_column width=&#8221;3\/4&#8243;][vc_tta_tabs spacing=&#8221;5&#8243; active_section=&#8221;1&#8243; el_class=&#8221;theme_style&#8221;][vc_tta_section title=&#8221;HORTECH&#8221; tab_id=&#8221;1653314755352-a90f6af0-ddaa1653561459394&#8243;][vc_row_inner][vc_column_inner width=&#8221;2\/3&#8243;][vc_single_image image=&#8221;11324&#8243; img_size=&#8221;&#8221; css=&#8221;.vc_custom_1654521515490{margin-bottom: 10px !important;}&#8221;][vc_column_text el_class=&#8221;Download_Files_List&#8221; css=&#8221;.vc_custom_1679401897343{margin-bottom: 0px !important;}&#8221;]https:\/\/www.hortech.it\/es[\/vc_column_text][vc_custom_heading text=&#8221;HORTECH&#8221; font_container=&#8221;tag:h4|text_align:left&#8221; google_fonts=&#8221;font_family:Poppins%3A300%2Cregular%2C500%2C600%2C700|font_style:400%20regular%3A400%3Anormal&#8221;][vc_column_text]Nace de la fusi\u00f3n de dos<\/p>\n","protected":false},"author":2,"featured_media":0,"parent":0,"menu_order":0,"comment_status":"closed","ping_status":"closed","template":"","meta":{"footnotes":""},"class_list":["post-11804","page","type-page","status-publish","hentry"],"aioseo_notices":[],"_links":{"self":[{"href":"https:\/\/agricortes.com\/es\/wp-json\/wp\/v2\/pages\/11804","targetHints":{"allow":["GET"]}}],"collection":[{"href":"https:\/\/agricortes.com\/es\/wp-json\/wp\/v2\/pages"}],"about":[{"href":"https:\/\/agricortes.com\/es\/wp-json\/wp\/v2\/types\/page"}],"author":[{"embeddable":true,"href":"https:\/\/agricortes.com\/es\/wp-json\/wp\/v2\/users\/2"}],"replies":[{"embeddable":true,"href":"https:\/\/agricortes.com\/es\/wp-json\/wp\/v2\/comments?post=11804"}],"version-history":[{"count":8,"href":"https:\/\/agricortes.com\/es\/wp-json\/wp\/v2\/pages\/11804\/revisions"}],"predecessor-version":[{"id":15599,"href":"https:\/\/agricortes.com\/es\/wp-json\/wp\/v2\/pages\/11804\/revisions\/15599"}],"wp:attachment":[{"href":"https:\/\/agricortes.com\/es\/wp-json\/wp\/v2\/media?parent=11804"}],"curies":[{"name":"wp","href":"https:\/\/api.w.org\/{rel}","templated":true}]}}