{"id":11895,"date":"2022-05-27T16:37:42","date_gmt":"2022-05-27T16:37:42","guid":{"rendered":"https:\/\/agricortes.com\/limpa-bermas-gl1\/"},"modified":"2024-10-11T16:00:20","modified_gmt":"2024-10-11T16:00:20","slug":"limpia-bermas-gl1","status":"publish","type":"page","link":"https:\/\/agricortes.com\/es\/limpia-bermas-gl1\/","title":{"rendered":"GL1 &#8211; Limpia Bermas"},"content":{"rendered":"<section class=\"wpb-content-wrapper\"><p>[vc_row full_width=&#8221;stretch_row_content_no_spaces&#8221; css=&#8221;.vc_custom_1654159656719{margin-top: 0px !important;margin-right: 0px !important;margin-bottom: 73px !important;margin-left: 0px !important;border-bottom-width: 8px !important;border-bottom-color: #727c86 !important;border-bottom-style: solid !important;}&#8221;][vc_column][rev_slider_vc alias=&#8221;slider-ambiente-12&#8243;][\/vc_column][\/vc_row][vc_row][vc_column width=&#8221;1\/6&#8243;][vc_custom_heading icon=&#8221;icon-agri-ambiente&#8221; icon_size=&#8221;40&#8243; stripe_pos=&#8221;hide&#8221; text=&#8221;Ambiente&#8221; font_container=&#8221;tag:h4|font_size:23|text_align:left&#8221; google_fonts=&#8221;font_family:Poppins%3A300%2Cregular%2C500%2C600%2C700|font_style:400%20regular%3A400%3Anormal&#8221; css=&#8221;.vc_custom_1713200662452{margin-top: 0px !important;padding-top: 0px !important;}&#8221; el_class=&#8221;iconTitle&#8221; link=&#8221;url:https%3A%2F%2Fagricortes.com%2Fes%2Fambiente&#8221;][vc_raw_html]JTVCYmVsbG93cyUyMGNvbmZpZ19pZCUzRCUyMm1haW4lMjIlMjBtZW51JTNEJTIyMTE1JTIyJTVE[\/vc_raw_html][\/vc_column][vc_column width=&#8221;2\/3&#8243;][vc_tta_tabs spacing=&#8221;5&#8243; active_section=&#8221;1&#8243; el_class=&#8221;theme_style&#8221;][vc_tta_section title=&#8221;GL1&#8243; tab_id=&#8221;1653314755352-a90f6af0-ddaa16535614593941654244745165&#8243;][vc_row_inner][vc_column_inner width=&#8221;2\/3&#8243;][vc_single_image image=&#8221;8839&#8243; img_size=&#8221;&#8221; css=&#8221;.vc_custom_1654083171063{margin-bottom: 10px !important;}&#8221;][vc_column_text el_class=&#8221;Download_Files_List&#8221; css=&#8221;.vc_custom_1720813389616{margin-bottom: 0px !important;}&#8221;]<a href=\"https:\/\/www.gl1srl.it\/en-gb\" target=\"_blank\" rel=\"noopener\">gl1srl.it<\/a>[\/vc_column_text][vc_custom_heading text=&#8221;GL1&#8243; font_container=&#8221;tag:h1|text_align:left&#8221; google_fonts=&#8221;font_family:Poppins%3A300%2Cregular%2C500%2C600%2C700|font_style:400%20regular%3A400%3Anormal&#8221;][vc_column_text]<strong>Marca la diferencia<\/strong><\/p>\n<p>GL1 es una m\u00e1quina moderna, fruto de 40 a\u00f1os de experiencia e investigaci\u00f3n en el desarrollo del producto, que busca una mayor capacidad de intervenci\u00f3n y planificaci\u00f3n del paisaje. Se trata de una m\u00e1quina dise\u00f1ada pensando en el confort y en la seguridad del operador, para proporcionar una obra est\u00e9ticamente agradable y funcionalmente correcta.[\/vc_column_text][\/vc_column_inner][vc_column_inner width=&#8221;1\/3&#8243;][\/vc_column_inner][\/vc_row_inner][\/vc_tta_section][vc_tta_section title=&#8221;TRITURADORA DE BRAZO HIDR\u00c1ULICO&#8221; tab_id=&#8221;1653314755359-8c73aa7e-267816535614593941654244745165&#8243;][vc_row_inner][vc_column_inner width=&#8221;2\/3&#8243;][vc_single_image image=&#8221;8839&#8243; img_size=&#8221;&#8221; css=&#8221;.vc_custom_1654083184100{margin-bottom: 10px !important;}&#8221;][vc_column_text el_class=&#8221;Download_Files_List&#8221; css=&#8221;.vc_custom_1720813389616{margin-bottom: 0px !important;}&#8221;]<a href=\"https:\/\/www.gl1srl.it\/en-gb\" target=\"_blank\" rel=\"noopener\">gl1srl.it<\/a>[\/vc_column_text][vc_custom_heading text=&#8221;TRITURADORA DE BRAZO HIDR\u00c1ULICO&#8221; font_container=&#8221;tag:h1|text_align:left&#8221; google_fonts=&#8221;font_family:Poppins%3A300%2Cregular%2C500%2C600%2C700|font_style:400%20regular%3A400%3Anormal&#8221;][vc_column_text]Brazo desbrozador para el mantenimiento de los espacios verdes y rurales, limpieza de bermas y pendientes, diques y canales, hierbas y arbustos. Su gama se divide en tres l\u00edneas de productos distintas: Profesional, para el trabajo intensivo; Country Plus, una serie vers\u00e1til destinada a una amplia gama de clientes que operan principalmente en el sector de limpieza vial; y Country para el sector de los espacios rurales. Es una m\u00e1quina desarrollada para proporcionar un trabajo est\u00e9ticamente agradable y funcionalmente correcto.<\/p>\n<p>Trabajan en las condiciones m\u00e1s duras sin sobrecalentamiento. El cabezal triturador le ofrece un \u00f3ptimo equilibrio del rotor y un menor esfuerzo en el ataque al corte. Brazos extensibles tripartitos para contornear mejor los obst\u00e1culos. Excelentes amortiguadores que protegen la m\u00e1quina de obst\u00e1culos y resistencias al avanzo. Se componen de:<\/p>\n<ul>\n<li>Brazo hidr\u00e1ulico con enganche tres puntos, de longitud variable<\/li>\n<li>Segadora mec\u00e1nica de cuchillas o martillos<\/li>\n<li>Presentada en varios modelos aplicables a diversas soluciones<\/li>\n<\/ul>\n<p>GL1 ofrece numerosas ventajas:<\/p>\n<ul>\n<li>Amortiguaci\u00f3n hidr\u00e1ulica de gas para obst\u00e1culos imprevistos<\/li>\n<li>Sistema flotante con nivelaci\u00f3n de corte<\/li>\n<li>Rotor bidireccional<\/li>\n<li>Rotaci\u00f3n de 90\u00ba del brazo para posibilitar el trabajo a la derecha y a la izquierda<\/li>\n<li>Transmisi\u00f3n directa (cardan) con multiplicador y bomba hidr\u00e1ulica<\/li>\n<li>Posici\u00f3n de trabajo trasera o avanzada<\/li>\n<li>Circulaci\u00f3n por carretera sin tener que girar el brazo hacia atr\u00e1s<\/li>\n<li>Todos los modelos permiten realizar servicio al lado de la rueda del tractor<\/li>\n<li>Inclinaci\u00f3n de la cabeza en 160\u00ba a 245\u00ba, conforme modelos<\/li>\n<li>Los setos pueden ser cortados en la posici\u00f3n horizontal (mismo en setos con altura superior a 4 m) y verticalmente a partir del suelo.<\/li>\n<\/ul>\n<div class=\"table-responsive\">\n<table class=\"table\" style=\"background: #FFF;\">\n<thead>\n<tr style=\"background: #a32035; color: #ffffff;\">\n<td><small><strong>Modelo<\/strong><\/small><\/td>\n<td><small><strong>SL 320 REVERS<br \/>\nSL 380 REVERS<br \/>\nC440<\/strong><\/small><\/td>\n<td><small><strong>CH4500<br \/>\nCH5000<\/strong><\/small><\/td>\n<td><small><strong>PROF 500<br \/>\nPROF 650<\/strong><\/small><\/td>\n<td><small><strong>PROF 650 T<\/strong><\/small><\/td>\n<td><small><strong>KA5500<\/strong><\/small><\/td>\n<\/tr>\n<\/thead>\n<tbody>\n<tr>\n<td><small><strong>Alcance horizontal<\/strong><\/small><\/td>\n<td><small>3,20 m<br \/>\n3,80 m<br \/>\n4,60 m<\/small><\/td>\n<td><small>4,60 m<br \/>\n5,00 m<\/small><\/td>\n<td><small>5,10 m<br \/>\n6,20 m<\/small><\/td>\n<td><small>6,4 m (Telesc\u00f3pico 0,80 m)<\/small><\/td>\n<td><small>5,50 m (Avance 1,20 m)<\/small><\/td>\n<\/tr>\n<tr>\n<td><small><strong>Ancho de corte<\/strong><\/small><\/td>\n<td><small>0,90 m<br \/>\n1,00 m<\/small><\/td>\n<td><small>1,0-1,05 m<\/small><\/td>\n<td><small>1,20 m<\/small><\/td>\n<td><small>1,20 &#8211; 1,30 m<\/small><\/td>\n<td><small>1,20 m<\/small><\/td>\n<\/tr>\n<tr>\n<td><small><strong>Peso<\/strong><\/small><\/td>\n<td><small>488 Kg<br \/>\n516 Kg<br \/>\n652 Kg<\/small><\/td>\n<td><small>720 Kg<br \/>\n770 Kg<\/small><\/td>\n<td><small>1110 Kg<br \/>\n1190 Kg<\/small><\/td>\n<td><small>1160 Kg<\/small><\/td>\n<td><small>1590 Kg<\/small><\/td>\n<\/tr>\n<tr>\n<td style=\"background: #a32035; color: #ffffff;\" colspan=\"6\"><small><strong>Especificaciones t\u00e9cnicas del tractor<\/strong><\/small><\/td>\n<\/tr>\n<tr>\n<td><small><strong>Potencia requerida<\/strong><\/small><\/td>\n<td><small>30 Hp<br \/>\n45 Hp<\/small><\/td>\n<td><small>40 Hp<br \/>\n50 Hp<\/small><\/td>\n<td><small>60 Hp<\/small><\/td>\n<td><small>70 Hp<\/small><\/td>\n<td><small>80 Hp<\/small><\/td>\n<\/tr>\n<tr>\n<td><small><strong>TDF<\/strong><\/small><\/td>\n<td><small>540 rpm<\/small><\/td>\n<td><small>540 rpm<\/small><\/td>\n<td><small>540 rpm<\/small><\/td>\n<td><small>540 rpm<\/small><\/td>\n<td><small>540 rpm<\/small><\/td>\n<\/tr>\n<tr>\n<td><small><strong>Peso m\u00ednimo<\/strong><\/small><\/td>\n<td><small>1500 Kg<br \/>\n1600 Kg<br \/>\n1800 Kg<\/small><\/td>\n<td><small>1600 Kg<br \/>\n1800 Kg<\/small><\/td>\n<td><small>2500 Kg<br \/>\n3000 Kg<\/small><\/td>\n<td><small>3000 Kg<\/small><\/td>\n<td><small>3500 Kg<\/small><\/td>\n<\/tr>\n<\/tbody>\n<\/table>\n<\/div>\n<p>ACCESORIOS OPCIONALES:<\/p>\n<ul>\n<li>Mando el\u00e9ctrico proporcional con joystick<\/li>\n<li>Mando a distancia<\/li>\n<li>Cabezas de cuchillas o martillos<\/li>\n<li>Rotor con soluci\u00f3n forestal<\/li>\n<li>Fresa limpia-zanjas con motor reversible<\/li>\n<li>Cepillo en acero con motor hidr\u00e1ulico<\/li>\n<li>Segadora\u00a0(corta setos) de pente o discos<\/li>\n<li>Kit de enganche al tractor<\/li>\n<li>Luces posteriores<\/li>\n<li>Tensores de fijaci\u00f3n<\/li>\n<li>Refrigerador de aceite para u trabajo intensivo<\/li>\n<li>Otros diversos<\/li>\n<\/ul>\n<p>[\/vc_column_text][\/vc_column_inner][vc_column_inner width=&#8221;1\/3&#8243;][vc_custom_heading icon=&#8221;icon-agri-ambiente&#8221; icon_size=&#8221;40&#8243; stripe_pos=&#8221;hide&#8221; text=&#8221;Cat\u00e1logos&#8221; font_container=&#8221;tag:h4|font_size:23|text_align:left&#8221; google_fonts=&#8221;font_family:Poppins%3A300%2Cregular%2C500%2C600%2C700|font_style:400%20regular%3A400%3Anormal&#8221; css=&#8221;.vc_custom_1713200265824{margin-top: 0px !important;padding-top: 0px !important;}&#8221; el_class=&#8221;iconTitle&#8221;][vc_column_text el_class=&#8221;Download_Files_List&#8221;]<a title=\"CATALOGO GL1 COUNTRYLINE\" href=\"\/wp-content\/uploads\/2019\/09\/Catalogo_GL1_CountryLine.pdf\" download=\"\">CATALOGO GL1 COUNTRYLINE<\/a><br \/>\n<a title=\"CATALOGO GL1 PROFESSIONALLINE\" href=\"\/wp-content\/uploads\/2019\/09\/Catalogo_GL1_ProfessionalLine.pdf\" download=\"\">CATALOGO GL1 PROFESSIONALLINE<\/a><br \/>\n<a title=\"CATALOGO GL1 SLREVERS\" href=\"\/wp-content\/uploads\/2019\/09\/Catalogo_GL1_SLrevers.pdf\" download=\"\">CATALOGO GL1 SLREVERS<\/a>[\/vc_column_text][vc_media_grid style=&#8221;lazy&#8221; element_width=&#8221;6&#8243; gap=&#8221;10&#8243; grid_id=&#8221;vc_gid:1728662389123-271e70ae-7ed6-7&#8243; el_class=&#8221;imageGalleryMargin&#8221; include=&#8221;8850,8853,8847,8844&#8243;][vc_column_text]<iframe title=\"YouTube video player\" src=\"https:\/\/www.youtube.com\/embed\/NSHfkXRd7sI\" width=\"100%\" height=\"auto\" frameborder=\"0\" allowfullscreen=\"allowfullscreen\"><\/iframe>[\/vc_column_text][\/vc_column_inner][\/vc_row_inner][\/vc_tta_section][\/vc_tta_tabs][\/vc_column][vc_column width=&#8221;1\/6&#8243;][vc_custom_heading icon=&#8221;stm-email2&#8243; icon_size=&#8221;40&#8243; stripe_pos=&#8221;hide&#8221; text=&#8221;Contacto&#8221; font_container=&#8221;tag:h4|font_size:23|text_align:left&#8221; google_fonts=&#8221;font_family:Poppins%3A300%2Cregular%2C500%2C600%2C700|font_style:400%20regular%3A400%3Anormal&#8221; css=&#8221;.vc_custom_1713201392701{margin-top: 0px !important;padding-top: 0px !important;}&#8221; el_class=&#8221;iconTitle&#8221;]\n<div class=\"wpcf7 no-js\" id=\"wpcf7-f12358-o1\" lang=\"es-ES\" dir=\"ltr\" data-wpcf7-id=\"12358\">\n<div class=\"screen-reader-response\"><p role=\"status\" aria-live=\"polite\" aria-atomic=\"true\"><\/p> <ul><\/ul><\/div>\n<form action=\"\/es\/wp-json\/wp\/v2\/pages\/11895#wpcf7-f12358-o1\" method=\"post\" class=\"wpcf7-form init\" aria-label=\"Formulario de contacto\" novalidate=\"novalidate\" data-status=\"init\">\n<div style=\"display: none;\">\n<input type=\"hidden\" name=\"_wpcf7\" value=\"12358\" \/>\n<input type=\"hidden\" name=\"_wpcf7_version\" value=\"6.0.6\" \/>\n<input type=\"hidden\" name=\"_wpcf7_locale\" value=\"es_ES\" \/>\n<input type=\"hidden\" name=\"_wpcf7_unit_tag\" value=\"wpcf7-f12358-o1\" \/>\n<input type=\"hidden\" name=\"_wpcf7_container_post\" value=\"0\" \/>\n<input type=\"hidden\" name=\"_wpcf7_posted_data_hash\" value=\"\" \/>\n<input type=\"hidden\" name=\"_wpcf7_recaptcha_response\" value=\"\" \/>\n<\/div>\n<div class=\"request_callback\">\n        <div class=\"input-group\">\n            <span class=\"wpcf7-form-control-wrap\" data-name=\"your-subject\"><input size=\"40\" maxlength=\"400\" class=\"wpcf7-form-control wpcf7-text wpcf7-validates-as-required\" aria-required=\"true\" aria-invalid=\"false\" placeholder=\"Sujeto *\" value=\"\" type=\"text\" name=\"your-subject\" \/><\/span>\n        <div class=\"input-group\">\n            <span class=\"wpcf7-form-control-wrap\" data-name=\"your-message\"><textarea cols=\"40\" rows=\"10\" maxlength=\"2000\" class=\"wpcf7-form-control wpcf7-textarea wpcf7-validates-as-required height100\" aria-required=\"true\" aria-invalid=\"false\" placeholder=\"Mensaje *\" name=\"your-message\"><\/textarea><\/span>\n        <div class=\"input-group\">\n            <span class=\"wpcf7-form-control-wrap\" data-name=\"your-company\"><input size=\"40\" maxlength=\"400\" class=\"wpcf7-form-control wpcf7-text\" aria-invalid=\"false\" placeholder=\"Empresa\" value=\"\" type=\"text\" name=\"your-company\" \/><\/span>      \n        <div class=\"input-group\">\n            <span class=\"wpcf7-form-control-wrap\" data-name=\"your-name\"><input size=\"40\" maxlength=\"400\" class=\"wpcf7-form-control wpcf7-text wpcf7-validates-as-required\" aria-required=\"true\" aria-invalid=\"false\" placeholder=\"Nombre *\" value=\"\" type=\"text\" name=\"your-name\" \/><\/span>\n        <div class=\"input-group\">\n            <span class=\"wpcf7-form-control-wrap\" data-name=\"your-loc\"><input size=\"40\" maxlength=\"400\" class=\"wpcf7-form-control wpcf7-text wpcf7-validates-as-required\" aria-required=\"true\" aria-invalid=\"false\" placeholder=\"Localidad *\" value=\"\" type=\"text\" name=\"your-loc\" \/><\/span>\n        <div class=\"input-group\">\n            <span class=\"wpcf7-form-control-wrap\" data-name=\"your-tel\"><input size=\"40\" maxlength=\"400\" class=\"wpcf7-form-control wpcf7-tel wpcf7-validates-as-required wpcf7-text wpcf7-validates-as-tel\" aria-required=\"true\" aria-invalid=\"false\" placeholder=\"Contacto *\" value=\"\" type=\"tel\" name=\"your-tel\" \/><\/span>       \n        <div class=\"input-group\">\n            <span class=\"wpcf7-form-control-wrap\" data-name=\"your-email\"><input size=\"40\" maxlength=\"400\" class=\"wpcf7-form-control wpcf7-email wpcf7-validates-as-required wpcf7-text wpcf7-validates-as-email\" aria-required=\"true\" aria-invalid=\"false\" placeholder=\"E-mail *\" value=\"\" type=\"email\" name=\"your-email\" \/><\/span>      \n        <\/div>\n        <div class=\"input-group\">\n            <button type=\"submit\" class=\"button size-lg icon_right\">Enviar<i class=\"fa fa-chevron-right\"><\/i><\/button>\n        <\/div>\n<\/div><div class=\"wpcf7-response-output\" aria-hidden=\"true\"><\/div>\n<\/form>\n<\/div>\n[\/vc_column][\/vc_row]<\/p>\n<\/section>","protected":false},"excerpt":{"rendered":"<p>[vc_row full_width=&#8221;stretch_row_content_no_spaces&#8221; css=&#8221;.vc_custom_1654159656719{margin-top: 0px !important;margin-right: 0px !important;margin-bottom: 73px !important;margin-left: 0px !important;border-bottom-width: 8px !important;border-bottom-color: #727c86 !important;border-bottom-style: solid !important;}&#8221;][vc_column][rev_slider_vc alias=&#8221;slider-ambiente-12&#8243;][\/vc_column][\/vc_row][vc_row][vc_column width=&#8221;1\/6&#8243;][vc_custom_heading icon=&#8221;icon-agri-ambiente&#8221; icon_size=&#8221;40&#8243; stripe_pos=&#8221;hide&#8221; text=&#8221;Ambiente&#8221; font_container=&#8221;tag:h4|font_size:23|text_align:left&#8221; google_fonts=&#8221;font_family:Poppins%3A300%2Cregular%2C500%2C600%2C700|font_style:400%20regular%3A400%3Anormal&#8221; css=&#8221;.vc_custom_1713200662452{margin-top: 0px !important;padding-top: 0px !important;}&#8221; el_class=&#8221;iconTitle&#8221; link=&#8221;url:https%3A%2F%2Fagricortes.com%2Fes%2Fambiente&#8221;][vc_raw_html]JTVCYmVsbG93cyUyMGNvbmZpZ19pZCUzRCUyMm1haW4lMjIlMjBtZW51JTNEJTIyMTE1JTIyJTVE[\/vc_raw_html][\/vc_column][vc_column width=&#8221;2\/3&#8243;][vc_tta_tabs spacing=&#8221;5&#8243; active_section=&#8221;1&#8243; el_class=&#8221;theme_style&#8221;][vc_tta_section title=&#8221;GL1&#8243; tab_id=&#8221;1653314755352-a90f6af0-ddaa16535614593941654244745165&#8243;][vc_row_inner][vc_column_inner width=&#8221;2\/3&#8243;][vc_single_image image=&#8221;8839&#8243; img_size=&#8221;&#8221; css=&#8221;.vc_custom_1654083171063{margin-bottom: 10px !important;}&#8221;][vc_column_text el_class=&#8221;Download_Files_List&#8221; css=&#8221;.vc_custom_1720813389616{margin-bottom: 0px !important;}&#8221;]gl1srl.it[\/vc_column_text][vc_custom_heading text=&#8221;GL1&#8243; font_container=&#8221;tag:h1|text_align:left&#8221; google_fonts=&#8221;font_family:Poppins%3A300%2Cregular%2C500%2C600%2C700|font_style:400%20regular%3A400%3Anormal&#8221;][vc_column_text]Marca la diferencia GL1 es<\/p>\n","protected":false},"author":2,"featured_media":0,"parent":0,"menu_order":0,"comment_status":"closed","ping_status":"closed","template":"","meta":{"footnotes":""},"class_list":["post-11895","page","type-page","status-publish","hentry"],"aioseo_notices":[],"_links":{"self":[{"href":"https:\/\/agricortes.com\/es\/wp-json\/wp\/v2\/pages\/11895","targetHints":{"allow":["GET"]}}],"collection":[{"href":"https:\/\/agricortes.com\/es\/wp-json\/wp\/v2\/pages"}],"about":[{"href":"https:\/\/agricortes.com\/es\/wp-json\/wp\/v2\/types\/page"}],"author":[{"embeddable":true,"href":"https:\/\/agricortes.com\/es\/wp-json\/wp\/v2\/users\/2"}],"replies":[{"embeddable":true,"href":"https:\/\/agricortes.com\/es\/wp-json\/wp\/v2\/comments?post=11895"}],"version-history":[{"count":14,"href":"https:\/\/agricortes.com\/es\/wp-json\/wp\/v2\/pages\/11895\/revisions"}],"predecessor-version":[{"id":19948,"href":"https:\/\/agricortes.com\/es\/wp-json\/wp\/v2\/pages\/11895\/revisions\/19948"}],"wp:attachment":[{"href":"https:\/\/agricortes.com\/es\/wp-json\/wp\/v2\/media?parent=11895"}],"curies":[{"name":"wp","href":"https:\/\/api.w.org\/{rel}","templated":true}]}}