{"id":11911,"date":"2022-05-30T08:26:08","date_gmt":"2022-05-30T08:26:08","guid":{"rendered":"https:\/\/agricortes.com\/veiculos-eletricos-regis\/"},"modified":"2024-10-11T16:27:27","modified_gmt":"2024-10-11T16:27:27","slug":"vehiculos-electricos-regis","status":"publish","type":"page","link":"https:\/\/agricortes.com\/es\/vehiculos-electricos-regis\/","title":{"rendered":"REGIS &#8211; Veh\u00edculos El\u00e9ctricos"},"content":{"rendered":"<section class=\"wpb-content-wrapper\"><p>[vc_row full_width=&#8221;stretch_row_content_no_spaces&#8221; css=&#8221;.vc_custom_1654159656719{margin-top: 0px !important;margin-right: 0px !important;margin-bottom: 73px !important;margin-left: 0px !important;border-bottom-width: 8px !important;border-bottom-color: #727c86 !important;border-bottom-style: solid !important;}&#8221;][vc_column][rev_slider_vc alias=&#8221;slider-ambiente-12&#8243;][\/vc_column][\/vc_row][vc_row][vc_column width=&#8221;1\/6&#8243;][vc_custom_heading icon=&#8221;icon-agri-ambiente&#8221; icon_size=&#8221;40&#8243; stripe_pos=&#8221;hide&#8221; text=&#8221;Ambiente&#8221; font_container=&#8221;tag:h4|font_size:23|text_align:left&#8221; google_fonts=&#8221;font_family:Poppins%3A300%2Cregular%2C500%2C600%2C700|font_style:400%20regular%3A400%3Anormal&#8221; css=&#8221;.vc_custom_1723235719903{margin-top: 0px !important;padding-top: 0px !important;}&#8221; el_class=&#8221;iconTitle&#8221; link=&#8221;url:https%3A%2F%2Fagricortes.com%2Fes%2Fambiente&#8221;][vc_raw_html]JTVCYmVsbG93cyUyMGNvbmZpZ19pZCUzRCUyMm1haW4lMjIlMjBtZW51JTNEJTIyMTE1JTIyJTVE[\/vc_raw_html][\/vc_column][vc_column width=&#8221;2\/3&#8243;][vc_tta_tabs spacing=&#8221;5&#8243; active_section=&#8221;1&#8243; el_class=&#8221;theme_style&#8221;][vc_tta_section title=&#8221;REGIS&#8221; tab_id=&#8221;1653314755352-a90f6af0-ddaa16535614593941654245481077&#8243;][vc_row_inner][vc_column_inner width=&#8221;2\/3&#8243;][vc_single_image image=&#8221;8907&#8243; img_size=&#8221;&#8221; css=&#8221;.vc_custom_1654079462473{margin-bottom: 10px !important;}&#8221;][vc_column_text el_class=&#8221;Download_Files_List&#8221; css=&#8221;.vc_custom_1723235647362{margin-bottom: 0px !important;}&#8221;]<a href=\"https:\/\/e-veiculos.pt\/\" target=\"_blank\" rel=\"noopener\">e-veiculos.pt<\/a>[\/vc_column_text][vc_custom_heading text=&#8221;REGIS&#8221; font_container=&#8221;tag:h1|text_align:left&#8221; google_fonts=&#8221;font_family:Poppins%3A300%2Cregular%2C500%2C600%2C700|font_style:400%20regular%3A400%3Anormal&#8221;][vc_column_text]<strong>Mu\u00e9vete en el futuro<\/strong><\/p>\n<p>La empresa Mecaprom Motors, productora de la marca REGIS, decidi\u00f3 entrar en el mercado de la movilidad sostenible en ambiente urbano a trav\u00e9s de un veh\u00edculo 100% el\u00e9ctrico y compacto en la versi\u00f3n comercial. El proyecto tiene como objetivo satisfacer las necesidades de la llamada &#8220;huella cero&#8221; en la entrega y distribuci\u00f3n de mercanc\u00edas en general. El veh\u00edculo atiende a cuatro tipos principales de usuarios: PME y profesionales individuales; flotas de empresas; Administraci\u00f3n P\u00fablica; chasis para la aplicaci\u00f3n de equipos espec\u00edficos.<\/p>\n<p>Los veh\u00edculos de tracci\u00f3n 100% el\u00e9ctrica da REGIS Epic0, transportan\u00a02 pasajeros con plataforma para caja de carga o otras aplicaciones,\u00a0conjugan el silencio y la ausencia de contaminaci\u00f3n con una capacidad real de trabajo. Los Epic0 est\u00e1n siendo cada vez m\u00e1s utilizados, por un mayor n\u00famero de actividades profesionales, en la conversi\u00f3n de su parque de veh\u00edculos para veh\u00edculos el\u00e9ctricos de altas prestaciones.<\/p>\n<p>Versiones:<\/p>\n<ul>\n<li><strong>Pickup<\/strong>\u00a0de caja fija o rebatible<\/li>\n<li><strong>Van<\/strong>\u00a0furg\u00f3n de caja cerrada<\/li>\n<li><strong>RSU<\/strong>\u00a0contenedor de basuras<\/li>\n<li><strong>Frigo\u00a0<\/strong>caja frigor\u00edfica<\/li>\n<\/ul>\n<p>De hecho, hace la diferencia poder moverse y trabajar sin l\u00edmites de tiempo y espacio, ya sea dentro de zonas residenciales, instalaciones tur\u00edsticas, parques y clubes de golf, as\u00ed como en las \u00e1reas internas de estructuras aeroportuarias, civiles o comerciales, sin molestar a los visitantes o operadores que conviven en esas zonas, o inclusive en el exterior, circulando con placa de matr\u00edcula y con una importante contribuci\u00f3n en la reducci\u00f3n de los impactos ambientales.<\/p>\n<p>ECOL\u00d3GICOS \u00a0Emisiones de CO2 a cero y sin contaminaci\u00f3n ac\u00fastica.<\/p>\n<p>MATRICULABLES Homologados L7e para circulaci\u00f3n en carretera en toda Europa.<\/p>\n<p>SIEMPRE LISTOS Gran autonom\u00eda para trabajos continuos.[\/vc_column_text][\/vc_column_inner][vc_column_inner width=&#8221;1\/3&#8243;][vc_single_image image=&#8221;8937&#8243; img_size=&#8221;full&#8221; onclick=&#8221;link_image&#8221;][vc_column_text]<iframe title=\"YouTube video player\" src=\"https:\/\/www.youtube.com\/embed\/lE1tELllMqU\" width=\"100%\" height=\"auto\" frameborder=\"0\" allowfullscreen=\"allowfullscreen\"><\/iframe>[\/vc_column_text][\/vc_column_inner][\/vc_row_inner][\/vc_tta_section][vc_tta_section title=&#8221;EPIC0 PICKUPS&#8221; tab_id=&#8221;1653314755359-8c73aa7e-267816535614593941654245481077&#8243;][vc_row_inner][vc_column_inner width=&#8221;2\/3&#8243;][vc_single_image image=&#8221;8907&#8243; img_size=&#8221;&#8221; css=&#8221;.vc_custom_1654079421839{margin-bottom: 10px !important;}&#8221;][vc_column_text el_class=&#8221;Download_Files_List&#8221; css=&#8221;.vc_custom_1723235657858{margin-bottom: 0px !important;}&#8221;]<a href=\"https:\/\/e-veiculos.pt\/\" target=\"_blank\" rel=\"noopener\">e-veiculos.pt<\/a>[\/vc_column_text][vc_custom_heading text=&#8221;EPIC0 PICKUPS&#8221; font_container=&#8221;tag:h1|text_align:left&#8221; google_fonts=&#8221;font_family:Poppins%3A300%2Cregular%2C500%2C600%2C700|font_style:400%20regular%3A400%3Anormal&#8221;][vc_column_text]Epic0 es el primer veh\u00edculo italiano totalmente el\u00e9ctrico, destinado al transporte de mercanc\u00edas, pensado y dise\u00f1ado con est\u00e1ndares de coches. El veh\u00edculo est\u00e1 homologado como quad pesado y gracias a sus dimensiones y caracter\u00edsticas compactas del chasis, permite transportar mercanc\u00edas de forma pr\u00e1ctica y econ\u00f3mica y especialmente en pleno respeto al medio ambiente, as\u00ed como con bajos costes de funcionamiento.<\/p>\n<p>El veh\u00edculo consta de una cabina met\u00e1lica combinada con un chasis de alta resistencia con un \u00e1rea de carga de 2,5 m2 con una capacidad de 700 kg en su configuraci\u00f3n est\u00e1ndar, todo ello con una dimensi\u00f3n externa de 1560 mm de ancho y 3700 mm de longitud.[\/vc_column_text][\/vc_column_inner][vc_column_inner width=&#8221;1\/3&#8243;][vc_media_grid style=&#8221;lazy&#8221; element_width=&#8221;6&#8243; gap=&#8221;10&#8243; grid_id=&#8221;vc_gid:1728663566094-3a22d9d2-debe-7&#8243; el_class=&#8221;imageGalleryMargin&#8221; include=&#8221;8910,8913,8916,8919&#8243;][vc_column_text]<iframe title=\"YouTube video player\" src=\"https:\/\/www.youtube.com\/embed\/6mHwk6RG8LE\" width=\"100%\" height=\"auto\" frameborder=\"0\" allowfullscreen=\"allowfullscreen\"><\/iframe>[\/vc_column_text][vc_column_text]<iframe title=\"YouTube video player\" src=\"https:\/\/www.youtube.com\/embed\/pSVdUyzw2Ps\" width=\"100%\" height=\"auto\" frameborder=\"0\" allowfullscreen=\"allowfullscreen\"><\/iframe>[\/vc_column_text][\/vc_column_inner][\/vc_row_inner][\/vc_tta_section][vc_tta_section title=&#8221;EPIC0 VAN&#8221; tab_id=&#8221;1653579033964-58ea2ebe-38461654245481077&#8243;][vc_row_inner][vc_column_inner width=&#8221;2\/3&#8243;][vc_single_image image=&#8221;8907&#8243; img_size=&#8221;&#8221; css=&#8221;.vc_custom_1654079421839{margin-bottom: 10px !important;}&#8221;][vc_column_text el_class=&#8221;Download_Files_List&#8221; css=&#8221;.vc_custom_1723235667242{margin-bottom: 0px !important;}&#8221;]<a href=\"https:\/\/e-veiculos.pt\/\" target=\"_blank\" rel=\"noopener\">e-veiculos.pt<\/a>[\/vc_column_text][vc_custom_heading text=&#8221;EPIC0 VAN&#8221; font_container=&#8221;tag:h1|text_align:left&#8221; google_fonts=&#8221;font_family:Poppins%3A300%2Cregular%2C500%2C600%2C700|font_style:400%20regular%3A400%3Anormal&#8221;][vc_column_text]Com um tamanho compacto e um chassis que lhe permite transportar mercadorias de forma conveniente e econ\u00f3mica, este ve\u00edculo na configura\u00e7\u00e3o furg\u00e3o tem todas as performances do Epic0 em velocidade, autonomia e tempo de carga.<\/p>\n<p>A caixa do furg\u00e3o \u00e9 constru\u00edda totalmente em alum\u00ednio com volume de 3 m3,\u00a0capacidade para 602 kg e \u00e1rea de 2,3 m2.<\/p>\n<p>Este ve\u00edculo foi projetado de acordo com a avalia\u00e7\u00e3o das necessidades do mercado el\u00e9trico, combinando-as com um design funcional que atende aos aspetos que consideramos serem prioridades:<\/p>\n<ul>\n<li>Seguran\u00e7a da cabine<\/li>\n<li>Medidas compactas<\/li>\n<li>Versatilidade da configura\u00e7\u00e3o<\/li>\n<li>Autonomia<\/li>\n<li>Versatilidade da recarga da bateria<\/li>\n<li>Controlo remoto<\/li>\n<li>Tecnologia pr\u00f3pria<\/li>\n<li>Condu\u00e7\u00e3o agrad\u00e1vel e confort\u00e1vel<\/li>\n<\/ul>\n<p>[\/vc_column_text][\/vc_column_inner][vc_column_inner width=&#8221;1\/3&#8243;][vc_media_grid style=&#8221;lazy&#8221; element_width=&#8221;6&#8243; gap=&#8221;10&#8243; grid_id=&#8221;vc_gid:1728663566096-d5423ea9-5fc7-1&#8243; el_class=&#8221;imageGalleryMargin&#8221; include=&#8221;8925,8928,8931,8934&#8243;][vc_column_text]<iframe title=\"YouTube video player\" src=\"https:\/\/www.youtube.com\/embed\/lE1tELllMqU\" width=\"100%\" height=\"auto\" frameborder=\"0\" allowfullscreen=\"allowfullscreen\"><\/iframe>[\/vc_column_text][\/vc_column_inner][\/vc_row_inner][\/vc_tta_section][vc_tta_section title=&#8221;EPIC0 RSU&#8221; tab_id=&#8221;1653899808751-02e8a3e3-4f3c1654245481077&#8243;][vc_row_inner][vc_column_inner width=&#8221;2\/3&#8243;][vc_single_image image=&#8221;8907&#8243; img_size=&#8221;&#8221; css=&#8221;.vc_custom_1654079421839{margin-bottom: 10px !important;}&#8221;][vc_column_text el_class=&#8221;Download_Files_List&#8221; css=&#8221;.vc_custom_1723235677114{margin-bottom: 0px !important;}&#8221;]<a href=\"https:\/\/e-veiculos.pt\/\" target=\"_blank\" rel=\"noopener\">e-veiculos.pt<\/a>[\/vc_column_text][vc_custom_heading text=&#8221;EPIC0 RSU&#8221; font_container=&#8221;tag:h1|text_align:left&#8221; google_fonts=&#8221;font_family:Poppins%3A300%2Cregular%2C500%2C600%2C700|font_style:400%20regular%3A400%3Anormal&#8221;][vc_column_text]Una versi\u00f3n especial del recolector con tolva para la recolecci\u00f3n de basura de 2.2 m\u00b2\u00a0en\u00a0aluminio anticorrosi\u00f3n con un \u00e1ngulo de vuelco de 90\u00b0 que permite la descarga directa de los residuos en los dispositivos de compactaci\u00f3n autom\u00e1tica o en contentedor multibenne, ideal para empresas municipales, campamentos y complejos tur\u00edsticos, centros deportivos, centros hist\u00f3ricos, estaciones de ferrocarril y aeropuertos.<\/p>\n<p>Estos veh\u00edculos ecol\u00f3gicos se proporcionan con v\u00e1lvulas autom\u00e1ticas de control de ca\u00edda, un sistema de cilindros hidr\u00e1ulicos de doble efecto para el vuelco de la tolva y un sistema con patas de apoyo con funciones de estabilizaci\u00f3n lateral en fase de vuelco de la caja. El control de las operaciones puede llevarse a cabo desde el veh\u00edculo o mediante un mando de cable desde el suelo. Gracias a la tapa lateral es m\u00e1s f\u00e1cil la carga de bolsas, cestos y bolsas de basura.<\/p>\n<p>Como opcional\u00a0es posible equipar el recolector con un volquete (bin-lift)\u00a0para contenedores de 120, 240 o 360 litros.[\/vc_column_text][\/vc_column_inner][vc_column_inner width=&#8221;1\/3&#8243;][vc_single_image image=&#8221;8922&#8243; img_size=&#8221;full&#8221; onclick=&#8221;link_image&#8221;][\/vc_column_inner][\/vc_row_inner][\/vc_tta_section][vc_tta_section title=&#8221;EPIC0 FRIGO&#8221; tab_id=&#8221;1653899847048-43d94900-1dad1654245481077&#8243;][vc_row_inner][vc_column_inner width=&#8221;2\/3&#8243;][vc_single_image image=&#8221;8907&#8243; img_size=&#8221;&#8221; css=&#8221;.vc_custom_1654079421839{margin-bottom: 10px !important;}&#8221;][vc_column_text el_class=&#8221;Download_Files_List&#8221; css=&#8221;.vc_custom_1723235689971{margin-bottom: 0px !important;}&#8221;]<a href=\"https:\/\/e-veiculos.pt\/\" target=\"_blank\" rel=\"noopener\">e-veiculos.pt<\/a>[\/vc_column_text][vc_custom_heading text=&#8221;EPIC0 FRIGO&#8221; font_container=&#8221;tag:h1|text_align:left&#8221; google_fonts=&#8221;font_family:Poppins%3A300%2Cregular%2C500%2C600%2C700|font_style:400%20regular%3A400%3Anormal&#8221;][vc_column_text]Com um tamanho compacto e um chassis que lhe permite transportar mercadorias de forma conveniente e econ\u00f3mica, este ve\u00edculo na configura\u00e7\u00e3o furg\u00e3o frigorifico tem todas as performances do Epic0 em velocidade, autonomia e tempo de carga.<\/p>\n<p>A caixa frigoirifica \u00e9 constru\u00edda totalmente em alum\u00ednio com volume de 3 m3,\u00a0capacidade para 602 kg e \u00e1rea de 2,3 m2.\u00a0Um motor de gera\u00e7\u00e3o de frio garante a temperatura ideal para o transporte de produtos frescos.<\/p>\n<p>Este ve\u00edculo foi projetado de acordo com a avalia\u00e7\u00e3o das necessidades do mercado el\u00e9trico, combinando-as com um design funcional que atende aos aspetos que consideramos serem prioridades:<\/p>\n<ul>\n<li>Seguran\u00e7a da cabine<\/li>\n<li>Medidas compactas<\/li>\n<li>Versatilidade da configura\u00e7\u00e3o<\/li>\n<li>Autonomia<\/li>\n<li>Versatilidade da recarga da bateria<\/li>\n<li>Controlo remoto<\/li>\n<li>Tecnologia pr\u00f3pria<\/li>\n<li>Condu\u00e7\u00e3o agrad\u00e1vel e confort\u00e1vel<\/li>\n<\/ul>\n<p>[\/vc_column_text][\/vc_column_inner][vc_column_inner width=&#8221;1\/3&#8243;][vc_single_image image=&#8221;8940&#8243; img_size=&#8221;full&#8221; onclick=&#8221;link_image&#8221;][\/vc_column_inner][\/vc_row_inner][\/vc_tta_section][\/vc_tta_tabs][\/vc_column][vc_column width=&#8221;1\/6&#8243;][vc_custom_heading icon=&#8221;stm-email2&#8243; icon_size=&#8221;40&#8243; stripe_pos=&#8221;hide&#8221; text=&#8221;Contacto&#8221; font_container=&#8221;tag:h4|font_size:23|text_align:left&#8221; google_fonts=&#8221;font_family:Poppins%3A300%2Cregular%2C500%2C600%2C700|font_style:400%20regular%3A400%3Anormal&#8221; css=&#8221;.vc_custom_1723235622335{margin-top: 0px !important;padding-top: 0px !important;}&#8221; el_class=&#8221;iconTitle&#8221;]\n<div class=\"wpcf7 no-js\" id=\"wpcf7-f12358-o1\" lang=\"es-ES\" dir=\"ltr\" data-wpcf7-id=\"12358\">\n<div class=\"screen-reader-response\"><p role=\"status\" aria-live=\"polite\" aria-atomic=\"true\"><\/p> <ul><\/ul><\/div>\n<form action=\"\/es\/wp-json\/wp\/v2\/pages\/11911#wpcf7-f12358-o1\" method=\"post\" class=\"wpcf7-form init\" aria-label=\"Formulario de contacto\" novalidate=\"novalidate\" data-status=\"init\">\n<div style=\"display: none;\">\n<input type=\"hidden\" name=\"_wpcf7\" value=\"12358\" \/>\n<input type=\"hidden\" name=\"_wpcf7_version\" value=\"6.0.6\" \/>\n<input type=\"hidden\" name=\"_wpcf7_locale\" value=\"es_ES\" \/>\n<input type=\"hidden\" name=\"_wpcf7_unit_tag\" value=\"wpcf7-f12358-o1\" \/>\n<input type=\"hidden\" name=\"_wpcf7_container_post\" value=\"0\" \/>\n<input type=\"hidden\" name=\"_wpcf7_posted_data_hash\" value=\"\" \/>\n<input type=\"hidden\" name=\"_wpcf7_recaptcha_response\" value=\"\" \/>\n<\/div>\n<div class=\"request_callback\">\n        <div class=\"input-group\">\n            <span class=\"wpcf7-form-control-wrap\" data-name=\"your-subject\"><input size=\"40\" maxlength=\"400\" class=\"wpcf7-form-control wpcf7-text wpcf7-validates-as-required\" aria-required=\"true\" aria-invalid=\"false\" placeholder=\"Sujeto *\" value=\"\" type=\"text\" name=\"your-subject\" \/><\/span>\n        <div class=\"input-group\">\n            <span class=\"wpcf7-form-control-wrap\" data-name=\"your-message\"><textarea cols=\"40\" rows=\"10\" maxlength=\"2000\" class=\"wpcf7-form-control wpcf7-textarea wpcf7-validates-as-required height100\" aria-required=\"true\" aria-invalid=\"false\" placeholder=\"Mensaje *\" name=\"your-message\"><\/textarea><\/span>\n        <div class=\"input-group\">\n            <span class=\"wpcf7-form-control-wrap\" data-name=\"your-company\"><input size=\"40\" maxlength=\"400\" class=\"wpcf7-form-control wpcf7-text\" aria-invalid=\"false\" placeholder=\"Empresa\" value=\"\" type=\"text\" name=\"your-company\" \/><\/span>      \n        <div class=\"input-group\">\n            <span class=\"wpcf7-form-control-wrap\" data-name=\"your-name\"><input size=\"40\" maxlength=\"400\" class=\"wpcf7-form-control wpcf7-text wpcf7-validates-as-required\" aria-required=\"true\" aria-invalid=\"false\" placeholder=\"Nombre *\" value=\"\" type=\"text\" name=\"your-name\" \/><\/span>\n        <div class=\"input-group\">\n            <span class=\"wpcf7-form-control-wrap\" data-name=\"your-loc\"><input size=\"40\" maxlength=\"400\" class=\"wpcf7-form-control wpcf7-text wpcf7-validates-as-required\" aria-required=\"true\" aria-invalid=\"false\" placeholder=\"Localidad *\" value=\"\" type=\"text\" name=\"your-loc\" \/><\/span>\n        <div class=\"input-group\">\n            <span class=\"wpcf7-form-control-wrap\" data-name=\"your-tel\"><input size=\"40\" maxlength=\"400\" class=\"wpcf7-form-control wpcf7-tel wpcf7-validates-as-required wpcf7-text wpcf7-validates-as-tel\" aria-required=\"true\" aria-invalid=\"false\" placeholder=\"Contacto *\" value=\"\" type=\"tel\" name=\"your-tel\" \/><\/span>       \n        <div class=\"input-group\">\n            <span class=\"wpcf7-form-control-wrap\" data-name=\"your-email\"><input size=\"40\" maxlength=\"400\" class=\"wpcf7-form-control wpcf7-email wpcf7-validates-as-required wpcf7-text wpcf7-validates-as-email\" aria-required=\"true\" aria-invalid=\"false\" placeholder=\"E-mail *\" value=\"\" type=\"email\" name=\"your-email\" \/><\/span>      \n        <\/div>\n        <div class=\"input-group\">\n            <button type=\"submit\" class=\"button size-lg icon_right\">Enviar<i class=\"fa fa-chevron-right\"><\/i><\/button>\n        <\/div>\n<\/div><div class=\"wpcf7-response-output\" aria-hidden=\"true\"><\/div>\n<\/form>\n<\/div>\n[\/vc_column][\/vc_row]<\/p>\n<\/section>","protected":false},"excerpt":{"rendered":"<p>[vc_row full_width=&#8221;stretch_row_content_no_spaces&#8221; css=&#8221;.vc_custom_1654159656719{margin-top: 0px !important;margin-right: 0px !important;margin-bottom: 73px !important;margin-left: 0px !important;border-bottom-width: 8px !important;border-bottom-color: #727c86 !important;border-bottom-style: solid !important;}&#8221;][vc_column][rev_slider_vc alias=&#8221;slider-ambiente-12&#8243;][\/vc_column][\/vc_row][vc_row][vc_column width=&#8221;1\/6&#8243;][vc_custom_heading icon=&#8221;icon-agri-ambiente&#8221; icon_size=&#8221;40&#8243; stripe_pos=&#8221;hide&#8221; text=&#8221;Ambiente&#8221; font_container=&#8221;tag:h4|font_size:23|text_align:left&#8221; google_fonts=&#8221;font_family:Poppins%3A300%2Cregular%2C500%2C600%2C700|font_style:400%20regular%3A400%3Anormal&#8221; css=&#8221;.vc_custom_1723235719903{margin-top: 0px !important;padding-top: 0px !important;}&#8221; el_class=&#8221;iconTitle&#8221; link=&#8221;url:https%3A%2F%2Fagricortes.com%2Fes%2Fambiente&#8221;][vc_raw_html]JTVCYmVsbG93cyUyMGNvbmZpZ19pZCUzRCUyMm1haW4lMjIlMjBtZW51JTNEJTIyMTE1JTIyJTVE[\/vc_raw_html][\/vc_column][vc_column width=&#8221;2\/3&#8243;][vc_tta_tabs spacing=&#8221;5&#8243; active_section=&#8221;1&#8243; el_class=&#8221;theme_style&#8221;][vc_tta_section title=&#8221;REGIS&#8221; tab_id=&#8221;1653314755352-a90f6af0-ddaa16535614593941654245481077&#8243;][vc_row_inner][vc_column_inner width=&#8221;2\/3&#8243;][vc_single_image image=&#8221;8907&#8243; img_size=&#8221;&#8221; css=&#8221;.vc_custom_1654079462473{margin-bottom: 10px !important;}&#8221;][vc_column_text el_class=&#8221;Download_Files_List&#8221; css=&#8221;.vc_custom_1723235647362{margin-bottom: 0px !important;}&#8221;]e-veiculos.pt[\/vc_column_text][vc_custom_heading text=&#8221;REGIS&#8221; font_container=&#8221;tag:h1|text_align:left&#8221; google_fonts=&#8221;font_family:Poppins%3A300%2Cregular%2C500%2C600%2C700|font_style:400%20regular%3A400%3Anormal&#8221;][vc_column_text]Mu\u00e9vete en el futuro La<\/p>\n","protected":false},"author":2,"featured_media":0,"parent":0,"menu_order":0,"comment_status":"closed","ping_status":"closed","template":"","meta":{"footnotes":""},"class_list":["post-11911","page","type-page","status-publish","hentry"],"aioseo_notices":[],"_links":{"self":[{"href":"https:\/\/agricortes.com\/es\/wp-json\/wp\/v2\/pages\/11911","targetHints":{"allow":["GET"]}}],"collection":[{"href":"https:\/\/agricortes.com\/es\/wp-json\/wp\/v2\/pages"}],"about":[{"href":"https:\/\/agricortes.com\/es\/wp-json\/wp\/v2\/types\/page"}],"author":[{"embeddable":true,"href":"https:\/\/agricortes.com\/es\/wp-json\/wp\/v2\/users\/2"}],"replies":[{"embeddable":true,"href":"https:\/\/agricortes.com\/es\/wp-json\/wp\/v2\/comments?post=11911"}],"version-history":[{"count":10,"href":"https:\/\/agricortes.com\/es\/wp-json\/wp\/v2\/pages\/11911\/revisions"}],"predecessor-version":[{"id":19950,"href":"https:\/\/agricortes.com\/es\/wp-json\/wp\/v2\/pages\/11911\/revisions\/19950"}],"wp:attachment":[{"href":"https:\/\/agricortes.com\/es\/wp-json\/wp\/v2\/media?parent=11911"}],"curies":[{"name":"wp","href":"https:\/\/api.w.org\/{rel}","templated":true}]}}