{"id":11920,"date":"2022-05-30T08:55:15","date_gmt":"2022-05-30T08:55:15","guid":{"rendered":"https:\/\/agricortes.com\/varredoras-suire\/"},"modified":"2024-10-11T16:32:16","modified_gmt":"2024-10-11T16:32:16","slug":"barredoras-suire","status":"publish","type":"page","link":"https:\/\/agricortes.com\/es\/barredoras-suire\/","title":{"rendered":"SUIRE &#8211; Barredoras"},"content":{"rendered":"<section class=\"wpb-content-wrapper\"><p>[vc_row full_width=&#8221;stretch_row_content_no_spaces&#8221; css=&#8221;.vc_custom_1654159656719{margin-top: 0px !important;margin-right: 0px !important;margin-bottom: 73px !important;margin-left: 0px !important;border-bottom-width: 8px !important;border-bottom-color: #727c86 !important;border-bottom-style: solid !important;}&#8221;][vc_column][rev_slider_vc alias=&#8221;slider-ambiente-12&#8243;][\/vc_column][\/vc_row][vc_row][vc_column width=&#8221;1\/6&#8243;][vc_custom_heading icon=&#8221;icon-agri-ambiente&#8221; icon_size=&#8221;40&#8243; stripe_pos=&#8221;hide&#8221; text=&#8221;Ambiente&#8221; font_container=&#8221;tag:h4|font_size:23|text_align:left&#8221; google_fonts=&#8221;font_family:Poppins%3A300%2Cregular%2C500%2C600%2C700|font_style:400%20regular%3A400%3Anormal&#8221; css=&#8221;.vc_custom_1723235941154{margin-top: 0px !important;padding-top: 0px !important;}&#8221; el_class=&#8221;iconTitle&#8221; link=&#8221;url:https%3A%2F%2Fagricortes.com%2Fes%2Fambiente&#8221;][vc_raw_html]JTVCYmVsbG93cyUyMGNvbmZpZ19pZCUzRCUyMm1haW4lMjIlMjBtZW51JTNEJTIyMTE1JTIyJTVE[\/vc_raw_html][\/vc_column][vc_column width=&#8221;2\/3&#8243;][vc_tta_tabs spacing=&#8221;5&#8243; active_section=&#8221;1&#8243; el_class=&#8221;theme_style&#8221;][vc_tta_section title=&#8221;SUIRE&#8221; tab_id=&#8221;1653314755352-a90f6af0-ddaa16535614593941654245600703&#8243;][vc_row_inner][vc_column_inner width=&#8221;2\/3&#8243;][vc_single_image image=&#8221;8964&#8243; img_size=&#8221;&#8221; css=&#8221;.vc_custom_1654083385695{margin-bottom: 10px !important;}&#8221;][vc_custom_heading text=&#8221;SUIRE&#8221; font_container=&#8221;tag:h1|text_align:left&#8221; google_fonts=&#8221;font_family:Poppins%3A300%2Cregular%2C500%2C600%2C700|font_style:400%20regular%3A400%3Anormal&#8221;][vc_column_text]Dada la constante evoluci\u00f3n en un mercado competitivo, el grupo EUROTECHNICS AGRI se basa en el conocimiento y experiencia de sus 3 marcas: GOIZIN, JEAN DE BRU e SUIRE. Este grupo franc\u00e9s es poseedor de una identidad fuerte y ofrece una gama de productos que crece de a\u00f1o en a\u00f1o.<\/p>\n<p>EUROTECHNICS AGRI es reconocida en el \u00e1rea de los implementos, por la calidad y los servicios que ofrece, en un movimiento perpetuo de evoluci\u00f3n para el cual compite su equipo de ingenieros y su producci\u00f3n, con el fin de adaptarse a las necesidades del mercado y de sus usuarios.[\/vc_column_text][\/vc_column_inner][vc_column_inner width=&#8221;1\/3&#8243;][\/vc_column_inner][\/vc_row_inner][\/vc_tta_section][vc_tta_section title=&#8221;BARREDORAS&#8221; tab_id=&#8221;1653314755359-8c73aa7e-267816535614593941654245600703&#8243;][vc_row_inner][vc_column_inner width=&#8221;2\/3&#8243;][vc_single_image image=&#8221;8964&#8243; img_size=&#8221;&#8221; css=&#8221;.vc_custom_1654083396853{margin-bottom: 10px !important;}&#8221;][vc_custom_heading text=&#8221;BARREDORAS&#8221; font_container=&#8221;tag:h1|text_align:left&#8221; google_fonts=&#8221;font_family:Poppins%3A300%2Cregular%2C500%2C600%2C700|font_style:400%20regular%3A400%3Anormal&#8221;][vc_column_text]Barredora robusta y eficaz en la limpieza de carreteras y pavimientos, establos de caballos y fincas. Simple, resistente, reclinable y orientable.<\/p>\n<ul>\n<li>Modelos NET com enganche flutuante a los 3 puntos del tractor cat. II, accionada por el hidr\u00e1ulico del tractor (necesario un distribuidor de doble efecto)<\/li>\n<li>Modelos PRONET con enganche delantero a la m\u00e1quina (TDF delantera, telesc\u00f3pico, carretilla elevadora o cargador delantero), por medio de interface con paralelograma flutuante, accionada por el hidr\u00e1ulico de la m\u00e1quina<\/li>\n<li>Motor hidr\u00e1ulico con accionamento directo<\/li>\n<li>Cepillo mixto en poli\u00e9ster y polipropileno con di\u00e1metro de 550 mm, montado en eje met\u00e1lico<\/li>\n<li>Possibilidad de trabajo en los dos sentidos<\/li>\n<li>2 Ruedas de apoyo neum\u00e1ticas y suportes reforzados<\/li>\n<li>Enganche mec\u00e1nico ajustable a la izquierda o a la derecha en 20 cm<\/li>\n<li>Orientaci\u00f3n del cepillo ajustable a la izquierda o derecha en 20\u00ba<\/li>\n<\/ul>\n<p>Opcionales<\/p>\n<ul>\n<li>Caj\u00f3n recogedor<\/li>\n<li>Aspersi\u00f3n de \u00e1gua<\/li>\n<li>Cepillo lateral con accionamento hidr\u00e1ulico<\/li>\n<li>Cepillo con rodillo de poliester<\/li>\n<\/ul>\n<div class=\"table-responsive\">\n<table class=\"table\" style=\"background: #FFF;\">\n<thead>\n<tr style=\"background: #a32035; color: #ffffff;\">\n<td><small><strong>Modelo<\/strong><\/small><\/td>\n<td><small><strong>NET 1600<\/strong><\/small><\/td>\n<td><small><strong>NET 2000<\/strong><\/small><\/td>\n<td><small><strong>PRONET 1600<\/strong><\/small><\/td>\n<td><small><strong>PRONET 2000<\/strong><\/small><\/td>\n<\/tr>\n<\/thead>\n<tbody>\n<tr>\n<td><small><strong>Posici\u00f3n<\/strong><\/small><\/td>\n<td><small>trasera<\/small><\/td>\n<td><small>trasera<\/small><\/td>\n<td><small>delantera<\/small><\/td>\n<td><small>delantera<\/small><\/td>\n<\/tr>\n<tr>\n<td><small><strong>Enganche<\/strong><\/small><\/td>\n<td><small>3 puntos y hidr\u00e1ulica<\/small><\/td>\n<td><small>3 puntos y hidr\u00e1ulica<\/small><\/td>\n<td><small>a la m\u00e1quina<\/small><\/td>\n<td><small>a la m\u00e1quina<\/small><\/td>\n<\/tr>\n<tr>\n<td><small><strong>Anchura de trabajo<\/strong><\/small><\/td>\n<td><small>1,6 m<\/small><\/td>\n<td><small>2,0 m<\/small><\/td>\n<td><small>1,6 m<\/small><\/td>\n<td><small>2,0 m<\/small><\/td>\n<\/tr>\n<tr>\n<td><small><strong>Anchura total<\/strong><\/small><\/td>\n<td><small>1,83 m<\/small><\/td>\n<td><small>2,23 m<\/small><\/td>\n<td><small>2,23 m<\/small><\/td>\n<td><small>2,23 m<\/small><\/td>\n<\/tr>\n<tr>\n<td><small><strong>N\u00ba de espirales<\/strong><\/small><\/td>\n<td><small>31<\/small><\/td>\n<td><small>39<\/small><\/td>\n<td><small>39<\/small><\/td>\n<td><small>39<\/small><\/td>\n<\/tr>\n<tr>\n<td><small><strong>Rotaci\u00f3n escoba<\/strong><\/small><\/td>\n<td><small>120rpm a 30lpm<\/small><\/td>\n<td><small>120rpm a 30lpm<\/small><\/td>\n<td><small>120rpm a 30lpm<\/small><\/td>\n<td><small>120rpm a 30lpm<\/small><\/td>\n<\/tr>\n<tr>\n<td><small><strong>Caudal requerido<\/strong><\/small><\/td>\n<td><small>20-40 lpm<\/small><\/td>\n<td><small>20-40 lpm<\/small><\/td>\n<td><small>20-40 lpm<\/small><\/td>\n<td><small>20-40 lpm<\/small><\/td>\n<\/tr>\n<tr>\n<td><small><strong>Presi\u00f3n requerido<\/strong><\/small><\/td>\n<td><small>120-180 bar<\/small><\/td>\n<td><small>120-180 bar<\/small><\/td>\n<td><small>120-180 bar<\/small><\/td>\n<td><small>120-180 bar<\/small><\/td>\n<\/tr>\n<tr>\n<td><small><strong>Caj\u00f3n recogedor opcional<\/strong><\/small><\/td>\n<td><small>150 lts<\/small><\/td>\n<td><small>185 lts<\/small><\/td>\n<td><small>150 lts<\/small><\/td>\n<td><small>185 lts<\/small><\/td>\n<\/tr>\n<\/tbody>\n<\/table>\n<\/div>\n<p>[\/vc_column_text][\/vc_column_inner][vc_column_inner width=&#8221;1\/3&#8243;][vc_custom_heading icon=&#8221;icon-agri-ambiente&#8221; icon_size=&#8221;40&#8243; stripe_pos=&#8221;hide&#8221; text=&#8221;Ambiente&#8221; font_container=&#8221;tag:h4|font_size:23|text_align:left&#8221; google_fonts=&#8221;font_family:Poppins%3A300%2Cregular%2C500%2C600%2C700|font_style:400%20regular%3A400%3Anormal&#8221; css=&#8221;.vc_custom_1656601550886{margin-top: 0px !important;padding-top: 0px !important;}&#8221; el_class=&#8221;iconTitle&#8221;][vc_column_text el_class=&#8221;Download_Files_List&#8221;]<a title=\"CATALOGO SUIRE NET1600\" href=\"\/wp-content\/uploads\/2019\/09\/Catalogo_Suire_NET1600.pdf\" download=\"\">CATALOGO SUIRE NET1600<\/a><br \/>\n<a title=\"CATALOGO SUIRE NET2000\" href=\"\/wp-content\/uploads\/2019\/09\/Catalogo_Suire_NET2000.pdf\" download=\"\">CATALOGO SUIRE NET2000<\/a><br \/>\n<a title=\"CATALOGO SUIRE PRONET\" href=\"\/wp-content\/uploads\/2019\/09\/Catalogo_Suire_PRONET.pdf\" download=\"\">CATALOGO SUIRE PRONET<\/a><br \/>\n<a title=\"CATALOGO SUIRE VARREDORAS BARREDORAS\" href=\"\/wp-content\/uploads\/2019\/09\/Catalogo_Suire_Varredoras_Barredoras.pdf\" download=\"\">CATALOGO SUIRE BARREDORAS<\/a>[\/vc_column_text][vc_media_grid style=&#8221;lazy&#8221; element_width=&#8221;6&#8243; gap=&#8221;10&#8243; grid_id=&#8221;vc_gid:1728664306710-7eef805d-beb4-7&#8243; el_class=&#8221;imageGalleryMargin&#8221; include=&#8221;8952,8955,8958,8961&#8243;][vc_column_text]<iframe title=\"YouTube video player\" src=\"https:\/\/www.youtube.com\/embed\/MyDOCIFk-N8\" width=\"100%\" height=\"auto\" frameborder=\"0\" allowfullscreen=\"allowfullscreen\"><\/iframe>[\/vc_column_text][\/vc_column_inner][\/vc_row_inner][\/vc_tta_section][\/vc_tta_tabs][\/vc_column][vc_column width=&#8221;1\/6&#8243;][vc_custom_heading icon=&#8221;stm-email2&#8243; icon_size=&#8221;40&#8243; stripe_pos=&#8221;hide&#8221; text=&#8221;Contacto&#8221; font_container=&#8221;tag:h4|font_size:23|text_align:left&#8221; google_fonts=&#8221;font_family:Poppins%3A300%2Cregular%2C500%2C600%2C700|font_style:400%20regular%3A400%3Anormal&#8221; css=&#8221;.vc_custom_1723235882184{margin-top: 0px !important;padding-top: 0px !important;}&#8221; el_class=&#8221;iconTitle&#8221;]\n<div class=\"wpcf7 no-js\" id=\"wpcf7-f12358-o1\" lang=\"es-ES\" dir=\"ltr\" data-wpcf7-id=\"12358\">\n<div class=\"screen-reader-response\"><p role=\"status\" aria-live=\"polite\" aria-atomic=\"true\"><\/p> <ul><\/ul><\/div>\n<form action=\"\/es\/wp-json\/wp\/v2\/pages\/11920#wpcf7-f12358-o1\" method=\"post\" class=\"wpcf7-form init\" aria-label=\"Formulario de contacto\" novalidate=\"novalidate\" data-status=\"init\">\n<div style=\"display: none;\">\n<input type=\"hidden\" name=\"_wpcf7\" value=\"12358\" \/>\n<input type=\"hidden\" name=\"_wpcf7_version\" value=\"6.0.6\" \/>\n<input type=\"hidden\" name=\"_wpcf7_locale\" value=\"es_ES\" \/>\n<input type=\"hidden\" name=\"_wpcf7_unit_tag\" value=\"wpcf7-f12358-o1\" \/>\n<input type=\"hidden\" name=\"_wpcf7_container_post\" value=\"0\" \/>\n<input type=\"hidden\" name=\"_wpcf7_posted_data_hash\" value=\"\" \/>\n<input type=\"hidden\" name=\"_wpcf7_recaptcha_response\" value=\"\" \/>\n<\/div>\n<div class=\"request_callback\">\n        <div class=\"input-group\">\n            <span class=\"wpcf7-form-control-wrap\" data-name=\"your-subject\"><input size=\"40\" maxlength=\"400\" class=\"wpcf7-form-control wpcf7-text wpcf7-validates-as-required\" aria-required=\"true\" aria-invalid=\"false\" placeholder=\"Sujeto *\" value=\"\" type=\"text\" name=\"your-subject\" \/><\/span>\n        <div class=\"input-group\">\n            <span class=\"wpcf7-form-control-wrap\" data-name=\"your-message\"><textarea cols=\"40\" rows=\"10\" maxlength=\"2000\" class=\"wpcf7-form-control wpcf7-textarea wpcf7-validates-as-required height100\" aria-required=\"true\" aria-invalid=\"false\" placeholder=\"Mensaje *\" name=\"your-message\"><\/textarea><\/span>\n        <div class=\"input-group\">\n            <span class=\"wpcf7-form-control-wrap\" data-name=\"your-company\"><input size=\"40\" maxlength=\"400\" class=\"wpcf7-form-control wpcf7-text\" aria-invalid=\"false\" placeholder=\"Empresa\" value=\"\" type=\"text\" name=\"your-company\" \/><\/span>      \n        <div class=\"input-group\">\n            <span class=\"wpcf7-form-control-wrap\" data-name=\"your-name\"><input size=\"40\" maxlength=\"400\" class=\"wpcf7-form-control wpcf7-text wpcf7-validates-as-required\" aria-required=\"true\" aria-invalid=\"false\" placeholder=\"Nombre *\" value=\"\" type=\"text\" name=\"your-name\" \/><\/span>\n        <div class=\"input-group\">\n            <span class=\"wpcf7-form-control-wrap\" data-name=\"your-loc\"><input size=\"40\" maxlength=\"400\" class=\"wpcf7-form-control wpcf7-text wpcf7-validates-as-required\" aria-required=\"true\" aria-invalid=\"false\" placeholder=\"Localidad *\" value=\"\" type=\"text\" name=\"your-loc\" \/><\/span>\n        <div class=\"input-group\">\n            <span class=\"wpcf7-form-control-wrap\" data-name=\"your-tel\"><input size=\"40\" maxlength=\"400\" class=\"wpcf7-form-control wpcf7-tel wpcf7-validates-as-required wpcf7-text wpcf7-validates-as-tel\" aria-required=\"true\" aria-invalid=\"false\" placeholder=\"Contacto *\" value=\"\" type=\"tel\" name=\"your-tel\" \/><\/span>       \n        <div class=\"input-group\">\n            <span class=\"wpcf7-form-control-wrap\" data-name=\"your-email\"><input size=\"40\" maxlength=\"400\" class=\"wpcf7-form-control wpcf7-email wpcf7-validates-as-required wpcf7-text wpcf7-validates-as-email\" aria-required=\"true\" aria-invalid=\"false\" placeholder=\"E-mail *\" value=\"\" type=\"email\" name=\"your-email\" \/><\/span>      \n        <\/div>\n        <div class=\"input-group\">\n            <button type=\"submit\" class=\"button size-lg icon_right\">Enviar<i class=\"fa fa-chevron-right\"><\/i><\/button>\n        <\/div>\n<\/div><div class=\"wpcf7-response-output\" aria-hidden=\"true\"><\/div>\n<\/form>\n<\/div>\n[\/vc_column][\/vc_row]<\/p>\n<\/section>","protected":false},"excerpt":{"rendered":"<p>[vc_row full_width=&#8221;stretch_row_content_no_spaces&#8221; css=&#8221;.vc_custom_1654159656719{margin-top: 0px !important;margin-right: 0px !important;margin-bottom: 73px !important;margin-left: 0px !important;border-bottom-width: 8px !important;border-bottom-color: #727c86 !important;border-bottom-style: solid !important;}&#8221;][vc_column][rev_slider_vc alias=&#8221;slider-ambiente-12&#8243;][\/vc_column][\/vc_row][vc_row][vc_column width=&#8221;1\/6&#8243;][vc_custom_heading icon=&#8221;icon-agri-ambiente&#8221; icon_size=&#8221;40&#8243; stripe_pos=&#8221;hide&#8221; text=&#8221;Ambiente&#8221; font_container=&#8221;tag:h4|font_size:23|text_align:left&#8221; google_fonts=&#8221;font_family:Poppins%3A300%2Cregular%2C500%2C600%2C700|font_style:400%20regular%3A400%3Anormal&#8221; css=&#8221;.vc_custom_1723235941154{margin-top: 0px !important;padding-top: 0px !important;}&#8221; el_class=&#8221;iconTitle&#8221; link=&#8221;url:https%3A%2F%2Fagricortes.com%2Fes%2Fambiente&#8221;][vc_raw_html]JTVCYmVsbG93cyUyMGNvbmZpZ19pZCUzRCUyMm1haW4lMjIlMjBtZW51JTNEJTIyMTE1JTIyJTVE[\/vc_raw_html][\/vc_column][vc_column width=&#8221;2\/3&#8243;][vc_tta_tabs spacing=&#8221;5&#8243; active_section=&#8221;1&#8243; el_class=&#8221;theme_style&#8221;][vc_tta_section title=&#8221;SUIRE&#8221; tab_id=&#8221;1653314755352-a90f6af0-ddaa16535614593941654245600703&#8243;][vc_row_inner][vc_column_inner width=&#8221;2\/3&#8243;][vc_single_image image=&#8221;8964&#8243; img_size=&#8221;&#8221; css=&#8221;.vc_custom_1654083385695{margin-bottom: 10px !important;}&#8221;][vc_custom_heading text=&#8221;SUIRE&#8221; font_container=&#8221;tag:h1|text_align:left&#8221; google_fonts=&#8221;font_family:Poppins%3A300%2Cregular%2C500%2C600%2C700|font_style:400%20regular%3A400%3Anormal&#8221;][vc_column_text]Dada la constante evoluci\u00f3n en un mercado competitivo, el<\/p>\n","protected":false},"author":2,"featured_media":0,"parent":0,"menu_order":0,"comment_status":"closed","ping_status":"closed","template":"","meta":{"footnotes":""},"class_list":["post-11920","page","type-page","status-publish","hentry"],"aioseo_notices":[],"_links":{"self":[{"href":"https:\/\/agricortes.com\/es\/wp-json\/wp\/v2\/pages\/11920","targetHints":{"allow":["GET"]}}],"collection":[{"href":"https:\/\/agricortes.com\/es\/wp-json\/wp\/v2\/pages"}],"about":[{"href":"https:\/\/agricortes.com\/es\/wp-json\/wp\/v2\/types\/page"}],"author":[{"embeddable":true,"href":"https:\/\/agricortes.com\/es\/wp-json\/wp\/v2\/users\/2"}],"replies":[{"embeddable":true,"href":"https:\/\/agricortes.com\/es\/wp-json\/wp\/v2\/comments?post=11920"}],"version-history":[{"count":6,"href":"https:\/\/agricortes.com\/es\/wp-json\/wp\/v2\/pages\/11920\/revisions"}],"predecessor-version":[{"id":19952,"href":"https:\/\/agricortes.com\/es\/wp-json\/wp\/v2\/pages\/11920\/revisions\/19952"}],"wp:attachment":[{"href":"https:\/\/agricortes.com\/es\/wp-json\/wp\/v2\/media?parent=11920"}],"curies":[{"name":"wp","href":"https:\/\/api.w.org\/{rel}","templated":true}]}}