{"id":11929,"date":"2022-05-30T09:19:12","date_gmt":"2022-05-30T09:19:12","guid":{"rendered":"https:\/\/agricortes.com\/compactacao-batmatic\/"},"modified":"2024-10-11T16:46:54","modified_gmt":"2024-10-11T16:46:54","slug":"compactacion-batmatic","status":"publish","type":"page","link":"https:\/\/agricortes.com\/es\/compactacion-batmatic\/","title":{"rendered":"BATMATIC &#8211; Compactaci\u00f3n"},"content":{"rendered":"<section class=\"wpb-content-wrapper\"><p>[vc_row full_width=&#8221;stretch_row_content_no_spaces&#8221; css=&#8221;.vc_custom_1654161138220{margin-top: 0px !important;margin-right: 0px !important;margin-bottom: 73px !important;margin-left: 0px !important;border-bottom-width: 8px !important;border-bottom-color: #ffc900 !important;border-bottom-style: solid !important;}&#8221;][vc_column][rev_slider_vc alias=&#8221;slider-construcao-1&#8243;][\/vc_column][\/vc_row][vc_row][vc_column width=&#8221;1\/4&#8243;][vc_custom_heading icon=&#8221;icon-agri-construcao&#8221; icon_size=&#8221;40&#8243; stripe_pos=&#8221;hide&#8221; text=&#8221;Construcci\u00f3n&#8221; font_container=&#8221;tag:h4|font_size:23|text_align:left&#8221; google_fonts=&#8221;font_family:Poppins%3A300%2Cregular%2C500%2C600%2C700|font_style:400%20regular%3A400%3Anormal&#8221; css=&#8221;.vc_custom_1723140572775{margin-top: 0px !important;padding-top: 0px !important;}&#8221; el_class=&#8221;iconTitle&#8221; link=&#8221;url:https%3A%2F%2Fagricortes.com%2Fes%2Fconstruccion%2F&#8221;][vc_raw_html]JTVCYmVsbG93cyUyMGNvbmZpZ19pZCUzRCUyMm1haW4lMjIlMjBtZW51JTNEJTIyMTE2JTIyJTVE[\/vc_raw_html][\/vc_column][vc_column width=&#8221;3\/4&#8243;][vc_tta_tabs spacing=&#8221;5&#8243; active_section=&#8221;1&#8243; el_class=&#8221;theme_style&#8221;][vc_tta_section title=&#8221;BATMATIC&#8221; tab_id=&#8221;1653314755352-a90f6af0-ddaa1653561459394&#8243;][vc_row_inner][vc_column_inner width=&#8221;2\/3&#8243;][vc_single_image image=&#8221;8971&#8243; img_size=&#8221;&#8221; css=&#8221;.vc_custom_1654083675654{margin-bottom: 10px !important;}&#8221;][vc_column_text css=&#8221;.vc_custom_1723140626373{margin-bottom: 0px !important;}&#8221;]<a href=\"https:\/\/www.batmatic.com\/\" target=\"_blank\" rel=\"noopener\">batmatic.com<\/a>[\/vc_column_text][vc_custom_heading text=&#8221;BATMATIC&#8221; font_container=&#8221;tag:h1|text_align:left&#8221; google_fonts=&#8221;font_family:Poppins%3A300%2Cregular%2C500%2C600%2C700|font_style:400%20regular%3A400%3Anormal&#8221;][vc_column_text]Batmatic es una marca muy conocida en todo el mundo, sin\u00f3nimo de productos de calidad y una atenci\u00f3n absoluta al cliente.<\/p>\n<p>Batmatic supervisa constantemente las innovaciones en el campo de la mec\u00e1nica y de la tecnolog\u00eda de compactaci\u00f3n y, en particular, gracias al intercambio continuo de informaci\u00f3n con el cliente, los \u00faltimos requisitos relativos a todos los aspectos de producto terminado y su uso.<\/p>\n<p>Ofrece una amplia y completa gama de compactadoras de placa de 60 kg a 700 kg, ideales para la compactaci\u00f3n de suelos y pavimentaci\u00f3n.\u00a0Gracias a una estructura organizativa flexible y el\u00e1stica, Batmatic puede proponer soluciones personalizadas, adaptadas para satisfacer a los clientes m\u00e1s exigentes.<\/p>\n<ul>\n<li>Bandejas de avance<\/li>\n<li>Placas reversibles<\/li>\n<li>Compactadoras verticales<\/li>\n<li>Rodillos vibradores<\/li>\n<li>Divisor de blocos de pavimentaci\u00f3n<\/li>\n<li>Mini dumpers de orugas<\/li>\n<\/ul>\n<p>[\/vc_column_text][\/vc_column_inner][vc_column_inner width=&#8221;1\/3&#8243;][vc_single_image image=&#8221;8982&#8243; img_size=&#8221;full&#8221; onclick=&#8221;link_image&#8221;][\/vc_column_inner][\/vc_row_inner][\/vc_tta_section][vc_tta_section title=&#8221;BANDEJAS DE AVANCE&#8221; tab_id=&#8221;1653314755359-8c73aa7e-26781653561459394&#8243;][vc_row_inner][vc_column_inner width=&#8221;2\/3&#8243;][vc_single_image image=&#8221;8971&#8243; img_size=&#8221;&#8221; css=&#8221;.vc_custom_1654083675654{margin-bottom: 10px !important;}&#8221;][vc_column_text css=&#8221;.vc_custom_1723140701477{margin-bottom: 0px !important;}&#8221;]<a href=\"https:\/\/www.batmatic.com\/\" target=\"_blank\" rel=\"noopener\">batmatic.com<\/a>[\/vc_column_text][vc_custom_heading text=&#8221;BANDEJAS DE AVANCE&#8221; font_container=&#8221;tag:h1|text_align:left&#8221; google_fonts=&#8221;font_family:Poppins%3A300%2Cregular%2C500%2C600%2C700|font_style:400%20regular%3A400%3Anormal&#8221;][vc_column_text]<strong>FP1342:\u00a0<\/strong>75-79 Kg, 13 kN, placa base especial para el asfalto, ideal para el acabado y reparaci\u00f3n de superficies pavimentadas, para\u00a0peque\u00f1os trabajos de compactaci\u00f3n y preparaci\u00f3n de zonas verdes.<\/p>\n<p><strong>FP1650:\u00a0<\/strong>87-92 Kg, 16 kN, placa de base especial para el asfalto, tambi\u00e9n es ideal para peque\u00f1os trabajos de compactaci\u00f3n de cualquier tipo de terreno,\u00a0incluyendo arena y grava.<\/p>\n<p><strong>FP2150:\u00a0<\/strong>102-118 Kg, 21 kN, ideal para el acabado y reparaci\u00f3n de superficies pavimentadas, colocaci\u00f3n de p\u00f3rfido o ladrillo autoblocante, mantenimiento de tuber\u00eda y paisaje, compactaci\u00f3n de cualquier tipo de terreno.<\/p>\n<p><strong>CB1450:\u00a0<\/strong>89-93 Kg, 16 kN, ideal para el mantenimiento de superficies de asfalto,\u00a0compactaci\u00f3n de cualquier tipo de terreno.\u00a0Suela exterior hecha de fundici\u00f3n nodular con bordes redondeados.<\/p>\n<p><strong>CD1450:\u00a0<\/strong>102-105 Kg, 16 kN, ideal para el mantenimiento de superficies de asfalto,\u00a0compactaci\u00f3n de cualquier tipo de terreno. Suela exterior hecha de fundici\u00f3n nodular con bordes redondeados.<\/p>\n<p><strong>CPB13:\u00a0<\/strong>131-132 Kg, 20 kN, ideal para\u00a0la compactaci\u00f3n de solado para pisos, fundaciones, espacios de rastreo y s\u00f3tanos.\u00a0<strong>Gran versatilidad para\u00a0muchas funciones.<\/strong><\/p>\n<p><strong>CPD15:<\/strong>\u00a0144-156 Kg, 20 kN,indicado para las camadas de\u00a0p\u00f3rfido o\u00a0capas de ladrillo de autobloqueo.<\/p>\n<p><strong>CPD17:\u00a0<\/strong>144-156 Kg, 20 kN, ideal para la pavimentaci\u00f3n de autobloqueo, indicado para las camadas de\u00a0p\u00f3rfido o\u00a0ladrillo de autobloqueo.<\/p>\n<p><strong>Especificaciones t\u00e9cnicas adicionales:<\/strong><\/p>\n<ul>\n<li>Reducci\u00f3n de la vibraci\u00f3n para el operador (mano &#8211; brazos).<\/li>\n<li>Extrema versatilidad.<\/li>\n<li>Motores diesel o gasolina.<\/li>\n<li>Frecuencia\u00a090 Hz.<\/li>\n<li>Velocidad 20 a 25 m\/min.<\/li>\n<li>Inclinaci\u00f3n superable 20%.<\/li>\n<li>Sistema de agua opcional.<\/li>\n<li>Moqueta vulkollan\u00a0opcional.<\/li>\n<li>Certificaci\u00f3n Europea, producto 100% hecho en Italia.<\/li>\n<li>3 a\u00f1os de garant\u00eda.<\/li>\n<\/ul>\n<p>[\/vc_column_text][\/vc_column_inner][vc_column_inner width=&#8221;1\/3&#8243;][vc_single_image image=&#8221;8985&#8243; img_size=&#8221;full&#8221; onclick=&#8221;link_image&#8221;][\/vc_column_inner][\/vc_row_inner][\/vc_tta_section][vc_tta_section title=&#8221;PLACAS REVERSIBLES&#8221; tab_id=&#8221;1653579033964-58ea2ebe-3846&#8243;][vc_row_inner][vc_column_inner width=&#8221;2\/3&#8243;][vc_single_image image=&#8221;8971&#8243; img_size=&#8221;&#8221; css=&#8221;.vc_custom_1654083675654{margin-bottom: 10px !important;}&#8221;][vc_column_text css=&#8221;.vc_custom_1723140725716{margin-bottom: 0px !important;}&#8221;]<a href=\"https:\/\/www.batmatic.com\/\" target=\"_blank\" rel=\"noopener\">batmatic.com<\/a>[\/vc_column_text][vc_custom_heading text=&#8221;PLACAS REVERSIBLES&#8221; font_container=&#8221;tag:h1|text_align:left&#8221; google_fonts=&#8221;font_family:Poppins%3A300%2Cregular%2C500%2C600%2C700|font_style:400%20regular%3A400%3Anormal&#8221;][vc_column_text]<strong>CR2140:\u00a0<\/strong>112-121\u00a0Kg, 21 kN, placa de base en hierro fundido nodular con bordes redondeados, robusto y resistente,\u00a0ideal para el restablecimiento de asfalto, la compactaci\u00f3n de zanjas y excavaciones, colocaci\u00f3n de enclavamiento pavimentaci\u00f3n o p\u00f3rfido.<\/p>\n<p><strong>CR2150:\u00a0<\/strong>127-136 Kg, 21 kN, con especificaciones similares al modelo anterior.<\/p>\n<p><strong>CR3050:\u00a0<\/strong>177-190 Kg, 30 kN, placa de base en hierro fundido nodular con bordes redondeados, robusto y resistente, muy vers\u00e1til, compacta, ideal para superficies medianas\u00a0de preparaci\u00f3n de sustratos y\u00a0la compactaci\u00f3n del suelo.\u00a0Muy buena relaci\u00f3n calidad &#8211; precio.<\/p>\n<p><strong>CR3265:\u00a0<\/strong>182-195 Kg, 32 kN, con especificaciones similares al modelo anterior, con placa mayor.<\/p>\n<p><strong>CR4550:\u00a0<\/strong>238-251 Kg, 45 kN, compactaci\u00f3n profunda de superficies peque\u00f1as y medianas, fundaciones y excavaciones.\u00a0Arranque el\u00e9ctrico opcional.<\/p>\n<p><strong>CR5570-AE:\u00a0<\/strong>395-444\u00a0Kg, 55 kN, buena profundidad de compactaci\u00f3n, muy vers\u00e1til, ideal para compactaci\u00f3n profunda de superficies medianas y grandes, fundaciones y excavaciones.\u00a0Arranque el\u00e9ctrico.<\/p>\n<p><strong>CR9075-AE:\u00a0<\/strong>680 Kg, 90 kN, buena profundidad de compactaci\u00f3n, muy vers\u00e1til, protecci\u00f3n total con la nueva barra antivuelco,\u00a0ideal para compactaci\u00f3n profunda de superficies medianas y grandes, fundaciones y excavaciones. Opcional\u00a0placa de base 600 mm o 850 mm de ancho. Arranque el\u00e9ctrico.<\/p>\n<p><strong>Especificaciones t\u00e9cnicas:<\/strong><\/p>\n<ul>\n<li>Placa de base<\/li>\n<li>Componentes de aluminio<\/li>\n<li>Reducci\u00f3n de la vibraci\u00f3n para el operador (mano &#8211; brazos).<\/li>\n<li>Completo con ruedas para facilitar su transporte<\/li>\n<li>Extrema versatilidad.<\/li>\n<li>Velocidad 20 a 30 m\/min.<\/li>\n<li>Inclinaci\u00f3n superable 20%.<\/li>\n<li>Motores diesel o gasolina.<\/li>\n<li>Base Vulkollan Suelos con alfombras\u00a0opcional en serie C, opcional en los otros modelos.<\/li>\n<li>Sistema de agua opcional.<\/li>\n<li>Certificaci\u00f3n Europea, producto 100% hecho en Italia.<\/li>\n<li>3 a\u00f1os de garant\u00eda.<\/li>\n<\/ul>\n<p>[\/vc_column_text][\/vc_column_inner][vc_column_inner width=&#8221;1\/3&#8243;][vc_single_image image=&#8221;8989&#8243; img_size=&#8221;full&#8221; onclick=&#8221;link_image&#8221;][\/vc_column_inner][\/vc_row_inner][\/vc_tta_section][vc_tta_section title=&#8221;COMPACTADORAS VERTICALES&#8221; tab_id=&#8221;1653899808751-02e8a3e3-4f3c&#8221;][vc_row_inner][vc_column_inner width=&#8221;2\/3&#8243;][vc_single_image image=&#8221;8971&#8243; img_size=&#8221;&#8221; css=&#8221;.vc_custom_1654083675654{margin-bottom: 10px !important;}&#8221;][vc_column_text css=&#8221;.vc_custom_1723140760893{margin-bottom: 0px !important;}&#8221;]<a href=\"https:\/\/www.batmatic.com\/\" target=\"_blank\" rel=\"noopener\">batmatic.com<\/a>[\/vc_column_text][vc_custom_heading text=&#8221;COMPACTADORAS VERTICALES&#8221; font_container=&#8221;tag:h1|text_align:left&#8221; google_fonts=&#8221;font_family:Poppins%3A300%2Cregular%2C500%2C600%2C700|font_style:400%20regular%3A400%3Anormal&#8221;][vc_column_text]M\u00e1quina de reducidas dimensiones pero con una alta compactaci\u00f3n.\u00a0Adecuado para compacto en espacios reducidos en\u00a0zanjas, cajas para cables el\u00e9ctricos, gasoductos y acueductos.<\/p>\n<p>Serie ligera modelo CV70H de 70 kg, motor gasolina Honda GXR 120 de 2,6 kW (3,5 Hp).<br \/>\nSerie profisional modelo CV80Y de 81 kg, motor diesel Yanmar L48 de 3,1 kW (4,2 Hp).<\/p>\n<ul>\n<li>Dimensi\u00f3n de la base 285&#215;330 mm.<\/li>\n<li>Fuerza centr\u00edfuga (potencia) 16 kN.<\/li>\n<li>Frecuencia 600-695 vpm.<\/li>\n<li>Profundidad 60-70 cm.<\/li>\n<li>Velocidad 15-18 m\/min.<\/li>\n<li>Inclinaci\u00f3n superable 20%.<\/li>\n<li>Vibraciones mano \/brazo 8 m\/s.<\/li>\n<li>N\u00edvel de ruido garantizado 108 dB(A).<\/li>\n<\/ul>\n<p>[\/vc_column_text][\/vc_column_inner][vc_column_inner width=&#8221;1\/3&#8243;][vc_single_image image=&#8221;8979&#8243; img_size=&#8221;full&#8221; onclick=&#8221;link_image&#8221;][\/vc_column_inner][\/vc_row_inner][\/vc_tta_section][vc_tta_section title=&#8221;RODILLOS VIBRANTES&#8221; tab_id=&#8221;1653899847048-43d94900-1dad&#8221;][vc_row_inner][vc_column_inner width=&#8221;2\/3&#8243;][vc_single_image image=&#8221;8971&#8243; img_size=&#8221;&#8221; css=&#8221;.vc_custom_1654083675654{margin-bottom: 10px !important;}&#8221;][vc_column_text css=&#8221;.vc_custom_1723140798229{margin-bottom: 0px !important;}&#8221;]<a href=\"https:\/\/www.batmatic.com\/\" target=\"_blank\" rel=\"noopener\">batmatic.com<\/a>[\/vc_column_text][vc_custom_heading text=&#8221;RODILLOS VIBRANTES&#8221; font_container=&#8221;tag:h1|text_align:left&#8221; google_fonts=&#8221;font_family:Poppins%3A300%2Cregular%2C500%2C600%2C700|font_style:400%20regular%3A400%3Anormal&#8221;][vc_column_text]Cilindro apeado de rolo liso doble de la categor\u00eda de 700 kg, extremadamente compacto y robusto.<\/p>\n<ul>\n<li>Motor diesel Lombardini 15LD350 de 7,5 Hp con arranque el\u00e9ctrico<\/li>\n<li>Transmisi\u00f3n hidrost\u00e1tica dual en ambos rodillos<\/li>\n<li>Ancho de los rodillos 650 mm; di\u00e1metro 256 mm<\/li>\n<li>Fuerza centrifuga (pot\u00e9ncia) 11 kN<\/li>\n<li>Frecuencia 55 Hz<\/li>\n<li>Profundidad 25 cm<\/li>\n<li>Velocidad 60 m\/min<\/li>\n<li>Inclinaci\u00f3n superable en subida 25%; en la lateral 30%<\/li>\n<li>Sistema de \u00e1gua de 40 litros<\/li>\n<li>Rollbar de protecci\u00f3n equipado con puntos y cinta de elevaci\u00f3n<\/li>\n<li>Mandos de control en brazo rebatible<\/li>\n<\/ul>\n<p>A AGRICORTES representa en Portugal la marca LOMBARDINI \/ KOHLER en motores y repuestos.[\/vc_column_text][\/vc_column_inner][vc_column_inner width=&#8221;1\/3&#8243;][vc_single_image image=&#8221;8976&#8243; img_size=&#8221;full&#8221; onclick=&#8221;link_image&#8221;][\/vc_column_inner][\/vc_row_inner][\/vc_tta_section][\/vc_tta_tabs][\/vc_column][\/vc_row]<\/p>\n<\/section>","protected":false},"excerpt":{"rendered":"<p>[vc_row full_width=&#8221;stretch_row_content_no_spaces&#8221; css=&#8221;.vc_custom_1654161138220{margin-top: 0px !important;margin-right: 0px !important;margin-bottom: 73px !important;margin-left: 0px !important;border-bottom-width: 8px !important;border-bottom-color: #ffc900 !important;border-bottom-style: solid !important;}&#8221;][vc_column][rev_slider_vc alias=&#8221;slider-construcao-1&#8243;][\/vc_column][\/vc_row][vc_row][vc_column width=&#8221;1\/4&#8243;][vc_custom_heading icon=&#8221;icon-agri-construcao&#8221; icon_size=&#8221;40&#8243; stripe_pos=&#8221;hide&#8221; text=&#8221;Construcci\u00f3n&#8221; font_container=&#8221;tag:h4|font_size:23|text_align:left&#8221; google_fonts=&#8221;font_family:Poppins%3A300%2Cregular%2C500%2C600%2C700|font_style:400%20regular%3A400%3Anormal&#8221; css=&#8221;.vc_custom_1723140572775{margin-top: 0px !important;padding-top: 0px !important;}&#8221; el_class=&#8221;iconTitle&#8221; link=&#8221;url:https%3A%2F%2Fagricortes.com%2Fes%2Fconstruccion%2F&#8221;][vc_raw_html]JTVCYmVsbG93cyUyMGNvbmZpZ19pZCUzRCUyMm1haW4lMjIlMjBtZW51JTNEJTIyMTE2JTIyJTVE[\/vc_raw_html][\/vc_column][vc_column width=&#8221;3\/4&#8243;][vc_tta_tabs spacing=&#8221;5&#8243; active_section=&#8221;1&#8243; el_class=&#8221;theme_style&#8221;][vc_tta_section title=&#8221;BATMATIC&#8221; tab_id=&#8221;1653314755352-a90f6af0-ddaa1653561459394&#8243;][vc_row_inner][vc_column_inner width=&#8221;2\/3&#8243;][vc_single_image image=&#8221;8971&#8243; img_size=&#8221;&#8221; css=&#8221;.vc_custom_1654083675654{margin-bottom: 10px !important;}&#8221;][vc_column_text css=&#8221;.vc_custom_1723140626373{margin-bottom: 0px !important;}&#8221;]batmatic.com[\/vc_column_text][vc_custom_heading text=&#8221;BATMATIC&#8221; font_container=&#8221;tag:h1|text_align:left&#8221; google_fonts=&#8221;font_family:Poppins%3A300%2Cregular%2C500%2C600%2C700|font_style:400%20regular%3A400%3Anormal&#8221;][vc_column_text]Batmatic es una marca muy conocida<\/p>\n","protected":false},"author":2,"featured_media":0,"parent":0,"menu_order":0,"comment_status":"closed","ping_status":"closed","template":"","meta":{"footnotes":""},"class_list":["post-11929","page","type-page","status-publish","hentry"],"aioseo_notices":[],"_links":{"self":[{"href":"https:\/\/agricortes.com\/es\/wp-json\/wp\/v2\/pages\/11929","targetHints":{"allow":["GET"]}}],"collection":[{"href":"https:\/\/agricortes.com\/es\/wp-json\/wp\/v2\/pages"}],"about":[{"href":"https:\/\/agricortes.com\/es\/wp-json\/wp\/v2\/types\/page"}],"author":[{"embeddable":true,"href":"https:\/\/agricortes.com\/es\/wp-json\/wp\/v2\/users\/2"}],"replies":[{"embeddable":true,"href":"https:\/\/agricortes.com\/es\/wp-json\/wp\/v2\/comments?post=11929"}],"version-history":[{"count":9,"href":"https:\/\/agricortes.com\/es\/wp-json\/wp\/v2\/pages\/11929\/revisions"}],"predecessor-version":[{"id":19953,"href":"https:\/\/agricortes.com\/es\/wp-json\/wp\/v2\/pages\/11929\/revisions\/19953"}],"wp:attachment":[{"href":"https:\/\/agricortes.com\/es\/wp-json\/wp\/v2\/media?parent=11929"}],"curies":[{"name":"wp","href":"https:\/\/api.w.org\/{rel}","templated":true}]}}