{"id":11937,"date":"2022-05-30T09:33:21","date_gmt":"2022-05-30T09:33:21","guid":{"rendered":"https:\/\/agricortes.com\/autobetoneiras-carmix\/"},"modified":"2024-10-11T17:23:34","modified_gmt":"2024-10-11T17:23:34","slug":"hormigoneras-carmix","status":"publish","type":"page","link":"https:\/\/agricortes.com\/es\/hormigoneras-carmix\/","title":{"rendered":"CARMIX &#8211; Hormigoneras"},"content":{"rendered":"<section class=\"wpb-content-wrapper\"><p>[vc_row full_width=&#8221;stretch_row_content_no_spaces&#8221; css=&#8221;.vc_custom_1654161138220{margin-top: 0px !important;margin-right: 0px !important;margin-bottom: 73px !important;margin-left: 0px !important;border-bottom-width: 8px !important;border-bottom-color: #ffc900 !important;border-bottom-style: solid !important;}&#8221;][vc_column][rev_slider_vc alias=&#8221;slider-construcao-1&#8243;][\/vc_column][\/vc_row][vc_row][vc_column width=&#8221;1\/4&#8243;][vc_custom_heading icon=&#8221;icon-agri-construcao&#8221; icon_size=&#8221;40&#8243; stripe_pos=&#8221;hide&#8221; text=&#8221;Construcci\u00f3n&#8221; font_container=&#8221;tag:h4|font_size:23|text_align:left&#8221; google_fonts=&#8221;font_family:Poppins%3A300%2Cregular%2C500%2C600%2C700|font_style:400%20regular%3A400%3Anormal&#8221; css=&#8221;.vc_custom_1723140159007{margin-top: 0px !important;padding-top: 0px !important;}&#8221; el_class=&#8221;iconTitle&#8221; link=&#8221;url:https%3A%2F%2Fagricortes.com%2Fes%2Fconstruccion%2F&#8221;][vc_raw_html]JTVCYmVsbG93cyUyMGNvbmZpZ19pZCUzRCUyMm1haW4lMjIlMjBtZW51JTNEJTIyMTE2JTIyJTVE[\/vc_raw_html][\/vc_column][vc_column width=&#8221;3\/4&#8243;][vc_tta_tabs spacing=&#8221;5&#8243; active_section=&#8221;1&#8243; el_class=&#8221;theme_style&#8221;][vc_tta_section title=&#8221;CARMIX&#8221; tab_id=&#8221;1653314755352-a90f6af0-ddaa16535614593941654245707525&#8243;][vc_row_inner][vc_column_inner width=&#8221;2\/3&#8243;][vc_single_image image=&#8221;8998&#8243; img_size=&#8221;&#8221; css=&#8221;.vc_custom_1654082874624{margin-bottom: 10px !important;}&#8221;][vc_column_text css=&#8221;.vc_custom_1723139531019{margin-bottom: 0px !important;}&#8221;]<a href=\"https:\/\/www.carmix.com\/es\/\" target=\"_blank\" rel=\"noopener\">carmix.com\/es<\/a>[\/vc_column_text][vc_custom_heading text=&#8221;CARMIX&#8221; font_container=&#8221;tag:h1|text_align:left&#8221; google_fonts=&#8221;font_family:Poppins%3A300%2Cregular%2C500%2C600%2C700|font_style:400%20regular%3A400%3Anormal&#8221;][vc_column_text]<strong>Los pioneros de ayer, los innovadores de hoy<\/strong><\/p>\n<p>Sin\u00f3nimo de autohormigonera autocargable 4&#215;4 junto con la m\u00e1xima calidad e incomparable fiabilida,\u00a0CARMIX presenta la soluci\u00f3n ideal para producir hormig\u00f3n f\u00e1cil y econ\u00f3mico, representando la satisfacci\u00f3n de miles de contratistas, empresas de construcci\u00f3n y organismos oficiales, en m\u00e1s de 310 distintos pa\u00edses distribuidos\u00a0por los 5 continentes.[\/vc_column_text][\/vc_column_inner][vc_column_inner width=&#8221;1\/3&#8243;][vc_single_image image=&#8221;9004&#8243; img_size=&#8221;full&#8221; onclick=&#8221;link_image&#8221;][vc_column_text]<iframe title=\"YouTube video player\" src=\"https:\/\/www.youtube.com\/embed\/F73e_8vxBWs\" width=\"100%\" height=\"auto\" frameborder=\"0\" allowfullscreen=\"allowfullscreen\"><\/iframe>[\/vc_column_text][vc_column_text]<iframe title=\"YouTube video player\" src=\"https:\/\/www.youtube.com\/embed\/SDPQ8Qjec2c\" width=\"100%\" height=\"auto\" frameborder=\"0\" allowfullscreen=\"allowfullscreen\"><\/iframe>[\/vc_column_text][vc_column_text]<iframe title=\"YouTube video player\" src=\"https:\/\/www.youtube.com\/embed\/fXs9OSIgkJE\" width=\"100%\" height=\"auto\" frameborder=\"0\" allowfullscreen=\"allowfullscreen\"><\/iframe>[\/vc_column_text][\/vc_column_inner][\/vc_row_inner][\/vc_tta_section][vc_tta_section title=&#8221;HORMIGONERAS&#8221; tab_id=&#8221;1653314755359-8c73aa7e-267816535614593941654245707525&#8243;][vc_row_inner][vc_column_inner width=&#8221;2\/3&#8243;][vc_single_image image=&#8221;8998&#8243; img_size=&#8221;&#8221; css=&#8221;.vc_custom_1654082874624{margin-bottom: 10px !important;}&#8221;][vc_column_text css=&#8221;.vc_custom_1723139562763{margin-bottom: 0px !important;}&#8221;]<a href=\"https:\/\/www.carmix.com\/es\/\" target=\"_blank\" rel=\"noopener\">carmix.com\/es<\/a>[\/vc_column_text][vc_custom_heading text=&#8221;HORMIGONERAS&#8221; font_container=&#8221;tag:h1|text_align:left&#8221; google_fonts=&#8221;font_family:Poppins%3A300%2Cregular%2C500%2C600%2C700|font_style:400%20regular%3A400%3Anormal&#8221;][vc_column_text]Haced de CARMIX<strong>\u00a0<\/strong>el \u201cproveedor oficial\u201c de hormig\u00f3n de vuestra obra: gracias a las tecnolog\u00edas y soluciones adoptadas CARMIX se autoalimenta, produce, transporta y descarga m\u00e1s de 100 m3 de hormig\u00f3n al d\u00eda.<\/p>\n<p>La serie 360\u00b0 incluye, actualmente, la CARMIX 2.5TT, CARMIX 3.5TT, CARMIX 5.5XL y las m\u00e1s recentes TC3500 y 45FX &#8211; modelos\u00a0distintos modelos con\u00a0una sola filosof\u00eda: garantizar hormig\u00f3n de calidad a costo reducido en cualquier tipo de obra asegurando un excelente confort del operador y obtener una mayor productividad.<br \/>\nEl modelo 25FX ofrece m\u00e1quinas similares a los competidores.<br \/>\nLa One es compacta, r\u00e1pida, vers\u00e1til y es el modelo m\u00e1s compacto de la l\u00ednea de hormigoneras CARMIX.<br \/>\nTodos los modelos con traci\u00f3n integral a las quatro ruedas.<\/p>\n<p>Opcionales:<\/p>\n<ul>\n<li>Sistema de lavado a alta presi\u00f3n<\/li>\n<li>Sistema de pesaje<\/li>\n<li>Rueda suplente<\/li>\n<li>Canaletas adicionales<\/li>\n<\/ul>\n<div class=\"table-responsive\">\n<table class=\"table\" style=\"background: #FFF;\">\n<thead>\n<tr style=\"background: #a32035; color: #ffffff;\">\n<td><small><strong>Modelos<\/strong><\/small><\/td>\n<td><small><strong>One<\/strong><\/small><\/td>\n<td><small><strong>25FX<\/strong><\/small><\/td>\n<td><small><strong>2.5TT<\/strong><\/small><\/td>\n<td><small><strong>3.5TT<br \/>\n3500 TC<\/strong><\/small><\/td>\n<td><small>45FX<\/small><\/td>\n<td><small><strong>5.5XL<\/strong><\/small><\/td>\n<\/tr>\n<\/thead>\n<tbody>\n<tr>\n<td><small><strong>Chasis<\/strong><\/small><\/td>\n<td><small>articulado<\/small><\/td>\n<td><small>rigido<\/small><\/td>\n<td><small>r\u00edgido<\/small><\/td>\n<td><small>r\u00edgido<\/small><\/td>\n<td><small>r\u00edgido<\/small><\/td>\n<td><small>r\u00edgido<\/small><\/td>\n<\/tr>\n<tr>\n<td><small><strong>Capacidad<\/strong><\/small><\/td>\n<td><small>1400 ltrs<br \/>\n1 m3<\/small><\/td>\n<td><small>3450 ltrs<br \/>\n2,5 m3<\/small><\/td>\n<td><small>3450 ltrs<br \/>\n2,5 m3<\/small><\/td>\n<td><small>4850 ltrs<br \/>\n3,5 m3<\/small><\/td>\n<td><small>5850 ltrs<br \/>\n4,5 m3<\/small><\/td>\n<td><small>7600 ltrs<br \/>\n5,5 m3<\/small><\/td>\n<\/tr>\n<tr>\n<td><small><strong>Tambor<\/strong><\/small><\/td>\n<td><small>sobre eje trasero<\/small><\/td>\n<td><small>sobre eje trasero<\/small><\/td>\n<td><small>entre ejes c\/ rotaci\u00f3n<\/small><\/td>\n<td><small>entre ejes c\/ rotaci\u00f3n<\/small><\/td>\n<td><small>entre ejes c\/ rotaci\u00f3n<\/small><\/td>\n<td><small>entre ejes c\/ rotaci\u00f3n<\/small><\/td>\n<\/tr>\n<tr>\n<td><small><strong>Productividad<\/strong><\/small><\/td>\n<td><small>4 ciclos\/h<\/small><\/td>\n<td><small>4 ciclos\/h<\/small><\/td>\n<td><small>4 ciclos\/h<\/small><\/td>\n<td><small>4 ciclos\/h<\/small><\/td>\n<td><small>4 ciclos\/h<\/small><\/td>\n<td><small>4 ciclos\/h<\/small><\/td>\n<\/tr>\n<tr>\n<td><small><strong>Operaci\u00f3n<\/strong><\/small><\/td>\n<td><small>canopy<\/small><\/td>\n<td><small>canopy<\/small><\/td>\n<td><small>cabina<\/small><\/td>\n<td><small>cabina<\/small><\/td>\n<td><small>canopy<\/small><\/td>\n<td><small>cabina<\/small><\/td>\n<\/tr>\n<tr>\n<td><small><strong>Cargamento<\/strong><\/small><\/td>\n<td><small>trasero<\/small><\/td>\n<td><small>trasero<\/small><\/td>\n<td><small>delantero<\/small><\/td>\n<td><small>delantero<\/small><\/td>\n<td><small>trasero<\/small><\/td>\n<td><small>delantero<\/small><\/td>\n<\/tr>\n<tr>\n<td><small><strong>Transmisi\u00f3n<\/strong><\/small><\/td>\n<td><small>hidrost\u00e1tica<\/small><\/td>\n<td><small>hidrost\u00e1tica<\/small><\/td>\n<td><small>hidrost\u00e1tica<\/small><\/td>\n<td><small>hidrost\u00e1tica<\/small><\/td>\n<td><small>hidrost\u00e1tica<\/small><\/td>\n<td><small>hidrost\u00e1tica<\/small><\/td>\n<\/tr>\n<tr>\n<td><small><strong>Mandos<\/strong><\/small><\/td>\n<td><small>palancas<\/small><\/td>\n<td><small>palancas<\/small><\/td>\n<td><small>joystick<\/small><\/td>\n<td><small>joystick<\/small><\/td>\n<td><small>palancas<\/small><\/td>\n<td><small>joystick<\/small><\/td>\n<\/tr>\n<tr>\n<td><small><strong>Motor<\/strong><\/small><\/td>\n<td><small>Perkins<\/small><\/td>\n<td><small>Perkins<\/small><\/td>\n<td><small>Perkins<\/small><\/td>\n<td><small>Perkins<\/small><\/td>\n<td><small>Perkins<\/small><\/td>\n<td><small>Cummins<\/small><\/td>\n<\/tr>\n<tr>\n<td><small><strong>Potencia<\/strong><\/small><\/td>\n<td><small>39 Hp<\/small><\/td>\n<td><small>84\u00a0Hp<\/small><\/td>\n<td><small>84\u00a0Hp<\/small><\/td>\n<td><small>111\u00a0Hp<\/small><\/td>\n<td><small>84\u00a0Hp<\/small><\/td>\n<td><small>161\u00a0Hp<\/small><\/td>\n<\/tr>\n<tr>\n<td><small><strong>Agua<\/strong><\/small><\/td>\n<td><small>310 ltrs<\/small><\/td>\n<td><small>550 ltrs<\/small><\/td>\n<td><small>540 ltrs<\/small><\/td>\n<td><small>800 ltrs.<\/small><\/td>\n<td><small>1180 ltrs.<\/small><\/td>\n<td><small>1200 ltrs.<\/small><\/td>\n<\/tr>\n<tr>\n<td><small><strong>Peso<\/strong><\/small><\/td>\n<td><small>2800 kg<\/small><\/td>\n<td><small>5300 kg<\/small><\/td>\n<td><small>6000 kg<\/small><\/td>\n<td><small>7400 kg<\/small><\/td>\n<td><small>7000 kg<\/small><\/td>\n<td><small>8700 kg<\/small><\/td>\n<\/tr>\n<\/tbody>\n<\/table>\n<\/div>\n<p>[\/vc_column_text][\/vc_column_inner][vc_column_inner width=&#8221;1\/3&#8243;][vc_media_grid style=&#8221;lazy&#8221; element_width=&#8221;6&#8243; gap=&#8221;10&#8243; grid_id=&#8221;vc_gid:1728667310757-b44a50a1-ffd5-1&#8243; el_class=&#8221;imageGalleryMargin&#8221; include=&#8221;9007,9010,9013,9016&#8243;][vc_column_text]<iframe title=\"YouTube video player\" src=\"https:\/\/www.youtube.com\/embed\/PatwEvSAogA\" width=\"100%\" height=\"auto\" frameborder=\"0\" allowfullscreen=\"allowfullscreen\"><\/iframe>[\/vc_column_text][vc_column_text]<iframe title=\"YouTube video player\" src=\"https:\/\/www.youtube.com\/embed\/f_csoV1rok8\" width=\"100%\" height=\"auto\" frameborder=\"0\" allowfullscreen=\"allowfullscreen\"><\/iframe>[\/vc_column_text][vc_column_text]<iframe title=\"YouTube video player\" src=\"https:\/\/www.youtube.com\/embed\/AA7c9WAvrjM\" width=\"100%\" height=\"auto\" frameborder=\"0\" allowfullscreen=\"allowfullscreen\"><\/iframe>[\/vc_column_text][\/vc_column_inner][\/vc_row_inner][\/vc_tta_section][vc_tta_section title=&#8221;BOMBAS DE HORMIG\u00d3N&#8221; tab_id=&#8221;1653579033964-58ea2ebe-38461654245707525&#8243;][vc_row_inner][vc_column_inner width=&#8221;2\/3&#8243;][vc_single_image image=&#8221;8998&#8243; img_size=&#8221;&#8221; css=&#8221;.vc_custom_1654082874624{margin-bottom: 10px !important;}&#8221;][vc_column_text css=&#8221;.vc_custom_1723140075836{margin-bottom: 0px !important;}&#8221;]<a href=\"https:\/\/www.carmix.com\/es\/\" target=\"_blank\" rel=\"noopener\">carmix.com\/es<\/a>[\/vc_column_text][vc_custom_heading text=&#8221;BOMBAS DE HORMIG\u00d3N&#8221; font_container=&#8221;tag:h1|text_align:left&#8221; google_fonts=&#8221;font_family:Poppins%3A300%2Cregular%2C500%2C600%2C700|font_style:400%20regular%3A400%3Anormal&#8221;][vc_column_text]Silo horizontal para cemento equipado con rosca sinf\u00edn flexible para el transporte del material y sistema de pesaje electr\u00f3nico.<\/p>\n<p>Disponible en las versiones 15, 28 y 34 m3.<\/p>\n<ul>\n<li>Sistema electr\u00f3nico de pesaje con c\u00e9lulas de carga y pantalla de control y gesti\u00f3n del proceso.<\/li>\n<li>La estructura principal est\u00e1 equipada con un sistema de posicionamiento y desenganche del veh\u00edculo de transporte independiente del uso de m\u00e1quinas de elevaci\u00f3n.<\/li>\n<li>Sistema de vibraci\u00f3n para facilitar el flujo de cemento con rosca sinf\u00edn para el transporte y la descarga directamente a la altura deseada, con posibilidad de regulaci\u00f3n; Panel de control electr\u00f3nico con sistemas de seguridad de acuerdo a las normas europeas vigentes.<\/li>\n<\/ul>\n<div class=\"table-responsive\">\n<table class=\"table\" style=\"background: #FFF;\">\n<thead>\n<tr style=\"background: #a32035; color: #ffffff;\">\n<td><\/td>\n<td><small><strong>CARSILOS 15<\/strong><\/small><\/td>\n<td><small><strong>CARSILOS 28<\/strong><\/small><\/td>\n<td><small><strong>CARSILOS 34<\/strong><\/small><\/td>\n<\/tr>\n<\/thead>\n<tbody>\n<tr>\n<td><small><strong>Capacidad de carga<\/strong><\/small><\/td>\n<td><small>15 m3<\/small><\/td>\n<td><small>28 m3<\/small><\/td>\n<td><small>34 m3<\/small><\/td>\n<\/tr>\n<tr>\n<td><small><strong>Producci\u00f3n te\u00f3rica<\/strong><\/small><\/td>\n<td><small>320 kg\/l<\/small><\/td>\n<td><small>320 kg\/l<\/small><\/td>\n<td><small>320 kg\/l<\/small><\/td>\n<\/tr>\n<tr>\n<td><small><strong>Peso en vac\u00edo<\/strong><\/small><\/td>\n<td><small>2800 kg<\/small><\/td>\n<td><small>3500 kg<\/small><\/td>\n<td><small>4000 kg<\/small><\/td>\n<\/tr>\n<tr>\n<td><small><strong>Potencia absorbida<\/strong><\/small><\/td>\n<td><small>9 kW<\/small><\/td>\n<td><small>12 kW<\/small><\/td>\n<td><small>12 kW<\/small><\/td>\n<\/tr>\n<tr>\n<td><small><strong>Tensi\u00f3n de alimentaci\u00f3n trif\u00e1sica<\/strong><\/small><\/td>\n<td><small>380V , 50Hz<\/small><\/td>\n<td><small>380V , 50Hz<\/small><\/td>\n<td><small>380V , 50Hz<\/small><\/td>\n<\/tr>\n<\/tbody>\n<\/table>\n<\/div>\n<p>[\/vc_column_text][\/vc_column_inner][vc_column_inner width=&#8221;1\/3&#8243;][vc_single_image image=&#8221;9019&#8243; img_size=&#8221;full&#8221; onclick=&#8221;link_image&#8221;][vc_column_text]<iframe title=\"YouTube video player\" src=\"https:\/\/www.youtube.com\/embed\/OTWy7tSZRkM\" width=\"100%\" height=\"auto\" frameborder=\"0\" allowfullscreen=\"allowfullscreen\"><\/iframe>[\/vc_column_text][\/vc_column_inner][\/vc_row_inner][\/vc_tta_section][vc_tta_section title=&#8221;D\u00daMPERES&#8221; tab_id=&#8221;1653899808751-02e8a3e3-4f3c1654245707525&#8243;][vc_row_inner][vc_column_inner width=&#8221;2\/3&#8243;][vc_single_image image=&#8221;8998&#8243; img_size=&#8221;&#8221; css=&#8221;.vc_custom_1654082874624{margin-bottom: 10px !important;}&#8221;][vc_column_text css=&#8221;.vc_custom_1723140115075{margin-bottom: 0px !important;}&#8221;]<a href=\"https:\/\/www.carmix.com\/es\/\" target=\"_blank\" rel=\"noopener\">carmix.com\/es<\/a>[\/vc_column_text][vc_custom_heading text=&#8221;D\u00daMPERES&#8221; font_container=&#8221;tag:h1|text_align:left&#8221; google_fonts=&#8221;font_family:Poppins%3A300%2Cregular%2C500%2C600%2C700|font_style:400%20regular%3A400%3Anormal&#8221;][vc_column_text]D\u00famper CARMIX D6 bidireccional, ideal para trabajos en t\u00faneles,\u00a04&#215;4 con una capacidad de carga de 4500 litros vac\u00edo y 6 m3 lleno, equipado con caja tipo roca con vuelco hidr\u00e1ulico de dos cilindros, velocidad de trabajo de 0 a 12 km\/h y velocidad de transferencia en carretera de 0 a 25 km\/h.<\/p>\n<p>Capacidad de carga: 10 T<br \/>\nTransmisi\u00f3n: completamente hidrost\u00e1tica Bosch-Rexroth, 4 ruedas direccionales<br \/>\nMotor: Perkins 111 CV<br \/>\nPuesto del operador: ROPS-FOPS con cristales en 3 lados, asiento reversible 180\u00b0 con inversi\u00f3n autom\u00e1tica del circuito de direcci\u00f3n.[\/vc_column_text][\/vc_column_inner][vc_column_inner width=&#8221;1\/3&#8243;][vc_single_image image=&#8221;9001&#8243; img_size=&#8221;full&#8221; onclick=&#8221;link_image&#8221;][vc_column_text]<iframe title=\"YouTube video player\" src=\"https:\/\/www.youtube.com\/embed\/9leU7t0iukU\" width=\"100%\" height=\"auto\" frameborder=\"0\" allowfullscreen=\"allowfullscreen\"><\/iframe>[\/vc_column_text][\/vc_column_inner][\/vc_row_inner][\/vc_tta_section][\/vc_tta_tabs][\/vc_column][\/vc_row]<\/p>\n<\/section>","protected":false},"excerpt":{"rendered":"<p>[vc_row full_width=&#8221;stretch_row_content_no_spaces&#8221; css=&#8221;.vc_custom_1654161138220{margin-top: 0px !important;margin-right: 0px !important;margin-bottom: 73px !important;margin-left: 0px !important;border-bottom-width: 8px !important;border-bottom-color: #ffc900 !important;border-bottom-style: solid !important;}&#8221;][vc_column][rev_slider_vc alias=&#8221;slider-construcao-1&#8243;][\/vc_column][\/vc_row][vc_row][vc_column width=&#8221;1\/4&#8243;][vc_custom_heading icon=&#8221;icon-agri-construcao&#8221; icon_size=&#8221;40&#8243; stripe_pos=&#8221;hide&#8221; text=&#8221;Construcci\u00f3n&#8221; font_container=&#8221;tag:h4|font_size:23|text_align:left&#8221; google_fonts=&#8221;font_family:Poppins%3A300%2Cregular%2C500%2C600%2C700|font_style:400%20regular%3A400%3Anormal&#8221; css=&#8221;.vc_custom_1723140159007{margin-top: 0px !important;padding-top: 0px !important;}&#8221; el_class=&#8221;iconTitle&#8221; link=&#8221;url:https%3A%2F%2Fagricortes.com%2Fes%2Fconstruccion%2F&#8221;][vc_raw_html]JTVCYmVsbG93cyUyMGNvbmZpZ19pZCUzRCUyMm1haW4lMjIlMjBtZW51JTNEJTIyMTE2JTIyJTVE[\/vc_raw_html][\/vc_column][vc_column width=&#8221;3\/4&#8243;][vc_tta_tabs spacing=&#8221;5&#8243; active_section=&#8221;1&#8243; el_class=&#8221;theme_style&#8221;][vc_tta_section title=&#8221;CARMIX&#8221; tab_id=&#8221;1653314755352-a90f6af0-ddaa16535614593941654245707525&#8243;][vc_row_inner][vc_column_inner width=&#8221;2\/3&#8243;][vc_single_image image=&#8221;8998&#8243; img_size=&#8221;&#8221; css=&#8221;.vc_custom_1654082874624{margin-bottom: 10px !important;}&#8221;][vc_column_text css=&#8221;.vc_custom_1723139531019{margin-bottom: 0px !important;}&#8221;]carmix.com\/es[\/vc_column_text][vc_custom_heading text=&#8221;CARMIX&#8221; font_container=&#8221;tag:h1|text_align:left&#8221; google_fonts=&#8221;font_family:Poppins%3A300%2Cregular%2C500%2C600%2C700|font_style:400%20regular%3A400%3Anormal&#8221;][vc_column_text]Los pioneros de ayer, los innovadores<\/p>\n","protected":false},"author":2,"featured_media":0,"parent":0,"menu_order":0,"comment_status":"closed","ping_status":"closed","template":"","meta":{"footnotes":""},"class_list":["post-11937","page","type-page","status-publish","hentry"],"aioseo_notices":[],"_links":{"self":[{"href":"https:\/\/agricortes.com\/es\/wp-json\/wp\/v2\/pages\/11937","targetHints":{"allow":["GET"]}}],"collection":[{"href":"https:\/\/agricortes.com\/es\/wp-json\/wp\/v2\/pages"}],"about":[{"href":"https:\/\/agricortes.com\/es\/wp-json\/wp\/v2\/types\/page"}],"author":[{"embeddable":true,"href":"https:\/\/agricortes.com\/es\/wp-json\/wp\/v2\/users\/2"}],"replies":[{"embeddable":true,"href":"https:\/\/agricortes.com\/es\/wp-json\/wp\/v2\/comments?post=11937"}],"version-history":[{"count":11,"href":"https:\/\/agricortes.com\/es\/wp-json\/wp\/v2\/pages\/11937\/revisions"}],"predecessor-version":[{"id":19954,"href":"https:\/\/agricortes.com\/es\/wp-json\/wp\/v2\/pages\/11937\/revisions\/19954"}],"wp:attachment":[{"href":"https:\/\/agricortes.com\/es\/wp-json\/wp\/v2\/media?parent=11937"}],"curies":[{"name":"wp","href":"https:\/\/api.w.org\/{rel}","templated":true}]}}