{"id":11972,"date":"2022-06-06T13:40:56","date_gmt":"2022-06-06T13:40:56","guid":{"rendered":"https:\/\/agricortes.com\/rampas-clm\/"},"modified":"2025-01-02T18:24:24","modified_gmt":"2025-01-02T18:24:24","slug":"rampas-clm","status":"publish","type":"page","link":"https:\/\/agricortes.com\/es\/rampas-clm\/","title":{"rendered":"CLM &#8211; Rampas"},"content":{"rendered":"<section class=\"wpb-content-wrapper\"><p>[vc_row full_width=&#8221;stretch_row_content_no_spaces&#8221; css=&#8221;.vc_custom_1654161138220{margin-top: 0px !important;margin-right: 0px !important;margin-bottom: 73px !important;margin-left: 0px !important;border-bottom-width: 8px !important;border-bottom-color: #ffc900 !important;border-bottom-style: solid !important;}&#8221;][vc_column][rev_slider_vc alias=&#8221;slider-construcao-1&#8243;][\/vc_column][\/vc_row][vc_row][vc_column width=&#8221;1\/4&#8243;][vc_custom_heading icon=&#8221;icon-agri-construcao&#8221; icon_size=&#8221;40&#8243; stripe_pos=&#8221;hide&#8221; text=&#8221;Construcci\u00f3n&#8221; font_container=&#8221;tag:h4|font_size:23|text_align:left&#8221; google_fonts=&#8221;font_family:Poppins%3A300%2Cregular%2C500%2C600%2C700|font_style:400%20regular%3A400%3Anormal&#8221; css=&#8221;.vc_custom_1656605980152{margin-top: 0px !important;padding-top: 0px !important;}&#8221; el_class=&#8221;iconTitle&#8221;][vc_raw_html]JTVCYmVsbG93cyUyMGNvbmZpZ19pZCUzRCUyMm1haW4lMjIlMjBtZW51JTNEJTIyMTE2JTIyJTVE[\/vc_raw_html][\/vc_column][vc_column width=&#8221;3\/4&#8243;][vc_tta_tabs spacing=&#8221;5&#8243; active_section=&#8221;1&#8243; el_class=&#8221;theme_style&#8221;][vc_tta_section title=&#8221;CLM&#8221; tab_id=&#8221;clm&#8221;][vc_row_inner][vc_column_inner width=&#8221;2\/3&#8243;][vc_single_image image=&#8221;11406&#8243; img_size=&#8221;&#8221; css=&#8221;.vc_custom_1654523765803{margin-bottom: 10px !important;}&#8221;][vc_column_text css=&#8221;.vc_custom_1735842259533{margin-bottom: 0px !important;}&#8221;]<a href=\"https:\/\/www.definitiveclm.com\/\" target=\"_blank\" rel=\"noopener\">definitiveclm.com<\/a>[\/vc_column_text][vc_custom_heading text=&#8221;CLM&#8221; font_container=&#8221;tag:h1|text_align:left&#8221; google_fonts=&#8221;font_family:Poppins%3A300%2Cregular%2C500%2C600%2C700|font_style:400%20regular%3A400%3Anormal&#8221;][vc_column_text]CLM surge en 1992 con el objetivo de aplicar los valores de la calidad, seguridad y del servicio al sector de los sistemas de carga. Hoy en d\u00eda, CLM est\u00e1 especializada en el dise\u00f1o, producci\u00f3n y comercializaci\u00f3n de sistemas de carga de aluminio homologados, convirtiendo los valores de la empresa en una formula de oferta completa y sin precedentes en el mercado, con una amplia gama compuesta por 300 modelos est\u00e1ndar.<\/p>\n<p>Gracias al exclusivo perfil en doble T, una superficie reducida garantiza la m\u00e1xima resistencia a la flexi\u00f3n con el m\u00ednimo peso; adem\u00e1s, la estructura s\u00f3lida y el espesor de las vigas aseguran la protecci\u00f3n contra los golpes o abolladuras que podr\u00edan provocar peligrosas grietas o fisuras en la estructura de la rampa de carga.<\/p>\n<p>Hay 5 categor\u00edas de aplicaci\u00f3n:<\/p>\n<ul>\n<li>m\u00e1quinas de movimiento de tierras<\/li>\n<li>m\u00e1quinas de jardinaje<\/li>\n<li>m\u00e1quinas automotrices<\/li>\n<li>log\u00edstica<\/li>\n<li>barreras arquitect\u00f3nicas<\/li>\n<\/ul>\n<p>[\/vc_column_text][\/vc_column_inner][vc_column_inner width=&#8221;1\/3&#8243;][vc_single_image image=&#8221;11422&#8243; img_size=&#8221;full&#8221; onclick=&#8221;link_image&#8221;][vc_column_text]<iframe title=\"YouTube video player\" src=\"https:\/\/www.youtube.com\/embed\/ACZfpNSoFD8\" width=\"100%\" height=\"auto\" frameborder=\"0\" allowfullscreen=\"allowfullscreen\"><\/iframe><br \/>\n[\/vc_column_text][\/vc_column_inner][\/vc_row_inner][\/vc_tta_section][vc_tta_section title=&#8221;RAMPAS&#8221; tab_id=&#8221;clm-rampas&#8221;][vc_row_inner][vc_column_inner width=&#8221;2\/3&#8243;][vc_single_image image=&#8221;11406&#8243; img_size=&#8221;&#8221; css=&#8221;.vc_custom_1654523765803{margin-bottom: 10px !important;}&#8221;][vc_column_text css=&#8221;.vc_custom_1735842189562{margin-bottom: 0px !important;}&#8221;]<a href=\"https:\/\/www.definitiveclm.com\/\" target=\"_blank\" rel=\"noopener\">definitiveclm.com<\/a>[\/vc_column_text][vc_custom_heading text=&#8221;RAMPAS&#8221; font_container=&#8221;tag:h1|text_align:left&#8221; google_fonts=&#8221;font_family:Poppins%3A300%2Cregular%2C500%2C600%2C700|font_style:400%20regular%3A400%3Anormal&#8221;][vc_column_text]Rampas en aluminio dedicadas al movimiento y al servicio de m\u00e1quinas para el movimiento de tierras: excavadoras, palas, retroexcavadoras , miniexcavadoras, tractores, elevadores telesc\u00f3picos, m\u00e1quinas agr\u00edcolas.<\/p>\n<p>La gama de productos incluye rampas de carga para veh\u00edculos con neum\u00e1ticos o orugas de goma y con orugas de acero, estaciones de mantenimiento y plataformas de carga.<\/p>\n<div class=\"table-responsive\">\n<table class=\"table\" style=\"background: #FFF;\">\n<thead>\n<tr style=\"background: #a32035; color: #ffffff;\">\n<td><small><strong>Modelo<\/strong><\/small><\/td>\n<td><small><strong>100.30<\/strong><\/small><\/td>\n<td><small><strong>120.40<\/strong><\/small><\/td>\n<td><small><strong>165.30<\/strong><\/small><\/td>\n<td><small><strong>11.30.30<\/strong><\/small><\/td>\n<\/tr>\n<\/thead>\n<tbody>\n<tr>\n<td><small><strong>Serie<\/strong><\/small><\/td>\n<td><small>m\u00e9dia<\/small><\/td>\n<td><small>m\u00e9dia<\/small><\/td>\n<td><small>pesada<\/small><\/td>\n<td><small>m\u00e9dia<\/small><\/td>\n<\/tr>\n<tr>\n<td><strong>Longitud<\/strong><\/td>\n<td><small>300 cm<\/small><\/td>\n<td><small>400 cm<\/small><\/td>\n<td><small>300 cm<\/small><\/td>\n<td><small>300 cm<\/small><\/td>\n<\/tr>\n<tr>\n<td><small><strong>Capacidad para 2 metros<\/strong><\/small><\/td>\n<td><small>2300 kg<\/small><\/td>\n<td><small>2580 Kg<\/small><\/td>\n<td><small>7440 Kg<\/small><\/td>\n<td><small>5780 Kg<\/small><\/td>\n<\/tr>\n<tr>\n<td><small><strong>Capacidad para 1 metro<\/strong><\/small><\/td>\n<td><small>2000 Kg<\/small><\/td>\n<td><small>2100 Kg<\/small><\/td>\n<td><small>6490 Kg<\/small><\/td>\n<td><small>5100 Kg<\/small><\/td>\n<\/tr>\n<tr>\n<td><small><strong>Ancho exterior<\/strong><\/small><\/td>\n<td><small>35 cm<\/small><\/td>\n<td><small>38 cm<\/small><\/td>\n<td><small>46 cm<\/small><\/td>\n<td><small>30 cm<\/small><\/td>\n<\/tr>\n<tr>\n<td><small><strong>Peso<\/strong><\/small><\/td>\n<td><small>21 Kg<\/small><\/td>\n<td><small>33 Kg<\/small><\/td>\n<td><small>41 Kg<\/small><\/td>\n<td><small>40 Kg<\/small><\/td>\n<\/tr>\n<tr>\n<td><small><strong>Bordes laterales<\/strong><\/small><\/td>\n<td colspan=\"3\"><small>con<\/small><\/td>\n<td><small>sin<\/small><\/td>\n<\/tr>\n<tr>\n<td><small><strong>Piso<\/strong><\/small><\/td>\n<td colspan=\"3\"><small>neum\u00e1ticos o orugas de goma<\/small><\/td>\n<td><small>orugas de acero<\/small><\/td>\n<\/tr>\n<\/tbody>\n<\/table>\n<\/div>\n<p>Otros modelos bajo consulta.[\/vc_column_text][\/vc_column_inner][vc_column_inner width=&#8221;1\/3&#8243;][vc_media_grid style=&#8221;lazy&#8221; element_width=&#8221;6&#8243; gap=&#8221;10&#8243; grid_id=&#8221;vc_gid:1735842249456-50adbbd4-c90e-3&#8243; el_class=&#8221;imageGalleryMargin&#8221; include=&#8221;11419,11416,11412,11409&#8243;][vc_column_text]<iframe title=\"YouTube video player\" src=\"https:\/\/www.youtube.com\/embed\/JLrrlo87-Xo\" width=\"100%\" height=\"auto\" frameborder=\"0\" allowfullscreen=\"allowfullscreen\"><\/iframe><br \/>\n[\/vc_column_text][\/vc_column_inner][\/vc_row_inner][\/vc_tta_section][\/vc_tta_tabs][\/vc_column][\/vc_row]<\/p>\n<\/section>","protected":false},"excerpt":{"rendered":"<p>[vc_row full_width=&#8221;stretch_row_content_no_spaces&#8221; css=&#8221;.vc_custom_1654161138220{margin-top: 0px !important;margin-right: 0px !important;margin-bottom: 73px !important;margin-left: 0px !important;border-bottom-width: 8px !important;border-bottom-color: #ffc900 !important;border-bottom-style: solid !important;}&#8221;][vc_column][rev_slider_vc alias=&#8221;slider-construcao-1&#8243;][\/vc_column][\/vc_row][vc_row][vc_column width=&#8221;1\/4&#8243;][vc_custom_heading icon=&#8221;icon-agri-construcao&#8221; icon_size=&#8221;40&#8243; stripe_pos=&#8221;hide&#8221; text=&#8221;Construcci\u00f3n&#8221; font_container=&#8221;tag:h4|font_size:23|text_align:left&#8221; google_fonts=&#8221;font_family:Poppins%3A300%2Cregular%2C500%2C600%2C700|font_style:400%20regular%3A400%3Anormal&#8221; css=&#8221;.vc_custom_1656605980152{margin-top: 0px !important;padding-top: 0px !important;}&#8221; el_class=&#8221;iconTitle&#8221;][vc_raw_html]JTVCYmVsbG93cyUyMGNvbmZpZ19pZCUzRCUyMm1haW4lMjIlMjBtZW51JTNEJTIyMTE2JTIyJTVE[\/vc_raw_html][\/vc_column][vc_column width=&#8221;3\/4&#8243;][vc_tta_tabs spacing=&#8221;5&#8243; active_section=&#8221;1&#8243; el_class=&#8221;theme_style&#8221;][vc_tta_section title=&#8221;CLM&#8221; tab_id=&#8221;clm&#8221;][vc_row_inner][vc_column_inner width=&#8221;2\/3&#8243;][vc_single_image image=&#8221;11406&#8243; img_size=&#8221;&#8221; css=&#8221;.vc_custom_1654523765803{margin-bottom: 10px !important;}&#8221;][vc_column_text css=&#8221;.vc_custom_1735842259533{margin-bottom: 0px !important;}&#8221;]definitiveclm.com[\/vc_column_text][vc_custom_heading text=&#8221;CLM&#8221; font_container=&#8221;tag:h1|text_align:left&#8221; google_fonts=&#8221;font_family:Poppins%3A300%2Cregular%2C500%2C600%2C700|font_style:400%20regular%3A400%3Anormal&#8221;][vc_column_text]CLM surge en 1992 con el objetivo<\/p>\n","protected":false},"author":2,"featured_media":0,"parent":0,"menu_order":0,"comment_status":"closed","ping_status":"closed","template":"","meta":{"footnotes":""},"class_list":["post-11972","page","type-page","status-publish","hentry"],"aioseo_notices":[],"_links":{"self":[{"href":"https:\/\/agricortes.com\/es\/wp-json\/wp\/v2\/pages\/11972","targetHints":{"allow":["GET"]}}],"collection":[{"href":"https:\/\/agricortes.com\/es\/wp-json\/wp\/v2\/pages"}],"about":[{"href":"https:\/\/agricortes.com\/es\/wp-json\/wp\/v2\/types\/page"}],"author":[{"embeddable":true,"href":"https:\/\/agricortes.com\/es\/wp-json\/wp\/v2\/users\/2"}],"replies":[{"embeddable":true,"href":"https:\/\/agricortes.com\/es\/wp-json\/wp\/v2\/comments?post=11972"}],"version-history":[{"count":10,"href":"https:\/\/agricortes.com\/es\/wp-json\/wp\/v2\/pages\/11972\/revisions"}],"predecessor-version":[{"id":20325,"href":"https:\/\/agricortes.com\/es\/wp-json\/wp\/v2\/pages\/11972\/revisions\/20325"}],"wp:attachment":[{"href":"https:\/\/agricortes.com\/es\/wp-json\/wp\/v2\/media?parent=11972"}],"curies":[{"name":"wp","href":"https:\/\/api.w.org\/{rel}","templated":true}]}}