{"id":11988,"date":"2022-06-06T13:58:35","date_gmt":"2022-06-06T13:58:35","guid":{"rendered":"https:\/\/agricortes.com\/implementos-industriais-diversos\/"},"modified":"2024-10-11T17:31:05","modified_gmt":"2024-10-11T17:31:05","slug":"implementos-iindustriales-diversos","status":"publish","type":"page","link":"https:\/\/agricortes.com\/es\/implementos-iindustriales-diversos\/","title":{"rendered":"Diversos"},"content":{"rendered":"<section class=\"wpb-content-wrapper\"><p>[vc_row full_width=&#8221;stretch_row_content_no_spaces&#8221; css=&#8221;.vc_custom_1654161138220{margin-top: 0px !important;margin-right: 0px !important;margin-bottom: 73px !important;margin-left: 0px !important;border-bottom-width: 8px !important;border-bottom-color: #ffc900 !important;border-bottom-style: solid !important;}&#8221;][vc_column][rev_slider_vc alias=&#8221;slider-construcao-1&#8243;][\/vc_column][\/vc_row][vc_row][vc_column width=&#8221;1\/4&#8243;][vc_custom_heading icon=&#8221;icon-agri-construcao&#8221; icon_size=&#8221;40&#8243; stripe_pos=&#8221;hide&#8221; text=&#8221;Construcci\u00f3n&#8221; font_container=&#8221;tag:h4|font_size:23|text_align:left&#8221; google_fonts=&#8221;font_family:Poppins%3A300%2Cregular%2C500%2C600%2C700|font_style:400%20regular%3A400%3Anormal&#8221; css=&#8221;.vc_custom_1656605980152{margin-top: 0px !important;padding-top: 0px !important;}&#8221; el_class=&#8221;iconTitle&#8221;][vc_raw_html]JTVCYmVsbG93cyUyMGNvbmZpZ19pZCUzRCUyMm1haW4lMjIlMjBtZW51JTNEJTIyMTE2JTIyJTVE[\/vc_raw_html][\/vc_column][vc_column width=&#8221;3\/4&#8243;][vc_tta_tabs spacing=&#8221;5&#8243; active_section=&#8221;1&#8243; el_class=&#8221;theme_style&#8221;][vc_tta_section title=&#8221;IMPLEMENTOS PARA CONJUNTOS INDUSTRIALES&#8221; tab_id=&#8221;1653314755352-a90f6af0-ddaa1653561459394&#8243;][vc_row_inner][vc_column_inner width=&#8221;2\/3&#8243;][vc_custom_heading text=&#8221;IMPLEMENTOS PARA CONJUNTOS INDUSTRIALES&#8221; font_container=&#8221;tag:h1|text_align:left&#8221; google_fonts=&#8221;font_family:Poppins%3A300%2Cregular%2C500%2C600%2C700|font_style:400%20regular%3A400%3Anormal&#8221;][vc_column_text]<\/p>\n<ul>\n<li>Aire acondicionado<\/li>\n<li>Barredora<\/li>\n<li>Brazo extensible<\/li>\n<li>Cucharas de varios tama\u00f1os y de varias funciones<\/li>\n<li>Cuchara ripper<\/li>\n<li>Cabezal de corte hidr\u00e1ulico<\/li>\n<li>Compactadora<\/li>\n<li>Diente subsolador<\/li>\n<li>Diferencial autobloqueo proporcional<\/li>\n<li>Dispositivo de excavaci\u00f3n lateral hidr\u00e1ulica<\/li>\n<li>Dispositivo para reducir la velocidad de marcha<\/li>\n<li>D\u00famper<\/li>\n<li>Enganches r\u00e1pidos mec\u00e1nicos y hidr\u00e1ulicos<\/li>\n<li>Escarificador<\/li>\n<li>Fresa de asfalto<\/li>\n<li>Fuerza paralela<\/li>\n<li>Gancho de gr\u00faa<\/li>\n<li>Garras para troncos<\/li>\n<li>Horquilla<\/li>\n<li>Kits hidr\u00e1ulicos<\/li>\n<li>L\u00e1mina niveladora<\/li>\n<li>Martillo demoledor hidr\u00e1ulico con recuperaci\u00f3n de energia<\/li>\n<li>Niveladora rotativa<\/li>\n<li>Pala 4 en 1<\/li>\n<li>Pala de descarga lateral<\/li>\n<li>Pala multiuso<\/li>\n<li>Palas de varios tama\u00f1os<\/li>\n<li>Perforador rotativo<\/li>\n<li>Rotocultivador<\/li>\n<li>Ripper<\/li>\n<li>Sierra de disco<\/li>\n<li>Torno hidr\u00e1ulico<\/li>\n<li>Transpaletas manuales<\/li>\n<li>Trituradora astilladora de tambor<\/li>\n<li><strong>Espec\u00edficos, a solicitud del cliente<\/strong><\/li>\n<li><\/li>\n<\/ul>\n<p>[\/vc_column_text][\/vc_column_inner][vc_column_inner width=&#8221;1\/3&#8243;][vc_media_grid style=&#8221;lazy&#8221; element_width=&#8221;6&#8243; gap=&#8221;10&#8243; grid_id=&#8221;vc_gid:1728667837581-b0f2212f-780c-3&#8243; include=&#8221;11450,11453,11456,11459&#8243; el_class=&#8221;imageGalleryMargin&#8221;][\/vc_column_inner][\/vc_row_inner][\/vc_tta_section][\/vc_tta_tabs][\/vc_column][\/vc_row]<\/p>\n<\/section>","protected":false},"excerpt":{"rendered":"<p>[vc_row full_width=&#8221;stretch_row_content_no_spaces&#8221; css=&#8221;.vc_custom_1654161138220{margin-top: 0px !important;margin-right: 0px !important;margin-bottom: 73px !important;margin-left: 0px !important;border-bottom-width: 8px !important;border-bottom-color: #ffc900 !important;border-bottom-style: solid !important;}&#8221;][vc_column][rev_slider_vc alias=&#8221;slider-construcao-1&#8243;][\/vc_column][\/vc_row][vc_row][vc_column width=&#8221;1\/4&#8243;][vc_custom_heading icon=&#8221;icon-agri-construcao&#8221; icon_size=&#8221;40&#8243; stripe_pos=&#8221;hide&#8221; text=&#8221;Construcci\u00f3n&#8221; font_container=&#8221;tag:h4|font_size:23|text_align:left&#8221; google_fonts=&#8221;font_family:Poppins%3A300%2Cregular%2C500%2C600%2C700|font_style:400%20regular%3A400%3Anormal&#8221; css=&#8221;.vc_custom_1656605980152{margin-top: 0px !important;padding-top: 0px !important;}&#8221; el_class=&#8221;iconTitle&#8221;][vc_raw_html]JTVCYmVsbG93cyUyMGNvbmZpZ19pZCUzRCUyMm1haW4lMjIlMjBtZW51JTNEJTIyMTE2JTIyJTVE[\/vc_raw_html][\/vc_column][vc_column width=&#8221;3\/4&#8243;][vc_tta_tabs spacing=&#8221;5&#8243; active_section=&#8221;1&#8243; el_class=&#8221;theme_style&#8221;][vc_tta_section title=&#8221;IMPLEMENTOS PARA CONJUNTOS INDUSTRIALES&#8221; tab_id=&#8221;1653314755352-a90f6af0-ddaa1653561459394&#8243;][vc_row_inner][vc_column_inner width=&#8221;2\/3&#8243;][vc_custom_heading text=&#8221;IMPLEMENTOS PARA CONJUNTOS INDUSTRIALES&#8221; font_container=&#8221;tag:h1|text_align:left&#8221; google_fonts=&#8221;font_family:Poppins%3A300%2Cregular%2C500%2C600%2C700|font_style:400%20regular%3A400%3Anormal&#8221;][vc_column_text] Aire acondicionado Barredora Brazo extensible Cucharas de varios<\/p>\n","protected":false},"author":2,"featured_media":0,"parent":0,"menu_order":0,"comment_status":"closed","ping_status":"closed","template":"","meta":{"footnotes":""},"class_list":["post-11988","page","type-page","status-publish","hentry"],"aioseo_notices":[],"_links":{"self":[{"href":"https:\/\/agricortes.com\/es\/wp-json\/wp\/v2\/pages\/11988","targetHints":{"allow":["GET"]}}],"collection":[{"href":"https:\/\/agricortes.com\/es\/wp-json\/wp\/v2\/pages"}],"about":[{"href":"https:\/\/agricortes.com\/es\/wp-json\/wp\/v2\/types\/page"}],"author":[{"embeddable":true,"href":"https:\/\/agricortes.com\/es\/wp-json\/wp\/v2\/users\/2"}],"replies":[{"embeddable":true,"href":"https:\/\/agricortes.com\/es\/wp-json\/wp\/v2\/comments?post=11988"}],"version-history":[{"count":4,"href":"https:\/\/agricortes.com\/es\/wp-json\/wp\/v2\/pages\/11988\/revisions"}],"predecessor-version":[{"id":19958,"href":"https:\/\/agricortes.com\/es\/wp-json\/wp\/v2\/pages\/11988\/revisions\/19958"}],"wp:attachment":[{"href":"https:\/\/agricortes.com\/es\/wp-json\/wp\/v2\/media?parent=11988"}],"curies":[{"name":"wp","href":"https:\/\/api.w.org\/{rel}","templated":true}]}}