{"id":12014,"date":"2022-05-30T15:59:26","date_gmt":"2022-05-30T15:59:26","guid":{"rendered":"https:\/\/agricortes.com\/biotrituradores-green-technik\/"},"modified":"2024-10-14T09:27:27","modified_gmt":"2024-10-14T09:27:27","slug":"biotrituradoras-green-technik","status":"publish","type":"page","link":"https:\/\/agricortes.com\/es\/biotrituradoras-green-technik\/","title":{"rendered":"GREEN TECHNIK &#8211; Biotrituradoras"},"content":{"rendered":"<section class=\"wpb-content-wrapper\"><p>[vc_row full_width=&#8221;stretch_row_content_no_spaces&#8221; css=&#8221;.vc_custom_1654161618218{margin-top: 0px !important;margin-right: 0px !important;margin-bottom: 73px !important;margin-left: 0px !important;border-bottom-width: 8px !important;border-bottom-color: #008623 !important;border-bottom-style: solid !important;}&#8221;][vc_column][rev_slider_vc alias=&#8221;slider-floresta-11&#8243;][\/vc_column][\/vc_row][vc_row][vc_column width=&#8221;1\/6&#8243;][vc_custom_heading icon=&#8221;icon-agri-floresta&#8221; icon_size=&#8221;40&#8243; stripe_pos=&#8221;hide&#8221; text=&#8221;Bosque&#8221; font_container=&#8221;tag:h4|font_size:23|text_align:left&#8221; google_fonts=&#8221;font_family:Poppins%3A300%2Cregular%2C500%2C600%2C700|font_style:400%20regular%3A400%3Anormal&#8221; css=&#8221;.vc_custom_1723237003396{margin-top: 0px !important;padding-top: 0px !important;}&#8221; el_class=&#8221;iconTitle&#8221; link=&#8221;url:https%3A%2F%2Fagricortes.com%2Fes%2Fbosque%2F&#8221;][vc_raw_html]JTVCYmVsbG93cyUyMGNvbmZpZ19pZCUzRCUyMm1haW4lMjIlMjBtZW51JTNEJTIyMTE3JTIyJTVE[\/vc_raw_html][\/vc_column][vc_column width=&#8221;2\/3&#8243;][vc_tta_tabs spacing=&#8221;5&#8243; active_section=&#8221;1&#8243; el_class=&#8221;theme_style&#8221;][vc_tta_section title=&#8221;GREEN TECHNIK&#8221; tab_id=&#8221;1653314755352-a90f6af0-ddaa16535614593941654246389582&#8243;][vc_row_inner][vc_column_inner width=&#8221;2\/3&#8243;][vc_single_image image=&#8221;9389&#8243; img_size=&#8221;&#8221; css=&#8221;.vc_custom_1654090391385{margin-bottom: 10px !important;}&#8221;][vc_column_text css=&#8221;.vc_custom_1723237012762{margin-bottom: 0px !important;}&#8221;]<a href=\"https:\/\/green-technik.com\/\" target=\"_blank\" rel=\"noopener\">green-technik.com<\/a>[\/vc_column_text][vc_custom_heading text=&#8221;GREEN TECHNIK&#8221; font_container=&#8221;tag:h1|text_align:left&#8221; google_fonts=&#8221;font_family:Poppins%3A300%2Cregular%2C500%2C600%2C700|font_style:400%20regular%3A400%3Anormal&#8221;][vc_column_text]Presentamos una gama completa de biotrituradoras, astilladoras, trituradoras, refinadoras, aspiradoras y volteadoras de compostaje, capaces de satisfacer todas las necesidades y expectativas de clientes, profesionales, contratistas de mantenimiento, granjas, agencias e industrias p\u00fablicas, el sector de biomasa forestal y el mantenimiento de espacios verdes.[\/vc_column_text][\/vc_column_inner][vc_column_inner width=&#8221;1\/3&#8243;][vc_single_image image=&#8221;9394&#8243; img_size=&#8221;full&#8221; onclick=&#8221;link_image&#8221;][vc_column_text]<iframe title=\"YouTube video player\" src=\"https:\/\/www.youtube.com\/embed\/tkvNVSGDQ4M\" width=\"100%\" height=\"auto\" frameborder=\"0\" allowfullscreen=\"allowfullscreen\"><\/iframe>[\/vc_column_text][\/vc_column_inner][\/vc_row_inner][\/vc_tta_section][vc_tta_section title=&#8221;ASTILLADORAS DE VERDES&#8221; tab_id=&#8221;1653314755359-8c73aa7e-267816535614593941654246389582&#8243;][vc_row_inner][vc_column_inner width=&#8221;2\/3&#8243;][vc_single_image image=&#8221;9389&#8243; img_size=&#8221;&#8221; css=&#8221;.vc_custom_1654090391385{margin-bottom: 10px !important;}&#8221;][vc_column_text css=&#8221;.vc_custom_1723237023044{margin-bottom: 0px !important;}&#8221;]<a href=\"https:\/\/green-technik.com\/\" target=\"_blank\" rel=\"noopener\">green-technik.com<\/a>[\/vc_column_text][vc_custom_heading text=&#8221;ASTILLADORAS DE VERDES&#8221; font_container=&#8221;tag:h1|text_align:left&#8221; google_fonts=&#8221;font_family:Poppins%3A300%2Cregular%2C500%2C600%2C700|font_style:400%20regular%3A400%3Anormal&#8221;][vc_column_text]El biotriturador de la serie CIP es de tipo profesional, muy compacto y f\u00e1cil de operar, adecuado para reducir r\u00e1pidamente, a bajo costo, grandes vol\u00famenes de troncos, ramas, residuos de corte y poda. Gracias a la velocidad ajustable del sistema de alimentaci\u00f3n hidr\u00e1ulica y al disco rotor equipado con cuchillas, el material le\u00f1oso se reduce a peque\u00f1os fragmentos (astilla), adecuados para un uso eficiente en la protecci\u00f3n natural del terreno (cubiertas humidificantes) o como combustible en equipos de calefacci\u00f3n de astilla.\u00a0El dispositivo electr\u00f3nico &#8220;No stress&#8221; act\u00faa deteniendo los rodillos de alimentaci\u00f3n si el n\u00famero de revoluciones de disco disminuye por debajo de un valor pre establecido en caso de sobrecarga.<\/p>\n<p>Opciones de configuraci\u00f3n del chasis:<\/p>\n<ul>\n<li>Con motor aut\u00f3nomo o a la TDF del trator<\/li>\n<li>Remolque para circular en carretera de 80 Km\/h<\/li>\n<li>Remolque agr\u00edcola de 25 km\/h<\/li>\n<li>Chasis sobre orugas de goma<\/li>\n<li>Chasis sobre plataforma<\/li>\n<\/ul>\n<p>Otras opciones de configuraci\u00f3n:<\/p>\n<ul>\n<li>Disco rotor de disco solo o doble<\/li>\n<li>Altura del tubo de descarga rotativo<\/li>\n<li>Sistema de refinamento y calibraci\u00f3n<\/li>\n<li>L\u00e1minas 2 regulables o 3 fijas<\/li>\n<li>L\u00e1minas reversibles<\/li>\n<li>Plataforma giratoria em 360\u00ba<\/li>\n<li>Cinta hidr\u00e1ulica de alimentaci\u00f3n<\/li>\n<li>Sistema hidr\u00e1ulico independiente del tractor, en las versiones a la TDF<\/li>\n<li>CIP FOREST:\u00a0alimentaci\u00f3n por gr\u00faa y cinta<\/li>\n<\/ul>\n<div class=\"table-responsive\">\n<table class=\"table\" style=\"background: #FFF;\">\n<thead>\n<tr style=\"background: #a32035; color: #ffffff;\">\n<td><small><strong>Modelo<\/strong><\/small><\/td>\n<td><small><strong>CIP 1200<\/strong><\/small><\/td>\n<td><small><strong>CIP 1300<\/strong><\/small><\/td>\n<td><small><strong>CIP 1500<\/strong><\/small><\/td>\n<td><small><strong>CIP 2200<\/strong><\/small><\/td>\n<td><small><strong>CIP 2700<\/strong><\/small><\/td>\n<td><small><strong>CIP 3200<\/strong><\/small><\/td>\n<\/tr>\n<\/thead>\n<tbody>\n<tr>\n<td><small><strong>Producci\u00f3n<\/strong><\/small><\/td>\n<td><small>2-4 m3\/h<\/small><\/td>\n<td><small>3-5 m3\/h<\/small><\/td>\n<td><small>7-10 m3\/h<\/small><\/td>\n<td><small>14-20 m3\/ h<\/small><\/td>\n<td><small>15-25 m3\/ h<\/small><\/td>\n<td><small>40-50 m3\/ h<\/small><\/td>\n<\/tr>\n<tr>\n<td><small><strong>Di\u00e1metro corte<\/strong><\/small><\/td>\n<td><small>120 mm<\/small><\/td>\n<td><small>130 mm<\/small><\/td>\n<td><small>150-175 mm<\/small><\/td>\n<td><small>220 mm<\/small><\/td>\n<td><small>270 mm<\/small><\/td>\n<td><small>320 mm<\/small><\/td>\n<\/tr>\n<tr>\n<td><small><strong>Dimensiones astilla<\/strong><\/small><\/td>\n<td><small>5-25 mm<\/small><\/td>\n<td><small>5-25 mm<br \/>\n(1-25 opc.)<\/small><\/td>\n<td><small>5-25 mm<br \/>\n(1-25 opc.)<\/small><\/td>\n<td><small>5-25 mm<br \/>\n(1-25 opc.)<\/small><\/td>\n<td><small>5-25 mm<br \/>\n(1-25 opc.)<\/small><\/td>\n<td><small>10-30 mm<\/small><\/td>\n<\/tr>\n<tr>\n<td><small><strong>N\u00ba cuchillas<\/strong><\/small><\/td>\n<td><small>2<\/small><\/td>\n<td><small>2<\/small><\/td>\n<td><small>2<\/small><\/td>\n<td><small>2<\/small><\/td>\n<td><small>2<\/small><\/td>\n<td><small>4<\/small><\/td>\n<\/tr>\n<tr>\n<td><small><strong>Contra l\u00e2mina<\/strong><\/small><\/td>\n<td><small>1<\/small><\/td>\n<td><small>1<\/small><\/td>\n<td><small>1<\/small><\/td>\n<td><small>1<\/small><\/td>\n<td><small>1<\/small><\/td>\n<td><small>1<\/small><\/td>\n<\/tr>\n<tr>\n<td><small><strong>Tubo de descarga<\/strong><\/small><\/td>\n<td><small>2,15 m<\/small><\/td>\n<td><small>2,3-2,7 m<\/small><\/td>\n<td><small>2,3-2,7 m<\/small><\/td>\n<td><small>2,7-3,0 m<\/small><\/td>\n<td><small>2,7-3,0 m<\/small><\/td>\n<td><small>2,7-3,0 m<\/small><\/td>\n<\/tr>\n<\/tbody>\n<\/table>\n<\/div>\n<p>Vea tambi\u00e9n FARMI y GANDINI.[\/vc_column_text][\/vc_column_inner][vc_column_inner width=&#8221;1\/3&#8243;][vc_media_grid style=&#8221;lazy&#8221; element_width=&#8221;6&#8243; gap=&#8221;10&#8243; grid_id=&#8221;vc_gid:1728897995142-7ee39fa7-c56c-0&#8243; el_class=&#8221;imageGalleryMargin&#8221; include=&#8221;9398,9401,9404,9407&#8243;][vc_column_text]<iframe title=\"YouTube video player\" src=\"https:\/\/www.youtube.com\/embed\/AlxQaDWwwDo\" width=\"100%\" height=\"auto\" frameborder=\"0\" allowfullscreen=\"allowfullscreen\"><\/iframe>[\/vc_column_text][\/vc_column_inner][\/vc_row_inner][\/vc_tta_section][vc_tta_section title=&#8221;TRITURADORAS&#8221; tab_id=&#8221;1653579033964-58ea2ebe-38461654246389582&#8243;][vc_row_inner][vc_column_inner width=&#8221;2\/3&#8243;][vc_single_image image=&#8221;9389&#8243; img_size=&#8221;&#8221; css=&#8221;.vc_custom_1654090391385{margin-bottom: 10px !important;}&#8221;][vc_column_text css=&#8221;.vc_custom_1723237032563{margin-bottom: 0px !important;}&#8221;]<a href=\"https:\/\/green-technik.com\/\" target=\"_blank\" rel=\"noopener\">green-technik.com<\/a>[\/vc_column_text][vc_custom_heading text=&#8221;TRITURADORAS&#8221; font_container=&#8221;tag:h1|text_align:left&#8221; google_fonts=&#8221;font_family:Poppins%3A300%2Cregular%2C500%2C600%2C700|font_style:400%20regular%3A400%3Anormal&#8221;][vc_column_text]La l\u00ednea de trituradoras (desfibradores) de Green Technik se compone de m\u00e1quinas adaptables a todo tipo de requisitos de reducci\u00f3n de volumen y compostaje y su capacidad de producci\u00f3n se adapta a la necesidad de satisfacer los requisitos de usuarios privados, vidas, paisajistas, para mantenimiento, contratistas, organismos p\u00fablicos, industrias y centros de compostaje.<\/p>\n<p>El material desfigurado, reducido a fibras irregulares, es f\u00e1cilmente atacado por microbacterias que activan la descomposici\u00f3n, lo que, mezclado con la tierra, resulta en un producto de excelente base org\u00e1nica para obtener compost (humus).<\/p>\n<p>BC y BS est\u00e1n equipados con un sistema especial de desfibrador de martillo reversible en acero \u201cHi-tech\u201d, combinado con martillos reemplazables, que permite el aplastamiento de cualquier tipo de material org\u00e1nico, incluyendo la presencia de piedras y otros cuerpos extra\u00f1os. Estas m\u00e1quinas est\u00e1n dise\u00f1adas para triturar, desfigurar y astillar ramas, podar residuos en general, verde y seco, hierbas, l\u00e1minas, papel, embalaje, residuos agr\u00edcolas, desperdicios de alimentos, etc., reduciendo el volumen. Algunos modelos cuentan con una segunda caja de carga, un biotriturador lateral de\u00a0 cuchillas, que transforma ramas m\u00e1s grandes en astilla.<\/p>\n<p>Opciones de configuraci\u00f3n del chasis:<\/p>\n<ul>\n<li>Con motor aut\u00f3nomo o a la TDF del trator<\/li>\n<li>Versi\u00f3n el\u00e9ctrica<\/li>\n<li>Remolque para circular en carretera de 80 Km\/h<\/li>\n<li>Remolque agr\u00edcola de 25 km\/h<\/li>\n<\/ul>\n<p>Otras opciones:<\/p>\n<ul>\n<li>Disco rotor de disco solo o doble<\/li>\n<li>Plataforma giratoria em 360\u00ba<\/li>\n<li>Sistema hidr\u00e1ulico independiente del tractor, en las versiones a la TDF<\/li>\n<li>Cinta \u00a0hidr\u00e1ulica en acero para la\u00a0alimentaci\u00f3n<\/li>\n<li>BS: cinta de descarga<\/li>\n<\/ul>\n<div class=\"table-responsive\">\n<table class=\"table\" style=\"background: #FFF;\">\n<thead>\n<tr style=\"background: #a32035; color: #ffffff;\">\n<td><small><strong>Modelo<\/strong><\/small><\/td>\n<td><small><strong>BC 100<\/strong><\/small><\/td>\n<td><small><strong>BC 250<\/strong><\/small><\/td>\n<td><small><strong>BC 260<\/strong><\/small><\/td>\n<td><small><strong>BC 350<\/strong><\/small><\/td>\n<td><small><strong>BC 450<\/strong><\/small><\/td>\n<td><small><strong>BS 760<\/strong><\/small><\/td>\n<\/tr>\n<\/thead>\n<tbody>\n<tr>\n<td><small><strong>Producci\u00f3n<\/strong><\/small><\/td>\n<td><small>2-4 m3\/h<\/small><\/td>\n<td><small>3-6 m3\/h<\/small><\/td>\n<td><small>7-10 m3\/h<\/small><\/td>\n<td><small>10-12 m3\/ h<\/small><\/td>\n<td><small>10-15 m3\/ h<\/small><\/td>\n<td><small>20-25 m3\/ h<\/small><\/td>\n<\/tr>\n<tr>\n<td><small><strong>Di\u00e1metro corte<\/strong><\/small><\/td>\n<td><small>30-70 mm<\/small><\/td>\n<td><small>40-90 mm<\/small><\/td>\n<td><small>90-100 mm<\/small><\/td>\n<td><small>110-220 mm<\/small><\/td>\n<td><small>120-140 mm<\/small><\/td>\n<td><small>300 mm<\/small><\/td>\n<\/tr>\n<tr>\n<td><small><strong>N\u00ba martillos<\/strong><\/small><\/td>\n<td><small>18<\/small><\/td>\n<td><small>32<\/small><\/td>\n<td><small>12<\/small><\/td>\n<td><small>32<\/small><\/td>\n<td><small>60<\/small><\/td>\n<td><small>64<\/small><\/td>\n<\/tr>\n<tr>\n<td><small><strong>N\u00ba cuchillas<\/strong><\/small><\/td>\n<td><small>1<\/small><\/td>\n<td><small>1<\/small><\/td>\n<td><small>2<\/small><\/td>\n<td><small>1<\/small><\/td>\n<td><small>2<\/small><\/td>\n<td><small>0<\/small><\/td>\n<\/tr>\n<tr>\n<td><small><strong>Descarga<\/strong><\/small><\/td>\n<td><small>gravedad<\/small><\/td>\n<td><small>gravedad<\/small><\/td>\n<td><small>tubo 2,2 m<\/small><\/td>\n<td><small>tubo 2,3 m<\/small><\/td>\n<td><small>tubo 2,3 m<\/small><\/td>\n<td><small>cinta<\/small><\/td>\n<\/tr>\n<\/tbody>\n<\/table>\n<\/div>\n<p>Vea tambi\u00e9n FARMI y GANDINI.[\/vc_column_text][\/vc_column_inner][vc_column_inner width=&#8221;1\/3&#8243;][vc_media_grid style=&#8221;lazy&#8221; element_width=&#8221;6&#8243; gap=&#8221;10&#8243; grid_id=&#8221;vc_gid:1728897995144-66d6348b-55bc-10&#8243; el_class=&#8221;imageGalleryMargin&#8221; include=&#8221;9411,9414,9417,9420&#8243;][vc_column_text]<iframe title=\"YouTube video player\" src=\"https:\/\/www.youtube.com\/embed\/jKwI6Y4j-fQ\" width=\"100%\" height=\"auto\" frameborder=\"0\" allowfullscreen=\"allowfullscreen\"><\/iframe>[\/vc_column_text][\/vc_column_inner][\/vc_row_inner][\/vc_tta_section][vc_tta_section title=&#8221;VOLTEADORAS DE COMPOSTAJEN&#8221; tab_id=&#8221;1653899808751-02e8a3e3-4f3c1654246389582&#8243;][vc_row_inner][vc_column_inner width=&#8221;2\/3&#8243;][vc_single_image image=&#8221;9389&#8243; img_size=&#8221;&#8221; css=&#8221;.vc_custom_1654090391385{margin-bottom: 10px !important;}&#8221;][vc_column_text css=&#8221;.vc_custom_1723237042618{margin-bottom: 0px !important;}&#8221;]<a href=\"https:\/\/green-technik.com\/\" target=\"_blank\" rel=\"noopener\">green-technik.com<\/a>[\/vc_column_text][vc_custom_heading text=&#8221;VOLTEADORAS DE COMPOSTAJEN&#8221; font_container=&#8221;tag:h1|text_align:left&#8221; google_fonts=&#8221;font_family:Poppins%3A300%2Cregular%2C500%2C600%2C700|font_style:400%20regular%3A400%3Anormal&#8221;][vc_column_text]M\u00e1quinas ideales para peque\u00f1as instalaciones de compostaje.<br \/>\nLos modelos RV-T\u00a0operados a la TDF del tractor a 540 rpm, san ofrecidos 4 modelos que pueden trabajar pilas de ancho de 1500 a 2500 mm y altura m\u00e1ximas respectivas de 1100 a 1400 mm. Son de funcionamiento hidr\u00e1ulico y remolcados y plegables para el transporte.\u00a0 Las volteadoras est\u00e1n equipadas con eje de ajuste hidr\u00e1ulico de altura, rueda estabilizadora lateral, contrapeso doble y sistema de luz bajo pedido.<\/p>\n<p>El modelo RV-S opera con motor aut\u00f3nomo, podendo trabajar pilas de ancho 2500 mm y altura 1400 mm.[\/vc_column_text][\/vc_column_inner][vc_column_inner width=&#8221;1\/3&#8243;][vc_media_grid style=&#8221;lazy&#8221; element_width=&#8221;6&#8243; gap=&#8221;10&#8243; grid_id=&#8221;vc_gid:1728897995144-f3ab0e0c-75d7-3&#8243; el_class=&#8221;imageGalleryMargin&#8221; include=&#8221;9423,9426,9429,9432&#8243;][vc_column_text]<iframe title=\"YouTube video player\" src=\"https:\/\/www.youtube.com\/embed\/3TqVVKTj3jA\" width=\"100%\" height=\"auto\" frameborder=\"0\" allowfullscreen=\"allowfullscreen\"><\/iframe>[\/vc_column_text][\/vc_column_inner][\/vc_row_inner][\/vc_tta_section][\/vc_tta_tabs][\/vc_column][vc_column width=&#8221;1\/6&#8243;][vc_custom_heading icon=&#8221;stm-email2&#8243; icon_size=&#8221;40&#8243; stripe_pos=&#8221;hide&#8221; text=&#8221;Contacto&#8221; font_container=&#8221;tag:h4|font_size:23|text_align:left&#8221; google_fonts=&#8221;font_family:Poppins%3A300%2Cregular%2C500%2C600%2C700|font_style:400%20regular%3A400%3Anormal&#8221; css=&#8221;.vc_custom_1704480126507{margin-top: 0px !important;padding-top: 0px !important;}&#8221; el_class=&#8221;iconTitle&#8221;]\n<div class=\"wpcf7 no-js\" id=\"wpcf7-f12358-o1\" lang=\"es-ES\" dir=\"ltr\" data-wpcf7-id=\"12358\">\n<div class=\"screen-reader-response\"><p role=\"status\" aria-live=\"polite\" aria-atomic=\"true\"><\/p> <ul><\/ul><\/div>\n<form action=\"\/es\/wp-json\/wp\/v2\/pages\/12014#wpcf7-f12358-o1\" method=\"post\" class=\"wpcf7-form init\" aria-label=\"Formulario de contacto\" novalidate=\"novalidate\" data-status=\"init\">\n<div style=\"display: none;\">\n<input type=\"hidden\" name=\"_wpcf7\" value=\"12358\" \/>\n<input type=\"hidden\" name=\"_wpcf7_version\" value=\"6.0.6\" \/>\n<input type=\"hidden\" name=\"_wpcf7_locale\" value=\"es_ES\" \/>\n<input type=\"hidden\" name=\"_wpcf7_unit_tag\" value=\"wpcf7-f12358-o1\" \/>\n<input type=\"hidden\" name=\"_wpcf7_container_post\" value=\"0\" \/>\n<input type=\"hidden\" name=\"_wpcf7_posted_data_hash\" value=\"\" \/>\n<input type=\"hidden\" name=\"_wpcf7_recaptcha_response\" value=\"\" \/>\n<\/div>\n<div class=\"request_callback\">\n        <div class=\"input-group\">\n            <span class=\"wpcf7-form-control-wrap\" data-name=\"your-subject\"><input size=\"40\" maxlength=\"400\" class=\"wpcf7-form-control wpcf7-text wpcf7-validates-as-required\" aria-required=\"true\" aria-invalid=\"false\" placeholder=\"Sujeto *\" value=\"\" type=\"text\" name=\"your-subject\" \/><\/span>\n        <div class=\"input-group\">\n            <span class=\"wpcf7-form-control-wrap\" data-name=\"your-message\"><textarea cols=\"40\" rows=\"10\" maxlength=\"2000\" class=\"wpcf7-form-control wpcf7-textarea wpcf7-validates-as-required height100\" aria-required=\"true\" aria-invalid=\"false\" placeholder=\"Mensaje *\" name=\"your-message\"><\/textarea><\/span>\n        <div class=\"input-group\">\n            <span class=\"wpcf7-form-control-wrap\" data-name=\"your-company\"><input size=\"40\" maxlength=\"400\" class=\"wpcf7-form-control wpcf7-text\" aria-invalid=\"false\" placeholder=\"Empresa\" value=\"\" type=\"text\" name=\"your-company\" \/><\/span>      \n        <div class=\"input-group\">\n            <span class=\"wpcf7-form-control-wrap\" data-name=\"your-name\"><input size=\"40\" maxlength=\"400\" class=\"wpcf7-form-control wpcf7-text wpcf7-validates-as-required\" aria-required=\"true\" aria-invalid=\"false\" placeholder=\"Nombre *\" value=\"\" type=\"text\" name=\"your-name\" \/><\/span>\n        <div class=\"input-group\">\n            <span class=\"wpcf7-form-control-wrap\" data-name=\"your-loc\"><input size=\"40\" maxlength=\"400\" class=\"wpcf7-form-control wpcf7-text wpcf7-validates-as-required\" aria-required=\"true\" aria-invalid=\"false\" placeholder=\"Localidad *\" value=\"\" type=\"text\" name=\"your-loc\" \/><\/span>\n        <div class=\"input-group\">\n            <span class=\"wpcf7-form-control-wrap\" data-name=\"your-tel\"><input size=\"40\" maxlength=\"400\" class=\"wpcf7-form-control wpcf7-tel wpcf7-validates-as-required wpcf7-text wpcf7-validates-as-tel\" aria-required=\"true\" aria-invalid=\"false\" placeholder=\"Contacto *\" value=\"\" type=\"tel\" name=\"your-tel\" \/><\/span>       \n        <div class=\"input-group\">\n            <span class=\"wpcf7-form-control-wrap\" data-name=\"your-email\"><input size=\"40\" maxlength=\"400\" class=\"wpcf7-form-control wpcf7-email wpcf7-validates-as-required wpcf7-text wpcf7-validates-as-email\" aria-required=\"true\" aria-invalid=\"false\" placeholder=\"E-mail *\" value=\"\" type=\"email\" name=\"your-email\" \/><\/span>      \n        <\/div>\n        <div class=\"input-group\">\n            <button type=\"submit\" class=\"button size-lg icon_right\">Enviar<i class=\"fa fa-chevron-right\"><\/i><\/button>\n        <\/div>\n<\/div><div class=\"wpcf7-response-output\" aria-hidden=\"true\"><\/div>\n<\/form>\n<\/div>\n[\/vc_column][\/vc_row]<\/p>\n<\/section>","protected":false},"excerpt":{"rendered":"<p>[vc_row full_width=&#8221;stretch_row_content_no_spaces&#8221; css=&#8221;.vc_custom_1654161618218{margin-top: 0px !important;margin-right: 0px !important;margin-bottom: 73px !important;margin-left: 0px !important;border-bottom-width: 8px !important;border-bottom-color: #008623 !important;border-bottom-style: solid !important;}&#8221;][vc_column][rev_slider_vc alias=&#8221;slider-floresta-11&#8243;][\/vc_column][\/vc_row][vc_row][vc_column width=&#8221;1\/6&#8243;][vc_custom_heading icon=&#8221;icon-agri-floresta&#8221; icon_size=&#8221;40&#8243; stripe_pos=&#8221;hide&#8221; text=&#8221;Bosque&#8221; font_container=&#8221;tag:h4|font_size:23|text_align:left&#8221; google_fonts=&#8221;font_family:Poppins%3A300%2Cregular%2C500%2C600%2C700|font_style:400%20regular%3A400%3Anormal&#8221; css=&#8221;.vc_custom_1723237003396{margin-top: 0px !important;padding-top: 0px !important;}&#8221; el_class=&#8221;iconTitle&#8221; link=&#8221;url:https%3A%2F%2Fagricortes.com%2Fes%2Fbosque%2F&#8221;][vc_raw_html]JTVCYmVsbG93cyUyMGNvbmZpZ19pZCUzRCUyMm1haW4lMjIlMjBtZW51JTNEJTIyMTE3JTIyJTVE[\/vc_raw_html][\/vc_column][vc_column width=&#8221;2\/3&#8243;][vc_tta_tabs spacing=&#8221;5&#8243; active_section=&#8221;1&#8243; el_class=&#8221;theme_style&#8221;][vc_tta_section title=&#8221;GREEN TECHNIK&#8221; tab_id=&#8221;1653314755352-a90f6af0-ddaa16535614593941654246389582&#8243;][vc_row_inner][vc_column_inner width=&#8221;2\/3&#8243;][vc_single_image image=&#8221;9389&#8243; img_size=&#8221;&#8221; css=&#8221;.vc_custom_1654090391385{margin-bottom: 10px !important;}&#8221;][vc_column_text css=&#8221;.vc_custom_1723237012762{margin-bottom: 0px !important;}&#8221;]green-technik.com[\/vc_column_text][vc_custom_heading text=&#8221;GREEN TECHNIK&#8221; font_container=&#8221;tag:h1|text_align:left&#8221; google_fonts=&#8221;font_family:Poppins%3A300%2Cregular%2C500%2C600%2C700|font_style:400%20regular%3A400%3Anormal&#8221;][vc_column_text]Presentamos una gama completa<\/p>\n","protected":false},"author":2,"featured_media":0,"parent":0,"menu_order":0,"comment_status":"closed","ping_status":"closed","template":"","meta":{"footnotes":""},"class_list":["post-12014","page","type-page","status-publish","hentry"],"aioseo_notices":[],"_links":{"self":[{"href":"https:\/\/agricortes.com\/es\/wp-json\/wp\/v2\/pages\/12014","targetHints":{"allow":["GET"]}}],"collection":[{"href":"https:\/\/agricortes.com\/es\/wp-json\/wp\/v2\/pages"}],"about":[{"href":"https:\/\/agricortes.com\/es\/wp-json\/wp\/v2\/types\/page"}],"author":[{"embeddable":true,"href":"https:\/\/agricortes.com\/es\/wp-json\/wp\/v2\/users\/2"}],"replies":[{"embeddable":true,"href":"https:\/\/agricortes.com\/es\/wp-json\/wp\/v2\/comments?post=12014"}],"version-history":[{"count":9,"href":"https:\/\/agricortes.com\/es\/wp-json\/wp\/v2\/pages\/12014\/revisions"}],"predecessor-version":[{"id":19961,"href":"https:\/\/agricortes.com\/es\/wp-json\/wp\/v2\/pages\/12014\/revisions\/19961"}],"wp:attachment":[{"href":"https:\/\/agricortes.com\/es\/wp-json\/wp\/v2\/media?parent=12014"}],"curies":[{"name":"wp","href":"https:\/\/api.w.org\/{rel}","templated":true}]}}