{"id":12021,"date":"2022-05-30T16:31:40","date_gmt":"2022-05-30T16:31:40","guid":{"rendered":"https:\/\/agricortes.com\/pincas-hultdins\/"},"modified":"2025-01-23T14:11:08","modified_gmt":"2025-01-23T14:11:08","slug":"pinzas-hultdins","status":"publish","type":"page","link":"https:\/\/agricortes.com\/es\/pinzas-hultdins\/","title":{"rendered":"HULTDINS &#8211; Pinzas"},"content":{"rendered":"<section class=\"wpb-content-wrapper\"><p>[vc_row full_width=&#8221;stretch_row_content_no_spaces&#8221; css=&#8221;.vc_custom_1654161618218{margin-top: 0px !important;margin-right: 0px !important;margin-bottom: 73px !important;margin-left: 0px !important;border-bottom-width: 8px !important;border-bottom-color: #008623 !important;border-bottom-style: solid !important;}&#8221;][vc_column][rev_slider_vc alias=&#8221;slider-floresta-11&#8243;][\/vc_column][\/vc_row][vc_row][vc_column width=&#8221;1\/6&#8243;][vc_custom_heading icon=&#8221;icon-agri-floresta&#8221; icon_size=&#8221;40&#8243; stripe_pos=&#8221;hide&#8221; text=&#8221;Bosque&#8221; font_container=&#8221;tag:h4|font_size:23|text_align:left&#8221; google_fonts=&#8221;font_family:Poppins%3A300%2Cregular%2C500%2C600%2C700|font_style:400%20regular%3A400%3Anormal&#8221; css=&#8221;.vc_custom_1723237637255{margin-top: 0px !important;padding-top: 0px !important;}&#8221; el_class=&#8221;iconTitle&#8221; link=&#8221;url:https%3A%2F%2Fagricortes.com%2Fes%2Fbosque%2F&#8221;][vc_raw_html]JTVCYmVsbG93cyUyMGNvbmZpZ19pZCUzRCUyMm1haW4lMjIlMjBtZW51JTNEJTIyMTE3JTIyJTVE[\/vc_raw_html][\/vc_column][vc_column width=&#8221;2\/3&#8243;][vc_tta_tabs spacing=&#8221;5&#8243; active_section=&#8221;1&#8243; el_class=&#8221;theme_style&#8221;][vc_tta_section title=&#8221;HULTDINS&#8221; tab_id=&#8221;1653314755352-a90f6af0-ddaa16535614593941654246466914&#8243;][vc_row_inner][vc_column_inner width=&#8221;2\/3&#8243;][vc_single_image image=&#8221;9440&#8243; img_size=&#8221;&#8221; css=&#8221;.vc_custom_1654090685184{margin-bottom: 10px !important;}&#8221;][vc_column_text css=&#8221;.vc_custom_1723237646202{margin-bottom: 0px !important;}&#8221;]<a href=\"https:\/\/www.hultdins.com\/\" target=\"_blank\" rel=\"noopener\">hultdins.com<\/a>[\/vc_column_text][vc_custom_heading text=&#8221;HULTDINS&#8221; font_container=&#8221;tag:h1|text_align:left&#8221; google_fonts=&#8221;font_family:Poppins%3A300%2Cregular%2C500%2C600%2C700|font_style:400%20regular%3A400%3Anormal&#8221;][vc_column_text]Hultdins est\u00e1 en actividad desde 1928, creyendo que la mejor manera de lograr esto es con clientes satisfechos. La sede central se encuentra en Mal\u00e1, en el norte de Suecia, dotada de la m\u00e1s alta tecnolog\u00eda l\u00e1ser, la metalurgia, as\u00ed como la instalaci\u00f3n de robots de soldadura y pintura. Aqu\u00ed se desarrollan y fabrican herramientas y componentes para maquinaria forestal y de construcci\u00f3n. Las pinzas Supercut y Supergrip se utilizan todos los d\u00edas en todo el mundo.[\/vc_column_text][\/vc_column_inner][vc_column_inner width=&#8221;1\/3&#8243;][vc_single_image image=&#8221;9444&#8243; img_size=&#8221;full&#8221; onclick=&#8221;link_image&#8221;][vc_column_text]<iframe title=\"YouTube video player\" src=\"https:\/\/www.youtube.com\/embed\/IOp9jqyecEY\" width=\"100%\" height=\"auto\" frameborder=\"0\" allowfullscreen=\"allowfullscreen\"><\/iframe>[\/vc_column_text][\/vc_column_inner][\/vc_row_inner][\/vc_tta_section][vc_tta_section title=&#8221;PINZAS FORESTALES&#8221; tab_id=&#8221;1653314755359-8c73aa7e-267816535614593941654246466914&#8243;][vc_row_inner][vc_column_inner width=&#8221;2\/3&#8243;][vc_single_image image=&#8221;9440&#8243; img_size=&#8221;&#8221; onclick=&#8221;custom_link&#8221; img_link_target=&#8221;_blank&#8221; link=&#8221;https:\/\/www.hultdins.com\/&#8221; css=&#8221;.vc_custom_1654090619732{margin-bottom: 10px !important;}&#8221;][vc_column_text css=&#8221;.vc_custom_1723237655961{margin-bottom: 0px !important;}&#8221;]<a href=\"https:\/\/www.hultdins.com\/\" target=\"_blank\" rel=\"noopener\">hultdins.com<\/a>[\/vc_column_text][vc_custom_heading text=&#8221;PINZAS FORESTALES&#8221; font_container=&#8221;tag:h1|text_align:left&#8221; google_fonts=&#8221;font_family:Poppins%3A300%2Cregular%2C500%2C600%2C700|font_style:400%20regular%3A400%3Anormal&#8221;][vc_column_text]Estas pinzas de alta ingenier\u00eda tienen una excelente geometr\u00eda de brazo, con una amplia apertura punta a punta y dimensiones m\u00ednimas de cierre. Los cilindros con amortiguamiento extienden la vida de la pinza, al mismo tiempo que ofrecen una alta fuerza de agarre y tiempos de ciclos r\u00e1pidos, optimizando el rendimiento de carga. Todas las pinzas para madera corta son suministradas con los modelos de trabajo pesado \u201cS\u201d.<\/p>\n<ul>\n<li>Pinza forestale de rotor continuo y cilindro de baja presi\u00f3n<\/li>\n<li>Soldaduras robotizadas de elevada resistencia<\/li>\n<li>La forma c\u00f3nica del buje elimina cualquier posible movimiento de la articulaci\u00f3n<\/li>\n<li>Cilindros con amortiguamiento para reducir las cargas de choque<\/li>\n<li>Sierra opcional disponible en todos los modelos<\/li>\n<\/ul>\n<div class=\"table-responsive\">\n<table class=\"table\" style=\"background: #FFF;\">\n<thead>\n<tr style=\"background: #a32035; color: #ffffff;\">\n<td><small><strong>Modelo<\/strong><\/small><\/td>\n<td><small><strong>SG 360R LP<\/strong><\/small><\/td>\n<td><small><strong>SG 360 LP<\/strong><\/small><\/td>\n<td><small><strong>SG 260 LP<\/strong><\/small><\/td>\n<\/tr>\n<\/thead>\n<tbody>\n<tr>\n<td><small><strong>Abertura m\u00e1xima<\/strong><\/small><\/td>\n<td><small>1855 mm<\/small><\/td>\n<td><small>1870 mm<\/small><\/td>\n<td><small>1525 mm<\/small><\/td>\n<\/tr>\n<tr>\n<td><small><strong>Capacidad de carga<\/strong><\/small><\/td>\n<td><small>5000 kg<\/small><\/td>\n<td><small>5000 kg<\/small><\/td>\n<td><small>3500 kg<\/small><\/td>\n<\/tr>\n<tr>\n<td><small><strong>Peso<\/strong><\/small><\/td>\n<td><small>290 kg<\/small><\/td>\n<td><small>270 kg<\/small><\/td>\n<td><small>180 kg<\/small><\/td>\n<\/tr>\n<tr>\n<td><small><strong>\u00c1rea de carga<\/strong><\/small><\/td>\n<td><small>0,45 m2<\/small><\/td>\n<td><small>0,45 m2<\/small><\/td>\n<td><small>0,35 m2<\/small><\/td>\n<\/tr>\n<tr>\n<td><small><strong>Barra inferior<\/strong><\/small><\/td>\n<td><small>sin\u00a0 (para biomasa)<\/small><\/td>\n<td><small>con barras<\/small><\/td>\n<td><small>con barras<\/small><\/td>\n<\/tr>\n<\/tbody>\n<\/table>\n<\/div>\n<p>[\/vc_column_text][\/vc_column_inner][vc_column_inner width=&#8221;1\/3&#8243;][vc_media_grid style=&#8221;lazy&#8221; element_width=&#8221;6&#8243; gap=&#8221;10&#8243; grid_id=&#8221;vc_gid:1737641469463-087b38ea-cf30-8&#8243; el_class=&#8221;imageGalleryMargin&#8221; include=&#8221;9448,9451,9454,9457&#8243;][vc_column_text]<iframe title=\"YouTube video player\" src=\"https:\/\/www.youtube.com\/embed\/9qGGC5a4tSs\" width=\"100%\" height=\"auto\" frameborder=\"0\" allowfullscreen=\"allowfullscreen\"><\/iframe>[\/vc_column_text][\/vc_column_inner][\/vc_row_inner][\/vc_tta_section][\/vc_tta_tabs][\/vc_column][vc_column width=&#8221;1\/6&#8243;][vc_custom_heading icon=&#8221;stm-email2&#8243; icon_size=&#8221;40&#8243; stripe_pos=&#8221;hide&#8221; text=&#8221;Contacto&#8221; font_container=&#8221;tag:h4|font_size:23|text_align:left&#8221; google_fonts=&#8221;font_family:Poppins%3A300%2Cregular%2C500%2C600%2C700|font_style:400%20regular%3A400%3Anormal&#8221; css=&#8221;.vc_custom_1704480276081{margin-top: 0px !important;padding-top: 0px !important;}&#8221; el_class=&#8221;iconTitle&#8221;]\n<div class=\"wpcf7 no-js\" id=\"wpcf7-f12358-o1\" lang=\"es-ES\" dir=\"ltr\" data-wpcf7-id=\"12358\">\n<div class=\"screen-reader-response\"><p role=\"status\" aria-live=\"polite\" aria-atomic=\"true\"><\/p> <ul><\/ul><\/div>\n<form action=\"\/es\/wp-json\/wp\/v2\/pages\/12021#wpcf7-f12358-o1\" method=\"post\" class=\"wpcf7-form init\" aria-label=\"Formulario de contacto\" novalidate=\"novalidate\" data-status=\"init\">\n<div style=\"display: none;\">\n<input type=\"hidden\" name=\"_wpcf7\" value=\"12358\" \/>\n<input type=\"hidden\" name=\"_wpcf7_version\" value=\"6.0.6\" \/>\n<input type=\"hidden\" name=\"_wpcf7_locale\" value=\"es_ES\" \/>\n<input type=\"hidden\" name=\"_wpcf7_unit_tag\" value=\"wpcf7-f12358-o1\" \/>\n<input type=\"hidden\" name=\"_wpcf7_container_post\" value=\"0\" \/>\n<input type=\"hidden\" name=\"_wpcf7_posted_data_hash\" value=\"\" \/>\n<input type=\"hidden\" name=\"_wpcf7_recaptcha_response\" value=\"\" \/>\n<\/div>\n<div class=\"request_callback\">\n        <div class=\"input-group\">\n            <span class=\"wpcf7-form-control-wrap\" data-name=\"your-subject\"><input size=\"40\" maxlength=\"400\" class=\"wpcf7-form-control wpcf7-text wpcf7-validates-as-required\" aria-required=\"true\" aria-invalid=\"false\" placeholder=\"Sujeto *\" value=\"\" type=\"text\" name=\"your-subject\" \/><\/span>\n        <div class=\"input-group\">\n            <span class=\"wpcf7-form-control-wrap\" data-name=\"your-message\"><textarea cols=\"40\" rows=\"10\" maxlength=\"2000\" class=\"wpcf7-form-control wpcf7-textarea wpcf7-validates-as-required height100\" aria-required=\"true\" aria-invalid=\"false\" placeholder=\"Mensaje *\" name=\"your-message\"><\/textarea><\/span>\n        <div class=\"input-group\">\n            <span class=\"wpcf7-form-control-wrap\" data-name=\"your-company\"><input size=\"40\" maxlength=\"400\" class=\"wpcf7-form-control wpcf7-text\" aria-invalid=\"false\" placeholder=\"Empresa\" value=\"\" type=\"text\" name=\"your-company\" \/><\/span>      \n        <div class=\"input-group\">\n            <span class=\"wpcf7-form-control-wrap\" data-name=\"your-name\"><input size=\"40\" maxlength=\"400\" class=\"wpcf7-form-control wpcf7-text wpcf7-validates-as-required\" aria-required=\"true\" aria-invalid=\"false\" placeholder=\"Nombre *\" value=\"\" type=\"text\" name=\"your-name\" \/><\/span>\n        <div class=\"input-group\">\n            <span class=\"wpcf7-form-control-wrap\" data-name=\"your-loc\"><input size=\"40\" maxlength=\"400\" class=\"wpcf7-form-control wpcf7-text wpcf7-validates-as-required\" aria-required=\"true\" aria-invalid=\"false\" placeholder=\"Localidad *\" value=\"\" type=\"text\" name=\"your-loc\" \/><\/span>\n        <div class=\"input-group\">\n            <span class=\"wpcf7-form-control-wrap\" data-name=\"your-tel\"><input size=\"40\" maxlength=\"400\" class=\"wpcf7-form-control wpcf7-tel wpcf7-validates-as-required wpcf7-text wpcf7-validates-as-tel\" aria-required=\"true\" aria-invalid=\"false\" placeholder=\"Contacto *\" value=\"\" type=\"tel\" name=\"your-tel\" \/><\/span>       \n        <div class=\"input-group\">\n            <span class=\"wpcf7-form-control-wrap\" data-name=\"your-email\"><input size=\"40\" maxlength=\"400\" class=\"wpcf7-form-control wpcf7-email wpcf7-validates-as-required wpcf7-text wpcf7-validates-as-email\" aria-required=\"true\" aria-invalid=\"false\" placeholder=\"E-mail *\" value=\"\" type=\"email\" name=\"your-email\" \/><\/span>      \n        <\/div>\n        <div class=\"input-group\">\n            <button type=\"submit\" class=\"button size-lg icon_right\">Enviar<i class=\"fa fa-chevron-right\"><\/i><\/button>\n        <\/div>\n<\/div><div class=\"wpcf7-response-output\" aria-hidden=\"true\"><\/div>\n<\/form>\n<\/div>\n[\/vc_column][\/vc_row]<\/p>\n<\/section>","protected":false},"excerpt":{"rendered":"<p>[vc_row full_width=&#8221;stretch_row_content_no_spaces&#8221; css=&#8221;.vc_custom_1654161618218{margin-top: 0px !important;margin-right: 0px !important;margin-bottom: 73px !important;margin-left: 0px !important;border-bottom-width: 8px !important;border-bottom-color: #008623 !important;border-bottom-style: solid !important;}&#8221;][vc_column][rev_slider_vc alias=&#8221;slider-floresta-11&#8243;][\/vc_column][\/vc_row][vc_row][vc_column width=&#8221;1\/6&#8243;][vc_custom_heading icon=&#8221;icon-agri-floresta&#8221; icon_size=&#8221;40&#8243; stripe_pos=&#8221;hide&#8221; text=&#8221;Bosque&#8221; font_container=&#8221;tag:h4|font_size:23|text_align:left&#8221; google_fonts=&#8221;font_family:Poppins%3A300%2Cregular%2C500%2C600%2C700|font_style:400%20regular%3A400%3Anormal&#8221; css=&#8221;.vc_custom_1723237637255{margin-top: 0px !important;padding-top: 0px !important;}&#8221; el_class=&#8221;iconTitle&#8221; link=&#8221;url:https%3A%2F%2Fagricortes.com%2Fes%2Fbosque%2F&#8221;][vc_raw_html]JTVCYmVsbG93cyUyMGNvbmZpZ19pZCUzRCUyMm1haW4lMjIlMjBtZW51JTNEJTIyMTE3JTIyJTVE[\/vc_raw_html][\/vc_column][vc_column width=&#8221;2\/3&#8243;][vc_tta_tabs spacing=&#8221;5&#8243; active_section=&#8221;1&#8243; el_class=&#8221;theme_style&#8221;][vc_tta_section title=&#8221;HULTDINS&#8221; tab_id=&#8221;1653314755352-a90f6af0-ddaa16535614593941654246466914&#8243;][vc_row_inner][vc_column_inner width=&#8221;2\/3&#8243;][vc_single_image image=&#8221;9440&#8243; img_size=&#8221;&#8221; css=&#8221;.vc_custom_1654090685184{margin-bottom: 10px !important;}&#8221;][vc_column_text css=&#8221;.vc_custom_1723237646202{margin-bottom: 0px !important;}&#8221;]hultdins.com[\/vc_column_text][vc_custom_heading text=&#8221;HULTDINS&#8221; font_container=&#8221;tag:h1|text_align:left&#8221; google_fonts=&#8221;font_family:Poppins%3A300%2Cregular%2C500%2C600%2C700|font_style:400%20regular%3A400%3Anormal&#8221;][vc_column_text]Hultdins est\u00e1 en actividad desde 1928,<\/p>\n","protected":false},"author":2,"featured_media":0,"parent":0,"menu_order":0,"comment_status":"closed","ping_status":"closed","template":"","meta":{"footnotes":""},"class_list":["post-12021","page","type-page","status-publish","hentry"],"aioseo_notices":[],"_links":{"self":[{"href":"https:\/\/agricortes.com\/es\/wp-json\/wp\/v2\/pages\/12021","targetHints":{"allow":["GET"]}}],"collection":[{"href":"https:\/\/agricortes.com\/es\/wp-json\/wp\/v2\/pages"}],"about":[{"href":"https:\/\/agricortes.com\/es\/wp-json\/wp\/v2\/types\/page"}],"author":[{"embeddable":true,"href":"https:\/\/agricortes.com\/es\/wp-json\/wp\/v2\/users\/2"}],"replies":[{"embeddable":true,"href":"https:\/\/agricortes.com\/es\/wp-json\/wp\/v2\/comments?post=12021"}],"version-history":[{"count":9,"href":"https:\/\/agricortes.com\/es\/wp-json\/wp\/v2\/pages\/12021\/revisions"}],"predecessor-version":[{"id":20367,"href":"https:\/\/agricortes.com\/es\/wp-json\/wp\/v2\/pages\/12021\/revisions\/20367"}],"wp:attachment":[{"href":"https:\/\/agricortes.com\/es\/wp-json\/wp\/v2\/media?parent=12021"}],"curies":[{"name":"wp","href":"https:\/\/api.w.org\/{rel}","templated":true}]}}