{"id":12042,"date":"2022-05-30T17:29:44","date_gmt":"2022-05-30T17:29:44","guid":{"rendered":"https:\/\/agricortes.com\/robot-triturador-mcconnel\/"},"modified":"2024-10-14T09:43:45","modified_gmt":"2024-10-14T09:43:45","slug":"robot-trituradora-mcconnel","status":"publish","type":"page","link":"https:\/\/agricortes.com\/es\/robot-trituradora-mcconnel\/","title":{"rendered":"MCCONNEL &#8211; Robot Trituradora"},"content":{"rendered":"<section class=\"wpb-content-wrapper\"><p>[vc_row full_width=&#8221;stretch_row_content_no_spaces&#8221; css=&#8221;.vc_custom_1654161618218{margin-top: 0px !important;margin-right: 0px !important;margin-bottom: 73px !important;margin-left: 0px !important;border-bottom-width: 8px !important;border-bottom-color: #008623 !important;border-bottom-style: solid !important;}&#8221;][vc_column][rev_slider_vc alias=&#8221;slider-floresta-11&#8243;][\/vc_column][\/vc_row][vc_row][vc_column width=&#8221;1\/6&#8243;][vc_custom_heading icon=&#8221;icon-agri-floresta&#8221; icon_size=&#8221;40&#8243; stripe_pos=&#8221;hide&#8221; text=&#8221;Bosque&#8221; font_container=&#8221;tag:h4|font_size:23|text_align:left&#8221; google_fonts=&#8221;font_family:Poppins%3A300%2Cregular%2C500%2C600%2C700|font_style:400%20regular%3A400%3Anormal&#8221; css=&#8221;.vc_custom_1723237173000{margin-top: 0px !important;padding-top: 0px !important;}&#8221; el_class=&#8221;iconTitle&#8221; link=&#8221;url:https%3A%2F%2Fagricortes.com%2Fes%2Fbosque%2F&#8221;][vc_raw_html]JTVCYmVsbG93cyUyMGNvbmZpZ19pZCUzRCUyMm1haW4lMjIlMjBtZW51JTNEJTIyMTE3JTIyJTVE[\/vc_raw_html][\/vc_column][vc_column width=&#8221;2\/3&#8243;][vc_tta_tabs spacing=&#8221;5&#8243; active_section=&#8221;1&#8243; el_class=&#8221;theme_style&#8221;][vc_tta_section title=&#8221;MCCONNEL&#8221; tab_id=&#8221;1653314755352-a90f6af0-ddaa16535614593941654246781018&#8243;][vc_row_inner][vc_column_inner width=&#8221;2\/3&#8243;][vc_single_image image=&#8221;9522&#8243; img_size=&#8221;&#8221; css=&#8221;.vc_custom_1654091286136{margin-bottom: 10px !important;}&#8221;][vc_column_text css=&#8221;.vc_custom_1723237190659{margin-bottom: 0px !important;}&#8221;]<a href=\"https:\/\/www.mcconnel.com\/\" target=\"_blank\" rel=\"noopener\">mcconnel.com<\/a>[\/vc_column_text][vc_custom_heading text=&#8221;MCCONNEL&#8221; font_container=&#8221;tag:h1|text_align:left&#8221; google_fonts=&#8221;font_family:Poppins%3A300%2Cregular%2C500%2C600%2C700|font_style:400%20regular%3A400%3Anormal&#8221;][vc_column_text]<strong>Superior a todos los niveles<\/strong><\/p>\n<p>De primera al mejor del mundo a nivel mundial, McConnel ha estado brillando en el camino de la calidad, la innovaci\u00f3n y tecnolog\u00eda, desde el lanzamiento del primer brazo hidr\u00e1ulico montado en el tercer punto del tractor, alrededor de la d\u00e9cada de 1940.<\/p>\n<p>McConnel, una empresa multipremiada, ofrece la gama m\u00e1s completa de brazos hidr\u00e1ulicos, trituradoras y desbrozadoras, m\u00e1quinas de siembra, pulverizaci\u00f3n y manejo de la tierra, y m\u00e1s recientemente los robots trituradores, con m\u00e1s de 100 modelos diferentes y miles de opciones de construcci\u00f3n.<\/p>\n<p>La mayor\u00eda de las m\u00e1quinas y componentes de McConnel est\u00e1n dise\u00f1ados, construidos y probados en las dos instalaciones de producci\u00f3n de la compa\u00f1\u00eda en el Reino Unido, lo que convierte a la empresa en una de las pocas historias de \u00e9xito de fabricaci\u00f3n verdaderamente brit\u00e1nicas.<\/p>\n<p>Las m\u00e1quinas McConnel se pueden encontrar trabajando en m\u00e1s de 40 pa\u00edses diferentes en todo el mundo, con clientes satisfechos en lugares tan lejanos como China y Canad\u00e1, Nueva Guinea y Nueva Zelanda.[\/vc_column_text][\/vc_column_inner][vc_column_inner width=&#8221;1\/3&#8243;][vc_single_image image=&#8221;9528&#8243; img_size=&#8221;full&#8221; onclick=&#8221;link_image&#8221;][vc_column_text]<iframe title=\"YouTube video player\" src=\"https:\/\/www.youtube.com\/embed\/WL8F_pbZvOg\" width=\"100%\" height=\"auto\" frameborder=\"0\" allowfullscreen=\"allowfullscreen\"><\/iframe>[\/vc_column_text][\/vc_column_inner][\/vc_row_inner][\/vc_tta_section][vc_tta_section title=&#8221;ROBOT&#8221; tab_id=&#8221;1653314755359-8c73aa7e-267816535614593941654246781018&#8243;][vc_row_inner][vc_column_inner width=&#8221;2\/3&#8243;][vc_single_image image=&#8221;9522&#8243; img_size=&#8221;&#8221; css=&#8221;.vc_custom_1654091286136{margin-bottom: 10px !important;}&#8221;][vc_column_text css=&#8221;.vc_custom_1723237205481{margin-bottom: 0px !important;}&#8221;]<a href=\"https:\/\/www.mcconnel.com\/\" target=\"_blank\" rel=\"noopener\">mcconnel.com<\/a>[\/vc_column_text][vc_custom_heading text=&#8221;ROBOT&#8221; font_container=&#8221;tag:h1|text_align:left&#8221; google_fonts=&#8221;font_family:Poppins%3A300%2Cregular%2C500%2C600%2C700|font_style:400%20regular%3A400%3Anormal&#8221;][vc_column_text]A partir de la necesidad de limpieza de bermas con pendientes superiores al 25% donde los operadores no deben introducir m\u00e1quinas convencionales por razones de seguridad, los robots McConnel vienen a ofrecer un servicio multiprop\u00f3sito y m\u00f3vil de \u00e1reas verdes y bosques, con equipos de alta adhesi\u00f3n al suelo e instrumentos de corte eficaces, a trav\u00e9s de un joystick de control intuitivo y ligero, hasta 150 metros de distancia.<\/p>\n<ul>\n<li>Masa equilibrada, igualmente distribuida, para una excelente estabilizaci\u00f3n en el suelo.<\/li>\n<li>Bajo centro de gravedad.<\/li>\n<li>Control digital de radio equipado con dos bater\u00edas recargables en la m\u00e1quina.<\/li>\n<li>Se puede remolcar por veh\u00edculo de 3500\u00a0kg.<\/li>\n<\/ul>\n<div class=\"table-responsive\">\n<table class=\"table\" style=\"background: #FFF;\">\n<thead>\n<tr style=\"background: #a32035; color: #ffffff;\">\n<td><small><strong>Modelo<\/strong><\/small><\/td>\n<td><small><strong>S300<\/strong><\/small><\/td>\n<td><small><strong>T400<\/strong><\/small><\/td>\n<td><small><strong>T600<\/strong><\/small><\/td>\n<td><small><strong>T800<\/strong><\/small><\/td>\n<\/tr>\n<\/thead>\n<tbody>\n<tr>\n<td><small><strong>Tipolog\u00eda<\/strong><\/small><\/td>\n<td><small>desbrozadora<\/small><\/td>\n<td><small>remolcador de aperos<\/small><\/td>\n<td><small>remolcador de aperos<\/small><\/td>\n<td><small>remolcador de aperos<\/small><\/td>\n<\/tr>\n<tr>\n<td><small><strong>Motor<\/strong><\/small><\/td>\n<td><small>28 Hp<\/small><\/td>\n<td><small>40 Hp<\/small><\/td>\n<td><small>56 Hp<\/small><\/td>\n<td><small>75 Hp<\/small><\/td>\n<\/tr>\n<tr>\n<td><small><strong>Transmisi\u00f3n<\/strong><\/small><\/td>\n<td><small>el\u00e9ctrica<\/small><\/td>\n<td><small>hidr\u00e1ulica<\/small><\/td>\n<td><small>hidr\u00e1ulica<\/small><\/td>\n<td><small>hidr\u00e1ulica<\/small><\/td>\n<\/tr>\n<tr>\n<td><small><strong>Orugas<\/strong><\/small><\/td>\n<td><small>goma<\/small><\/td>\n<td><small>goma alto perfil<\/small><\/td>\n<td><small>goma alto perfil<\/small><\/td>\n<td><small>goma alto perfil<\/small><\/td>\n<\/tr>\n<tr>\n<td><small><strong>Pendiente superable<\/strong><\/small><\/td>\n<td><small>50\u00ba o 120%<\/small><\/td>\n<td><small>55\u00ba o 130%<\/small><\/td>\n<td><small>55\u00ba o 130%<\/small><\/td>\n<td><small>55\u00ba o 130%<\/small><\/td>\n<\/tr>\n<tr>\n<td><small><strong>Instrumento de corte<\/strong><\/small><\/td>\n<td><small>l\u00e1minas<\/small><\/td>\n<td><small>cuchillas o martillos<\/small><\/td>\n<td><small>cuchillas o martillos<\/small><\/td>\n<td><small>cuchillas o martillos<\/small><\/td>\n<\/tr>\n<tr>\n<td><small><strong>Di\u00e1metro m\u00ednimo de corte<\/strong><\/small><\/td>\n<td><small>50 cm<\/small><\/td>\n<td><small>50 cm<\/small><\/td>\n<td><small>100 cm<\/small><\/td>\n<td><small>100 cm<\/small><\/td>\n<\/tr>\n<tr>\n<td><small><strong>Ancho de trabajo<\/strong><\/small><\/td>\n<td><small>110 cm<\/small><\/td>\n<td><small>130 \u2013 160 cm<\/small><\/td>\n<td><small>130 \u2013 190 cm<\/small><\/td>\n<td><small>130 \u2013 190 cm<\/small><\/td>\n<\/tr>\n<tr>\n<td><small><strong>Peso<\/strong><\/small><\/td>\n<td><small>480 Kg<\/small><\/td>\n<td><small>1150 Kg<\/small><\/td>\n<td><small>1200 Kg<\/small><\/td>\n<td><small>1300 kg<\/small><\/td>\n<\/tr>\n<\/tbody>\n<\/table>\n<\/div>\n<p>[\/vc_column_text][\/vc_column_inner][vc_column_inner width=&#8221;1\/3&#8243;][vc_media_grid style=&#8221;lazy&#8221; element_width=&#8221;6&#8243; gap=&#8221;10&#8243; grid_id=&#8221;vc_gid:1728898989817-f3257051-2a38-10&#8243; el_class=&#8221;imageGalleryMargin&#8221; include=&#8221;9531,9534,9537,9540&#8243;][vc_column_text]<iframe title=\"YouTube video player\" src=\"https:\/\/www.youtube.com\/embed\/yo4kYYRcywE\" width=\"100%\" height=\"auto\" frameborder=\"0\" allowfullscreen=\"allowfullscreen\"><\/iframe>[\/vc_column_text][vc_column_text]<iframe title=\"YouTube video player\" src=\"https:\/\/www.youtube.com\/embed\/e3b3cwCVdVM\" width=\"100%\" height=\"auto\" frameborder=\"0\" allowfullscreen=\"allowfullscreen\"><\/iframe>[\/vc_column_text][\/vc_column_inner][\/vc_row_inner][\/vc_tta_section][\/vc_tta_tabs][\/vc_column][vc_column width=&#8221;1\/6&#8243;][vc_custom_heading icon=&#8221;stm-email2&#8243; icon_size=&#8221;40&#8243; stripe_pos=&#8221;hide&#8221; text=&#8221;Contacto&#8221; font_container=&#8221;tag:h4|font_size:23|text_align:left&#8221; google_fonts=&#8221;font_family:Poppins%3A300%2Cregular%2C500%2C600%2C700|font_style:400%20regular%3A400%3Anormal&#8221; css=&#8221;.vc_custom_1704482017347{margin-top: 0px !important;padding-top: 0px !important;}&#8221; el_class=&#8221;iconTitle&#8221;]\n<div class=\"wpcf7 no-js\" id=\"wpcf7-f12358-o1\" lang=\"es-ES\" dir=\"ltr\" data-wpcf7-id=\"12358\">\n<div class=\"screen-reader-response\"><p role=\"status\" aria-live=\"polite\" aria-atomic=\"true\"><\/p> <ul><\/ul><\/div>\n<form action=\"\/es\/wp-json\/wp\/v2\/pages\/12042#wpcf7-f12358-o1\" method=\"post\" class=\"wpcf7-form init\" aria-label=\"Formulario de contacto\" novalidate=\"novalidate\" data-status=\"init\">\n<div style=\"display: none;\">\n<input type=\"hidden\" name=\"_wpcf7\" value=\"12358\" \/>\n<input type=\"hidden\" name=\"_wpcf7_version\" value=\"6.0.6\" \/>\n<input type=\"hidden\" name=\"_wpcf7_locale\" value=\"es_ES\" \/>\n<input type=\"hidden\" name=\"_wpcf7_unit_tag\" value=\"wpcf7-f12358-o1\" \/>\n<input type=\"hidden\" name=\"_wpcf7_container_post\" value=\"0\" \/>\n<input type=\"hidden\" name=\"_wpcf7_posted_data_hash\" value=\"\" \/>\n<input type=\"hidden\" name=\"_wpcf7_recaptcha_response\" value=\"\" \/>\n<\/div>\n<div class=\"request_callback\">\n        <div class=\"input-group\">\n            <span class=\"wpcf7-form-control-wrap\" data-name=\"your-subject\"><input size=\"40\" maxlength=\"400\" class=\"wpcf7-form-control wpcf7-text wpcf7-validates-as-required\" aria-required=\"true\" aria-invalid=\"false\" placeholder=\"Sujeto *\" value=\"\" type=\"text\" name=\"your-subject\" \/><\/span>\n        <div class=\"input-group\">\n            <span class=\"wpcf7-form-control-wrap\" data-name=\"your-message\"><textarea cols=\"40\" rows=\"10\" maxlength=\"2000\" class=\"wpcf7-form-control wpcf7-textarea wpcf7-validates-as-required height100\" aria-required=\"true\" aria-invalid=\"false\" placeholder=\"Mensaje *\" name=\"your-message\"><\/textarea><\/span>\n        <div class=\"input-group\">\n            <span class=\"wpcf7-form-control-wrap\" data-name=\"your-company\"><input size=\"40\" maxlength=\"400\" class=\"wpcf7-form-control wpcf7-text\" aria-invalid=\"false\" placeholder=\"Empresa\" value=\"\" type=\"text\" name=\"your-company\" \/><\/span>      \n        <div class=\"input-group\">\n            <span class=\"wpcf7-form-control-wrap\" data-name=\"your-name\"><input size=\"40\" maxlength=\"400\" class=\"wpcf7-form-control wpcf7-text wpcf7-validates-as-required\" aria-required=\"true\" aria-invalid=\"false\" placeholder=\"Nombre *\" value=\"\" type=\"text\" name=\"your-name\" \/><\/span>\n        <div class=\"input-group\">\n            <span class=\"wpcf7-form-control-wrap\" data-name=\"your-loc\"><input size=\"40\" maxlength=\"400\" class=\"wpcf7-form-control wpcf7-text wpcf7-validates-as-required\" aria-required=\"true\" aria-invalid=\"false\" placeholder=\"Localidad *\" value=\"\" type=\"text\" name=\"your-loc\" \/><\/span>\n        <div class=\"input-group\">\n            <span class=\"wpcf7-form-control-wrap\" data-name=\"your-tel\"><input size=\"40\" maxlength=\"400\" class=\"wpcf7-form-control wpcf7-tel wpcf7-validates-as-required wpcf7-text wpcf7-validates-as-tel\" aria-required=\"true\" aria-invalid=\"false\" placeholder=\"Contacto *\" value=\"\" type=\"tel\" name=\"your-tel\" \/><\/span>       \n        <div class=\"input-group\">\n            <span class=\"wpcf7-form-control-wrap\" data-name=\"your-email\"><input size=\"40\" maxlength=\"400\" class=\"wpcf7-form-control wpcf7-email wpcf7-validates-as-required wpcf7-text wpcf7-validates-as-email\" aria-required=\"true\" aria-invalid=\"false\" placeholder=\"E-mail *\" value=\"\" type=\"email\" name=\"your-email\" \/><\/span>      \n        <\/div>\n        <div class=\"input-group\">\n            <button type=\"submit\" class=\"button size-lg icon_right\">Enviar<i class=\"fa fa-chevron-right\"><\/i><\/button>\n        <\/div>\n<\/div><div class=\"wpcf7-response-output\" aria-hidden=\"true\"><\/div>\n<\/form>\n<\/div>\n[\/vc_column][\/vc_row]<\/p>\n<\/section>","protected":false},"excerpt":{"rendered":"<p>[vc_row full_width=&#8221;stretch_row_content_no_spaces&#8221; css=&#8221;.vc_custom_1654161618218{margin-top: 0px !important;margin-right: 0px !important;margin-bottom: 73px !important;margin-left: 0px !important;border-bottom-width: 8px !important;border-bottom-color: #008623 !important;border-bottom-style: solid !important;}&#8221;][vc_column][rev_slider_vc alias=&#8221;slider-floresta-11&#8243;][\/vc_column][\/vc_row][vc_row][vc_column width=&#8221;1\/6&#8243;][vc_custom_heading icon=&#8221;icon-agri-floresta&#8221; icon_size=&#8221;40&#8243; stripe_pos=&#8221;hide&#8221; text=&#8221;Bosque&#8221; font_container=&#8221;tag:h4|font_size:23|text_align:left&#8221; google_fonts=&#8221;font_family:Poppins%3A300%2Cregular%2C500%2C600%2C700|font_style:400%20regular%3A400%3Anormal&#8221; css=&#8221;.vc_custom_1723237173000{margin-top: 0px !important;padding-top: 0px !important;}&#8221; el_class=&#8221;iconTitle&#8221; link=&#8221;url:https%3A%2F%2Fagricortes.com%2Fes%2Fbosque%2F&#8221;][vc_raw_html]JTVCYmVsbG93cyUyMGNvbmZpZ19pZCUzRCUyMm1haW4lMjIlMjBtZW51JTNEJTIyMTE3JTIyJTVE[\/vc_raw_html][\/vc_column][vc_column width=&#8221;2\/3&#8243;][vc_tta_tabs spacing=&#8221;5&#8243; active_section=&#8221;1&#8243; el_class=&#8221;theme_style&#8221;][vc_tta_section title=&#8221;MCCONNEL&#8221; tab_id=&#8221;1653314755352-a90f6af0-ddaa16535614593941654246781018&#8243;][vc_row_inner][vc_column_inner width=&#8221;2\/3&#8243;][vc_single_image image=&#8221;9522&#8243; img_size=&#8221;&#8221; css=&#8221;.vc_custom_1654091286136{margin-bottom: 10px !important;}&#8221;][vc_column_text css=&#8221;.vc_custom_1723237190659{margin-bottom: 0px !important;}&#8221;]mcconnel.com[\/vc_column_text][vc_custom_heading text=&#8221;MCCONNEL&#8221; font_container=&#8221;tag:h1|text_align:left&#8221; google_fonts=&#8221;font_family:Poppins%3A300%2Cregular%2C500%2C600%2C700|font_style:400%20regular%3A400%3Anormal&#8221;][vc_column_text]Superior a todos los niveles De<\/p>\n","protected":false},"author":2,"featured_media":0,"parent":0,"menu_order":0,"comment_status":"closed","ping_status":"closed","template":"","meta":{"footnotes":""},"class_list":["post-12042","page","type-page","status-publish","hentry"],"aioseo_notices":[],"_links":{"self":[{"href":"https:\/\/agricortes.com\/es\/wp-json\/wp\/v2\/pages\/12042","targetHints":{"allow":["GET"]}}],"collection":[{"href":"https:\/\/agricortes.com\/es\/wp-json\/wp\/v2\/pages"}],"about":[{"href":"https:\/\/agricortes.com\/es\/wp-json\/wp\/v2\/types\/page"}],"author":[{"embeddable":true,"href":"https:\/\/agricortes.com\/es\/wp-json\/wp\/v2\/users\/2"}],"replies":[{"embeddable":true,"href":"https:\/\/agricortes.com\/es\/wp-json\/wp\/v2\/comments?post=12042"}],"version-history":[{"count":10,"href":"https:\/\/agricortes.com\/es\/wp-json\/wp\/v2\/pages\/12042\/revisions"}],"predecessor-version":[{"id":19966,"href":"https:\/\/agricortes.com\/es\/wp-json\/wp\/v2\/pages\/12042\/revisions\/19966"}],"wp:attachment":[{"href":"https:\/\/agricortes.com\/es\/wp-json\/wp\/v2\/media?parent=12042"}],"curies":[{"name":"wp","href":"https:\/\/api.w.org\/{rel}","templated":true}]}}