{"id":12098,"date":"2022-06-03T09:19:41","date_gmt":"2022-06-03T09:19:41","guid":{"rendered":"https:\/\/agricortes.com\/motores-kohler\/"},"modified":"2025-03-13T15:26:55","modified_gmt":"2025-03-13T15:26:55","slug":"motores-kohler","status":"publish","type":"page","link":"https:\/\/agricortes.com\/es\/motores-kohler\/","title":{"rendered":"KOHLER &#8211; Motores"},"content":{"rendered":"<section class=\"wpb-content-wrapper\"><p>[vc_row full_width=&#8221;stretch_row_content_no_spaces&#8221; css=&#8221;.vc_custom_1654162973139{margin-top: 0px !important;margin-right: 0px !important;margin-bottom: 73px !important;margin-left: 0px !important;border-bottom-width: 8px !important;border-bottom-color: #008bd0 !important;border-bottom-style: solid !important;}&#8221;][vc_column][rev_slider_vc alias=&#8221;slider-motores-pecas-11&#8243;][\/vc_column][\/vc_row][vc_row][vc_column width=&#8221;1\/6&#8243;][vc_custom_heading icon=&#8221;icon-agri-motores-pecas&#8221; icon_size=&#8221;40&#8243; stripe_pos=&#8221;hide&#8221; text=&#8221;Motores y Repuestos&#8221; font_container=&#8221;tag:h4|font_size:23|text_align:left&#8221; google_fonts=&#8221;font_family:Poppins%3A300%2Cregular%2C500%2C600%2C700|font_style:400%20regular%3A400%3Anormal&#8221; css=&#8221;.vc_custom_1723239279088{margin-top: 0px !important;padding-top: 0px !important;}&#8221; el_class=&#8221;iconTitle&#8221; link=&#8221;url:https%3A%2F%2Fagricortes.com%2Fes%2Fmotores-y-repuestos%2F&#8221;][vc_raw_html]JTVCYmVsbG93cyUyMGNvbmZpZ19pZCUzRCUyMm1haW4lMjIlMjBtZW51JTNEJTIyMTE5JTIyJTVE[\/vc_raw_html][\/vc_column][vc_column width=&#8221;2\/3&#8243;][vc_tta_tabs spacing=&#8221;5&#8243; active_section=&#8221;1&#8243; el_class=&#8221;theme_style&#8221;][vc_tta_section title=&#8221;KOHLER&#8221; tab_id=&#8221;motores-lombardini-kohler-rehlko&#8221;][vc_row_inner][vc_column_inner width=&#8221;2\/3&#8243;][vc_single_image image=&#8221;20620&#8243; css=&#8221;.vc_custom_1741879532533{margin-bottom: 10px !important;}&#8221;][vc_column_text css=&#8221;.vc_custom_1735768608070{margin-bottom: 30px !important;}&#8221;]<a href=\"http:\/\/www.kohlerpower.it\" target=\"_blank\" rel=\"noopener\">kohlerpower.it<\/a><\/p>\n<p>Visita nuestra tienda online: <a href=\"https:\/\/shop.agricortes.com\" target=\"_blank\" rel=\"noopener\">shop.agricortes.com<\/a>[\/vc_column_text][vc_custom_heading text=&#8221;KOHLER&#8221; font_container=&#8221;tag:h1|text_align:left&#8221; google_fonts=&#8221;font_family:Poppins%3A300%2Cregular%2C500%2C600%2C700|font_style:400%20regular%3A400%3Anormal&#8221;][vc_column_text]<strong>En energ\u00eda. Desde 1920<\/strong><\/p>\n<p>Fundada en 1873, Kohler es una de las empresas privadas m\u00e1s antiguas y m\u00e1s grandes de los Estados Unidos, que se dedica a la fabricaci\u00f3n de motores a gasolina. Lombardini fue creada en 1933 proyectada para motores diesel. En 2007 se unen dando origen al que es hoy un grande grupo fabricante de motores. Las palabras clave del grupo son la innovaci\u00f3n, versatilidad y flexibilidad, las cuales seguir\u00e1n en el coraz\u00f3n de nuevos y futuros logros.<\/p>\n<p>Desde 1986 que AGRICORTES es importadora y distribuidora autorizada para Portugal de recambios y motores originales LOMBARDINI, prestando todo el servicio necesario de entrega de recambios originales, reparaciones de motores, tratamiento de garant\u00edas y formaci\u00f3n t\u00e9cnica. Desde la adquisici\u00f3n por KOHLER que AGRICORTES representa el grupo en Portugal.[\/vc_column_text][\/vc_column_inner][vc_column_inner width=&#8221;1\/3&#8243;][vc_single_image image=&#8221;10477&#8243; img_size=&#8221;full&#8221; onclick=&#8221;link_image&#8221;][vc_column_text]<iframe title=\"YouTube video player\" src=\"https:\/\/www.youtube.com\/embed\/mMK6W4CtV6E\" width=\"100%\" height=\"auto\" frameborder=\"0\" allowfullscreen=\"allowfullscreen\"><\/iframe>[\/vc_column_text][\/vc_column_inner][\/vc_row_inner][\/vc_tta_section][vc_tta_section title=&#8221;MOTORES GASOLINA&#8221; tab_id=&#8221;motores-gasolina-lombardini-kohler-rehlko&#8221;][vc_row_inner][vc_column_inner width=&#8221;2\/3&#8243;][vc_single_image image=&#8221;20620&#8243; css=&#8221;.vc_custom_1741879556131{margin-bottom: 10px !important;}&#8221;][vc_column_text css=&#8221;.vc_custom_1735768608070{margin-bottom: 30px !important;}&#8221;]<a href=\"http:\/\/www.kohlerpower.it\" target=\"_blank\" rel=\"noopener\">kohlerpower.it<\/a><\/p>\n<p>Visita nuestra tienda online: <a href=\"https:\/\/shop.agricortes.com\" target=\"_blank\" rel=\"noopener\">shop.agricortes.com<\/a>[\/vc_column_text][vc_custom_heading text=&#8221;MOTORES GASOLINA&#8221; font_container=&#8221;tag:h1|text_align:left&#8221; google_fonts=&#8221;font_family:Poppins%3A300%2Cregular%2C500%2C600%2C700|font_style:400%20regular%3A400%3Anormal&#8221;][vc_column_text]Para todas las necesidades del\u00a0<strong>Post-venta<\/strong> disponibilizamos una plataforma inovadora web para ser usada en todo el tipo de ecrans fijos o m\u00f3viles, en \u00a0<a href=\"http:\/\/www.kohlerplus.com\/\" target=\"_blank\" rel=\"noopener\">kohlerplus.com<\/a><\/p>\n<p>Consulta de<\/p>\n<ul>\n<li>Especificaciones de los motores en\u00a0<a href=\"https:\/\/kohlerpower.com\/en\/engines\/engines\">kohlerpower.com\/en\/engines\/engines<\/a><\/li>\n<li>Manuales de Uso y Mantenimento \/\u00a0Taller\u00a0en <a href=\"https:\/\/kohlerpower.com\/en\/engines\/manuals\">kohlerpower.com\/en\/engines\/manuals<\/a><\/li>\n<\/ul>\n<p>&nbsp;<\/p>\n<p>Series de\u00a0<strong>motores nuevos\u00a0<\/strong>de la fase V,\u00a0refrigerados por aire:<\/p>\n<ul>\n<li><strong>HD<\/strong>\u00a0vertical<em>\u00a0<\/em>de 149 cc e 173 cc<\/li>\n<li><strong>SH<\/strong>\u00a0horizontal<em>\u00a0<\/em>de 5,5 e 6,5 Cv<\/li>\n<li><strong>Command PRO CV<\/strong><em>\u00a0<\/em>vertical\u00a0de 20,5 Cv<\/li>\n<li><strong>Command PRO CH<\/strong><em>\u00a0<\/em>horizontal\u00a0de 4,5 a 23,5 Cv<\/li>\n<li><strong>Confidant EFI<\/strong><em>\u00a0<\/em>de 20 a 27 Cv<\/li>\n<li><strong>Command PRO\u00a0EFI<\/strong><em>\u00a0<\/em>de 14 a 38 Cv<\/li>\n<li><strong>5400<\/strong>\u00a0de 17 a 19,5 Cv<\/li>\n<li><strong>7000<\/strong>\u00a0de 22 a 25 Cv<\/li>\n<li><strong>7500<\/strong>\u00a0de 25 e 27 Cv<\/li>\n<\/ul>\n<p>[\/vc_column_text][\/vc_column_inner][vc_column_inner width=&#8221;1\/3&#8243;][vc_media_grid style=&#8221;lazy&#8221; element_width=&#8221;6&#8243; gap=&#8221;10&#8243; grid_id=&#8221;vc_gid:1741879502329-ab9cf159fc1f2a5314a9598200157c34-6&#8243; el_class=&#8221;imageGalleryMargin&#8221; include=&#8221;10489,10486,10483,10480&#8243;][vc_column_text]<iframe title=\"YouTube video player\" src=\"https:\/\/www.youtube.com\/embed\/8LjTamkhHBs\" width=\"100%\" height=\"auto\" frameborder=\"0\" allowfullscreen=\"allowfullscreen\"><\/iframe>[\/vc_column_text][vc_column_text]<iframe title=\"YouTube video player\" src=\"https:\/\/www.youtube.com\/embed\/WAbNUOwtpVg\" width=\"100%\" height=\"auto\" frameborder=\"0\" allowfullscreen=\"allowfullscreen\"><\/iframe>[\/vc_column_text][\/vc_column_inner][\/vc_row_inner][\/vc_tta_section][vc_tta_section title=&#8221;MOTORES DIESEL&#8221; tab_id=&#8221;motores-diesel-lombardini-kohler-rehlko&#8221;][vc_row_inner][vc_column_inner width=&#8221;2\/3&#8243;][vc_single_image image=&#8221;20620&#8243; css=&#8221;.vc_custom_1741879575185{margin-bottom: 10px !important;}&#8221;][vc_column_text css=&#8221;.vc_custom_1735768608070{margin-bottom: 30px !important;}&#8221;]<a href=\"http:\/\/www.kohlerpower.it\" target=\"_blank\" rel=\"noopener\">kohlerpower.it<\/a><\/p>\n<p>Visita nuestra tienda online: <a href=\"https:\/\/shop.agricortes.com\" target=\"_blank\" rel=\"noopener\">shop.agricortes.com<\/a>[\/vc_column_text][vc_custom_heading text=&#8221;MOTORES DIESEL&#8221; font_container=&#8221;tag:h1|text_align:left&#8221; google_fonts=&#8221;font_family:Poppins%3A300%2Cregular%2C500%2C600%2C700|font_style:400%20regular%3A400%3Anormal&#8221;][vc_column_text]Para todas las necesidades del\u00a0<strong>Post-venta<\/strong> disponibilizamos una plataforma inovadora web iService,\u00a0para ser usada en todo el tipo de ecrans fijos o m\u00f3viles, en\u00a0<a href=\"https:\/\/iservice.lombardini.it\/\" target=\"_blank\" rel=\"noopener\">iservice.lombardini.it\/<\/a><\/p>\n<p>ENTER AS GUEST, consulta de<\/p>\n<ul>\n<li>Especificaciones de los motores<\/li>\n<li>Busca por n\u00ba de chasis<\/li>\n<li>Manuales de Uso y Mantenimento<\/li>\n<li>Manual de Taller<\/li>\n<\/ul>\n<p>Series de\u00a0<strong>motores nuevos<\/strong>\u00a0diesel fase V, a partir de 01-01-2019.<\/p>\n<p>1. Modelos refrigerados por aire, para m\u00e1quinas de peque\u00f1a potencia y motobombas:<\/p>\n<ul>\n<li><strong>KD15-350\u00a0\u00a0<\/strong>= Lombardini 15LD350, 1 cilindro, 7,4 Cv, 16 Nm@2500 rpm<\/li>\n<li><strong>KD15-440\u00a0\u00a0<\/strong>= Lombardini 15LD400, 1 cilindro, 10,1 Cv, 24,5\u00a0Nm@2200 rpm<\/li>\n<\/ul>\n<p>2. Modelos refrigerados por agua, aspiraci\u00f3n natural, para m\u00e1quinas industriales:<\/p>\n<ul>\n<li><strong>KDW 702\u00a0<\/strong>= Lombardini LDW 702,\u00a02 cilindros,\u00a015,5 Cv, 35\u00a0Nm@2600 rpm<\/li>\n<li><strong>KDW 1003\u00a0<\/strong>= Lombardini LDW 1003, 3 cilindros,\u00a025,2 Cv, 63\u00a0Nm@2300 rpm<\/li>\n<li><strong>KDW 1404\u00a0<\/strong>= Lombardini LDW 1404,\u00a04 cilindros, 25,2 Cv, 78\u00a0Nm@2000 rpm<\/li>\n<li><strong>KDW 1603\u00a0<\/strong>= Lombardini LDW 1603, 4 cilindros, 25,2 Cv, 100\u00a0Nm@1600 rpm<\/li>\n<\/ul>\n<p>3. Modelos de tecnolog\u00eda Common Rail, filtro de part\u00edculas, aspiraci\u00f3n turbo, refrigerados por agua, en la m\u00e9dias potencias:<\/p>\n<ul>\n<li><strong>KDI 1903\u00a0<\/strong>TCR,\u00a03 cilindros,\u00a056 Cv, 225\u00a0Nm@1500 rpm<\/li>\n<li><strong>KDI 2504\u00a0<\/strong>TCR, 4 cilindros, 74 Cv, 315 Nm@1500 rpm<\/li>\n<li><strong>KDI 3404\u00a0<\/strong>TCR,\u00a04 cilindros, 74 Cv, 380 Nm@1400 rpm<\/li>\n<li><strong>KDI 3404\u00a0<\/strong>TCR-SCR, 4 cilindros, 134-141 Cv, 500 Nm@1400 rpm<\/li>\n<\/ul>\n<p>Observaci\u00f3n: Para fuera de la Uni\u00f3n Europea es posible suministrar otros modelos diesel.[\/vc_column_text][\/vc_column_inner][vc_column_inner width=&#8221;1\/3&#8243;][vc_custom_heading icon=&#8221;icon-agri-motores-pecas&#8221; icon_size=&#8221;40&#8243; stripe_pos=&#8221;hide&#8221; text=&#8221;Cat\u00e1logos&#8221; font_container=&#8221;tag:h4|font_size:23|text_align:left&#8221; google_fonts=&#8221;font_family:Poppins%3A300%2Cregular%2C500%2C600%2C700|font_style:400%20regular%3A400%3Anormal&#8221; css=&#8221;.vc_custom_1723239467185{margin-top: 0px !important;padding-top: 0px !important;}&#8221; el_class=&#8221;iconTitle&#8221;][vc_column_text el_class=&#8221;Download_Files_List&#8221;]<a title=\"CATALOGO KOHLER KDI 31-55KW\" href=\"\/wp-content\/uploads\/2019\/09\/Catalogo_Kohler_KDI_31-55kW.pdf\" download=\"\">CATALOGO KOHLER KDI 31-55KW<\/a><\/p>\n<p><a title=\"CATALOGO KOHLER KDI 55-105KW\" href=\"\/wp-content\/uploads\/2019\/09\/Catalogo_Kohler_KDI_55-105kW.pdf\" download=\"\">CATALOGO KOHLER KDI 55-105KW<\/a><\/p>\n<p><a title=\"CATALOGO KOHLER LIQUID COOLED 11 47KW\" href=\"\/wp-content\/uploads\/2019\/09\/Catalogo_Kohler_liquid_cooled_11_47kW.pdf\" download=\"\">CATALOGO KOHLER LIQUID COOLED 11 47KW<\/a><\/p>\n<p><a title=\"CATALOGO KOHLER AIR COOLED 12 26KW\" href=\"\/wp-content\/uploads\/2019\/09\/Catalogo_Kohler_air_cooled_12_26kW.pdf\" download=\"\">CATALOGO KOHLER AIR COOLED 12 26KW<\/a><\/p>\n<p><a title=\"CATALOGO KOHLER AIR COOLED 2.2 8.8kW\" href=\"\/wp-content\/uploads\/2019\/09\/Catalogo_Kohler_air_cooled_2.2_8.8kW.pdf\" download=\"\">CATALOGO KOHLER AIR COOLED 2.2 8.8kW<\/a>[\/vc_column_text][vc_media_grid style=&#8221;lazy&#8221; element_width=&#8221;6&#8243; gap=&#8221;10&#8243; grid_id=&#8221;vc_gid:1741879502468-9751b2960b95e806cbd574574f5ac70f-8&#8243; el_class=&#8221;imageGalleryMargin&#8221; include=&#8221;10502,10499,10496,10493&#8243;][vc_column_text]<iframe title=\"YouTube video player\" src=\"https:\/\/www.youtube.com\/embed\/fBQqRN1l-OU\" width=\"263\" height=\"150\" frameborder=\"0\" allowfullscreen=\"allowfullscreen\"><\/iframe>[\/vc_column_text][vc_column_text]<iframe title=\"YouTube video player\" src=\"https:\/\/www.youtube.com\/embed\/jN7MDv8HjDE\" width=\"263\" height=\"150\" frameborder=\"0\" allowfullscreen=\"allowfullscreen\"><\/iframe>[\/vc_column_text][vc_column_text]<iframe title=\"YouTube video player\" src=\"https:\/\/www.youtube.com\/embed\/2kiL5N8wM5Y\" width=\"263\" height=\"150\" frameborder=\"0\" allowfullscreen=\"allowfullscreen\"><\/iframe>[\/vc_column_text][\/vc_column_inner][\/vc_row_inner][\/vc_tta_section][vc_tta_section title=&#8221;MOTORES MARINOS LOMBARDINI&#8221; tab_id=&#8221;motores-marinos-lombardini-kohler-rehlko&#8221;][vc_row_inner][vc_column_inner width=&#8221;2\/3&#8243;][vc_single_image image=&#8221;20623&#8243; img_size=&#8221;medium&#8221; css=&#8221;.vc_custom_1741879592902{margin-bottom: 10px !important;}&#8221;][vc_column_text css=&#8221;.vc_custom_1723239382550{margin-bottom: 0px !important;}&#8221;]<a href=\"http:\/\/www.lombardinimarine.it\" target=\"_blank\" rel=\"noopener\">lombardinimarine.it<\/a>[\/vc_column_text][vc_column_text css=&#8221;.vc_custom_1735768608070{margin-bottom: 30px !important;}&#8221;]<a href=\"http:\/\/www.kohlerpower.it\" target=\"_blank\" rel=\"noopener\">kohlerpower.it<\/a><\/p>\n<p>Visita nuestra tienda online: <a href=\"https:\/\/shop.agricortes.com\" target=\"_blank\" rel=\"noopener\">shop.agricortes.com<\/a>[\/vc_column_text][vc_custom_heading text=&#8221;MOTORES MARINOS LOMBARDINI&#8221; font_container=&#8221;tag:h1|text_align:left&#8221; google_fonts=&#8221;font_family:Poppins%3A300%2Cregular%2C500%2C600%2C700|font_style:400%20regular%3A400%3Anormal&#8221;][vc_column_text]Para todas las necesidades del\u00a0<strong>Post-venta<\/strong> disponibilizamos una plataforma inovadora web iService,\u00a0para ser usada en todo el tipo de ecrans fijos o m\u00f3viles, en\u00a0<a href=\"https:\/\/iservice.lombardini.it\/\" target=\"_blank\" rel=\"noopener\">iservice.lombardini.it\/<\/a><\/p>\n<p>ENTER AS GUEST, consulta de<\/p>\n<ul>\n<li>Especificaciones de los motores<\/li>\n<li>Busca por n\u00ba de chasis<\/li>\n<li>Manuales de Uso y Mantenimento<\/li>\n<li>Manual de Taller<\/li>\n<\/ul>\n<p>&nbsp;<\/p>\n<p>La gama de\u00a0<strong>motores nuevos<\/strong>\u00a0Lombardini Marine \u2013 Kohler Engines\u00a0incluye:<\/p>\n<ul>\n<li>Motores marinos de propulsi\u00f3n instalados a bordo\u00a0<strong>LDW M<\/strong>\u00a0y\u00a0<strong>KDI M<\/strong><\/li>\n<li>Motores marinos\u00a0de propulsi\u00f3n fuera borda\u00a0<strong>LDW SD<\/strong><\/li>\n<li>Motores para generadores\u00a0<strong>LDW MG<\/strong><\/li>\n<li>Generadores marinos insonorizados\u00a0<strong>LMG<\/strong><\/li>\n<\/ul>\n<p>La nueva generaci\u00f3n de modelos KDI &#8211; Kohler de inyecci\u00f3n directa, el\u00a0KDI2504M-MP (50Cv@2600rpm) y el\u00a0KDI1903M-MP (40.8Cv@2600rpm) de\u00a0alta potencia a bajas revoluciones asegura alta velocidad de crucero a 1800 rpm, reduciendo las vibraciones, el ruido y mejorando el confort.Gracias al alto par, el m\u00e1s alto dentro de la categor\u00eda, estos motores ofrecen una respuesta inmediata en funcionamiento y permiten la instalaci\u00f3n de alternadores potentes y bombas hidr\u00e1ulicas.\u00a0Por otro lado, los consumos reducidos y la alta fiabilidad hacen del KDI el nuevo motor de referencia en esta categor\u00eda.[\/vc_column_text][\/vc_column_inner][vc_column_inner width=&#8221;1\/3&#8243;][vc_custom_heading icon=&#8221;icon-agri-motores-pecas&#8221; icon_size=&#8221;40&#8243; stripe_pos=&#8221;hide&#8221; text=&#8221;Cat\u00e1logos&#8221; font_container=&#8221;tag:h4|font_size:23|text_align:left&#8221; google_fonts=&#8221;font_family:Poppins%3A300%2Cregular%2C500%2C600%2C700|font_style:400%20regular%3A400%3Anormal&#8221; css=&#8221;.vc_custom_1723239467185{margin-top: 0px !important;padding-top: 0px !important;}&#8221; el_class=&#8221;iconTitle&#8221;][vc_column_text el_class=&#8221;Download_Files_List&#8221;]<a title=\"CATALOGO LOMBARDINI MARINE KDI\" href=\"\/wp-content\/uploads\/2019\/09\/Catalogo_Lombardini_Marine_KDI.pdf\" download=\"\">CATALOGO LOMBARDINI MARINE KDI<\/a>[\/vc_column_text][vc_media_grid style=&#8221;lazy&#8221; element_width=&#8221;6&#8243; gap=&#8221;10&#8243; grid_id=&#8221;vc_gid:1741879502653-5ef77048365caf0b667752c11e31f221-0&#8243; el_class=&#8221;imageGalleryMargin&#8221; include=&#8221;10514,10511,10508,10505&#8243;][vc_column_text]<iframe title=\"YouTube video player\" src=\"https:\/\/www.youtube.com\/embed\/7U6cmG10hFA\" width=\"263\" height=\"150\" frameborder=\"0\" allowfullscreen=\"allowfullscreen\"><\/iframe>[\/vc_column_text][vc_column_text]<iframe title=\"YouTube video player\" src=\"https:\/\/www.youtube.com\/embed\/SeoulRDSLSQ\" width=\"263\" height=\"150\" frameborder=\"0\" allowfullscreen=\"allowfullscreen\"><\/iframe>[\/vc_column_text][\/vc_column_inner][\/vc_row_inner][\/vc_tta_section][vc_tta_section title=&#8221;MOTORES PARA GENERADORES&#8221; tab_id=&#8221;motores-generadores-lombardini-kohler-rehlko&#8221;][vc_row_inner][vc_column_inner width=&#8221;2\/3&#8243;][vc_single_image image=&#8221;20620&#8243; css=&#8221;.vc_custom_1741879614319{margin-bottom: 10px !important;}&#8221;][vc_column_text css=&#8221;.vc_custom_1735768608070{margin-bottom: 30px !important;}&#8221;]<a href=\"http:\/\/www.kohlerpower.it\" target=\"_blank\" rel=\"noopener\">kohlerpower.it<\/a><\/p>\n<p>Visita nuestra tienda online: <a href=\"https:\/\/shop.agricortes.com\" target=\"_blank\" rel=\"noopener\">shop.agricortes.com<\/a>[\/vc_column_text][vc_custom_heading text=&#8221;MOTORES PARA GENERADORES&#8221; font_container=&#8221;tag:h1|text_align:left&#8221; google_fonts=&#8221;font_family:Poppins%3A300%2Cregular%2C500%2C600%2C700|font_style:400%20regular%3A400%3Anormal&#8221;][vc_column_text]La respuesta energ\u00e9tica\u00a0para todas las potencias y todas las aplicaciones.<\/p>\n<p>Nesta clase distingue-se la producci\u00f3n de la Lombardini Marine \u2013 Kohler:<\/p>\n<ul>\n<li>Motores para generadores mar\u00edtimos<strong>\u00a0LDW MG<\/strong><\/li>\n<li>Generadores mar\u00edtimos insonorizados<strong>\u00a0LMG<\/strong><\/li>\n<\/ul>\n<p>Y toda la serie industrial de motores diesel Kohler\u00a0<strong>KDW<\/strong>\u00a0y\u00a0<strong>KDI\u00a0<\/strong>refrigerados por agua, de frequencia y pot\u00e9ncias:<\/p>\n<ul>\n<li>50Hz a 1500 rpm e 3000 rpm de 8 a 30 Hp fase V<\/li>\n<li>60 Hz a 1800 rpm e 3600 rpm. de 8 a 75 Hp fase Tier 4F<\/li>\n<\/ul>\n<p>Alta densidad de potencia &#8211;\u00a0Bajo consumo de combustible &#8211;\u00a0Intervalo m\u00ednimo de cambio de aceite de 500 horas &#8211;\u00a0Respetuoso al ambiente &#8211;\u00a0Alta comodidad (baja vibraci\u00f3n y ruido) &#8211;\u00a0Alta fiabilidad<\/p>\n<p>Observaci\u00f3n: Para fuera de la Uni\u00f3n Europea es posible suministrar otros modelos diesel.[\/vc_column_text][\/vc_column_inner][vc_column_inner width=&#8221;1\/3&#8243;][vc_custom_heading icon=&#8221;icon-agri-motores-pecas&#8221; icon_size=&#8221;40&#8243; stripe_pos=&#8221;hide&#8221; text=&#8221;Cat\u00e1logos&#8221; font_container=&#8221;tag:h4|font_size:23|text_align:left&#8221; google_fonts=&#8221;font_family:Poppins%3A300%2Cregular%2C500%2C600%2C700|font_style:400%20regular%3A400%3Anormal&#8221; css=&#8221;.vc_custom_1723239467185{margin-top: 0px !important;padding-top: 0px !important;}&#8221; el_class=&#8221;iconTitle&#8221;][vc_column_text el_class=&#8221;Download_Files_List&#8221;]<a title=\"CATALOGO KOHLER KDI GERADORES\" href=\"\/wp-content\/uploads\/2019\/09\/Catalogo_Kohler_KDI_Geradores.pdf\" download=\"\">CATALOGO KOHLER KDI GERADORES<\/a><\/p>\n<p><a title=\"CATALOGO KOHLER GERADORES\" href=\"\/wp-content\/uploads\/2019\/09\/Catalogo_Kohler_Geradores.pdf\" download=\"\">CATALOGO KOHLER GERADORES<\/a>[\/vc_column_text][vc_media_grid style=&#8221;lazy&#8221; element_width=&#8221;6&#8243; gap=&#8221;10&#8243; grid_id=&#8221;vc_gid:1741879502790-8c12e7ca6830ee402a950750470f5549-7&#8243; el_class=&#8221;imageGalleryMargin&#8221; include=&#8221;10526,10523,10520,10517&#8243;][\/vc_column_inner][\/vc_row_inner][\/vc_tta_section][\/vc_tta_tabs][\/vc_column][vc_column width=&#8221;1\/6&#8243;][vc_custom_heading icon=&#8221;stm-email2&#8243; icon_size=&#8221;40&#8243; stripe_pos=&#8221;hide&#8221; text=&#8221;Contacto&#8221; font_container=&#8221;tag:h4|font_size:23|text_align:left&#8221; google_fonts=&#8221;font_family:Poppins%3A300%2Cregular%2C500%2C600%2C700|font_style:400%20regular%3A400%3Anormal&#8221; css=&#8221;.vc_custom_1723239313002{margin-top: 0px !important;padding-top: 0px !important;}&#8221; el_class=&#8221;iconTitle&#8221;]\n<div class=\"wpcf7 no-js\" id=\"wpcf7-f12358-o1\" lang=\"es-ES\" dir=\"ltr\" data-wpcf7-id=\"12358\">\n<div class=\"screen-reader-response\"><p role=\"status\" aria-live=\"polite\" aria-atomic=\"true\"><\/p> <ul><\/ul><\/div>\n<form action=\"\/es\/wp-json\/wp\/v2\/pages\/12098#wpcf7-f12358-o1\" method=\"post\" class=\"wpcf7-form init\" aria-label=\"Formulario de contacto\" novalidate=\"novalidate\" data-status=\"init\">\n<div style=\"display: none;\">\n<input type=\"hidden\" name=\"_wpcf7\" value=\"12358\" \/>\n<input type=\"hidden\" name=\"_wpcf7_version\" value=\"6.0.6\" \/>\n<input type=\"hidden\" name=\"_wpcf7_locale\" value=\"es_ES\" \/>\n<input type=\"hidden\" name=\"_wpcf7_unit_tag\" value=\"wpcf7-f12358-o1\" \/>\n<input type=\"hidden\" name=\"_wpcf7_container_post\" value=\"0\" \/>\n<input type=\"hidden\" name=\"_wpcf7_posted_data_hash\" value=\"\" \/>\n<input type=\"hidden\" name=\"_wpcf7_recaptcha_response\" value=\"\" \/>\n<\/div>\n<div class=\"request_callback\">\n        <div class=\"input-group\">\n            <span class=\"wpcf7-form-control-wrap\" data-name=\"your-subject\"><input size=\"40\" maxlength=\"400\" class=\"wpcf7-form-control wpcf7-text wpcf7-validates-as-required\" aria-required=\"true\" aria-invalid=\"false\" placeholder=\"Sujeto *\" value=\"\" type=\"text\" name=\"your-subject\" \/><\/span>\n        <div class=\"input-group\">\n            <span class=\"wpcf7-form-control-wrap\" data-name=\"your-message\"><textarea cols=\"40\" rows=\"10\" maxlength=\"2000\" class=\"wpcf7-form-control wpcf7-textarea wpcf7-validates-as-required height100\" aria-required=\"true\" aria-invalid=\"false\" placeholder=\"Mensaje *\" name=\"your-message\"><\/textarea><\/span>\n        <div class=\"input-group\">\n            <span class=\"wpcf7-form-control-wrap\" data-name=\"your-company\"><input size=\"40\" maxlength=\"400\" class=\"wpcf7-form-control wpcf7-text\" aria-invalid=\"false\" placeholder=\"Empresa\" value=\"\" type=\"text\" name=\"your-company\" \/><\/span>      \n        <div class=\"input-group\">\n            <span class=\"wpcf7-form-control-wrap\" data-name=\"your-name\"><input size=\"40\" maxlength=\"400\" class=\"wpcf7-form-control wpcf7-text wpcf7-validates-as-required\" aria-required=\"true\" aria-invalid=\"false\" placeholder=\"Nombre *\" value=\"\" type=\"text\" name=\"your-name\" \/><\/span>\n        <div class=\"input-group\">\n            <span class=\"wpcf7-form-control-wrap\" data-name=\"your-loc\"><input size=\"40\" maxlength=\"400\" class=\"wpcf7-form-control wpcf7-text wpcf7-validates-as-required\" aria-required=\"true\" aria-invalid=\"false\" placeholder=\"Localidad *\" value=\"\" type=\"text\" name=\"your-loc\" \/><\/span>\n        <div class=\"input-group\">\n            <span class=\"wpcf7-form-control-wrap\" data-name=\"your-tel\"><input size=\"40\" maxlength=\"400\" class=\"wpcf7-form-control wpcf7-tel wpcf7-validates-as-required wpcf7-text wpcf7-validates-as-tel\" aria-required=\"true\" aria-invalid=\"false\" placeholder=\"Contacto *\" value=\"\" type=\"tel\" name=\"your-tel\" \/><\/span>       \n        <div class=\"input-group\">\n            <span class=\"wpcf7-form-control-wrap\" data-name=\"your-email\"><input size=\"40\" maxlength=\"400\" class=\"wpcf7-form-control wpcf7-email wpcf7-validates-as-required wpcf7-text wpcf7-validates-as-email\" aria-required=\"true\" aria-invalid=\"false\" placeholder=\"E-mail *\" value=\"\" type=\"email\" name=\"your-email\" \/><\/span>      \n        <\/div>\n        <div class=\"input-group\">\n            <button type=\"submit\" class=\"button size-lg icon_right\">Enviar<i class=\"fa fa-chevron-right\"><\/i><\/button>\n        <\/div>\n<\/div><div class=\"wpcf7-response-output\" aria-hidden=\"true\"><\/div>\n<\/form>\n<\/div>\n[\/vc_column][\/vc_row]<\/p>\n<\/section>","protected":false},"excerpt":{"rendered":"<p>[vc_row full_width=&#8221;stretch_row_content_no_spaces&#8221; css=&#8221;.vc_custom_1654162973139{margin-top: 0px !important;margin-right: 0px !important;margin-bottom: 73px !important;margin-left: 0px !important;border-bottom-width: 8px !important;border-bottom-color: #008bd0 !important;border-bottom-style: solid !important;}&#8221;][vc_column][rev_slider_vc alias=&#8221;slider-motores-pecas-11&#8243;][\/vc_column][\/vc_row][vc_row][vc_column width=&#8221;1\/6&#8243;][vc_custom_heading icon=&#8221;icon-agri-motores-pecas&#8221; icon_size=&#8221;40&#8243; stripe_pos=&#8221;hide&#8221; text=&#8221;Motores y Repuestos&#8221; font_container=&#8221;tag:h4|font_size:23|text_align:left&#8221; google_fonts=&#8221;font_family:Poppins%3A300%2Cregular%2C500%2C600%2C700|font_style:400%20regular%3A400%3Anormal&#8221; css=&#8221;.vc_custom_1723239279088{margin-top: 0px !important;padding-top: 0px !important;}&#8221; el_class=&#8221;iconTitle&#8221; link=&#8221;url:https%3A%2F%2Fagricortes.com%2Fes%2Fmotores-y-repuestos%2F&#8221;][vc_raw_html]JTVCYmVsbG93cyUyMGNvbmZpZ19pZCUzRCUyMm1haW4lMjIlMjBtZW51JTNEJTIyMTE5JTIyJTVE[\/vc_raw_html][\/vc_column][vc_column width=&#8221;2\/3&#8243;][vc_tta_tabs spacing=&#8221;5&#8243; active_section=&#8221;1&#8243; el_class=&#8221;theme_style&#8221;][vc_tta_section title=&#8221;KOHLER&#8221; tab_id=&#8221;motores-lombardini-kohler-rehlko&#8221;][vc_row_inner][vc_column_inner width=&#8221;2\/3&#8243;][vc_single_image image=&#8221;20620&#8243; css=&#8221;.vc_custom_1741879532533{margin-bottom: 10px !important;}&#8221;][vc_column_text css=&#8221;.vc_custom_1735768608070{margin-bottom: 30px !important;}&#8221;]kohlerpower.it Visita nuestra tienda online: shop.agricortes.com[\/vc_column_text][vc_custom_heading text=&#8221;KOHLER&#8221; font_container=&#8221;tag:h1|text_align:left&#8221;<\/p>\n","protected":false},"author":2,"featured_media":0,"parent":0,"menu_order":0,"comment_status":"closed","ping_status":"closed","template":"","meta":{"footnotes":""},"class_list":["post-12098","page","type-page","status-publish","hentry"],"aioseo_notices":[],"_links":{"self":[{"href":"https:\/\/agricortes.com\/es\/wp-json\/wp\/v2\/pages\/12098","targetHints":{"allow":["GET"]}}],"collection":[{"href":"https:\/\/agricortes.com\/es\/wp-json\/wp\/v2\/pages"}],"about":[{"href":"https:\/\/agricortes.com\/es\/wp-json\/wp\/v2\/types\/page"}],"author":[{"embeddable":true,"href":"https:\/\/agricortes.com\/es\/wp-json\/wp\/v2\/users\/2"}],"replies":[{"embeddable":true,"href":"https:\/\/agricortes.com\/es\/wp-json\/wp\/v2\/comments?post=12098"}],"version-history":[{"count":13,"href":"https:\/\/agricortes.com\/es\/wp-json\/wp\/v2\/pages\/12098\/revisions"}],"predecessor-version":[{"id":20644,"href":"https:\/\/agricortes.com\/es\/wp-json\/wp\/v2\/pages\/12098\/revisions\/20644"}],"wp:attachment":[{"href":"https:\/\/agricortes.com\/es\/wp-json\/wp\/v2\/media?parent=12098"}],"curies":[{"name":"wp","href":"https:\/\/api.w.org\/{rel}","templated":true}]}}