{"id":12218,"date":"2022-05-23T14:05:23","date_gmt":"2022-05-23T14:05:23","guid":{"rendered":"https:\/\/agricortes.com\/servicos\/"},"modified":"2025-02-14T13:13:44","modified_gmt":"2025-02-14T13:13:44","slug":"servicios","status":"publish","type":"page","link":"https:\/\/agricortes.com\/es\/servicios\/","title":{"rendered":"Servicios"},"content":{"rendered":"<section class=\"wpb-content-wrapper\"><p>[vc_row full_width=&#8221;stretch_row_content_no_spaces&#8221; css=&#8221;.vc_custom_1656348102415{margin-top: 0px !important;margin-right: 0px !important;margin-bottom: 73px !important;margin-left: 0px !important;border-bottom-width: 0px !important;border-bottom-color: #d80d1b !important;border-bottom-style: solid !important;}&#8221;][vc_column][rev_slider_vc alias=&#8221;slider-empresa-es-1&#8243;][\/vc_column][\/vc_row][vc_row][vc_column][vc_tta_tabs spacing=&#8221;5&#8243; active_section=&#8221;1&#8243; el_class=&#8221;theme_style&#8221;][vc_tta_section title=&#8221;Asistencia T\u00e9cnica&#8221; tab_id=&#8221;asistencia-tecnica&#8221;][stm_spacing lg_spacing=&#8221;40&#8243; md_spacing=&#8221;35&#8243; sm_spacing=&#8221;30&#8243; xs_spacing=&#8221;30&#8243;][vc_column_text]La red de Concesionarios AGRICORTES garante la Asistencia T\u00e9cnica y Mantenimiento Total de su equipo. Los conocimientos e informaci\u00f3n son transmitidos a la red de Concesionarios, por medio de formaci\u00f3n, para suporte al servicio t\u00e9cnico de asistencia.[\/vc_column_text][stm_spacing lg_spacing=&#8221;40&#8243; md_spacing=&#8221;35&#8243; sm_spacing=&#8221;30&#8243; xs_spacing=&#8221;30&#8243;][\/vc_tta_section][vc_tta_section title=&#8221;Repuestos&#8221; tab_id=&#8221;repuestos&#8221;][stm_spacing lg_spacing=&#8221;40&#8243; md_spacing=&#8221;35&#8243; sm_spacing=&#8221;30&#8243; xs_spacing=&#8221;30&#8243;][vc_column_text css=&#8221;.vc_custom_1739538808869{margin-bottom: 0px !important;}&#8221;]Utilizando repuestos de origen, la vida \u00fatil de su equipo es maximizada.<\/p>\n<p><strong>Nuestra Central de Repuestos tiene experiencia y es diligentes en el suministro de repuestos de origen, garantizando plazos de entrega en su concesionario o taller usual, hasta las 12 h del d\u00eda siguiente.\u00a0<\/strong><\/p>\n<p>Visita tambi\u00e9n nuestra tienda online para algunas marcas: <a href=\"https:\/\/shop.agricortes.com\" target=\"_blank\" rel=\"noopener\">shop.agricortes.com<\/a>[\/vc_column_text][stm_spacing lg_spacing=&#8221;40&#8243; md_spacing=&#8221;35&#8243; sm_spacing=&#8221;30&#8243; xs_spacing=&#8221;30&#8243;][\/vc_tta_section][vc_tta_section title=&#8221;Documentaci\u00f3n T\u00e9cnica&#8221; tab_id=&#8221;documentacion-tecnica&#8221;][stm_spacing lg_spacing=&#8221;40&#8243; md_spacing=&#8221;35&#8243; sm_spacing=&#8221;30&#8243; xs_spacing=&#8221;30&#8243;][vc_column_text]Para que pueda conocer los equipos AGRICORTES disponemos de manuales de uso en espa\u00f1ol que deben ser le\u00eddos muy atentamente. La documentaci\u00f3n t\u00e9cnica dada al Concesionario, de actualizaci\u00f3n o lanzamiento de productos y constituida por litograf\u00eda impresa o electr\u00f3nica, acompa\u00f1a la innovaci\u00f3n, sea de los productos sea de los procesos de suporte t\u00e9cnico. Se detectar que no tiene la documentaci\u00f3n t\u00e9cnica que necesita, cont\u00e1ctenos para el efecto.[\/vc_column_text][stm_spacing lg_spacing=&#8221;40&#8243; md_spacing=&#8221;35&#8243; sm_spacing=&#8221;30&#8243; xs_spacing=&#8221;30&#8243;][\/vc_tta_section][vc_tta_section title=&#8221;Registro Online&#8221; tab_id=&#8221;registro-online-garantia&#8221;][stm_spacing lg_spacing=&#8221;40&#8243; md_spacing=&#8221;35&#8243; sm_spacing=&#8221;30&#8243; xs_spacing=&#8221;30&#8243;][vc_column_text]Este servicio permite al cliente quedarse registrado en el CRM de AGRICORTES, para su beneficio en los Servicios T\u00e9cnicos y Comerciales.[\/vc_column_text]<div class=\"wpforms-container wpforms-container-full\" id=\"wpforms-12405\"><form id=\"wpforms-form-12405\" class=\"wpforms-validate wpforms-form wpforms-ajax-form\" data-formid=\"12405\" method=\"post\" enctype=\"multipart\/form-data\" action=\"\/es\/wp-json\/wp\/v2\/pages\/12218\" data-token=\"7117072188d8b203d5b7168d6b8df784\" data-token-time=\"1776129436\"><noscript class=\"wpforms-error-noscript\">Por favor, activa JavaScript en tu navegador para completar este formulario.<\/noscript><div class=\"wpforms-field-container\"><div id=\"wpforms-12405-field_9-container\" class=\"wpforms-field wpforms-field-text wpforms-one-fourth wpforms-first\" data-field-id=\"9\"><label class=\"wpforms-field-label\" for=\"wpforms-12405-field_9\">Modelo <span class=\"wpforms-required-label\">*<\/span><\/label><input type=\"text\" id=\"wpforms-12405-field_9\" class=\"wpforms-field-large wpforms-field-required\" name=\"wpforms[fields][9]\" placeholder=\"Escribe el modelo\" required><\/div><div id=\"wpforms-12405-field_21-container\" class=\"wpforms-field wpforms-field-text wpforms-one-fourth\" data-field-id=\"21\"><label class=\"wpforms-field-label\" for=\"wpforms-12405-field_21\">N\u00ba Serie <span class=\"wpforms-required-label\">*<\/span><\/label><input type=\"text\" id=\"wpforms-12405-field_21\" class=\"wpforms-field-large wpforms-field-required\" name=\"wpforms[fields][21]\" placeholder=\"Escribe el n\u00famero de serie\" required><\/div><div id=\"wpforms-12405-field_22-container\" class=\"wpforms-field wpforms-field-text wpforms-one-fourth\" data-field-id=\"22\"><label class=\"wpforms-field-label\" for=\"wpforms-12405-field_22\">N\u00ba Motor<\/label><input type=\"text\" id=\"wpforms-12405-field_22\" class=\"wpforms-field-large\" name=\"wpforms[fields][22]\" placeholder=\"Escribe el  n\u00ba de motor\" ><\/div><div id=\"wpforms-12405-field_20-container\" class=\"wpforms-field wpforms-field-text wpforms-one-fourth\" data-field-id=\"20\"><label class=\"wpforms-field-label\" for=\"wpforms-12405-field_20\">Matricula <span class=\"wpforms-required-label\">*<\/span><\/label><input type=\"text\" id=\"wpforms-12405-field_20\" class=\"wpforms-field-large wpforms-field-required\" name=\"wpforms[fields][20]\" placeholder=\"Escribe la matr\u00edcula\" required><\/div><div id=\"wpforms-12405-field_14-container\" class=\"wpforms-field wpforms-field-text wpforms-one-third wpforms-first\" data-field-id=\"14\"><label class=\"wpforms-field-label\" for=\"wpforms-12405-field_14\">Empresa <span class=\"wpforms-required-label\">*<\/span><\/label><input type=\"text\" id=\"wpforms-12405-field_14\" class=\"wpforms-field-large wpforms-field-required\" name=\"wpforms[fields][14]\" placeholder=\"Escribe el nombre de la empresa\" required><\/div><div id=\"wpforms-12405-field_15-container\" class=\"wpforms-field wpforms-field-name wpforms-two-thirds wpforms-firstwpforms-two-thirds\" data-field-id=\"15\"><label class=\"wpforms-field-label\" for=\"wpforms-12405-field_15\">Nombre <span class=\"wpforms-required-label\">*<\/span><\/label><input type=\"text\" id=\"wpforms-12405-field_15\" class=\"wpforms-field-large wpforms-field-required\" name=\"wpforms[fields][15]\" placeholder=\"Escribe el nombre\" required><\/div><div id=\"wpforms-12405-field_23-container\" class=\"wpforms-field wpforms-field-text\" data-field-id=\"23\"><label class=\"wpforms-field-label\" for=\"wpforms-12405-field_23\">Direcci\u00f3n<\/label><input type=\"text\" id=\"wpforms-12405-field_23\" class=\"wpforms-field-large\" name=\"wpforms[fields][23]\" placeholder=\"Escribe la direcci\u00f3n\" ><\/div><div id=\"wpforms-12405-field_16-container\" class=\"wpforms-field wpforms-field-text wpforms-one-third wpforms-first\" data-field-id=\"16\"><label class=\"wpforms-field-label\" for=\"wpforms-12405-field_16\">C\u00f3digo Postal<\/label><input type=\"text\" id=\"wpforms-12405-field_16\" class=\"wpforms-field-large\" name=\"wpforms[fields][16]\" placeholder=\"Escribe el c\u00f3digo postal\" ><\/div><div id=\"wpforms-12405-field_33-container\" class=\"wpforms-field wpforms-field-text wpforms-two-thirds\" data-field-id=\"33\"><label class=\"wpforms-field-label\" for=\"wpforms-12405-field_33\">Poblaci\u00f3n<\/label><input type=\"text\" id=\"wpforms-12405-field_33\" class=\"wpforms-field-large\" name=\"wpforms[fields][33]\" placeholder=\"Escribe la poblaci\u00f3n\" ><\/div><div id=\"wpforms-12405-field_24-container\" class=\"wpforms-field wpforms-field-number wpforms-one-third wpforms-first\" data-field-id=\"24\"><label class=\"wpforms-field-label\" for=\"wpforms-12405-field_24\">Contacto <span class=\"wpforms-required-label\">*<\/span><\/label><input type=\"number\" id=\"wpforms-12405-field_24\" class=\"wpforms-field-large wpforms-field-required\" name=\"wpforms[fields][24]\" placeholder=\"Escribe el contacto\" step=\"any\" required><\/div><div id=\"wpforms-12405-field_25-container\" class=\"wpforms-field wpforms-field-email wpforms-one-third\" data-field-id=\"25\"><label class=\"wpforms-field-label\" for=\"wpforms-12405-field_25\">Correo electr\u00f3nico <span class=\"wpforms-required-label\">*<\/span><\/label><input type=\"email\" id=\"wpforms-12405-field_25\" class=\"wpforms-field-large wpforms-field-required\" name=\"wpforms[fields][25]\" placeholder=\"Escribe el correo electr\u00f3nico\" spellcheck=\"false\" required><\/div><div id=\"wpforms-12405-field_26-container\" class=\"wpforms-field wpforms-field-number wpforms-one-third\" data-field-id=\"26\"><label class=\"wpforms-field-label\" for=\"wpforms-12405-field_26\">NIF <span class=\"wpforms-required-label\">*<\/span><\/label><input type=\"number\" id=\"wpforms-12405-field_26\" class=\"wpforms-field-large wpforms-field-required\" name=\"wpforms[fields][26]\" placeholder=\"Escribe el NIF\" step=\"any\" required><\/div><div id=\"wpforms-12405-field_30-container\" class=\"wpforms-field wpforms-field-text wpforms-one-third wpforms-first\" data-field-id=\"30\"><label class=\"wpforms-field-label\" for=\"wpforms-12405-field_30\">Fecha de la compra <span class=\"wpforms-required-label\">*<\/span><\/label><input type=\"text\" id=\"wpforms-12405-field_30\" class=\"wpforms-field-large wpforms-field-required\" name=\"wpforms[fields][30]\" placeholder=\"Escribe la fecha de compra\" required><\/div><div id=\"wpforms-12405-field_31-container\" class=\"wpforms-field wpforms-field-text wpforms-one-third\" data-field-id=\"31\"><label class=\"wpforms-field-label\" for=\"wpforms-12405-field_31\">Fecha de entrada en servicio <span class=\"wpforms-required-label\">*<\/span><\/label><input type=\"text\" id=\"wpforms-12405-field_31\" class=\"wpforms-field-large wpforms-field-required\" name=\"wpforms[fields][31]\" placeholder=\"Escribe la fecha de entrada en servicio\" required><\/div><div id=\"wpforms-12405-field_32-container\" class=\"wpforms-field wpforms-field-text wpforms-one-third\" data-field-id=\"32\"><label class=\"wpforms-field-label\" for=\"wpforms-12405-field_32\">Concesionario <span class=\"wpforms-required-label\">*<\/span><\/label><input type=\"text\" id=\"wpforms-12405-field_32\" class=\"wpforms-field-large wpforms-field-required\" name=\"wpforms[fields][32]\" placeholder=\"Escribe el nombre de concesionario\" required><\/div><div id=\"wpforms-12405-field_34-container\" class=\"wpforms-field wpforms-field-checkbox\" data-field-id=\"34\"><ul id=\"wpforms-12405-field_34\" class=\"wpforms-field-required\"><li class=\"choice-1 depth-1\"><input type=\"checkbox\" id=\"wpforms-12405-field_34_1\" name=\"wpforms[fields][34][]\" value=\"Autorizo que los datos recogidos sean procesados por AGRICORTES con la finalidad de prestarme informaciones sobre los respectivos productos y servicios. Los datos pueden ser accedidos y corregidos por el titular seg\u00fan la Ley.\" required ><label class=\"wpforms-field-label-inline\" for=\"wpforms-12405-field_34_1\">Autorizo que los datos recogidos sean procesados por AGRICORTES con la finalidad de prestarme informaciones sobre los respectivos productos y servicios. Los datos pueden ser accedidos y corregidos por el titular seg\u00fan la Ley.<\/label><\/li><\/ul><\/div><\/div><!-- .wpforms-field-container --><div class=\"wpforms-submit-container\" ><input type=\"hidden\" name=\"wpforms[id]\" value=\"12405\"><input type=\"hidden\" name=\"page_title\" value=\"\"><input type=\"hidden\" name=\"page_url\" value=\"https:\/\/agricortes.com\/es\/wp-json\/wp\/v2\/pages\/12218\"><input type=\"hidden\" name=\"url_referer\" value=\"\"><button type=\"submit\" name=\"wpforms[submit]\" id=\"wpforms-submit-12405\" class=\"wpforms-submit button size-lg icon_right\" data-alt-text=\"A enviar...\" data-submit-text=\"Enviar certificado de garant\u00eda\" aria-live=\"assertive\" value=\"wpforms-submit\">Enviar certificado de garant\u00eda<\/button><img decoding=\"async\" src=\"https:\/\/agricortes.com\/wp-content\/plugins\/wpforms-lite\/assets\/images\/submit-spin.svg\" class=\"wpforms-submit-spinner\" style=\"display: none;\" width=\"26\" height=\"26\" alt=\"Cargando\"><\/div><\/form><\/div>  <!-- .wpforms-container -->[stm_spacing lg_spacing=&#8221;40&#8243; md_spacing=&#8221;35&#8243; sm_spacing=&#8221;30&#8243; xs_spacing=&#8221;30&#8243;][\/vc_tta_section][\/vc_tta_tabs][\/vc_column][\/vc_row]<\/p>\n<\/section>","protected":false},"excerpt":{"rendered":"<p>[vc_row full_width=&#8221;stretch_row_content_no_spaces&#8221; css=&#8221;.vc_custom_1656348102415{margin-top: 0px !important;margin-right: 0px !important;margin-bottom: 73px !important;margin-left: 0px !important;border-bottom-width: 0px !important;border-bottom-color: #d80d1b !important;border-bottom-style: solid !important;}&#8221;][vc_column][rev_slider_vc alias=&#8221;slider-empresa-es-1&#8243;][\/vc_column][\/vc_row][vc_row][vc_column][vc_tta_tabs spacing=&#8221;5&#8243; active_section=&#8221;1&#8243; el_class=&#8221;theme_style&#8221;][vc_tta_section title=&#8221;Asistencia T\u00e9cnica&#8221; tab_id=&#8221;asistencia-tecnica&#8221;][stm_spacing lg_spacing=&#8221;40&#8243; md_spacing=&#8221;35&#8243; sm_spacing=&#8221;30&#8243; xs_spacing=&#8221;30&#8243;][vc_column_text]La red de Concesionarios AGRICORTES garante la Asistencia T\u00e9cnica y Mantenimiento Total de su equipo. Los conocimientos e informaci\u00f3n son transmitidos a la red de Concesionarios, por medio<\/p>\n","protected":false},"author":1,"featured_media":0,"parent":0,"menu_order":0,"comment_status":"closed","ping_status":"closed","template":"","meta":{"footnotes":""},"class_list":["post-12218","page","type-page","status-publish","hentry"],"aioseo_notices":[],"_links":{"self":[{"href":"https:\/\/agricortes.com\/es\/wp-json\/wp\/v2\/pages\/12218","targetHints":{"allow":["GET"]}}],"collection":[{"href":"https:\/\/agricortes.com\/es\/wp-json\/wp\/v2\/pages"}],"about":[{"href":"https:\/\/agricortes.com\/es\/wp-json\/wp\/v2\/types\/page"}],"author":[{"embeddable":true,"href":"https:\/\/agricortes.com\/es\/wp-json\/wp\/v2\/users\/1"}],"replies":[{"embeddable":true,"href":"https:\/\/agricortes.com\/es\/wp-json\/wp\/v2\/comments?post=12218"}],"version-history":[{"count":20,"href":"https:\/\/agricortes.com\/es\/wp-json\/wp\/v2\/pages\/12218\/revisions"}],"predecessor-version":[{"id":20418,"href":"https:\/\/agricortes.com\/es\/wp-json\/wp\/v2\/pages\/12218\/revisions\/20418"}],"wp:attachment":[{"href":"https:\/\/agricortes.com\/es\/wp-json\/wp\/v2\/media?parent=12218"}],"curies":[{"name":"wp","href":"https:\/\/api.w.org\/{rel}","templated":true}]}}