{"id":12295,"date":"2022-05-10T08:36:36","date_gmt":"2022-05-10T08:36:36","guid":{"rendered":"https:\/\/agricortes.com\/privacy-policy-2\/"},"modified":"2022-09-30T17:31:00","modified_gmt":"2022-09-30T17:31:00","slug":"politica-de-privacidade","status":"publish","type":"page","link":"https:\/\/agricortes.com\/es\/politica-de-privacidade\/","title":{"rendered":"Pol\u00edtica de Privacidade"},"content":{"rendered":"<section class=\"wpb-content-wrapper\"><p>[vc_row][vc_column][vc_column_text]<\/p>\r\n<p>Em cumprimento com o RGPD (<strong>Regulamento Geral de Prote\u00e7\u00e3o de Dados<\/strong>), a AGRICORTES identifica os dados pessoais QUE TEMOS DE PROTEGER e para os quais s\u00e3o tomadas medidas de vigil\u00e2ncia e observ\u00e2ncia, quer nas permiss\u00f5es de acesso quer na divulga\u00e7\u00e3o. Consulte o nosso <a href=\"https:\/\/agricortes.com\/wp-content\/uploads\/2019\/09\/Politica-de-privacidade-para-web-30-09-2022.pdf\" target=\"_blank\" rel=\"noopener\">RGPD.<\/a><\/p>\r\n<p>&nbsp;<\/p>\r\n<p>O encarregado de prote\u00e7\u00e3o de dados cabe ao Gestor da TIC\u2019s da AGRICORTES, o qual responde \u00e0 conformidade com o RGPD.<\/p>\r\n<p>[\/vc_column_text][\/vc_column][\/vc_row]<\/p><\/section>","protected":false},"excerpt":{"rendered":"<p>[vc_row][vc_column][vc_column_text] Em cumprimento com o RGPD (Regulamento Geral de Prote\u00e7\u00e3o de Dados), a AGRICORTES identifica os dados pessoais QUE TEMOS DE PROTEGER e para os quais s\u00e3o tomadas medidas de vigil\u00e2ncia e observ\u00e2ncia, quer nas permiss\u00f5es de acesso quer na divulga\u00e7\u00e3o. Consulte o nosso RGPD. &nbsp; O encarregado de prote\u00e7\u00e3o de dados cabe ao Gestor<\/p>\n","protected":false},"author":1,"featured_media":0,"parent":0,"menu_order":0,"comment_status":"closed","ping_status":"open","template":"","meta":{"footnotes":""},"class_list":["post-12295","page","type-page","status-publish","hentry"],"aioseo_notices":[],"_links":{"self":[{"href":"https:\/\/agricortes.com\/es\/wp-json\/wp\/v2\/pages\/12295","targetHints":{"allow":["GET"]}}],"collection":[{"href":"https:\/\/agricortes.com\/es\/wp-json\/wp\/v2\/pages"}],"about":[{"href":"https:\/\/agricortes.com\/es\/wp-json\/wp\/v2\/types\/page"}],"author":[{"embeddable":true,"href":"https:\/\/agricortes.com\/es\/wp-json\/wp\/v2\/users\/1"}],"replies":[{"embeddable":true,"href":"https:\/\/agricortes.com\/es\/wp-json\/wp\/v2\/comments?post=12295"}],"version-history":[{"count":5,"href":"https:\/\/agricortes.com\/es\/wp-json\/wp\/v2\/pages\/12295\/revisions"}],"predecessor-version":[{"id":14981,"href":"https:\/\/agricortes.com\/es\/wp-json\/wp\/v2\/pages\/12295\/revisions\/14981"}],"wp:attachment":[{"href":"https:\/\/agricortes.com\/es\/wp-json\/wp\/v2\/media?parent=12295"}],"curies":[{"name":"wp","href":"https:\/\/api.w.org\/{rel}","templated":true}]}}