{"id":15697,"date":"2023-03-28T15:46:31","date_gmt":"2023-03-28T15:46:31","guid":{"rendered":"https:\/\/agricortes.com\/p-f-g-limpa-praias\/"},"modified":"2024-10-11T16:29:29","modified_gmt":"2024-10-11T16:29:29","slug":"p-f-g-limpia-playas","status":"publish","type":"page","link":"https:\/\/agricortes.com\/es\/p-f-g-limpia-playas\/","title":{"rendered":"PFG &#8211; Limpia Playas"},"content":{"rendered":"<section class=\"wpb-content-wrapper\"><p>[vc_row full_width=&#8221;stretch_row_content_no_spaces&#8221; css=&#8221;.vc_custom_1654159656719{margin-top: 0px !important;margin-right: 0px !important;margin-bottom: 73px !important;margin-left: 0px !important;border-bottom-width: 8px !important;border-bottom-color: #727c86 !important;border-bottom-style: solid !important;}&#8221;][vc_column][rev_slider_vc alias=&#8221;slider-agricultura-1&#8243;][\/vc_column][\/vc_row][vc_row][vc_column width=&#8221;1\/6&#8243;][vc_custom_heading icon=&#8221;icon-agri-ambiente&#8221; icon_size=&#8221;40&#8243; stripe_pos=&#8221;hide&#8221; text=&#8221;Ambiente&#8221; font_container=&#8221;tag:h4|font_size:23|text_align:left&#8221; google_fonts=&#8221;font_family:Poppins%3A300%2Cregular%2C500%2C600%2C700|font_style:400%20regular%3A400%3Anormal&#8221; css=&#8221;.vc_custom_1723232651953{margin-top: 0px !important;padding-top: 0px !important;}&#8221; el_class=&#8221;iconTitle&#8221; link=&#8221;url:https%3A%2F%2Fagricortes.com%2Fes%2Fambiente&#8221;][vc_raw_html]W2JlbGxvd3MgY29uZmlnX2lkPSJtYWluIiBtZW51PSIxMDEiXQ==[\/vc_raw_html][\/vc_column][vc_column width=&#8221;2\/3&#8243;][vc_tta_tabs spacing=&#8221;5&#8243; active_section=&#8221;1&#8243; el_class=&#8221;theme_style&#8221;][vc_tta_section title=&#8221;PFG&#8221; tab_id=&#8221;1653314755352-a90f6af0-ddaa16535614593941654245356077&#8243;][vc_row_inner][vc_column_inner width=&#8221;2\/3&#8243;][vc_single_image image=&#8221;15625&#8243; img_size=&#8221;&#8221; css=&#8221;.vc_custom_1680021334900{margin-bottom: 10px !important;}&#8221;][vc_custom_heading text=&#8221;PFG&#8221; font_container=&#8221;tag:h1|text_align:left&#8221; google_fonts=&#8221;font_family:Poppins%3A300%2Cregular%2C500%2C600%2C700|font_style:400%20regular%3A400%3Anormal&#8221;][vc_column_text]<a href=\"https:\/\/www.pfgitalia.com\">pfgitalia.com<\/a>[\/vc_column_text][vc_column_text]<strong>Me gusta<\/strong><\/p>\n<p>Una playa limpia es una felicidad para quienes la miran, su belleza toca a todos. Dentro de los equipos ambientales, la limpieza de la playa y su recogida de residuos de arena tambi\u00e9n contribuye a la seguridad, higiene y limpieza, permitiendo la oxigenaci\u00f3n y filtrado de la arena.<\/p>\n<p>PFG proyecta, produce y vende m\u00e1quinas limpia playas. Se ha especializado en la construcci\u00f3n de m\u00e1quinas para trabajar ya sea en playas como sobre la arena de campos de golf y de hip\u00f3dromos. Produce m\u00e1quinas peque\u00f1as adaptadas al trabajo en espacios confinados y equipos m\u00e1s grandes remolcados, en conexi\u00f3n con el sistema hidr\u00e1ulico del tractor, para trabajar en grandes superficies.<\/p>\n<p>Es imprescindible limpiar con regularidad el arenal de una playa, ya que de eso depende:<\/p>\n<ul>\n<li>la opci\u00f3n de las personas la frecuentaren,<\/li>\n<li>la valoraci\u00f3n y el desarrollo del turismo local,<\/li>\n<li>\u00a1la diversi\u00f3n y el ocio est\u00e1n cada vez m\u00e1s conectados con la calidad del espacio que nos rodea!<\/li>\n<\/ul>\n<p>El proceso de limpieza, adem\u00e1s de darle un aspecto m\u00e1s limpio y atractivo a la playa, tambi\u00e9n extiende su superficie, haciendo con que la arena se seque m\u00e1s deprisa y los rayos ultravioletas destruyan cantidades superiores de bacterias.[\/vc_column_text][\/vc_column_inner][vc_column_inner width=&#8221;1\/3&#8243;][vc_single_image image=&#8221;15659&#8243; img_size=&#8221;medium&#8221;][vc_column_text]<iframe title=\"YouTube video player\" src=\"https:\/\/www.youtube.com\/embed\/GT1MCkZu-NU\" width=\"100%\" height=\"auto\" frameborder=\"0\" allowfullscreen=\"allowfullscreen\"><\/iframe>[\/vc_column_text][\/vc_column_inner][\/vc_row_inner][\/vc_tta_section][vc_tta_section title=&#8221;LIMPA PRAIAS&#8221; tab_id=&#8221;1680024321896-dd197631-70a6&#8243;][vc_row_inner][vc_column_inner width=&#8221;2\/3&#8243;][vc_single_image image=&#8221;15625&#8243; img_size=&#8221;&#8221; css=&#8221;.vc_custom_1680021334900{margin-bottom: 10px !important;}&#8221;][vc_custom_heading text=&#8221;LIMPA PRAIAS&#8221; font_container=&#8221;tag:h1|text_align:left&#8221; google_fonts=&#8221;font_family:Poppins%3A300%2Cregular%2C500%2C600%2C700|font_style:400%20regular%3A400%3Anormal&#8221;][vc_column_text]<a href=\"https:\/\/www.pfgitalia.com\">pfgitalia.com<\/a>[\/vc_column_text][vc_column_text]PFG tiene las m\u00e1quinas limpia playas remolcables para aplicaci\u00f3n a la toma de fuerza (TDF) del tractor. Estos modelos son ideales para la limpieza diaria de grandes centros tur\u00edsticos de playa, robustas en el punto correcto, con el equilibrio adecuado entre el costo y el rendimiento que ofrecen. Los modelos &#8220;P&#8221; y &#8220;S&#8221; son creada para la limpieza despu\u00e9s de las marejadas de tormenta invernal, no se detienen frente a nada, resistentes, creadas para aquellas empresas que ofrecen el servicio de limpieza de las playas.<\/p>\n<p>En la generalidad funcionan con la carga de la arena, por medio de una l\u00e1mina en acero que lleva la arena para dientro de un tamiz, a partir del cual los residuos son transportados y armazenados en una caja de residuos con descarga hidr\u00e1ulica. La m\u00e1quina est\u00e1 muy bien adaptada para trabajar cerca de la l\u00ednea de agua.<\/p>\n<p>Modelos a la toma de fuerza del tractor:<\/p>\n<ul>\n<li>Cardan de transmisi\u00f3n<\/li>\n<li>Chassi sob ruedas remolcable<\/li>\n<li>Caja de residuos ancha<\/li>\n<li>Suministrado con tamizes reforzados de f\u00e1cil substituici\u00f3n<\/li>\n<li>Superficie ancha del tamiz<\/li>\n<li>Movimiento equilibrado della pantalla vibrante, de modo alternado, de doble execuci\u00f3n<\/li>\n<li>Sistema hidr\u00e1ulico para la carga y descarga; basculamiento en algunos modelos<\/li>\n<li>Apoyos antivibrantes entre la maquina y el tractor<\/li>\n<li>Anchos de trabajo de 1200 a 2200 mm<\/li>\n<\/ul>\n<p>Opcionales:<\/p>\n<ul>\n<li>Sistema de desinfecci\u00f3n de la arena<\/li>\n<li>Rastrillo posterior<\/li>\n<li>Cribas<\/li>\n<li>Espejo retrovisor<\/li>\n<li>Otros, bajo consulta<\/li>\n<\/ul>\n<div class=\"table-responsive\">\n<table class=\"table\" style=\"background: #FFF;\">\n<thead>\n<tr style=\"background: #a32035; color: #ffffff;\">\n<td><small><strong>Modelo<\/strong><\/small><\/td>\n<td><small><strong>CERNIA<\/strong><\/small><\/td>\n<td><small><strong>MANTA<\/strong><\/small><\/td>\n<td><small><strong>MANTA GOLD<\/strong><\/small><\/td>\n<td><small><strong>CAIMANO 2200<\/strong><\/small><\/td>\n<\/tr>\n<\/thead>\n<tbody>\n<tr>\n<td><small><strong>Ancho de trabajo<\/strong><\/small><\/td>\n<td><small>120 cm<\/small><\/td>\n<td><small>160 cm<\/small><\/td>\n<td><small>160 cm<\/small><\/td>\n<td><small>220 cm<\/small><\/td>\n<\/tr>\n<tr>\n<td><small><strong>Profundidad<\/strong><\/small><\/td>\n<td><small>0 a 15 cm<\/small><\/td>\n<td><small>0 a 20 cm<\/small><\/td>\n<td><small>0 a 15 cm<\/small><\/td>\n<td><small>0 a 30 cm<\/small><\/td>\n<\/tr>\n<tr>\n<td><small><strong>Capacidad<\/strong><\/small><\/td>\n<td><small>7000 m2\/h<\/small><\/td>\n<td><small>20000 m2\/h<\/small><\/td>\n<td><small>20000 m2\/h<\/small><\/td>\n<td><small>30000 m2\/h<\/small><\/td>\n<\/tr>\n<tr>\n<td><small><strong>Caja<\/strong><\/small><\/td>\n<td><small>250 lt<\/small><\/td>\n<td><small>350 lt<\/small><\/td>\n<td><small>450 lt<\/small><\/td>\n<td><small>700 lt<\/small><\/td>\n<\/tr>\n<tr>\n<td><small><strong>Descarga<\/strong><\/small><\/td>\n<td><small>hidr\u00e1ulica<\/small><\/td>\n<td><small>hidr\u00e1ulica<\/small><\/td>\n<td><small>hidr\u00e1ulica<\/small><\/td>\n<td><small>hidr\u00e1ulica<\/small><\/td>\n<\/tr>\n<tr>\n<td><small><strong>Potencia min. tractor<\/strong><\/small><\/td>\n<td><small>16 &#8211; 20 hp<\/small><\/td>\n<td><small>&gt; 35 hp<\/small><\/td>\n<td><small>35 &#8211; 70 hp<\/small><\/td>\n<td><small>&gt; 120 hp<\/small><\/td>\n<\/tr>\n<\/tbody>\n<\/table>\n<\/div>\n<p>[\/vc_column_text][\/vc_column_inner][vc_column_inner width=&#8221;1\/3&#8243;][vc_custom_heading icon=&#8221;icon-agri-ambiente&#8221; icon_size=&#8221;40&#8243; stripe_pos=&#8221;hide&#8221; text=&#8221;Cat\u00e1logos&#8221; font_container=&#8221;tag:h4|font_size:23|text_align:left&#8221; google_fonts=&#8221;font_family:Poppins%3A300%2Cregular%2C500%2C600%2C700|font_style:400%20regular%3A400%3Anormal&#8221; css=&#8221;.vc_custom_1723232695568{margin-top: 0px !important;padding-top: 0px !important;}&#8221; el_class=&#8221;iconTitle&#8221;][vc_column_text]<a href=\"https:\/\/agricortes.com\/wp-content\/uploads\/2019\/09\/PFG-General-Catalogue-2022_ENG.pdf\">CAT\u00c1LOGO PFG<\/a>[\/vc_column_text][vc_media_grid style=&#8221;lazy&#8221; element_width=&#8221;6&#8243; gap=&#8221;10&#8243; grid_id=&#8221;vc_gid:1728664122667-94e621cf-9727-2&#8243; el_class=&#8221;imageGalleryMargin&#8221; include=&#8221;15675,15677,15663,15671&#8243;][vc_column_text]<iframe title=\"YouTube video player\" src=\"https:\/\/www.youtube.com\/embed\/ytWrUPHTDYw\" width=\"100%\" height=\"auto\" frameborder=\"0\" allowfullscreen=\"allowfullscreen\"><\/iframe>[\/vc_column_text][\/vc_column_inner][\/vc_row_inner][\/vc_tta_section][vc_tta_section title=&#8221;LIMPA PRAIAS AUTOMOTRIZES&#8221; tab_id=&#8221;1653314755359-8c73aa7e-267816535614593941654245356077&#8243;][vc_row_inner][vc_column_inner width=&#8221;2\/3&#8243;][vc_single_image image=&#8221;15625&#8243; img_size=&#8221;&#8221; css=&#8221;.vc_custom_1680021489803{margin-bottom: 10px !important;}&#8221;][vc_custom_heading text=&#8221;LIMPA PRAIAS AUTOMOTRIZES&#8221; font_container=&#8221;tag:h1|text_align:left&#8221; google_fonts=&#8221;font_family:Poppins%3A300%2Cregular%2C500%2C600%2C700|font_style:400%20regular%3A400%3Anormal&#8221;][vc_column_text]<a href=\"https:\/\/www.pfgitalia.com\">pfgitalia.com<\/a>[\/vc_column_text][vc_column_text]PFG tiene peque\u00f1as m\u00e1quinas autopropulsadas con operador sentado o apeado, sob chasis de ruedas o orugas y principalmente con asiento para el operador.<\/p>\n<ul>\n<li>Motores Honda e Yanmar<\/li>\n<li>Versi\u00f3n electrica con autonomia 3 h<\/li>\n<\/ul>\n<div class=\"table-responsive\">\n<table class=\"table\" style=\"background: #FFF;\">\n<thead>\n<tr style=\"background: #a32035; color: #ffffff;\">\n<td><small><strong>Modelo<\/strong><\/small><\/td>\n<td><small><strong>DELFINO<\/strong><\/small><\/td>\n<td><small><strong>BARRACUDA<\/strong><\/small><\/td>\n<td><small><strong>NEMO<\/strong><\/small><\/td>\n<td><small><strong>NEMO TRACK<\/strong><\/small><\/td>\n<td><small><strong>SQUALO<\/strong><\/small><\/td>\n<td><small><strong>SQUALO 2.0<\/strong><\/small><\/td>\n<td><small><strong>DELFINO 2.0<\/strong><\/small><\/td>\n<\/tr>\n<\/thead>\n<tbody>\n<tr>\n<td><small><strong>Potencia del motor<\/strong><\/small><\/td>\n<td><small>5,5 Hp<\/small><\/td>\n<td><small>6,5 Hp<\/small><\/td>\n<td><small>22 Hp<\/small><\/td>\n<td><small>22 Hp<\/small><\/td>\n<td><small>30 Hp<\/small><\/td>\n<td><small>30 Hp<\/small><\/td>\n<td><small>electrico<\/small><\/td>\n<\/tr>\n<tr>\n<td><small><strong>Trasmisi\u00f3n<\/strong><\/small><\/td>\n<td><small>caixa 4+3<\/small><\/td>\n<td><small>caixa 4+3<\/small><\/td>\n<td><small>caixa 4+3<\/small><\/td>\n<td><small>caixa 4+3<\/small><\/td>\n<td><small>caixa 4+3<\/small><\/td>\n<td><small>caixa 4+3<\/small><\/td>\n<td><small>caixa 4+3<\/small><\/td>\n<\/tr>\n<tr>\n<td><small><strong>Desplaziamento<\/strong><\/small><\/td>\n<td><small>ruedas<\/small><\/td>\n<td><small>orugas<\/small><\/td>\n<td><small>ruedas<\/small><\/td>\n<td><small>orugas<\/small><\/td>\n<td><small>ruedas<\/small><\/td>\n<td><small>ruedas<\/small><\/td>\n<td><small>ruedas<\/small><\/td>\n<\/tr>\n<tr>\n<td><small><strong>Ancho de trabajo<\/strong><\/small><\/td>\n<td><small>89 cm<\/small><\/td>\n<td><small>90 cm<\/small><\/td>\n<td><small>100 cm<\/small><\/td>\n<td><small>100 cm<\/small><\/td>\n<td><small>160 cm<\/small><\/td>\n<td><small>160 cm<\/small><\/td>\n<td><small>75 cm<\/small><\/td>\n<\/tr>\n<tr>\n<td><small><strong>Profundidad<\/strong><\/small><\/td>\n<td><small>0 a 10 cm<\/small><\/td>\n<td><small>0 a 10 cm<\/small><\/td>\n<td><small>0 a 10 cm<\/small><\/td>\n<td><small>0 a 10 cm<\/small><\/td>\n<td><small>0 a 10 cm<\/small><\/td>\n<td><small>0 a 10 cm<\/small><\/td>\n<td><small>0 a 10 cm<\/small><\/td>\n<\/tr>\n<tr>\n<td><small><strong>Capacidad<\/strong><\/small><\/td>\n<td><small>2500 m2\/h<\/small><\/td>\n<td><small>2500 m2\/h<\/small><\/td>\n<td><small>6000 m2\/h<\/small><\/td>\n<td><small>6000 m2\/h<\/small><\/td>\n<td><small>9000 m2\/h<\/small><\/td>\n<td><small>9000 m2\/h<\/small><\/td>\n<td><small>2500 m2\/h<\/small><\/td>\n<\/tr>\n<tr>\n<td><small><strong>Descarga<\/strong><\/small><\/td>\n<td><small>manual<\/small><\/td>\n<td><small>manual<\/small><\/td>\n<td><small>manual<\/small><\/td>\n<td><small>manual<\/small><\/td>\n<td><small>manual<\/small><\/td>\n<td><small>manual<\/small><\/td>\n<td><small>manual<\/small><\/td>\n<\/tr>\n<tr>\n<td><small><strong>Peso<\/strong><\/small><\/td>\n<td><small>180 kg<\/small><\/td>\n<td><small>310 kg<\/small><\/td>\n<td><small>500 kg<\/small><\/td>\n<td><small>600 kg<\/small><\/td>\n<td><small>1050 kg<\/small><\/td>\n<td><small>1145 kg<\/small><\/td>\n<td><small>180 kg<\/small><\/td>\n<\/tr>\n<\/tbody>\n<\/table>\n<p>&nbsp;<\/p>\n<\/div>\n<p>[\/vc_column_text][\/vc_column_inner][vc_column_inner width=&#8221;1\/3&#8243;][vc_custom_heading icon=&#8221;icon-agri-ambiente&#8221; icon_size=&#8221;40&#8243; stripe_pos=&#8221;hide&#8221; text=&#8221;Cat\u00e1logos&#8221; font_container=&#8221;tag:h4|font_size:23|text_align:left&#8221; google_fonts=&#8221;font_family:Poppins%3A300%2Cregular%2C500%2C600%2C700|font_style:400%20regular%3A400%3Anormal&#8221; css=&#8221;.vc_custom_1723232695568{margin-top: 0px !important;padding-top: 0px !important;}&#8221; el_class=&#8221;iconTitle&#8221;][vc_column_text]<a href=\"https:\/\/agricortes.com\/wp-content\/uploads\/2019\/09\/PFG-General-Catalogue-2022_ENG.pdf\">CAT\u00c1LOGO PFG<\/a>[\/vc_column_text][vc_media_grid style=&#8221;lazy&#8221; element_width=&#8221;6&#8243; gap=&#8221;10&#8243; grid_id=&#8221;vc_gid:1728664122667-92a9cd0c-7c62-7&#8243; el_class=&#8221;imageGalleryMargin&#8221; include=&#8221;15673,15657,15669,15665&#8243;][vc_column_text]<iframe title=\"YouTube video player\" src=\"https:\/\/www.youtube.com\/embed\/-UMs9Bumry4\" width=\"100%\" height=\"auto\" frameborder=\"0\" allowfullscreen=\"allowfullscreen\"><\/iframe>[\/vc_column_text][\/vc_column_inner][\/vc_row_inner][\/vc_tta_section][\/vc_tta_tabs][\/vc_column][vc_column width=&#8221;1\/6&#8243;][vc_custom_heading icon=&#8221;stm-email2&#8243; icon_size=&#8221;40&#8243; stripe_pos=&#8221;hide&#8221; text=&#8221;Contacto&#8221; font_container=&#8221;tag:h4|font_size:23|text_align:left&#8221; google_fonts=&#8221;font_family:Poppins%3A300%2Cregular%2C500%2C600%2C700|font_style:400%20regular%3A400%3Anormal&#8221; css=&#8221;.vc_custom_1723232618801{margin-top: 0px !important;padding-top: 0px !important;}&#8221; el_class=&#8221;iconTitle&#8221;]\n<div class=\"wpcf7 no-js\" id=\"wpcf7-f12358-o1\" lang=\"es-ES\" dir=\"ltr\" data-wpcf7-id=\"12358\">\n<div class=\"screen-reader-response\"><p role=\"status\" aria-live=\"polite\" aria-atomic=\"true\"><\/p> <ul><\/ul><\/div>\n<form action=\"\/es\/wp-json\/wp\/v2\/pages\/15697#wpcf7-f12358-o1\" method=\"post\" class=\"wpcf7-form init\" aria-label=\"Formulario de contacto\" novalidate=\"novalidate\" data-status=\"init\">\n<div style=\"display: none;\">\n<input type=\"hidden\" name=\"_wpcf7\" value=\"12358\" \/>\n<input type=\"hidden\" name=\"_wpcf7_version\" value=\"6.0.6\" \/>\n<input type=\"hidden\" name=\"_wpcf7_locale\" value=\"es_ES\" \/>\n<input type=\"hidden\" name=\"_wpcf7_unit_tag\" value=\"wpcf7-f12358-o1\" \/>\n<input type=\"hidden\" name=\"_wpcf7_container_post\" value=\"0\" \/>\n<input type=\"hidden\" name=\"_wpcf7_posted_data_hash\" value=\"\" \/>\n<input type=\"hidden\" name=\"_wpcf7_recaptcha_response\" value=\"\" \/>\n<\/div>\n<div class=\"request_callback\">\n        <div class=\"input-group\">\n            <span class=\"wpcf7-form-control-wrap\" data-name=\"your-subject\"><input size=\"40\" maxlength=\"400\" class=\"wpcf7-form-control wpcf7-text wpcf7-validates-as-required\" aria-required=\"true\" aria-invalid=\"false\" placeholder=\"Sujeto *\" value=\"\" type=\"text\" name=\"your-subject\" \/><\/span>\n        <div class=\"input-group\">\n            <span class=\"wpcf7-form-control-wrap\" data-name=\"your-message\"><textarea cols=\"40\" rows=\"10\" maxlength=\"2000\" class=\"wpcf7-form-control wpcf7-textarea wpcf7-validates-as-required height100\" aria-required=\"true\" aria-invalid=\"false\" placeholder=\"Mensaje *\" name=\"your-message\"><\/textarea><\/span>\n        <div class=\"input-group\">\n            <span class=\"wpcf7-form-control-wrap\" data-name=\"your-company\"><input size=\"40\" maxlength=\"400\" class=\"wpcf7-form-control wpcf7-text\" aria-invalid=\"false\" placeholder=\"Empresa\" value=\"\" type=\"text\" name=\"your-company\" \/><\/span>      \n        <div class=\"input-group\">\n            <span class=\"wpcf7-form-control-wrap\" data-name=\"your-name\"><input size=\"40\" maxlength=\"400\" class=\"wpcf7-form-control wpcf7-text wpcf7-validates-as-required\" aria-required=\"true\" aria-invalid=\"false\" placeholder=\"Nombre *\" value=\"\" type=\"text\" name=\"your-name\" \/><\/span>\n        <div class=\"input-group\">\n            <span class=\"wpcf7-form-control-wrap\" data-name=\"your-loc\"><input size=\"40\" maxlength=\"400\" class=\"wpcf7-form-control wpcf7-text wpcf7-validates-as-required\" aria-required=\"true\" aria-invalid=\"false\" placeholder=\"Localidad *\" value=\"\" type=\"text\" name=\"your-loc\" \/><\/span>\n        <div class=\"input-group\">\n            <span class=\"wpcf7-form-control-wrap\" data-name=\"your-tel\"><input size=\"40\" maxlength=\"400\" class=\"wpcf7-form-control wpcf7-tel wpcf7-validates-as-required wpcf7-text wpcf7-validates-as-tel\" aria-required=\"true\" aria-invalid=\"false\" placeholder=\"Contacto *\" value=\"\" type=\"tel\" name=\"your-tel\" \/><\/span>       \n        <div class=\"input-group\">\n            <span class=\"wpcf7-form-control-wrap\" data-name=\"your-email\"><input size=\"40\" maxlength=\"400\" class=\"wpcf7-form-control wpcf7-email wpcf7-validates-as-required wpcf7-text wpcf7-validates-as-email\" aria-required=\"true\" aria-invalid=\"false\" placeholder=\"E-mail *\" value=\"\" type=\"email\" name=\"your-email\" \/><\/span>      \n        <\/div>\n        <div class=\"input-group\">\n            <button type=\"submit\" class=\"button size-lg icon_right\">Enviar<i class=\"fa fa-chevron-right\"><\/i><\/button>\n        <\/div>\n<\/div><div class=\"wpcf7-response-output\" aria-hidden=\"true\"><\/div>\n<\/form>\n<\/div>\n[\/vc_column][\/vc_row]<\/p>\n<\/section>","protected":false},"excerpt":{"rendered":"<p>[vc_row full_width=&#8221;stretch_row_content_no_spaces&#8221; css=&#8221;.vc_custom_1654159656719{margin-top: 0px !important;margin-right: 0px !important;margin-bottom: 73px !important;margin-left: 0px !important;border-bottom-width: 8px !important;border-bottom-color: #727c86 !important;border-bottom-style: solid !important;}&#8221;][vc_column][rev_slider_vc alias=&#8221;slider-agricultura-1&#8243;][\/vc_column][\/vc_row][vc_row][vc_column width=&#8221;1\/6&#8243;][vc_custom_heading icon=&#8221;icon-agri-ambiente&#8221; icon_size=&#8221;40&#8243; stripe_pos=&#8221;hide&#8221; text=&#8221;Ambiente&#8221; font_container=&#8221;tag:h4|font_size:23|text_align:left&#8221; google_fonts=&#8221;font_family:Poppins%3A300%2Cregular%2C500%2C600%2C700|font_style:400%20regular%3A400%3Anormal&#8221; css=&#8221;.vc_custom_1723232651953{margin-top: 0px !important;padding-top: 0px !important;}&#8221; el_class=&#8221;iconTitle&#8221; link=&#8221;url:https%3A%2F%2Fagricortes.com%2Fes%2Fambiente&#8221;][vc_raw_html]W2JlbGxvd3MgY29uZmlnX2lkPSJtYWluIiBtZW51PSIxMDEiXQ==[\/vc_raw_html][\/vc_column][vc_column width=&#8221;2\/3&#8243;][vc_tta_tabs spacing=&#8221;5&#8243; active_section=&#8221;1&#8243; el_class=&#8221;theme_style&#8221;][vc_tta_section title=&#8221;PFG&#8221; tab_id=&#8221;1653314755352-a90f6af0-ddaa16535614593941654245356077&#8243;][vc_row_inner][vc_column_inner width=&#8221;2\/3&#8243;][vc_single_image image=&#8221;15625&#8243; img_size=&#8221;&#8221; css=&#8221;.vc_custom_1680021334900{margin-bottom: 10px !important;}&#8221;][vc_custom_heading text=&#8221;PFG&#8221; font_container=&#8221;tag:h1|text_align:left&#8221; google_fonts=&#8221;font_family:Poppins%3A300%2Cregular%2C500%2C600%2C700|font_style:400%20regular%3A400%3Anormal&#8221;][vc_column_text]pfgitalia.com[\/vc_column_text][vc_column_text]Me gusta Una playa limpia es una felicidad para<\/p>\n","protected":false},"author":5,"featured_media":0,"parent":0,"menu_order":0,"comment_status":"closed","ping_status":"closed","template":"","meta":{"footnotes":""},"class_list":["post-15697","page","type-page","status-publish","hentry"],"aioseo_notices":[],"_links":{"self":[{"href":"https:\/\/agricortes.com\/es\/wp-json\/wp\/v2\/pages\/15697","targetHints":{"allow":["GET"]}}],"collection":[{"href":"https:\/\/agricortes.com\/es\/wp-json\/wp\/v2\/pages"}],"about":[{"href":"https:\/\/agricortes.com\/es\/wp-json\/wp\/v2\/types\/page"}],"author":[{"embeddable":true,"href":"https:\/\/agricortes.com\/es\/wp-json\/wp\/v2\/users\/5"}],"replies":[{"embeddable":true,"href":"https:\/\/agricortes.com\/es\/wp-json\/wp\/v2\/comments?post=15697"}],"version-history":[{"count":12,"href":"https:\/\/agricortes.com\/es\/wp-json\/wp\/v2\/pages\/15697\/revisions"}],"predecessor-version":[{"id":19951,"href":"https:\/\/agricortes.com\/es\/wp-json\/wp\/v2\/pages\/15697\/revisions\/19951"}],"wp:attachment":[{"href":"https:\/\/agricortes.com\/es\/wp-json\/wp\/v2\/media?parent=15697"}],"curies":[{"name":"wp","href":"https:\/\/api.w.org\/{rel}","templated":true}]}}