{"id":19579,"date":"2022-08-05T16:04:36","date_gmt":"2022-08-05T16:04:36","guid":{"rendered":"https:\/\/agricortes.com\/zetor-tratores\/"},"modified":"2025-01-01T20:33:26","modified_gmt":"2025-01-01T20:33:26","slug":"zetor-tratores","status":"publish","type":"page","link":"https:\/\/agricortes.com\/es\/zetor-tratores\/","title":{"rendered":"ZETOR &#8211; Tractores"},"content":{"rendered":"<section class=\"wpb-content-wrapper\"><p>[vc_row full_width=&#8221;stretch_row_content_no_spaces&#8221; css=&#8221;.vc_custom_1654158973046{margin-top: 0px !important;margin-right: 0px !important;margin-bottom: 73px !important;margin-left: 0px !important;border-bottom-width: 8px !important;border-bottom-color: #d80d1b !important;border-bottom-style: solid !important;}&#8221;][vc_column][rev_slider_vc alias=&#8221;slider-agricultura&#8221;][\/vc_column][\/vc_row][vc_row][vc_column width=&#8221;1\/6&#8243;][vc_custom_heading icon=&#8221;icon-agri-agricultura&#8221; icon_size=&#8221;40&#8243; stripe_pos=&#8221;hide&#8221; text=&#8221;Agricultura&#8221; font_container=&#8221;tag:h4|font_size:23|text_align:left&#8221; google_fonts=&#8221;font_family:Poppins%3A300%2Cregular%2C500%2C600%2C700|font_style:400%20regular%3A400%3Anormal&#8221; css=&#8221;.vc_custom_1713183053382{margin-top: 0px !important;padding-top: 0px !important;}&#8221; el_class=&#8221;iconTitle&#8221; link=&#8221;url:https%3A%2F%2Fagricortes.com%2Fagricultura%2F&#8221;][vc_raw_html]JTVCYmVsbG93cyUyMGNvbmZpZ19pZCUzRCUyMm1haW4lMjIlMjBtZW51JTNEJTIyMTAwJTIyJTVE[\/vc_raw_html][\/vc_column][vc_column width=&#8221;2\/3&#8243;][vc_tta_tabs spacing=&#8221;5&#8243; active_section=&#8221;1&#8243; el_class=&#8221;theme_style&#8221;][vc_tta_section title=&#8221;ZETOR&#8221; tab_id=&#8221;tractores-zetor&#8221;][vc_row_inner][vc_column_inner width=&#8221;2\/3&#8243;][vc_single_image image=&#8221;14784&#8243; img_size=&#8221;&#8221; css=&#8221;.vc_custom_1659717163340{margin-bottom: 10px !important;}&#8221;][vc_column_text el_class=&#8221;Download_Files_List&#8221; css=&#8221;.vc_custom_1713183064226{margin-bottom: 0px !important;}&#8221;]<a href=\"http:\/\/www.zetor.com\" target=\"_blank\" rel=\"noopener\">zetor.com<\/a>[\/vc_column_text][vc_custom_heading text=&#8221;TRACTORES ZETOR&#8221; google_fonts=&#8221;font_family:Poppins%3A300%2Cregular%2C500%2C600%2C700|font_style:400%20regular%3A400%3Anormal&#8221;][vc_column_text]<strong>Su satisfacci\u00f3n es nuestra fuerza motriz<br \/>\n<\/strong>\u00bfPor qu\u00e9 ZETOR? Porque son 1,3 millones. S\u00ed, es el n\u00famero de tractores que han salido de las l\u00edneas de producci\u00f3n de esta f\u00e1brica checa con el logotipo de ZETOR en el cap\u00f3, desde 1946 y se han distribuido a m\u00e1s de 130 pa\u00edses. La determinaci\u00f3n de construir tractores robustos y confiables, a trav\u00e9s de un trabajo honesto y competente, da paso a tractores de calidad con un gran rendimiento en todas las situaciones. Adem\u00e1s de ser potentes y fiables, tambi\u00e9n son econ\u00f3micos y cumplen con los requisitos del cliente en cuanto a configuraci\u00f3n tecnol\u00f3gica y comodidad. La gama de tractores de 90 a 170 Hp para trabajos a campo abierto, municipales y log\u00edsticos, es la raz\u00f3n que lleva a AGRICORTES a complementar su oferta de tractores en Espa\u00f1a, cumpliendo con los exigentes requisitos de calidad que proponemos. Con un motor Deutz etapa V en todos los modelos, las cadenas cinem\u00e1ticas CARRARO y ZF, los materiales Bosch y Rexroth, equipan componentes fiables y de calidad, pero es la excelencia en la fabricaci\u00f3n y la dedicaci\u00f3n a la mejora continua lo que garantiza el compromiso que tenemos con Portugal. \u00a1S\u00e9 parte de ello![\/vc_column_text][\/vc_column_inner][vc_column_inner width=&#8221;1\/3&#8243;][vc_single_image image=&#8221;14776&#8243; img_size=&#8221;full&#8221; onclick=&#8221;link_image&#8221;][vc_column_text]<iframe title=\"YouTube video player\" src=\"https:\/\/www.youtube.com\/embed\/C2v7Jt-CL2I\" width=\"100%\" height=\"auto\" frameborder=\"0\" allowfullscreen=\"allowfullscreen\"><\/iframe>[\/vc_column_text][vc_column_text]<iframe title=\"YouTube video player\" src=\"https:\/\/www.youtube.com\/embed\/rn5YMeg0En4\" width=\"100%\" height=\"auto\" frameborder=\"0\" allowfullscreen=\"allowfullscreen\"><\/iframe>[\/vc_column_text][\/vc_column_inner][\/vc_row_inner][\/vc_tta_section][vc_tta_section title=&#8221;TRACTORES CONVENCIONALES DE GAMA MEDIA Y ALTA&#8221; tab_id=&#8221;tractores-convencionales&#8221;][vc_row_inner][vc_column_inner width=&#8221;2\/3&#8243;][vc_single_image image=&#8221;14784&#8243; img_size=&#8221;&#8221; css=&#8221;.vc_custom_1659717178519{margin-bottom: 10px !important;}&#8221;][vc_column_text el_class=&#8221;Download_Files_List&#8221; css=&#8221;.vc_custom_1713183075458{margin-bottom: 0px !important;}&#8221;]<a href=\"http:\/\/www.zetor.com\" target=\"_blank\" rel=\"noopener\">zetor.com<\/a>[\/vc_column_text][vc_custom_heading text=&#8221;TRACTORES CONVENCIONALES DE GAMA MEDIA Y ALTA ZETOR&#8221; google_fonts=&#8221;font_family:Poppins%3A300%2Cregular%2C500%2C600%2C700|font_style:400%20regular%3A400%3Anormal&#8221;][vc_column_text]Los tractores ZETOR de la serie PROXIMA de 100 a 130 Hp, han alcanzado popularidad gracias a su versatilidad, fiabilidad y dise\u00f1o robusto. La serie satisface exactamente las necesidades de los clientes de la agricultura y la silvicultura, as\u00ed como de los servicios municipales y log\u00edsticos. A pesar de su universalidad, permiten diversas configuraciones de fabricaci\u00f3n que satisfacen las demandas espec\u00edficas del servicio.<\/p>\n<p>Caracter\u00edsticas b\u00e1sicas:<\/p>\n<div id=\"ts-body\">\n<div class=\"css-44 ts-pivot-container\">\n<div id=\"ContentContainer\">\n<div>\n<div>\n<div role=\"tabpanel\" aria-labelledby=\"Pivot0-Tab0\">\n<div class=\"ts-lookup-pivot\">\n<div id=\"Lookup\" class=\"ts-pivot-lookup-component\">\n<div class=\"ms-Grid ts-grid\">\n<div class=\"ms-Grid-row\">\n<div class=\"ts-textfield-container \" lang=\"es\">\n<div class=\"ts-alignment-view-container\">\n<div id=\"ts-alignment-view-idtgt\" class=\"ts-alignment-view ms-font-m ts-alignment-view-tgt ts-ltr-left-zero\" tabindex=\"0\" aria-hidden=\"false\">\n<ul>\n<li tabindex=\"-1\" role=\"label\">Potente sistema hidr\u00e1ulico<\/li>\n<li tabindex=\"-1\" role=\"label\">Direcci\u00f3n hidrost\u00e1tica con volante ajustable<\/li>\n<li tabindex=\"-1\" role=\"label\">Asiento con suspensi\u00f3n<\/li>\n<li tabindex=\"-1\" role=\"label\">Eje delantero de alta resistencia y peque\u00f1o radio de giro<\/li>\n<li tabindex=\"-1\" role=\"label\">Freno hidr\u00e1ulico y neum\u00e1tico en el remolque 2<\/li>\n<li tabindex=\"-1\" role=\"label\">Cilindros traseros auxiliares<\/li>\n<li tabindex=\"-1\" role=\"label\">Acoplamientos r\u00e1pidos Escape vertical<\/li>\n<\/ul>\n<\/div>\n<\/div>\n<\/div>\n<\/div>\n<\/div>\n<\/div>\n<\/div>\n<\/div>\n<\/div>\n<\/div>\n<\/div>\n<\/div>\n<\/div>\n<p>Opcionales:<\/p>\n<ul>\n<li>Asiento del pasajero<\/li>\n<li>Distribuidores auxiliares traseros y delanteros\/laterales<\/li>\n<li>Eixo suspendido<\/li>\n<li>Neum\u00e1ticos de diferentes tama\u00f1os<\/li>\n<li>Implementos varios (gr\u00faas, cargadores frontales, remolques y camiones cisterna, implementos agr\u00edcolas y equipo diverso)<\/li>\n<\/ul>\n<table style=\"background: #FFF;\">\n<thead>\n<tr style=\"background: #a32035; color: #ffffff;\">\n<td><small><strong>Modelo<\/strong><\/small><\/td>\n<td><small><strong>Proxima CL100<\/strong><\/small><\/td>\n<td><small><strong>Proxima CL110<\/strong><\/small><\/td>\n<td><small><strong>Proxima HS 110<\/strong><\/small><\/td>\n<\/tr>\n<\/thead>\n<tbody>\n<tr>\n<td><span style=\"color: #000000;\"><small><strong>Cabina<\/strong><\/small><\/span><\/td>\n<td><span style=\"color: #000000;\"><small>CAB a\/c<\/small><\/span><\/td>\n<td><span style=\"color: #000000;\"><small>CAB a\/c<\/small><\/span><\/td>\n<td><span style=\"color: #000000;\"><small>CAB a\/c<\/small><\/span><\/td>\n<\/tr>\n<tr>\n<td rowspan=\"4\"><span style=\"color: #000000;\"><small><strong>\u00a0Motor<\/strong><\/small><\/span><\/td>\n<td><span style=\"color: #000000;\"><small>Zetor<\/small><\/span><\/td>\n<td><span style=\"color: #000000;\"><small>Zetor<\/small><\/span><\/td>\n<td><span style=\"color: #000000;\"><small>Zetor<\/small><\/span><\/td>\n<\/tr>\n<tr>\n<td><span style=\"color: #000000;\"><small>diesel 4 cil. turbo<\/small><\/span><\/td>\n<td><span style=\"color: #000000;\"><small>diesel 4 cil. turbo<\/small><\/span><\/td>\n<td><span style=\"color: #000000;\"><small>diesel 4 cil. turbo<\/small><\/span><\/td>\n<\/tr>\n<tr>\n<td><span style=\"color: #000000;\"><small>96 Cv<\/small><\/span><\/td>\n<td><span style=\"color: #000000;\"><small>107 Cv<\/small><\/span><\/td>\n<td><span style=\"color: #000000;\"><small>107 Cv<\/small><\/span><\/td>\n<\/tr>\n<tr>\n<td><span style=\"color: #000000;\"><small>4156 cc<\/small><\/span><\/td>\n<td><span style=\"color: #000000;\"><small>4156 cc<\/small><\/span><\/td>\n<td><span style=\"color: #000000;\"><small>4156 cc<\/small><\/span><\/td>\n<\/tr>\n<tr>\n<td rowspan=\"2\"><span style=\"color: #000000;\"><small><strong>Trasmisi\u00f3n<\/strong><\/small><\/span><\/td>\n<td><span style=\"color: #000000;\"><small>4WD<\/small><\/span><\/td>\n<td><span style=\"color: #000000;\"><small>4WD<\/small><\/span><\/td>\n<td><span style=\"color: #000000;\"><small>4WD<\/small><\/span><\/td>\n<\/tr>\n<tr>\n<td><span style=\"color: #000000;\"><small>12F+12R<\/small><\/span><\/td>\n<td><span style=\"color: #000000;\"><small>24F+24R\u00a0<\/small><\/span><\/td>\n<td><span style=\"color: #000000;\"><small>24F+24R inv. EH 40km<\/small><\/span><\/td>\n<\/tr>\n<tr>\n<td><span style=\"color: #000000;\"><small><strong>Direcci\u00f3n<\/strong><\/small><\/span><\/td>\n<td><span style=\"color: #000000;\"><small>hidrost\u00e1tica<\/small><\/span><\/td>\n<td><span style=\"color: #000000;\"><small>hidrost\u00e1tica<\/small><\/span><\/td>\n<td><span style=\"color: #000000;\"><small>hidrost\u00e1tica<\/small><\/span><\/td>\n<\/tr>\n<tr>\n<td rowspan=\"2\"><span style=\"color: #000000;\"><small><strong>Neum\u00e1ticos<\/strong><\/small><\/span><\/td>\n<td><span style=\"color: #000000;\"><small>480\/70R34<\/small><\/span><\/td>\n<td><span style=\"color: #000000;\"><small>420\/85R34<\/small><\/span><\/td>\n<td><span style=\"color: #000000;\"><small>420\/85R34<\/small><\/span><\/td>\n<\/tr>\n<tr>\n<td><span style=\"color: #000000;\"><small>380\/70R24<\/small><\/span><\/td>\n<td><span style=\"color: #000000;\"><small>340\/85R24<\/small><\/span><\/td>\n<td><span style=\"color: #000000;\"><small>340\/85R24<\/small><\/span><\/td>\n<\/tr>\n<\/tbody>\n<\/table>\n<p>[\/vc_column_text][\/vc_column_inner][vc_column_inner width=&#8221;1\/3&#8243;][vc_custom_heading icon=&#8221;icon-agri-agricultura&#8221; icon_size=&#8221;40&#8243; stripe_pos=&#8221;hide&#8221; text=&#8221;Cat\u00e1logos&#8221; font_container=&#8221;tag:h4|font_size:23|text_align:left&#8221; google_fonts=&#8221;font_family:Poppins%3A300%2Cregular%2C500%2C600%2C700|font_style:400%20regular%3A400%3Anormal&#8221; css=&#8221;.vc_custom_1707331630775{margin-top: 0px !important;padding-top: 0px !important;}&#8221; el_class=&#8221;iconTitle&#8221;][vc_column_text]<a title=\"CATALOGO TRATOR ZETOR CL100\" href=\"https:\/\/agricortes.com\/wp-content\/uploads\/2019\/09\/Catalogo-Zetor-Proxima-CL100.pdf\" download=\"\">CATALOGO TRATOR ZETOR PROXIMA IIIb<\/a><br \/>\n<a title=\"CATALOGO TRATOR ZETOR PROXIMA\" href=\"https:\/\/agricortes.com\/wp-content\/uploads\/2019\/09\/Catalogo-Zetor-Proxima.pdf\" download=\"\">CATALOGO TRATOR ZETOR PROXIMA V<\/a><br \/>\n<a title=\"CATALOGO TRATOR ZETOR FORTERRA\" href=\"https:\/\/agricortes.com\/wp-content\/uploads\/2019\/09\/Catalogo-Zetor-Forterra.pdf\">CATALOGO TRATOR ZETOR FORTERRA V<\/a>[\/vc_column_text][vc_media_grid style=&#8221;lazy&#8221; element_width=&#8221;6&#8243; gap=&#8221;10&#8243; grid_id=&#8221;vc_gid:1735763583214-ad76c58a-d760-6&#8243; el_class=&#8221;imageGalleryMargin&#8221; include=&#8221;14790,14792,14794,14796&#8243;][vc_column_text]<iframe title=\"YouTube video player\" src=\"https:\/\/www.youtube.com\/embed\/8gQHGCBvnJc\" width=\"100%\" height=\"auto\" frameborder=\"0\" allowfullscreen=\"allowfullscreen\"><\/iframe>[\/vc_column_text][vc_column_text]<iframe title=\"YouTube video player\" src=\"https:\/\/www.youtube.com\/embed\/kkkG3-scveg\" width=\"100%\" height=\"auto\" frameborder=\"0\" allowfullscreen=\"allowfullscreen\"><\/iframe>[\/vc_column_text][\/vc_column_inner][\/vc_row_inner][\/vc_tta_section][\/vc_tta_tabs][\/vc_column][vc_column width=&#8221;1\/6&#8243;][vc_custom_heading icon=&#8221;stm-email2&#8243; icon_size=&#8221;40&#8243; stripe_pos=&#8221;hide&#8221; text=&#8221;Contacto&#8221; font_container=&#8221;tag:h4|font_size:23|text_align:left&#8221; google_fonts=&#8221;font_family:Poppins%3A300%2Cregular%2C500%2C600%2C700|font_style:400%20regular%3A400%3Anormal&#8221; css=&#8221;.vc_custom_1704469247655{margin-top: 0px !important;padding-top: 0px !important;}&#8221; el_class=&#8221;iconTitle&#8221;]\n<div class=\"wpcf7 no-js\" id=\"wpcf7-f12358-o1\" lang=\"es-ES\" dir=\"ltr\" data-wpcf7-id=\"12358\">\n<div class=\"screen-reader-response\"><p role=\"status\" aria-live=\"polite\" aria-atomic=\"true\"><\/p> <ul><\/ul><\/div>\n<form action=\"\/es\/wp-json\/wp\/v2\/pages\/19579#wpcf7-f12358-o1\" method=\"post\" class=\"wpcf7-form init\" aria-label=\"Formulario de contacto\" novalidate=\"novalidate\" data-status=\"init\">\n<div style=\"display: none;\">\n<input type=\"hidden\" name=\"_wpcf7\" value=\"12358\" \/>\n<input type=\"hidden\" name=\"_wpcf7_version\" value=\"6.0.6\" \/>\n<input type=\"hidden\" name=\"_wpcf7_locale\" value=\"es_ES\" \/>\n<input type=\"hidden\" name=\"_wpcf7_unit_tag\" value=\"wpcf7-f12358-o1\" \/>\n<input type=\"hidden\" name=\"_wpcf7_container_post\" value=\"0\" \/>\n<input type=\"hidden\" name=\"_wpcf7_posted_data_hash\" value=\"\" \/>\n<input type=\"hidden\" name=\"_wpcf7_recaptcha_response\" value=\"\" \/>\n<\/div>\n<div class=\"request_callback\">\n        <div class=\"input-group\">\n            <span class=\"wpcf7-form-control-wrap\" data-name=\"your-subject\"><input size=\"40\" maxlength=\"400\" class=\"wpcf7-form-control wpcf7-text wpcf7-validates-as-required\" aria-required=\"true\" aria-invalid=\"false\" placeholder=\"Sujeto *\" value=\"\" type=\"text\" name=\"your-subject\" \/><\/span>\n        <div class=\"input-group\">\n            <span class=\"wpcf7-form-control-wrap\" data-name=\"your-message\"><textarea cols=\"40\" rows=\"10\" maxlength=\"2000\" class=\"wpcf7-form-control wpcf7-textarea wpcf7-validates-as-required height100\" aria-required=\"true\" aria-invalid=\"false\" placeholder=\"Mensaje *\" name=\"your-message\"><\/textarea><\/span>\n        <div class=\"input-group\">\n            <span class=\"wpcf7-form-control-wrap\" data-name=\"your-company\"><input size=\"40\" maxlength=\"400\" class=\"wpcf7-form-control wpcf7-text\" aria-invalid=\"false\" placeholder=\"Empresa\" value=\"\" type=\"text\" name=\"your-company\" \/><\/span>      \n        <div class=\"input-group\">\n            <span class=\"wpcf7-form-control-wrap\" data-name=\"your-name\"><input size=\"40\" maxlength=\"400\" class=\"wpcf7-form-control wpcf7-text wpcf7-validates-as-required\" aria-required=\"true\" aria-invalid=\"false\" placeholder=\"Nombre *\" value=\"\" type=\"text\" name=\"your-name\" \/><\/span>\n        <div class=\"input-group\">\n            <span class=\"wpcf7-form-control-wrap\" data-name=\"your-loc\"><input size=\"40\" maxlength=\"400\" class=\"wpcf7-form-control wpcf7-text wpcf7-validates-as-required\" aria-required=\"true\" aria-invalid=\"false\" placeholder=\"Localidad *\" value=\"\" type=\"text\" name=\"your-loc\" \/><\/span>\n        <div class=\"input-group\">\n            <span class=\"wpcf7-form-control-wrap\" data-name=\"your-tel\"><input size=\"40\" maxlength=\"400\" class=\"wpcf7-form-control wpcf7-tel wpcf7-validates-as-required wpcf7-text wpcf7-validates-as-tel\" aria-required=\"true\" aria-invalid=\"false\" placeholder=\"Contacto *\" value=\"\" type=\"tel\" name=\"your-tel\" \/><\/span>       \n        <div class=\"input-group\">\n            <span class=\"wpcf7-form-control-wrap\" data-name=\"your-email\"><input size=\"40\" maxlength=\"400\" class=\"wpcf7-form-control wpcf7-email wpcf7-validates-as-required wpcf7-text wpcf7-validates-as-email\" aria-required=\"true\" aria-invalid=\"false\" placeholder=\"E-mail *\" value=\"\" type=\"email\" name=\"your-email\" \/><\/span>      \n        <\/div>\n        <div class=\"input-group\">\n            <button type=\"submit\" class=\"button size-lg icon_right\">Enviar<i class=\"fa fa-chevron-right\"><\/i><\/button>\n        <\/div>\n<\/div><div class=\"wpcf7-response-output\" aria-hidden=\"true\"><\/div>\n<\/form>\n<\/div>\n[\/vc_column][\/vc_row]<\/p>\n<\/section>","protected":false},"excerpt":{"rendered":"<p>[vc_row full_width=&#8221;stretch_row_content_no_spaces&#8221; css=&#8221;.vc_custom_1654158973046{margin-top: 0px !important;margin-right: 0px !important;margin-bottom: 73px !important;margin-left: 0px !important;border-bottom-width: 8px !important;border-bottom-color: #d80d1b !important;border-bottom-style: solid !important;}&#8221;][vc_column][rev_slider_vc alias=&#8221;slider-agricultura&#8221;][\/vc_column][\/vc_row][vc_row][vc_column width=&#8221;1\/6&#8243;][vc_custom_heading icon=&#8221;icon-agri-agricultura&#8221; icon_size=&#8221;40&#8243; stripe_pos=&#8221;hide&#8221; text=&#8221;Agricultura&#8221; font_container=&#8221;tag:h4|font_size:23|text_align:left&#8221; google_fonts=&#8221;font_family:Poppins%3A300%2Cregular%2C500%2C600%2C700|font_style:400%20regular%3A400%3Anormal&#8221; css=&#8221;.vc_custom_1713183053382{margin-top: 0px !important;padding-top: 0px !important;}&#8221; el_class=&#8221;iconTitle&#8221; link=&#8221;url:https%3A%2F%2Fagricortes.com%2Fagricultura%2F&#8221;][vc_raw_html]JTVCYmVsbG93cyUyMGNvbmZpZ19pZCUzRCUyMm1haW4lMjIlMjBtZW51JTNEJTIyMTAwJTIyJTVE[\/vc_raw_html][\/vc_column][vc_column width=&#8221;2\/3&#8243;][vc_tta_tabs spacing=&#8221;5&#8243; active_section=&#8221;1&#8243; el_class=&#8221;theme_style&#8221;][vc_tta_section title=&#8221;ZETOR&#8221; tab_id=&#8221;tractores-zetor&#8221;][vc_row_inner][vc_column_inner width=&#8221;2\/3&#8243;][vc_single_image image=&#8221;14784&#8243; img_size=&#8221;&#8221; css=&#8221;.vc_custom_1659717163340{margin-bottom: 10px !important;}&#8221;][vc_column_text el_class=&#8221;Download_Files_List&#8221; css=&#8221;.vc_custom_1713183064226{margin-bottom: 0px !important;}&#8221;]zetor.com[\/vc_column_text][vc_custom_heading text=&#8221;TRACTORES ZETOR&#8221; google_fonts=&#8221;font_family:Poppins%3A300%2Cregular%2C500%2C600%2C700|font_style:400%20regular%3A400%3Anormal&#8221;][vc_column_text]Su satisfacci\u00f3n es nuestra fuerza<\/p>\n","protected":false},"author":5,"featured_media":0,"parent":0,"menu_order":0,"comment_status":"closed","ping_status":"closed","template":"","meta":{"footnotes":""},"class_list":["post-19579","page","type-page","status-publish","hentry"],"aioseo_notices":[],"_links":{"self":[{"href":"https:\/\/agricortes.com\/es\/wp-json\/wp\/v2\/pages\/19579","targetHints":{"allow":["GET"]}}],"collection":[{"href":"https:\/\/agricortes.com\/es\/wp-json\/wp\/v2\/pages"}],"about":[{"href":"https:\/\/agricortes.com\/es\/wp-json\/wp\/v2\/types\/page"}],"author":[{"embeddable":true,"href":"https:\/\/agricortes.com\/es\/wp-json\/wp\/v2\/users\/5"}],"replies":[{"embeddable":true,"href":"https:\/\/agricortes.com\/es\/wp-json\/wp\/v2\/comments?post=19579"}],"version-history":[{"count":7,"href":"https:\/\/agricortes.com\/es\/wp-json\/wp\/v2\/pages\/19579\/revisions"}],"predecessor-version":[{"id":20215,"href":"https:\/\/agricortes.com\/es\/wp-json\/wp\/v2\/pages\/19579\/revisions\/20215"}],"wp:attachment":[{"href":"https:\/\/agricortes.com\/es\/wp-json\/wp\/v2\/media?parent=19579"}],"curies":[{"name":"wp","href":"https:\/\/api.w.org\/{rel}","templated":true}]}}