{"id":19720,"date":"2023-09-12T09:03:21","date_gmt":"2023-09-12T09:03:21","guid":{"rendered":"https:\/\/agricortes.com\/zoomlion-empilhadores\/"},"modified":"2024-10-25T17:11:18","modified_gmt":"2024-10-25T17:11:18","slug":"zoomlion-carretillas","status":"publish","type":"page","link":"https:\/\/agricortes.com\/es\/zoomlion-carretillas\/","title":{"rendered":"ZOOMLION &#8211; Carretillas Elevadoras"},"content":{"rendered":"<section class=\"wpb-content-wrapper\"><p>[vc_row full_width=&#8221;stretch_row_content_no_spaces&#8221; css=&#8221;.vc_custom_1654162335575{margin-top: 0px !important;margin-right: 0px !important;margin-bottom: 73px !important;margin-left: 0px !important;border-bottom-width: 8px !important;border-bottom-color: #76cd00 !important;border-bottom-style: solid !important;}&#8221;][vc_column][rev_slider_vc alias=&#8221;slider-floresta-1&#8243;][\/vc_column][\/vc_row][vc_row][vc_column width=&#8221;1\/6&#8243;][vc_custom_heading icon=&#8221;icon-agri-logistica&#8221; icon_size=&#8221;40&#8243; stripe_pos=&#8221;hide&#8221; text=&#8221;Log\u00edstica&#8221; font_container=&#8221;tag:h4|font_size:23|text_align:left&#8221; google_fonts=&#8221;font_family:Poppins%3A300%2Cregular%2C500%2C600%2C700|font_style:400%20regular%3A400%3Anormal&#8221; css=&#8221;.vc_custom_1726156984321{margin-top: 0px !important;padding-top: 0px !important;}&#8221; el_class=&#8221;iconTitle&#8221; link=&#8221;url:https%3A%2F%2Fagricortes.com%2Fes%2Flogistica%2F&#8221;][vc_raw_html]JTVCYmVsbG93cyUyMGNvbmZpZ19pZCUzRCUyMm1haW4lMjIlMjBtZW51JTNEJTIyMTA0JTIyJTVE[\/vc_raw_html][\/vc_column][vc_column width=&#8221;2\/3&#8243;][vc_tta_tabs spacing=&#8221;5&#8243; active_section=&#8221;1&#8243; el_class=&#8221;theme_style&#8221;][vc_tta_section title=&#8221;ZOOMLION&#8221; tab_id=&#8221;1653314755352-a90f6af0-ddaa16535614593941697453371957&#8243;][vc_row_inner][vc_column_inner width=&#8221;2\/3&#8243;][vc_single_image image=&#8221;15397&#8243; img_size=&#8221;&#8221; css=&#8221;.vc_custom_1678461095902{margin-bottom: 10px !important;}&#8221;][vc_column_text css=&#8221;.vc_custom_1720818887402{margin-bottom: 0px !important;}&#8221;]<a href=\"http:\/\/en-product.zoomlion.com\" target=\"_blank\" rel=\"noopener\">zoomlion.com<\/a>[\/vc_column_text][vc_custom_heading text=&#8221;ZOOMLION&#8221; font_container=&#8221;tag:h1|text_align:left&#8221; google_fonts=&#8221;font_family:Poppins%3A300%2Cregular%2C500%2C600%2C700|font_style:400%20regular%3A400%3Anormal&#8221;][vc_column_text]<strong>Visi\u00f3n que crea el futuro<\/strong><\/p>\n<p>Zoomlion produce montacargas econ\u00f3micos y altamente confiables y est\u00e1 en la lista de los mayores fabricantes de estas m\u00e1quinas, siendo reconocido por su dise\u00f1o moderno y llamativo.<br \/>\nActualmente se ofrecen las siguientes gamas:<\/p>\n<ul>\n<li>Carretillas elevadoras industriales el\u00e9ctricas.<\/li>\n<li>Equipos de almac\u00e9n.<\/li>\n<li>Carretillas elevadoras industriales di\u00e9sel.<\/li>\n<li>Carretillas elevadoras todo terreno.<\/li>\n<\/ul>\n<p>[\/vc_column_text][\/vc_column_inner][vc_column_inner width=&#8221;1\/3&#8243;][vc_custom_heading icon=&#8221;icon-agri-construcao&#8221; icon_size=&#8221;40&#8243; stripe_pos=&#8221;hide&#8221; text=&#8221;Cat\u00e1logos&#8221; font_container=&#8221;tag:h4|font_size:23|text_align:left&#8221; google_fonts=&#8221;font_family:Poppins%3A300%2Cregular%2C500%2C600%2C700|font_style:400%20regular%3A400%3Anormal&#8221; css=&#8221;.vc_custom_1706122750833{margin-top: 0px !important;padding-top: 0px !important;}&#8221; el_class=&#8221;iconTitle&#8221;][vc_column_text el_class=&#8221;Download_Files_List&#8221;]<a href=\"https:\/\/agricortes.com\/wp-content\/uploads\/2024\/07\/Catalogo-Zoomlion-Logistica-EU.pdf\">CATALOGO ZOOMLION LOGISTICA<\/a>[\/vc_column_text][vc_single_image image=&#8221;17913&#8243; img_size=&#8221;full&#8221; onclick=&#8221;link_image&#8221;][vc_column_text]<iframe title=\"YouTube video player\" src=\"https:\/\/www.youtube.com\/embed\/i9e41uaf_m0?si=dTJwPkSgVNvCAIkB\" width=\"100%\" height=\"auto\" frameborder=\"0\" allowfullscreen=\"allowfullscreen\"><\/iframe>[\/vc_column_text][\/vc_column_inner][\/vc_row_inner][\/vc_tta_section][vc_tta_section title=&#8221;CARRETILLAS EL\u00c9CTRICAS&#8221; tab_id=&#8221;1653582942887-9d3e4bb4-3a901697453371957&#8243;][vc_row_inner][vc_column_inner width=&#8221;2\/3&#8243;][vc_single_image image=&#8221;15397&#8243; img_size=&#8221;&#8221; css=&#8221;.vc_custom_1678461095902{margin-bottom: 10px !important;}&#8221;][vc_column_text css=&#8221;.vc_custom_1720818918027{margin-bottom: 0px !important;}&#8221;]<a href=\"http:\/\/en-product.zoomlion.com\" target=\"_blank\" rel=\"noopener\">zoomlion.com<\/a>[\/vc_column_text][vc_custom_heading text=&#8221;CARRETILLAS EL\u00c9CTRICAS&#8221; font_container=&#8221;tag:h1|text_align:left&#8221; google_fonts=&#8221;font_family:Poppins%3A300%2Cregular%2C500%2C600%2C700|font_style:400%20regular%3A400%3Anormal&#8221;][vc_column_text]Dos series, todas ellas que ofrecen un alto nivel de comodidad de conducci\u00f3n, ideales para aplicaciones de manipulaci\u00f3n de materiales ligeros a medianos en espacios interiores.<\/p>\n<ul>\n<li>FB de 4 ruedas de 1,5 a 3,5 toneladas.<\/li>\n<li>FE de 3 ruedas de 1,6 a 2 toneladas.<\/li>\n<\/ul>\n<p>Vienen equipados con cargador de bater\u00edas trif\u00e1sico, bater\u00edas de plomo o litio, sistema de corriente alterna (AC) en el motor de tracci\u00f3n, motor de elevaci\u00f3n y control el\u00e9ctrico Curtis, completos dispositivos para circular por la v\u00eda p\u00fablica y controlar el estado de la m\u00e1quina a trav\u00e9s de una consola de instrumentos digital completa y ergon\u00f3mica.<\/p>\n<p>Est\u00e1n disponibles varios m\u00e1stiles con alturas de servicio de hasta 8 metros, equipados con horquillas de 120 cm para trabajar con palets est\u00e1ndar de 80\u00d7120 cm.<\/p>\n<p>Para el transporte interior equipan neum\u00e1ticos s\u00faper el\u00e1sticos blancos, para el transporte exterior equipan ruedas neum\u00e1ticas.[\/vc_column_text][\/vc_column_inner][vc_column_inner width=&#8221;1\/3&#8243;][vc_custom_heading icon=&#8221;icon-agri-construcao&#8221; icon_size=&#8221;40&#8243; stripe_pos=&#8221;hide&#8221; text=&#8221;Cat\u00e1logos&#8221; font_container=&#8221;tag:h4|font_size:23|text_align:left&#8221; google_fonts=&#8221;font_family:Poppins%3A300%2Cregular%2C500%2C600%2C700|font_style:400%20regular%3A400%3Anormal&#8221; css=&#8221;.vc_custom_1706122750833{margin-top: 0px !important;padding-top: 0px !important;}&#8221; el_class=&#8221;iconTitle&#8221;][vc_column_text el_class=&#8221;Download_Files_List&#8221;]<a href=\"https:\/\/agricortes.com\/wp-content\/uploads\/2024\/09\/Catalogo-Zoomlion-FB15-35.pdf\" target=\"_blank\" rel=\"noopener\">CATALOGO ZOOMLION FB15-35H<\/a><br \/>\n<a href=\"https:\/\/agricortes.com\/wp-content\/uploads\/2024\/07\/Catalogo-Zoomlion-FE-16H-20H.pdf\" target=\"_blank\" rel=\"noopener\">CATALOGO ZOOMLION FE16H-20H<\/a>[\/vc_column_text][vc_media_grid style=&#8221;lazy&#8221; element_width=&#8221;6&#8243; gap=&#8221;10&#8243; grid_id=&#8221;vc_gid:1729876273637-14895e4426f252c260d64bd3478fb0af-3&#8243; el_class=&#8221;imageGalleryMargin&#8221; include=&#8221;17923,17918,17920,17210&#8243;][\/vc_column_inner][\/vc_row_inner][\/vc_tta_section][vc_tta_section title=&#8221;CARRETILLAS ELEVADORAS DIESEL&#8221; tab_id=&#8221;1720820563493-7248dd10-b413&#8243;][vc_row_inner][vc_column_inner width=&#8221;2\/3&#8243;][vc_single_image image=&#8221;15397&#8243; img_size=&#8221;&#8221; css=&#8221;.vc_custom_1678461095902{margin-bottom: 10px !important;}&#8221;][vc_column_text css=&#8221;.vc_custom_1720818897113{margin-bottom: 0px !important;}&#8221;]<a href=\"http:\/\/en-product.zoomlion.com\" target=\"_blank\" rel=\"noopener\">zoomlion.com<\/a>[\/vc_column_text][vc_custom_heading text=&#8221;CARRETILLAS ELEVADORAS DIESEL&#8221; font_container=&#8221;tag:h1|text_align:left&#8221; google_fonts=&#8221;font_family:Poppins%3A300%2Cregular%2C500%2C600%2C700|font_style:400%20regular%3A400%3Anormal&#8221;][vc_column_text]La gama FD est\u00e1 dise\u00f1ada espec\u00edficamente para satisfacer las demandas de los duros trabajos de manipulaci\u00f3n de cargas industriales, ideal para aplicaciones de manipulaci\u00f3n de materiales en exteriores. Presenta una amplia gama de modelos desde 1,5 hasta 12 toneladas.<\/p>\n<p>Equipan los motores seg\u00fan los est\u00e1ndares europeos m\u00e1s exigentes, con bajos costes de mantenimiento.<\/p>\n<p>De m\u00e1stil resistente, apoyado sobre chasis monocasco y con amplia visibilidad, est\u00e1n equipados de serie con horquillas de 120 cm para trabajar con palets est\u00e1ndar de 80\u00d7120 cm, estando equipados con completos dispositivos para la circulaci\u00f3n por la v\u00eda p\u00fablica y seguimiento del estado de la m\u00e1quina.<\/p>\n<p>Vienen de serie con ruedas neum\u00e1ticas que aportan especial resistencia cuando se trabaja en obras con suelos menos preparados.[\/vc_column_text][\/vc_column_inner][vc_column_inner width=&#8221;1\/3&#8243;][vc_custom_heading icon=&#8221;icon-agri-logistica&#8221; icon_size=&#8221;40&#8243; stripe_pos=&#8221;hide&#8221; text=&#8221;Cat\u00e1logos&#8221; font_container=&#8221;tag:h4|font_size:23|text_align:left&#8221; google_fonts=&#8221;font_family:Poppins%3A300%2Cregular%2C500%2C600%2C700|font_style:400%20regular%3A400%3Anormal&#8221; css=&#8221;.vc_custom_1706806926951{margin-top: 0px !important;padding-top: 0px !important;}&#8221; el_class=&#8221;iconTitle&#8221;][vc_column_text el_class=&#8221;Download_Files_List&#8221;]<a href=\"https:\/\/agricortes.com\/wp-content\/uploads\/2024\/07\/Catalogo-Zoomlion-FD20-25-30-35H_faseIIIa.pdf\" target=\"_blank\" rel=\"noopener\">CATALOGO ZOOMLION FD20-25-30-35H<\/a>[\/vc_column_text][vc_media_grid style=&#8221;lazy&#8221; element_width=&#8221;6&#8243; gap=&#8221;10&#8243; grid_id=&#8221;vc_gid:1729876273828-8bdf9805067049f004b26b56ed288e65-7&#8243; el_class=&#8221;imageGalleryMargin&#8221; include=&#8221;19907,19909,19911,19905&#8243;][vc_column_text]<div style=\"width: 1120px;\" class=\"wp-video\"><!--[if lt IE 9]><script>document.createElement('video');<\/script><![endif]-->\n<video class=\"wp-video-shortcode\" id=\"video-19720-1\" width=\"1120\" height=\"630\" loop=\"1\" preload=\"none\" controls=\"controls\"><source type=\"video\/mp4\" src=\"https:\/\/agricortes.com\/wp-content\/uploads\/2024\/10\/Zoomlion-FD25.mp4?_=1\" \/><a href=\"https:\/\/agricortes.com\/wp-content\/uploads\/2024\/10\/Zoomlion-FD25.mp4\">https:\/\/agricortes.com\/wp-content\/uploads\/2024\/10\/Zoomlion-FD25.mp4<\/a><\/video><\/div>[\/vc_column_text][\/vc_column_inner][\/vc_row_inner][\/vc_tta_section][vc_tta_section title=&#8221;CARRETILLAS TODO TERRENO&#8221; tab_id=&#8221;1653934073639-287e62b9-7f911697453371957&#8243;][vc_row_inner][vc_column_inner width=&#8221;2\/3&#8243;][vc_single_image image=&#8221;15397&#8243; img_size=&#8221;&#8221; css=&#8221;.vc_custom_1678461095902{margin-bottom: 10px !important;}&#8221;][vc_column_text css=&#8221;.vc_custom_1720818906487{margin-bottom: 0px !important;}&#8221;]<a href=\"http:\/\/en-product.zoomlion.com\" target=\"_blank\" rel=\"noopener\">zoomlion.com<\/a>[\/vc_column_text][vc_custom_heading text=&#8221;CARRETILLAS TODO TERRENO&#8221; font_container=&#8221;tag:h1|text_align:left&#8221; google_fonts=&#8221;font_family:Poppins%3A300%2Cregular%2C500%2C600%2C700|font_style:400%20regular%3A400%3Anormal&#8221;][vc_column_text]La serie SD est\u00e1 dise\u00f1ada para manipular cargas en terrenos dif\u00edciles, por lo que es ideal para trabajos pesados \u200b\u200by al aire libre.<br \/>\nEquipa estaci\u00f3n de operaci\u00f3n FOPS, montada sobre sistema flotante, volante ajustable, panel de control completo, asiento con suspensi\u00f3n y sistema de seguridad del operador OPS, luces LED.<br \/>\nTransmisi\u00f3n electrohidr\u00e1ulica y bloqueo autom\u00e1tico del diferencial. Direcci\u00f3n hidrost\u00e1tica.<br \/>\nDesplazamiento lateral hidr\u00e1ulico integrado del m\u00e1stil, con m\u00e1stil est\u00e1ndar de 3000 mm (opcional hasta 6000 mm) y horquillas de 1220 mm para europalets.<\/p>\n<p>Especificaciones 2WD:<\/p>\n<ul>\n<li>Capacidad de 1,5 a 3,5 toneladas.<\/li>\n<li>Antes neum\u00e1ticos todo terreno, luego industriales.<\/li>\n<li>Inclinaci\u00f3n m\u00e1xima bajo carga 20%.<\/li>\n<\/ul>\n<p>Especificaciones 4WD:<\/p>\n<ul>\n<li>Capacidad de 3 a 5 toneladas.<\/li>\n<li>Neum\u00e1ticos todo terreno.<\/li>\n<li>Inclinaci\u00f3n m\u00e1xima bajo carga 20%.<\/li>\n<\/ul>\n<p>[\/vc_column_text][\/vc_column_inner][vc_column_inner width=&#8221;1\/3&#8243;][vc_custom_heading icon=&#8221;icon-agri-logistica&#8221; icon_size=&#8221;40&#8243; stripe_pos=&#8221;hide&#8221; text=&#8221;Cat\u00e1logos&#8221; font_container=&#8221;tag:h4|font_size:23|text_align:left&#8221; google_fonts=&#8221;font_family:Poppins%3A300%2Cregular%2C500%2C600%2C700|font_style:400%20regular%3A400%3Anormal&#8221; css=&#8221;.vc_custom_1706813294576{margin-top: 0px !important;padding-top: 0px !important;}&#8221; el_class=&#8221;iconTitle&#8221;][vc_media_grid style=&#8221;lazy&#8221; element_width=&#8221;6&#8243; gap=&#8221;10&#8243; grid_id=&#8221;vc_gid:1729876273994-1053f1ecb20aeb494e48e2692e6d2676-3&#8243; el_class=&#8221;imageGalleryMargin&#8221; include=&#8221;19916,19914,17934,17936&#8243;][\/vc_column_inner][\/vc_row_inner][\/vc_tta_section][vc_tta_section title=&#8221;ACCESORIOS&#8221; tab_id=&#8221;1653934185838-68511d8b-641d1697453371957&#8243;][vc_row_inner][vc_column_inner width=&#8221;2\/3&#8243;][vc_single_image image=&#8221;15397&#8243; img_size=&#8221;&#8221; css=&#8221;.vc_custom_1678461095902{margin-bottom: 10px !important;}&#8221;][vc_column_text css=&#8221;.vc_custom_1720818928258{margin-bottom: 0px !important;}&#8221;]<a href=\"http:\/\/en-product.zoomlion.com\" target=\"_blank\" rel=\"noopener\">zoomlion.com<\/a>[\/vc_column_text][vc_custom_heading text=&#8221;ACCESORIOS&#8221; font_container=&#8221;tag:h1|text_align:left&#8221; google_fonts=&#8221;font_family:Poppins%3A300%2Cregular%2C500%2C600%2C700|font_style:400%20regular%3A400%3Anormal&#8221;][vc_column_text]Opciones<\/p>\n<ul>\n<li>Cabina cerrada con calefacci\u00f3n<\/li>\n<li>Aire acondicionado<\/li>\n<li>Banco de suspensi\u00f3n<\/li>\n<li>Neum\u00e1ticos macizos<\/li>\n<li>Neum\u00e1ticos de colores (verde o blanco)<\/li>\n<li>Para llamas<\/li>\n<li>Escape vertical<\/li>\n<li>Extintor<\/li>\n<li>V\u00e1lvulas auxiliares hidr\u00e1ulicas<\/li>\n<li>Color especial<\/li>\n<\/ul>\n<p>Equipo<\/p>\n<ul>\n<li>Juego de ruedas dobles<\/li>\n<li>M\u00e1stiles de elevaci\u00f3n libre simplex, d\u00faplex y tr\u00edplex<\/li>\n<li>Bastidor de porta horquillas extendido<\/li>\n<li>Extensiones de horquilla<\/li>\n<li>Tenedores largos<\/li>\n<li>Horquillas giratorias<\/li>\n<li>Horquillas dobles<\/li>\n<li>Posicionamiento hidr\u00e1ulico de la horquilla<\/li>\n<li>Saltadores<\/li>\n<li>Pinzas para diversos fines<\/li>\n<li>Cucharas<\/li>\n<li>Estabilizador de carga<\/li>\n<li>Gr\u00faas<\/li>\n<li>Barredoras<\/li>\n<li>Gancho<\/li>\n<li>Enrolladores de tubos<\/li>\n<li>y varios otros implementos<\/li>\n<\/ul>\n<p>[\/vc_column_text][\/vc_column_inner][vc_column_inner width=&#8221;1\/3&#8243;][vc_media_grid style=&#8221;lazy&#8221; element_width=&#8221;6&#8243; gap=&#8221;10&#8243; grid_id=&#8221;vc_gid:1729876274147-c2c6cba35ab254679e4d87c47cb8c430-4&#8243; el_class=&#8221;imageGalleryMargin&#8221; include=&#8221;17926&#8243;][\/vc_column_inner][\/vc_row_inner][\/vc_tta_section][\/vc_tta_tabs][\/vc_column][vc_column width=&#8221;1\/6&#8243;][vc_custom_heading icon=&#8221;stm-email2&#8243; icon_size=&#8221;40&#8243; stripe_pos=&#8221;hide&#8221; text=&#8221;Contacto&#8221; font_container=&#8221;tag:h4|font_size:23|text_align:left&#8221; google_fonts=&#8221;font_family:Poppins%3A300%2Cregular%2C500%2C600%2C700|font_style:400%20regular%3A400%3Anormal&#8221; css=&#8221;.vc_custom_1704471394135{margin-top: 0px !important;padding-top: 0px !important;}&#8221; el_class=&#8221;iconTitle&#8221;]\n<div class=\"wpcf7 no-js\" id=\"wpcf7-f12358-o1\" lang=\"es-ES\" dir=\"ltr\" data-wpcf7-id=\"12358\">\n<div class=\"screen-reader-response\"><p role=\"status\" aria-live=\"polite\" aria-atomic=\"true\"><\/p> <ul><\/ul><\/div>\n<form action=\"\/es\/wp-json\/wp\/v2\/pages\/19720#wpcf7-f12358-o1\" method=\"post\" class=\"wpcf7-form init\" aria-label=\"Formulario de contacto\" novalidate=\"novalidate\" data-status=\"init\">\n<div style=\"display: none;\">\n<input type=\"hidden\" name=\"_wpcf7\" value=\"12358\" \/>\n<input type=\"hidden\" name=\"_wpcf7_version\" value=\"6.0.6\" \/>\n<input type=\"hidden\" name=\"_wpcf7_locale\" value=\"es_ES\" \/>\n<input type=\"hidden\" name=\"_wpcf7_unit_tag\" value=\"wpcf7-f12358-o1\" \/>\n<input type=\"hidden\" name=\"_wpcf7_container_post\" value=\"0\" \/>\n<input type=\"hidden\" name=\"_wpcf7_posted_data_hash\" value=\"\" \/>\n<input type=\"hidden\" name=\"_wpcf7_recaptcha_response\" value=\"\" \/>\n<\/div>\n<div class=\"request_callback\">\n        <div class=\"input-group\">\n            <span class=\"wpcf7-form-control-wrap\" data-name=\"your-subject\"><input size=\"40\" maxlength=\"400\" class=\"wpcf7-form-control wpcf7-text wpcf7-validates-as-required\" aria-required=\"true\" aria-invalid=\"false\" placeholder=\"Sujeto *\" value=\"\" type=\"text\" name=\"your-subject\" \/><\/span>\n        <div class=\"input-group\">\n            <span class=\"wpcf7-form-control-wrap\" data-name=\"your-message\"><textarea cols=\"40\" rows=\"10\" maxlength=\"2000\" class=\"wpcf7-form-control wpcf7-textarea wpcf7-validates-as-required height100\" aria-required=\"true\" aria-invalid=\"false\" placeholder=\"Mensaje *\" name=\"your-message\"><\/textarea><\/span>\n        <div class=\"input-group\">\n            <span class=\"wpcf7-form-control-wrap\" data-name=\"your-company\"><input size=\"40\" maxlength=\"400\" class=\"wpcf7-form-control wpcf7-text\" aria-invalid=\"false\" placeholder=\"Empresa\" value=\"\" type=\"text\" name=\"your-company\" \/><\/span>      \n        <div class=\"input-group\">\n            <span class=\"wpcf7-form-control-wrap\" data-name=\"your-name\"><input size=\"40\" maxlength=\"400\" class=\"wpcf7-form-control wpcf7-text wpcf7-validates-as-required\" aria-required=\"true\" aria-invalid=\"false\" placeholder=\"Nombre *\" value=\"\" type=\"text\" name=\"your-name\" \/><\/span>\n        <div class=\"input-group\">\n            <span class=\"wpcf7-form-control-wrap\" data-name=\"your-loc\"><input size=\"40\" maxlength=\"400\" class=\"wpcf7-form-control wpcf7-text wpcf7-validates-as-required\" aria-required=\"true\" aria-invalid=\"false\" placeholder=\"Localidad *\" value=\"\" type=\"text\" name=\"your-loc\" \/><\/span>\n        <div class=\"input-group\">\n            <span class=\"wpcf7-form-control-wrap\" data-name=\"your-tel\"><input size=\"40\" maxlength=\"400\" class=\"wpcf7-form-control wpcf7-tel wpcf7-validates-as-required wpcf7-text wpcf7-validates-as-tel\" aria-required=\"true\" aria-invalid=\"false\" placeholder=\"Contacto *\" value=\"\" type=\"tel\" name=\"your-tel\" \/><\/span>       \n        <div class=\"input-group\">\n            <span class=\"wpcf7-form-control-wrap\" data-name=\"your-email\"><input size=\"40\" maxlength=\"400\" class=\"wpcf7-form-control wpcf7-email wpcf7-validates-as-required wpcf7-text wpcf7-validates-as-email\" aria-required=\"true\" aria-invalid=\"false\" placeholder=\"E-mail *\" value=\"\" type=\"email\" name=\"your-email\" \/><\/span>      \n        <\/div>\n        <div class=\"input-group\">\n            <button type=\"submit\" class=\"button size-lg icon_right\">Enviar<i class=\"fa fa-chevron-right\"><\/i><\/button>\n        <\/div>\n<\/div><div class=\"wpcf7-response-output\" aria-hidden=\"true\"><\/div>\n<\/form>\n<\/div>\n[\/vc_column][\/vc_row]<\/p>\n<\/section>","protected":false},"excerpt":{"rendered":"<p>[vc_row full_width=&#8221;stretch_row_content_no_spaces&#8221; css=&#8221;.vc_custom_1654162335575{margin-top: 0px !important;margin-right: 0px !important;margin-bottom: 73px !important;margin-left: 0px !important;border-bottom-width: 8px !important;border-bottom-color: #76cd00 !important;border-bottom-style: solid !important;}&#8221;][vc_column][rev_slider_vc alias=&#8221;slider-floresta-1&#8243;][\/vc_column][\/vc_row][vc_row][vc_column width=&#8221;1\/6&#8243;][vc_custom_heading icon=&#8221;icon-agri-logistica&#8221; icon_size=&#8221;40&#8243; stripe_pos=&#8221;hide&#8221; text=&#8221;Log\u00edstica&#8221; font_container=&#8221;tag:h4|font_size:23|text_align:left&#8221; google_fonts=&#8221;font_family:Poppins%3A300%2Cregular%2C500%2C600%2C700|font_style:400%20regular%3A400%3Anormal&#8221; css=&#8221;.vc_custom_1726156984321{margin-top: 0px !important;padding-top: 0px !important;}&#8221; el_class=&#8221;iconTitle&#8221; link=&#8221;url:https%3A%2F%2Fagricortes.com%2Fes%2Flogistica%2F&#8221;][vc_raw_html]JTVCYmVsbG93cyUyMGNvbmZpZ19pZCUzRCUyMm1haW4lMjIlMjBtZW51JTNEJTIyMTA0JTIyJTVE[\/vc_raw_html][\/vc_column][vc_column width=&#8221;2\/3&#8243;][vc_tta_tabs spacing=&#8221;5&#8243; active_section=&#8221;1&#8243; el_class=&#8221;theme_style&#8221;][vc_tta_section title=&#8221;ZOOMLION&#8221; tab_id=&#8221;1653314755352-a90f6af0-ddaa16535614593941697453371957&#8243;][vc_row_inner][vc_column_inner width=&#8221;2\/3&#8243;][vc_single_image image=&#8221;15397&#8243; img_size=&#8221;&#8221; css=&#8221;.vc_custom_1678461095902{margin-bottom: 10px !important;}&#8221;][vc_column_text css=&#8221;.vc_custom_1720818887402{margin-bottom: 0px !important;}&#8221;]zoomlion.com[\/vc_column_text][vc_custom_heading text=&#8221;ZOOMLION&#8221; font_container=&#8221;tag:h1|text_align:left&#8221; google_fonts=&#8221;font_family:Poppins%3A300%2Cregular%2C500%2C600%2C700|font_style:400%20regular%3A400%3Anormal&#8221;][vc_column_text]Visi\u00f3n que crea el futuro Zoomlion<\/p>\n","protected":false},"author":5,"featured_media":0,"parent":0,"menu_order":0,"comment_status":"closed","ping_status":"closed","template":"","meta":{"footnotes":""},"class_list":["post-19720","page","type-page","status-publish","hentry"],"aioseo_notices":[],"_links":{"self":[{"href":"https:\/\/agricortes.com\/es\/wp-json\/wp\/v2\/pages\/19720","targetHints":{"allow":["GET"]}}],"collection":[{"href":"https:\/\/agricortes.com\/es\/wp-json\/wp\/v2\/pages"}],"about":[{"href":"https:\/\/agricortes.com\/es\/wp-json\/wp\/v2\/types\/page"}],"author":[{"embeddable":true,"href":"https:\/\/agricortes.com\/es\/wp-json\/wp\/v2\/users\/5"}],"replies":[{"embeddable":true,"href":"https:\/\/agricortes.com\/es\/wp-json\/wp\/v2\/comments?post=19720"}],"version-history":[{"count":27,"href":"https:\/\/agricortes.com\/es\/wp-json\/wp\/v2\/pages\/19720\/revisions"}],"predecessor-version":[{"id":20096,"href":"https:\/\/agricortes.com\/es\/wp-json\/wp\/v2\/pages\/19720\/revisions\/20096"}],"wp:attachment":[{"href":"https:\/\/agricortes.com\/es\/wp-json\/wp\/v2\/media?parent=19720"}],"curies":[{"name":"wp","href":"https:\/\/api.w.org\/{rel}","templated":true}]}}