{"id":19737,"date":"2024-03-01T15:48:48","date_gmt":"2024-03-01T15:48:48","guid":{"rendered":"https:\/\/agricortes.com\/femac-escavad-abre-valas\/"},"modified":"2025-03-11T12:08:23","modified_gmt":"2025-03-11T12:08:23","slug":"femac-escavad-abre-valas","status":"publish","type":"page","link":"https:\/\/agricortes.com\/es\/femac-escavad-abre-valas\/","title":{"rendered":"FEMAC &#8211; Escavad. abre valas"},"content":{"rendered":"<section class=\"wpb-content-wrapper\"><p>[vc_row full_width=&#8221;stretch_row_content_no_spaces&#8221; css=&#8221;.vc_custom_1654158973046{margin-top: 0px !important;margin-right: 0px !important;margin-bottom: 73px !important;margin-left: 0px !important;border-bottom-width: 8px !important;border-bottom-color: #d80d1b !important;border-bottom-style: solid !important;}&#8221;][vc_column][rev_slider_vc alias=&#8221;slider-agricultura&#8221;][\/vc_column][\/vc_row][vc_row][vc_column width=&#8221;1\/6&#8243;][vc_custom_heading icon=&#8221;icon-agri-agricultura&#8221; icon_size=&#8221;40&#8243; stripe_pos=&#8221;hide&#8221; text=&#8221;Agricultura&#8221; font_container=&#8221;tag:h4|font_size:23|text_align:left&#8221; google_fonts=&#8221;font_family:Poppins%3A300%2Cregular%2C500%2C600%2C700|font_style:400%20regular%3A400%3Anormal&#8221; css=&#8221;.vc_custom_1713201516084{margin-top: 0px !important;padding-top: 0px !important;}&#8221; el_class=&#8221;iconTitle&#8221; link=&#8221;url:https%3A%2F%2Fagricortes.com%2Fagricultura&#8221;][vc_raw_html]JTVCYmVsbG93cyUyMGNvbmZpZ19pZCUzRCUyMm1haW4lMjIlMjBtZW51JTNEJTIyMTAwJTIyJTVE[\/vc_raw_html][\/vc_column][vc_column width=&#8221;2\/3&#8243;][vc_tta_tabs spacing=&#8221;5&#8243; active_section=&#8221;1&#8243; el_class=&#8221;theme_style&#8221;][vc_tta_section title=&#8221;FEMAC&#8221; tab_id=&#8221;femac&#8221;][vc_row_inner][vc_column_inner width=&#8221;2\/3&#8243;][vc_single_image image=&#8221;18255&#8243; img_size=&#8221;&#8221; css=&#8221;.vc_custom_1709308387590{margin-bottom: 10px !important;}&#8221;][vc_custom_heading text=&#8221;FEMAC&#8221; font_container=&#8221;tag:h1|text_align:left&#8221; google_fonts=&#8221;font_family:Poppins%3A300%2Cregular%2C500%2C600%2C700|font_style:400%20regular%3A400%3Anormal&#8221;][vc_column_text]<strong>Equipamento realmente ativo.<\/strong><\/p>\n<p>A Femac \u00e9 uma empresa familiar com s\u00f3lidas ra\u00edzes gra\u00e7as a Emilio Fratini, fundador desde 1978. Tem-se caracterizado por ser uma empresa com ideias novas e determina\u00e7\u00e3o, combinada com a experi\u00eancia adquirida ao longo de d\u00e9cadas na \u00e1rea de soldagem rob\u00f3tica e precis\u00e3o mec\u00e2nica. Por ser uma empresa em constante crescimento, que prop\u00f5e uma ampla gama de produtos, todos fabricados na It\u00e1lia, nas categorias trituradores hidr\u00e1ulicos e retros abre valas.<\/p>\n<p><em>\u00a0<\/em>[\/vc_column_text][\/vc_column_inner][vc_column_inner width=&#8221;1\/3&#8243;][vc_single_image image=&#8221;18267&#8243;][\/vc_column_inner][\/vc_row_inner][\/vc_tta_section][vc_tta_section title=&#8221;ABRE VALAS&#8221; tab_id=&#8221;abre-valas&#8221;][vc_row_inner][vc_column_inner width=&#8221;2\/3&#8243;][vc_single_image image=&#8221;18255&#8243; img_size=&#8221;&#8221; css=&#8221;.vc_custom_1709308426334{margin-bottom: 10px !important;}&#8221;][vc_custom_heading text=&#8221;ABRE VALAS&#8221; font_container=&#8221;tag:h1|text_align:left&#8221; google_fonts=&#8221;font_family:Poppins%3A300%2Cregular%2C500%2C600%2C700|font_style:400%20regular%3A400%3Anormal&#8221;][vc_column_text]Aplic\u00e1vel em todo o tipo de tratores de rodas ou rastos dotados de elevador hidr\u00e1ulico e ataque aos 3 pontos.<br \/>\nA montagem \u00e9 r\u00e1pida e a escavadora mantida est\u00e1vel e operacional por meio de kits de fixa\u00e7\u00e3o \u00e0 traseira do trator.<br \/>\nCaracter\u00edsticas principais:<\/p>\n<ul>\n<li>Sistema hidr\u00e1ulico independente.<\/li>\n<li>Bloqueio hidr\u00e1ulico da rota\u00e7\u00e3o.<\/li>\n<li>Rota\u00e7\u00e3o 180\u00ba.<\/li>\n<li>Distribuidor hidr\u00e1ulico com alavancas tipo &#8220;joystick&#8221;.<\/li>\n<li>V\u00e1lvulas de seguran\u00e7a anti-cavita\u00e7\u00e3o e anti-choque.<\/li>\n<li>Todos os modelos com deslocamento hidr\u00e1ulico lateral.<\/li>\n<\/ul>\n<div class=\"table-responsive\">\n<table class=\"table\" style=\"background: #FFF;\">\n<thead>\n<tr style=\"background: #a32035; color: #ffffff;\">\n<td><small><strong>Modelo<\/strong><\/small><\/td>\n<td><small><strong>S\u00e9rie 3<\/strong><\/small><\/td>\n<td><small><strong>S\u00e9rie 4<\/strong><\/small><\/td>\n<td><small><strong>S\u00e9rie 5<\/strong><\/small><\/td>\n<td><small><strong>S\u00e9rie 6<\/strong><\/small><\/td>\n<\/tr>\n<\/thead>\n<tbody>\n<tr>\n<td><small><strong>Profundidade escava\u00e7\u00e3o<\/strong><\/small><\/td>\n<td><small>170 cm<\/small><\/td>\n<td><small>220 cm<\/small><\/td>\n<td><small>260 cm<\/small><\/td>\n<td><small>290 cm<\/small><\/td>\n<\/tr>\n<tr>\n<td><small><strong>Balde<\/strong><\/small><\/td>\n<td><small>30 cm<\/small><\/td>\n<td><small>40 cm<\/small><\/td>\n<td><small>40 cm<\/small><\/td>\n<td><small>40 cm<\/small><\/td>\n<\/tr>\n<tr>\n<td><small><strong>For\u00e7a de escava\u00e7\u00e3o<\/strong><\/small><\/td>\n<td><small>1500 kg<\/small><\/td>\n<td><small>2200 kg<\/small><\/td>\n<td><small>2800 kg<\/small><\/td>\n<td><small>3500 kg<\/small><\/td>\n<\/tr>\n<tr>\n<td><small><strong>Peso<\/strong><\/small><\/td>\n<td><small>285 Kg<\/small><\/td>\n<td><small>375 Kg<\/small><\/td>\n<td><small>580 Kg<\/small><\/td>\n<td><small>730 Kg<\/small><\/td>\n<\/tr>\n<tr>\n<td><small><strong>Pot\u00eancia necess\u00e1ria<\/strong><\/small><\/td>\n<td><small>20-30 hp<\/small><\/td>\n<td><small>35-55 hp<\/small><\/td>\n<td><small>55-90 hp<\/small><\/td>\n<td><small>75-110 hp<\/small><\/td>\n<\/tr>\n<\/tbody>\n<\/table>\n<\/div>\n<p>Acess\u00f3rios:<\/p>\n<ul>\n<li>Balde de escava\u00e7\u00e3o<\/li>\n<li>Balde de limpeza de fossas<\/li>\n<li>Pin\u00e7a<\/li>\n<li>Broca<\/li>\n<li>Martelo hidr\u00e1ulico<\/li>\n<\/ul>\n<p>[\/vc_column_text][\/vc_column_inner][vc_column_inner width=&#8221;1\/3&#8243;][vc_media_grid style=&#8221;lazy&#8221; element_width=&#8221;6&#8243; gap=&#8221;10&#8243; grid_id=&#8221;vc_gid:1741694719778-2874a145-a788-9&#8243; include=&#8221;18258,18260,18262,18264&#8243; el_class=&#8221;imageGalleryMargin&#8221;][\/vc_column_inner][\/vc_row_inner][\/vc_tta_section][\/vc_tta_tabs][\/vc_column][vc_column width=&#8221;1\/6&#8243;][vc_custom_heading icon=&#8221;stm-email2&#8243; icon_size=&#8221;40&#8243; stripe_pos=&#8221;hide&#8221; text=&#8221;Contacto&#8221; font_container=&#8221;tag:h4|font_size:23|text_align:left&#8221; google_fonts=&#8221;font_family:Poppins%3A300%2Cregular%2C500%2C600%2C700|font_style:400%20regular%3A400%3Anormal&#8221; css=&#8221;.vc_custom_1704469482665{margin-top: 0px !important;padding-top: 0px !important;}&#8221; el_class=&#8221;iconTitle&#8221;]\n<div class=\"wpcf7 no-js\" id=\"wpcf7-f12358-o1\" lang=\"es-ES\" dir=\"ltr\" data-wpcf7-id=\"12358\">\n<div class=\"screen-reader-response\"><p role=\"status\" aria-live=\"polite\" aria-atomic=\"true\"><\/p> <ul><\/ul><\/div>\n<form action=\"\/es\/wp-json\/wp\/v2\/pages\/19737#wpcf7-f12358-o1\" method=\"post\" class=\"wpcf7-form init\" aria-label=\"Formulario de contacto\" novalidate=\"novalidate\" data-status=\"init\">\n<div style=\"display: none;\">\n<input type=\"hidden\" name=\"_wpcf7\" value=\"12358\" \/>\n<input type=\"hidden\" name=\"_wpcf7_version\" value=\"6.0.6\" \/>\n<input type=\"hidden\" name=\"_wpcf7_locale\" value=\"es_ES\" \/>\n<input type=\"hidden\" name=\"_wpcf7_unit_tag\" value=\"wpcf7-f12358-o1\" \/>\n<input type=\"hidden\" name=\"_wpcf7_container_post\" value=\"0\" \/>\n<input type=\"hidden\" name=\"_wpcf7_posted_data_hash\" value=\"\" \/>\n<input type=\"hidden\" name=\"_wpcf7_recaptcha_response\" value=\"\" \/>\n<\/div>\n<div class=\"request_callback\">\n        <div class=\"input-group\">\n            <span class=\"wpcf7-form-control-wrap\" data-name=\"your-subject\"><input size=\"40\" maxlength=\"400\" class=\"wpcf7-form-control wpcf7-text wpcf7-validates-as-required\" aria-required=\"true\" aria-invalid=\"false\" placeholder=\"Sujeto *\" value=\"\" type=\"text\" name=\"your-subject\" \/><\/span>\n        <div class=\"input-group\">\n            <span class=\"wpcf7-form-control-wrap\" data-name=\"your-message\"><textarea cols=\"40\" rows=\"10\" maxlength=\"2000\" class=\"wpcf7-form-control wpcf7-textarea wpcf7-validates-as-required height100\" aria-required=\"true\" aria-invalid=\"false\" placeholder=\"Mensaje *\" name=\"your-message\"><\/textarea><\/span>\n        <div class=\"input-group\">\n            <span class=\"wpcf7-form-control-wrap\" data-name=\"your-company\"><input size=\"40\" maxlength=\"400\" class=\"wpcf7-form-control wpcf7-text\" aria-invalid=\"false\" placeholder=\"Empresa\" value=\"\" type=\"text\" name=\"your-company\" \/><\/span>      \n        <div class=\"input-group\">\n            <span class=\"wpcf7-form-control-wrap\" data-name=\"your-name\"><input size=\"40\" maxlength=\"400\" class=\"wpcf7-form-control wpcf7-text wpcf7-validates-as-required\" aria-required=\"true\" aria-invalid=\"false\" placeholder=\"Nombre *\" value=\"\" type=\"text\" name=\"your-name\" \/><\/span>\n        <div class=\"input-group\">\n            <span class=\"wpcf7-form-control-wrap\" data-name=\"your-loc\"><input size=\"40\" maxlength=\"400\" class=\"wpcf7-form-control wpcf7-text wpcf7-validates-as-required\" aria-required=\"true\" aria-invalid=\"false\" placeholder=\"Localidad *\" value=\"\" type=\"text\" name=\"your-loc\" \/><\/span>\n        <div class=\"input-group\">\n            <span class=\"wpcf7-form-control-wrap\" data-name=\"your-tel\"><input size=\"40\" maxlength=\"400\" class=\"wpcf7-form-control wpcf7-tel wpcf7-validates-as-required wpcf7-text wpcf7-validates-as-tel\" aria-required=\"true\" aria-invalid=\"false\" placeholder=\"Contacto *\" value=\"\" type=\"tel\" name=\"your-tel\" \/><\/span>       \n        <div class=\"input-group\">\n            <span class=\"wpcf7-form-control-wrap\" data-name=\"your-email\"><input size=\"40\" maxlength=\"400\" class=\"wpcf7-form-control wpcf7-email wpcf7-validates-as-required wpcf7-text wpcf7-validates-as-email\" aria-required=\"true\" aria-invalid=\"false\" placeholder=\"E-mail *\" value=\"\" type=\"email\" name=\"your-email\" \/><\/span>      \n        <\/div>\n        <div class=\"input-group\">\n            <button type=\"submit\" class=\"button size-lg icon_right\">Enviar<i class=\"fa fa-chevron-right\"><\/i><\/button>\n        <\/div>\n<\/div><div class=\"wpcf7-response-output\" aria-hidden=\"true\"><\/div>\n<\/form>\n<\/div>\n[\/vc_column][\/vc_row]<\/p>\n<\/section>","protected":false},"excerpt":{"rendered":"<p>[vc_row full_width=&#8221;stretch_row_content_no_spaces&#8221; css=&#8221;.vc_custom_1654158973046{margin-top: 0px !important;margin-right: 0px !important;margin-bottom: 73px !important;margin-left: 0px !important;border-bottom-width: 8px !important;border-bottom-color: #d80d1b !important;border-bottom-style: solid !important;}&#8221;][vc_column][rev_slider_vc alias=&#8221;slider-agricultura&#8221;][\/vc_column][\/vc_row][vc_row][vc_column width=&#8221;1\/6&#8243;][vc_custom_heading icon=&#8221;icon-agri-agricultura&#8221; icon_size=&#8221;40&#8243; stripe_pos=&#8221;hide&#8221; text=&#8221;Agricultura&#8221; font_container=&#8221;tag:h4|font_size:23|text_align:left&#8221; google_fonts=&#8221;font_family:Poppins%3A300%2Cregular%2C500%2C600%2C700|font_style:400%20regular%3A400%3Anormal&#8221; css=&#8221;.vc_custom_1713201516084{margin-top: 0px !important;padding-top: 0px !important;}&#8221; el_class=&#8221;iconTitle&#8221; link=&#8221;url:https%3A%2F%2Fagricortes.com%2Fagricultura&#8221;][vc_raw_html]JTVCYmVsbG93cyUyMGNvbmZpZ19pZCUzRCUyMm1haW4lMjIlMjBtZW51JTNEJTIyMTAwJTIyJTVE[\/vc_raw_html][\/vc_column][vc_column width=&#8221;2\/3&#8243;][vc_tta_tabs spacing=&#8221;5&#8243; active_section=&#8221;1&#8243; el_class=&#8221;theme_style&#8221;][vc_tta_section title=&#8221;FEMAC&#8221; tab_id=&#8221;femac&#8221;][vc_row_inner][vc_column_inner width=&#8221;2\/3&#8243;][vc_single_image image=&#8221;18255&#8243; img_size=&#8221;&#8221; css=&#8221;.vc_custom_1709308387590{margin-bottom: 10px !important;}&#8221;][vc_custom_heading text=&#8221;FEMAC&#8221; font_container=&#8221;tag:h1|text_align:left&#8221; google_fonts=&#8221;font_family:Poppins%3A300%2Cregular%2C500%2C600%2C700|font_style:400%20regular%3A400%3Anormal&#8221;][vc_column_text]Equipamento realmente ativo. A Femac \u00e9 uma empresa familiar<\/p>\n","protected":false},"author":5,"featured_media":0,"parent":0,"menu_order":0,"comment_status":"closed","ping_status":"closed","template":"","meta":{"footnotes":""},"class_list":["post-19737","page","type-page","status-publish","hentry"],"aioseo_notices":[],"_links":{"self":[{"href":"https:\/\/agricortes.com\/es\/wp-json\/wp\/v2\/pages\/19737","targetHints":{"allow":["GET"]}}],"collection":[{"href":"https:\/\/agricortes.com\/es\/wp-json\/wp\/v2\/pages"}],"about":[{"href":"https:\/\/agricortes.com\/es\/wp-json\/wp\/v2\/types\/page"}],"author":[{"embeddable":true,"href":"https:\/\/agricortes.com\/es\/wp-json\/wp\/v2\/users\/5"}],"replies":[{"embeddable":true,"href":"https:\/\/agricortes.com\/es\/wp-json\/wp\/v2\/comments?post=19737"}],"version-history":[{"count":11,"href":"https:\/\/agricortes.com\/es\/wp-json\/wp\/v2\/pages\/19737\/revisions"}],"predecessor-version":[{"id":20572,"href":"https:\/\/agricortes.com\/es\/wp-json\/wp\/v2\/pages\/19737\/revisions\/20572"}],"wp:attachment":[{"href":"https:\/\/agricortes.com\/es\/wp-json\/wp\/v2\/media?parent=19737"}],"curies":[{"name":"wp","href":"https:\/\/api.w.org\/{rel}","templated":true}]}}