{"id":19741,"date":"2024-07-08T13:48:22","date_gmt":"2024-07-08T13:48:22","guid":{"rendered":"https:\/\/agricortes.com\/egretier\/"},"modified":"2026-01-22T12:11:04","modified_gmt":"2026-01-22T12:11:04","slug":"egretier","status":"publish","type":"page","link":"https:\/\/agricortes.com\/es\/egretier\/","title":{"rendered":"EGRETIER &#8211; Interfilas"},"content":{"rendered":"<section class=\"wpb-content-wrapper\"><p>[vc_row full_width=&#8221;stretch_row_content_no_spaces&#8221; css=&#8221;.vc_custom_1654158973046{margin-top: 0px !important;margin-right: 0px !important;margin-bottom: 73px !important;margin-left: 0px !important;border-bottom-width: 8px !important;border-bottom-color: #d80d1b !important;border-bottom-style: solid !important;}&#8221;][vc_column][rev_slider_vc alias=&#8221;slider-agricultura&#8221;][\/vc_column][\/vc_row][vc_row css=&#8221;.vc_custom_1769083773828{margin-top: 30px !important;}&#8221;][vc_column width=&#8221;1\/6&#8243;][vc_custom_heading icon=&#8221;icon-agri-agricultura&#8221; icon_size=&#8221;40&#8243; stripe_pos=&#8221;hide&#8221; text=&#8221;Agricultura&#8221; font_container=&#8221;tag:h4|font_size:23|text_align:left&#8221; google_fonts=&#8221;font_family:Poppins%3A300%2Cregular%2C500%2C600%2C700|font_style:400%20regular%3A400%3Anormal&#8221; css=&#8221;.vc_custom_1713200687187{margin-top: 0px !important;padding-top: 0px !important;}&#8221; el_class=&#8221;iconTitle&#8221; link=&#8221;url:https%3A%2F%2Fagricortes.com%2Fagricultura&#8221;][vc_raw_html]JTVCYmVsbG93cyUyMGNvbmZpZ19pZCUzRCUyMm1haW4lMjIlMjBtZW51JTNEJTIyMTAwJTIyJTVE[\/vc_raw_html][\/vc_column][vc_column width=&#8221;2\/3&#8243; css=&#8221;.vc_custom_1769083794641{margin-top: 30px !important;}&#8221;][vc_tta_tabs spacing=&#8221;5&#8243; active_section=&#8221;1&#8243; el_class=&#8221;theme_style&#8221;][vc_tta_section title=&#8221;EGRETIER&#8221; tab_id=&#8221;egretier&#8221;][vc_row_inner css=&#8221;.vc_custom_1769083676662{margin-top: 10px !important;}&#8221;][vc_column_inner width=&#8221;2\/3&#8243;][vc_single_image image=&#8221;19284&#8243; img_size=&#8221;&#8221; css=&#8221;.vc_custom_1720809335618{margin-bottom: 10px !important;}&#8221;][vc_column_text el_class=&#8221;Download_Files_List&#8221; css=&#8221;.vc_custom_1720198759277{margin-bottom: 0px !important;}&#8221;]<a href=\"https:\/\/egretier-viticole.com\/\" target=\"_blank\" rel=\"noopener\">egretier-viticole.com<\/a>[\/vc_column_text][vc_custom_heading text=&#8221;EGRETIER&#8221; font_container=&#8221;tag:h1|text_align:left&#8221; google_fonts=&#8221;font_family:Poppins%3A300%2Cregular%2C500%2C600%2C700|font_style:400%20regular%3A400%3Anormal&#8221;][vc_column_text]A qualidade dos interfilas e intercepas EGRETIER \u00e9 o resultado de mais de 60 anos de investiga\u00e7\u00e3o e engenharia, tendo sido a primeira patente depositada por J.Michel Egretier em 1958.<\/p>\n<p>Hoje, sempre na vanguarda da inova\u00e7\u00e3o, os equipamentos fabricados em Narbonne, Fran\u00e7a, continuam a favorecer a regenera\u00e7\u00e3o natural do solo.[\/vc_column_text][\/vc_column_inner][vc_column_inner width=&#8221;1\/3&#8243;][vc_custom_heading icon=&#8221;icon-agri-agricultura&#8221; icon_size=&#8221;40&#8243; stripe_pos=&#8221;hide&#8221; text=&#8221;Cat\u00e1logos&#8221; font_container=&#8221;tag:h4|font_size:23|text_align:left&#8221; google_fonts=&#8221;font_family:Poppins%3A300%2Cregular%2C500%2C600%2C700|font_style:400%20regular%3A400%3Anormal&#8221; css=&#8221;.vc_custom_1720808704789{margin-top: 0px !important;padding-top: 0px !important;}&#8221; el_class=&#8221;iconTitle&#8221;][vc_column_text el_class=&#8221;Download_Files_List&#8221;]<a href=\"https:\/\/agricortes.com\/wp-content\/uploads\/2024\/07\/Catalogo-Egretier.pdf\">CAT\u00c1LOGO EGRETIER<\/a>[\/vc_column_text][vc_single_image image=&#8221;19300&#8243;][\/vc_column_inner][\/vc_row_inner][\/vc_tta_section][vc_tta_section title=&#8221;INTERFILAS OU INTERCEPAS&#8221; tab_id=&#8221;interfilas-intercepas&#8221;][vc_row_inner][vc_column_inner width=&#8221;2\/3&#8243;][vc_single_image image=&#8221;19284&#8243; img_size=&#8221;&#8221; css=&#8221;.vc_custom_1720810413686{margin-bottom: 10px !important;}&#8221;][vc_column_text el_class=&#8221;Download_Files_List&#8221; css=&#8221;.vc_custom_1720198759277{margin-bottom: 0px !important;}&#8221;]<a href=\"https:\/\/egretier-viticole.com\/\" target=\"_blank\" rel=\"noopener\">egretier-viticole.com<\/a>[\/vc_column_text][vc_custom_heading text=&#8221;INTERFILAS OU INTERCEPAS&#8221; font_container=&#8221;tag:h1|text_align:left&#8221; google_fonts=&#8221;font_family:Poppins%3A300%2Cregular%2C500%2C600%2C700|font_style:400%20regular%3A400%3Anormal&#8221;][vc_column_text]<strong>Intercepas ou interfilas mec\u00e2nico com cabe\u00e7a ro\u00e7adora hidr\u00e1ulica<\/strong><br \/>\n&#8211; Pode ser montado em chassi pr\u00f3prio ou em alfaia pr\u00e9-existente.<\/p>\n<p><strong>Intercepas ou interfilas completamente hidr\u00e1ulico com l\u00e2mina de corte<br \/>\n<\/strong>&#8211; Montado em chassi pr\u00f3prio.<br \/>\n&#8211; Sistema seguran\u00e7a com disparo hidr\u00e1ulico e reajuste autom\u00e1tico.<br \/>\n&#8211; Distribuidor.<br \/>\n&#8211; Bomba volum\u00e9trica.<br \/>\n&#8211; Amortecedor de alta press\u00e3o<br \/>\n&#8211; Filtro de press\u00e3o<br \/>\n&#8211; Man\u00f3metro de press\u00e3o.<br \/>\n&#8211; Limitador de d\u00e9bito \u00f3leo.<br \/>\n&#8211; Comando el\u00e9trico com 3 fun\u00e7\u00f5es.<br \/>\n&#8211; Caixa el\u00e9trica.<\/p>\n<div class=\"table-responsive\">\n<table class=\"table\" style=\"background: #FFF;\">\n<thead>\n<tr style=\"background: #a32035; color: #ffffff;\">\n<td><small><strong>Modelo<\/strong><\/small><\/td>\n<td><small><strong>Intercepas mec\u00e2nico<\/strong><\/small><\/td>\n<td><small><strong>Intercepas hidr\u00e1ulico<\/strong><\/small><\/td>\n<\/tr>\n<\/thead>\n<tbody>\n<tr>\n<td><small><strong>Tipo<\/strong><\/small><\/td>\n<td><small>Mec\u00e2nico<\/small><\/td>\n<td><small>Hidr\u00e1ulico<\/small><\/td>\n<\/tr>\n<tr>\n<td><small><strong>Chassi<\/strong><\/small><\/td>\n<td><small>Independente aos 3P ou acoplado em alfaia<\/small><\/td>\n<td><small>Independente aos 3P<\/small><\/td>\n<\/tr>\n<tr>\n<td><small><strong>Hidr\u00e1ulica<\/strong><\/small><\/td>\n<td><small>Do trator<\/small><\/td>\n<td><small>Do trator<\/small><\/td>\n<\/tr>\n<tr>\n<td><small><strong>Ferramenta<\/strong><\/small><\/td>\n<td><small>Cabe\u00e7a ro\u00e7adora hidr\u00e1ulica com 3 l\u00e2minas de corte vertical<\/small><\/td>\n<td><small>L\u00e2mina de corte<\/small><\/td>\n<\/tr>\n<tr>\n<td><small><strong>Modo de a\u00e7\u00e3o<\/strong><\/small><\/td>\n<td><small>Interfilas ou intercepas, em planta\u00e7\u00f5es em linha<\/small><\/td>\n<td><small>Interfilas ou intercepas, em planta\u00e7\u00f5es em linha<\/small><\/td>\n<\/tr>\n<tr>\n<td><small><strong>Fun\u00e7\u00e3o<\/strong><\/small><\/td>\n<td><small>Corta a erva<\/small><\/td>\n<td><small>Corta e desestrutura o solo, ervas daninhas e suas ra\u00edzes sem compacta\u00e7\u00e3o<\/small><\/td>\n<\/tr>\n<tr>\n<td><small><strong>Sensibilidade<\/strong><\/small><\/td>\n<td><small>Por mola<\/small><\/td>\n<td><small>Hidr\u00e1ulica<\/small><\/td>\n<\/tr>\n<tr>\n<td><small><strong>Prof. Trabalho<\/strong><\/small><\/td>\n<td><small>5 \u2013 8 cm<\/small><\/td>\n<td><small>4 \u2013 7 cm<\/small><\/td>\n<\/tr>\n<\/tbody>\n<\/table>\n<p>Outros modelos por consulta.<\/p>\n<p>&nbsp;<\/p>\n<\/div>\n<p>[\/vc_column_text][\/vc_column_inner][vc_column_inner width=&#8221;1\/3&#8243;][vc_custom_heading icon=&#8221;icon-agri-agricultura&#8221; icon_size=&#8221;40&#8243; stripe_pos=&#8221;hide&#8221; text=&#8221;Cat\u00e1logos&#8221; font_container=&#8221;tag:h4|font_size:23|text_align:left&#8221; google_fonts=&#8221;font_family:Poppins%3A300%2Cregular%2C500%2C600%2C700|font_style:400%20regular%3A400%3Anormal&#8221; css=&#8221;.vc_custom_1720808704789{margin-top: 0px !important;padding-top: 0px !important;}&#8221; el_class=&#8221;iconTitle&#8221;][vc_column_text el_class=&#8221;Download_Files_List&#8221;]<a href=\"https:\/\/agricortes.com\/wp-content\/uploads\/2024\/07\/Catalogo-Egretier-Vinha.pdf\">CAT\u00c1LOGO EGRETIER &#8211; VINHA<\/a>[\/vc_column_text][vc_media_grid style=&#8221;lazy&#8221; element_width=&#8221;6&#8243; gap=&#8221;10&#8243; grid_id=&#8221;vc_gid:1769083636578-9f12ad6b-3a50-4&#8243; el_class=&#8221;imageGalleryMargin&#8221; include=&#8221;19294,19292,19290,19296&#8243;][vc_column_text]<iframe title=\"YouTube video player\" src=\"https:\/\/www.youtube.com\/embed\/TVJwDdvlvHE?si=a8xHKoYoZaHgJ3SH\" width=\"100%\" height=\"auto\" frameborder=\"0\" allowfullscreen=\"allowfullscreen\"><\/iframe>[\/vc_column_text][\/vc_column_inner][\/vc_row_inner][\/vc_tta_section][\/vc_tta_tabs][\/vc_column][vc_column width=&#8221;1\/6&#8243;][vc_custom_heading icon=&#8221;stm-email2&#8243; icon_size=&#8221;40&#8243; stripe_pos=&#8221;hide&#8221; text=&#8221;Contacto&#8221; font_container=&#8221;tag:h4|font_size:23|text_align:left&#8221; google_fonts=&#8221;font_family:Poppins%3A300%2Cregular%2C500%2C600%2C700|font_style:400%20regular%3A400%3Anormal&#8221; css=&#8221;.vc_custom_1704469617016{margin-top: 0px !important;padding-top: 0px !important;}&#8221; el_class=&#8221;iconTitle&#8221;]\n<div class=\"wpcf7 no-js\" id=\"wpcf7-f12358-o1\" lang=\"es-ES\" dir=\"ltr\" data-wpcf7-id=\"12358\">\n<div class=\"screen-reader-response\"><p role=\"status\" aria-live=\"polite\" aria-atomic=\"true\"><\/p> <ul><\/ul><\/div>\n<form action=\"\/es\/wp-json\/wp\/v2\/pages\/19741#wpcf7-f12358-o1\" method=\"post\" class=\"wpcf7-form init\" aria-label=\"Formulario de contacto\" novalidate=\"novalidate\" data-status=\"init\">\n<div style=\"display: none;\">\n<input type=\"hidden\" name=\"_wpcf7\" value=\"12358\" \/>\n<input type=\"hidden\" name=\"_wpcf7_version\" value=\"6.0.6\" \/>\n<input type=\"hidden\" name=\"_wpcf7_locale\" value=\"es_ES\" \/>\n<input type=\"hidden\" name=\"_wpcf7_unit_tag\" value=\"wpcf7-f12358-o1\" \/>\n<input type=\"hidden\" name=\"_wpcf7_container_post\" value=\"0\" \/>\n<input type=\"hidden\" name=\"_wpcf7_posted_data_hash\" value=\"\" \/>\n<input type=\"hidden\" name=\"_wpcf7_recaptcha_response\" value=\"\" \/>\n<\/div>\n<div class=\"request_callback\">\n        <div class=\"input-group\">\n            <span class=\"wpcf7-form-control-wrap\" data-name=\"your-subject\"><input size=\"40\" maxlength=\"400\" class=\"wpcf7-form-control wpcf7-text wpcf7-validates-as-required\" aria-required=\"true\" aria-invalid=\"false\" placeholder=\"Sujeto *\" value=\"\" type=\"text\" name=\"your-subject\" \/><\/span>\n        <div class=\"input-group\">\n            <span class=\"wpcf7-form-control-wrap\" data-name=\"your-message\"><textarea cols=\"40\" rows=\"10\" maxlength=\"2000\" class=\"wpcf7-form-control wpcf7-textarea wpcf7-validates-as-required height100\" aria-required=\"true\" aria-invalid=\"false\" placeholder=\"Mensaje *\" name=\"your-message\"><\/textarea><\/span>\n        <div class=\"input-group\">\n            <span class=\"wpcf7-form-control-wrap\" data-name=\"your-company\"><input size=\"40\" maxlength=\"400\" class=\"wpcf7-form-control wpcf7-text\" aria-invalid=\"false\" placeholder=\"Empresa\" value=\"\" type=\"text\" name=\"your-company\" \/><\/span>      \n        <div class=\"input-group\">\n            <span class=\"wpcf7-form-control-wrap\" data-name=\"your-name\"><input size=\"40\" maxlength=\"400\" class=\"wpcf7-form-control wpcf7-text wpcf7-validates-as-required\" aria-required=\"true\" aria-invalid=\"false\" placeholder=\"Nombre *\" value=\"\" type=\"text\" name=\"your-name\" \/><\/span>\n        <div class=\"input-group\">\n            <span class=\"wpcf7-form-control-wrap\" data-name=\"your-loc\"><input size=\"40\" maxlength=\"400\" class=\"wpcf7-form-control wpcf7-text wpcf7-validates-as-required\" aria-required=\"true\" aria-invalid=\"false\" placeholder=\"Localidad *\" value=\"\" type=\"text\" name=\"your-loc\" \/><\/span>\n        <div class=\"input-group\">\n            <span class=\"wpcf7-form-control-wrap\" data-name=\"your-tel\"><input size=\"40\" maxlength=\"400\" class=\"wpcf7-form-control wpcf7-tel wpcf7-validates-as-required wpcf7-text wpcf7-validates-as-tel\" aria-required=\"true\" aria-invalid=\"false\" placeholder=\"Contacto *\" value=\"\" type=\"tel\" name=\"your-tel\" \/><\/span>       \n        <div class=\"input-group\">\n            <span class=\"wpcf7-form-control-wrap\" data-name=\"your-email\"><input size=\"40\" maxlength=\"400\" class=\"wpcf7-form-control wpcf7-email wpcf7-validates-as-required wpcf7-text wpcf7-validates-as-email\" aria-required=\"true\" aria-invalid=\"false\" placeholder=\"E-mail *\" value=\"\" type=\"email\" name=\"your-email\" \/><\/span>      \n        <\/div>\n        <div class=\"input-group\">\n            <button type=\"submit\" class=\"button size-lg icon_right\">Enviar<i class=\"fa fa-chevron-right\"><\/i><\/button>\n        <\/div>\n<\/div><div class=\"wpcf7-response-output\" aria-hidden=\"true\"><\/div>\n<\/form>\n<\/div>\n[\/vc_column][\/vc_row]<\/p>\n<\/section>","protected":false},"excerpt":{"rendered":"<p>[vc_row full_width=&#8221;stretch_row_content_no_spaces&#8221; css=&#8221;.vc_custom_1654158973046{margin-top: 0px !important;margin-right: 0px !important;margin-bottom: 73px !important;margin-left: 0px !important;border-bottom-width: 8px !important;border-bottom-color: #d80d1b !important;border-bottom-style: solid !important;}&#8221;][vc_column][rev_slider_vc alias=&#8221;slider-agricultura&#8221;][\/vc_column][\/vc_row][vc_row css=&#8221;.vc_custom_1769083773828{margin-top: 30px !important;}&#8221;][vc_column width=&#8221;1\/6&#8243;][vc_custom_heading icon=&#8221;icon-agri-agricultura&#8221; icon_size=&#8221;40&#8243; stripe_pos=&#8221;hide&#8221; text=&#8221;Agricultura&#8221; font_container=&#8221;tag:h4|font_size:23|text_align:left&#8221; google_fonts=&#8221;font_family:Poppins%3A300%2Cregular%2C500%2C600%2C700|font_style:400%20regular%3A400%3Anormal&#8221; css=&#8221;.vc_custom_1713200687187{margin-top: 0px !important;padding-top: 0px !important;}&#8221; el_class=&#8221;iconTitle&#8221; link=&#8221;url:https%3A%2F%2Fagricortes.com%2Fagricultura&#8221;][vc_raw_html]JTVCYmVsbG93cyUyMGNvbmZpZ19pZCUzRCUyMm1haW4lMjIlMjBtZW51JTNEJTIyMTAwJTIyJTVE[\/vc_raw_html][\/vc_column][vc_column width=&#8221;2\/3&#8243; css=&#8221;.vc_custom_1769083794641{margin-top: 30px !important;}&#8221;][vc_tta_tabs spacing=&#8221;5&#8243; active_section=&#8221;1&#8243; el_class=&#8221;theme_style&#8221;][vc_tta_section title=&#8221;EGRETIER&#8221; tab_id=&#8221;egretier&#8221;][vc_row_inner css=&#8221;.vc_custom_1769083676662{margin-top: 10px !important;}&#8221;][vc_column_inner width=&#8221;2\/3&#8243;][vc_single_image image=&#8221;19284&#8243; img_size=&#8221;&#8221; css=&#8221;.vc_custom_1720809335618{margin-bottom: 10px !important;}&#8221;][vc_column_text el_class=&#8221;Download_Files_List&#8221; css=&#8221;.vc_custom_1720198759277{margin-bottom:<\/p>\n","protected":false},"author":5,"featured_media":0,"parent":0,"menu_order":0,"comment_status":"closed","ping_status":"closed","template":"","meta":{"footnotes":""},"class_list":["post-19741","page","type-page","status-publish","hentry"],"aioseo_notices":[],"_links":{"self":[{"href":"https:\/\/agricortes.com\/es\/wp-json\/wp\/v2\/pages\/19741","targetHints":{"allow":["GET"]}}],"collection":[{"href":"https:\/\/agricortes.com\/es\/wp-json\/wp\/v2\/pages"}],"about":[{"href":"https:\/\/agricortes.com\/es\/wp-json\/wp\/v2\/types\/page"}],"author":[{"embeddable":true,"href":"https:\/\/agricortes.com\/es\/wp-json\/wp\/v2\/users\/5"}],"replies":[{"embeddable":true,"href":"https:\/\/agricortes.com\/es\/wp-json\/wp\/v2\/comments?post=19741"}],"version-history":[{"count":15,"href":"https:\/\/agricortes.com\/es\/wp-json\/wp\/v2\/pages\/19741\/revisions"}],"predecessor-version":[{"id":21744,"href":"https:\/\/agricortes.com\/es\/wp-json\/wp\/v2\/pages\/19741\/revisions\/21744"}],"wp:attachment":[{"href":"https:\/\/agricortes.com\/es\/wp-json\/wp\/v2\/media?parent=19741"}],"curies":[{"name":"wp","href":"https:\/\/api.w.org\/{rel}","templated":true}]}}