{"id":21475,"date":"2025-11-09T22:16:18","date_gmt":"2025-11-09T22:16:18","guid":{"rendered":"https:\/\/agricortes.com\/jbm-biotrituradores\/"},"modified":"2025-11-28T16:22:54","modified_gmt":"2025-11-28T16:22:54","slug":"jbm-biotrituradores","status":"publish","type":"page","link":"https:\/\/agricortes.com\/es\/jbm-biotrituradores\/","title":{"rendered":"JBM &#8211; Biotrituradores"},"content":{"rendered":"<section class=\"wpb-content-wrapper\"><p>[vc_row full_width=&#8221;stretch_row_content_no_spaces&#8221; css=&#8221;.vc_custom_1654161618218{margin-top: 0px !important;margin-right: 0px !important;margin-bottom: 73px !important;margin-left: 0px !important;border-bottom-width: 8px !important;border-bottom-color: #008623 !important;border-bottom-style: solid !important;}&#8221;][vc_column][rev_slider_vc alias=&#8221;slider-ambiente-11&#8243;][\/vc_column][\/vc_row][vc_row][vc_column width=&#8221;1\/6&#8243;][vc_custom_heading icon=&#8221;icon-agri-floresta&#8221; icon_size=&#8221;40&#8243; stripe_pos=&#8221;hide&#8221; text=&#8221;Floresta&#8221; font_container=&#8221;tag:h4|font_size:23|text_align:left&#8221; google_fonts=&#8221;font_family:Poppins%3A300%2Cregular%2C500%2C600%2C700|font_style:400%20regular%3A400%3Anormal&#8221; css=&#8221;.vc_custom_1706547932301{margin-top: 0px !important;padding-top: 0px !important;}&#8221; el_class=&#8221;iconTitle&#8221; link=&#8221;url:https%3A%2F%2Fagricortes.com%2Ffloresta%2F&#8221;][vc_raw_html]JTVCYmVsbG93cyUyMGNvbmZpZ19pZCUzRCUyMm1haW4lMjIlMjBtZW51JTNEJTIyMTAzJTIyJTVE[\/vc_raw_html][\/vc_column][vc_column width=&#8221;2\/3&#8243;][vc_tta_tabs spacing=&#8221;5&#8243; active_section=&#8221;1&#8243; el_class=&#8221;theme_style&#8221;][vc_tta_section title=&#8221;JBM&#8221; tab_id=&#8221;gandini&#8221;][vc_row_inner][vc_column_inner width=&#8221;2\/3&#8243;][vc_single_image image=&#8221;21393&#8243; img_size=&#8221;&#8221; css=&#8221;.vc_custom_1762338059377{margin-bottom: 10px !important;}&#8221;][vc_column_text css=&#8221;.vc_custom_1762339528661{margin-bottom: 0px !important;}&#8221;]<a href=\"https:\/\/muellers-backhaus.de\/en\/\">muellers-backhaus.de\/en<\/a>[\/vc_column_text][vc_custom_heading text=&#8221;JBM&#8221; font_container=&#8221;tag:h1|text_align:left&#8221; google_fonts=&#8221;font_family:Poppins%3A300%2Cregular%2C500%2C600%2C700|font_style:400%20regular%3A400%3Anormal&#8221;][vc_column_text]<strong>Estilha simplesmente potente<\/strong><\/p>\n<p>Uma s\u00e9rie de modelos de m\u00e1quinas para trabalhar a madeira com biotrituradores e destro\u00e7adores de cepos.<\/p>\n<p>Um biotriturador transforma em estilha troncos e ramos de \u00e1rvores, arbustos, res\u00edduos vegetais e similares como podas em geral, verdes e secas.\u00a0A estilha \u00e9 aproveitada para compostagem do solo, jardinagem urbana ou compacta\u00e7\u00e3o de caminhos (pistas de jogging, parques, jardins, caminhos).<\/p>\n<p>As m\u00e1quinas JBM s\u00e3o conhecidas pela robustez e durabilidade. Por isso, muitas empresas florestais, de paisagismo bem como entidades municipais, confiam na JBM h\u00e1 muitos anos.[\/vc_column_text][\/vc_column_inner][vc_column_inner width=&#8221;1\/3&#8243;][vc_single_image image=&#8221;21533&#8243; img_size=&#8221;full&#8221; onclick=&#8221;link_image&#8221;][\/vc_column_inner][\/vc_row_inner][\/vc_tta_section][vc_tta_section title=&#8221;BIOTRITURADORES&#8221; tab_id=&#8221;biotrituradores-jbm&#8221;][vc_row_inner][vc_column_inner width=&#8221;2\/3&#8243;][vc_single_image image=&#8221;21393&#8243; img_size=&#8221;&#8221; css=&#8221;.vc_custom_1762342355754{margin-bottom: 10px !important;}&#8221;][vc_column_text css=&#8221;.vc_custom_1762339528661{margin-bottom: 0px !important;}&#8221;]<a href=\"https:\/\/muellers-backhaus.de\/en\/\">muellers-backhaus.de\/en<\/a>[\/vc_column_text][vc_custom_heading text=&#8221;DESTRO\u00c7ADORES DE VERDES&#8221; font_container=&#8221;tag:h1|text_align:left&#8221; google_fonts=&#8221;font_family:Poppins%3A300%2Cregular%2C500%2C600%2C700|font_style:400%20regular%3A400%3Anormal&#8221;][vc_column_text]Os modelos da JBM s\u00e3o indicados para triturar podas e troncos com pouca ramagem provenientes de parques e jardins, \u00e1reas de condominos, bermas etc. Este tipo de destro\u00e7ador foi estudado para resolver os problemas de tritura\u00e7\u00e3o em espa\u00e7os de dimens\u00f5es m\u00e9dias. \u00c9 a linha indicada para os munic\u00edpios e profissionais que operem em \u00e1reas m\u00e9dias, que tenham como requisitos m\u00e1quinas compactas de elevada qualidade.<\/p>\n<p>Existem em 5 s\u00e9ries:<\/p>\n<ul>\n<li>MX: plataforma fixa sob reboque homologado<\/li>\n<li>MDX: plataforma rotativa em 300\u00ba sob reboque homologado<\/li>\n<li>MRX: plataforma fixa sob rastos<\/li>\n<li>ZX: suspensos \u00e0 TDF do trator<\/li>\n<li>ZX-S: suspensos \u00e0 TDF do trator e plataforma rotativa em 300\u00ba<\/li>\n<\/ul>\n<p>A vers\u00e3o <strong>MX <\/strong>est\u00e1 equipada com um motor aut\u00f3nomo e rodado pr\u00f3prio homologado, podendo ser rebocada por qualquer tipo de ve\u00edculo.<\/p>\n<p>A vers\u00e3o <strong>ZX<\/strong> est\u00e1 preparada para ser ligada ao elevador hidr\u00e1ulico de qualquer tipo de trator, acionada por cardan de transmiss\u00e3o.<\/p>\n<p>Todas as m\u00e1quinas s\u00e3o compostas por sistema de corte por disco com um sistema r\u00e1pido de montagem e desmontagem das l\u00e2minas, que reduz ao m\u00ednimo os tempos de manuten\u00e7\u00e3o e eventuais erros de montagem. O sistema hidr\u00e1ulico foi projectado com todos os detalhes e feito com componentes de elevada qualidade, como: tubagem sobredimensionada e bloco de electrov\u00e1lvulas especial, tudo para garantir seguran\u00e7a e durabilidade.<\/p>\n<p>Caracter\u00edsticas:<\/p>\n<ul>\n<li>Rolo dentado com sistema exclusivo de faca e dente para aumentar a pot\u00eancia de alimenta\u00e7\u00e3o.<\/li>\n<li>Contra faca de dois gumes.<\/li>\n<li>Sistema de seguran\u00e7a com barra galvanizada.<\/li>\n<li>Dispositivo no-stress.<\/li>\n<li>Lubrifica\u00e7\u00e3o centralizada.<\/li>\n<li>Conta-horas.<\/li>\n<\/ul>\n<div class=\"table-responsive\">\n<table class=\"table\" style=\"background: #FFF;\">\n<thead>\n<tr style=\"background: #a32035; color: #ffffff;\">\n<td><small><strong>Modelo<\/strong><\/small><\/td>\n<td><small><strong>\u00a0420MX<br \/>\n421MX<br \/>\n421MRX<br \/>\n521MDX<br \/>\n521ZX<\/strong><\/small><\/td>\n<td><small><strong>\u00a0624MX<br \/>\n624MDX<br \/>\n624MRX<br \/>\n624ZX<br \/>\n630MDX<br \/>\n831ZX<br \/>\n831MRX<br \/>\n831ZDX<\/strong><\/small><\/td>\n<td><small><strong>\u00a01040MDX<br \/>\n1040ZX<br \/>\n1040ZDX<\/strong><\/small><\/td>\n<\/tr>\n<\/thead>\n<tbody>\n<tr>\n<td><small><strong>Alimenta\u00e7\u00e3o<\/strong><\/small><\/td>\n<td colspan=\"3\"><small>2 rolos de alimenta\u00e7\u00e3o com motores independentes e hidr\u00e1ulicos<\/small><\/td>\n<\/tr>\n<tr>\n<td><small><strong>Di\u00e2metro m\u00e1ximo<\/strong><\/small><\/td>\n<td><small>150 -160 mm<\/small><\/td>\n<td><small>200-220 mm<\/small><\/td>\n<td><small>280 mm<\/small><\/td>\n<\/tr>\n<tr>\n<td><small><strong>Tamanho da estilha<\/strong><\/small><\/td>\n<td colspan=\"3\"><small>regul\u00e1vel de 0-25 mm<\/small><\/td>\n<\/tr>\n<tr>\n<td><small><strong>Roto<\/strong><br \/>\n<\/small><\/td>\n<td><small>610 mm \/ 25 mm<\/small><\/td>\n<td><small>670 mm \/ 35 mm<\/small><\/td>\n<td><small>810 mm \/ 38 mm<\/small><\/td>\n<\/tr>\n<tr>\n<td><small><strong>Velocidade<\/strong><\/small><\/td>\n<td colspan=\"3\"><small>540 &#8211; 1000 r.p.m.<\/small><\/td>\n<\/tr>\n<tr>\n<td><small><strong>Tubo de descarga<\/strong><\/small><\/td>\n<td colspan=\"3\"><small>Chamin\u00e9 de descarga rotativa com defletor regul\u00e1vel<\/small><\/td>\n<\/tr>\n<\/tbody>\n<\/table>\n<\/div>\n<p>[\/vc_column_text][\/vc_column_inner][vc_column_inner width=&#8221;1\/3&#8243;][vc_custom_heading icon=&#8221;icon-agri-floresta&#8221; icon_size=&#8221;40&#8243; stripe_pos=&#8221;hide&#8221; text=&#8221;Cat\u00e1logos&#8221; font_container=&#8221;tag:h4|font_size:23|text_align:left&#8221; google_fonts=&#8221;font_family:Poppins%3A300%2Cregular%2C500%2C600%2C700|font_style:400%20regular%3A400%3Anormal&#8221; css=&#8221;.vc_custom_1706548080869{margin-top: 0px !important;padding-top: 0px !important;}&#8221; el_class=&#8221;iconTitle&#8221;][vc_column_text el_class=&#8221;Download_Files_List&#8221;]<a href=\"https:\/\/agricortes.com\/wp-content\/uploads\/2025\/11\/Catalogo-JBM_PT-1.pdf\" target=\"_blank\" rel=\"noopener\">CATALOGO JBM_PT<\/a>[\/vc_column_text][vc_media_grid style=&#8221;lazy&#8221; element_width=&#8221;6&#8243; gap=&#8221;10&#8243; grid_id=&#8221;vc_gid:1764346864582-0a4a3d7ea1bbc183f2d232147b8975b4-5&#8243; el_class=&#8221;imageGalleryMargin&#8221; include=&#8221;21385,21387,21389,21391&#8243;][\/vc_column_inner][\/vc_row_inner][\/vc_tta_section][vc_tta_section title=&#8221;CORTA CEPOS&#8221; tab_id=&#8221;corta-cepos-jbm&#8221;][vc_row_inner][vc_column_inner width=&#8221;2\/3&#8243;][vc_single_image image=&#8221;21393&#8243; img_size=&#8221;&#8221; css=&#8221;.vc_custom_1762342386966{margin-bottom: 10px !important;}&#8221;][vc_column_text css=&#8221;.vc_custom_1762339528661{margin-bottom: 0px !important;}&#8221;]<a href=\"https:\/\/muellers-backhaus.de\/en\/\">muellers-backhaus.de\/en<\/a>[\/vc_column_text][vc_custom_heading text=&#8221;CORTA CEPOS&#8221; font_container=&#8221;tag:h1|text_align:left&#8221; google_fonts=&#8221;font_family:Poppins%3A300%2Cregular%2C500%2C600%2C700|font_style:400%20regular%3A400%3Anormal&#8221;][vc_column_text]A fresa de cepos profissional da JBM \u00e9 formid\u00e1vel para qualquer tipo de cepo e encontra-se dispon\u00edvel na vers\u00e3o motorizada, sob rodas ou rastos.<\/p>\n<p>\u00c9 uma m\u00e1quina compacta ideal para acesso a locais de acesso extremamente limitados. Gra\u00e7as aos particulares elementos tecnol\u00f3gicos da JBM, os movimentos resultam muito amplos e permitem de fresar cepos muito grandes sem ter que deslocar o trator. As ferramentas, com partes substitu\u00edveis de \u201cwidia\u201d, permitem um longo trabalho, sem nenhum tipo de manuten\u00e7\u00e3o.<\/p>\n<p>Caracter\u00edsticas:<\/p>\n<ul>\n<li>Di\u00e2metro do cepo: sem limite<\/li>\n<li>Sistema de gest\u00e3o de esfor\u00e7o KDS<\/li>\n<li>M\u00e1quinas compactas<\/li>\n<\/ul>\n<div class=\"table-responsive\">\n<table class=\"table\" style=\"background: #FFF;\">\n<thead>\n<tr style=\"background: #a32035; color: #ffffff;\">\n<td><small><strong>Modelo<\/strong><\/small><\/td>\n<td><small><strong>\u00a02914BD\u00a0\u00a0<\/strong><\/small><\/td>\n<td><small><strong>\u00a02922BDH\u00a0\u00a0<\/strong><\/small><\/td>\n<td><small><strong>\u00a05935RDH<br \/>\n5950RDH<br \/>\n5960RDH\u00a0\u00a0<\/strong><\/small><\/td>\n<\/tr>\n<tr>\n<td><small><strong>Motor<\/strong><\/small><\/td>\n<td><small>14 Hp<\/small><\/td>\n<td><small>14 Hp<\/small><\/td>\n<td><small>35 &#8211; 60 Hp<\/small><\/td>\n<\/tr>\n<tr>\n<td><small><strong>Largura de corte<\/strong><br \/>\n<\/small><\/td>\n<td><small>900 mm<\/small><\/td>\n<td><small>1200 mm<\/small><\/td>\n<td><small>1450 mm<\/small><\/td>\n<\/tr>\n<tr>\n<td><small><strong>Profundidade de corte<\/strong><br \/>\n<\/small><\/td>\n<td><small>280 mm<\/small><\/td>\n<td><small>300 mm<\/small><\/td>\n<td><small>500 mm<\/small><\/td>\n<\/tr>\n<tr>\n<td><small><strong>Tra\u00e7\u00e3o<\/strong><br \/>\n<\/small><\/td>\n<td><small>rodas<\/small><\/td>\n<td><small>rodas<\/small><\/td>\n<td><small>rastos<\/small><\/td>\n<\/tr>\n<\/thead>\n<\/table>\n<\/div>\n<p>[\/vc_column_text][\/vc_column_inner][vc_column_inner width=&#8221;1\/3&#8243;][vc_custom_heading icon=&#8221;icon-agri-floresta&#8221; icon_size=&#8221;40&#8243; stripe_pos=&#8221;hide&#8221; text=&#8221;Cat\u00e1logos&#8221; font_container=&#8221;tag:h4|font_size:23|text_align:left&#8221; google_fonts=&#8221;font_family:Poppins%3A300%2Cregular%2C500%2C600%2C700|font_style:400%20regular%3A400%3Anormal&#8221; css=&#8221;.vc_custom_1706548080869{margin-top: 0px !important;padding-top: 0px !important;}&#8221; el_class=&#8221;iconTitle&#8221;][vc_column_text el_class=&#8221;Download_Files_List&#8221;]<a href=\"https:\/\/agricortes.com\/wp-content\/uploads\/2025\/11\/Catalogo-JBM_PT.pdf\" target=\"_blank\" rel=\"noopener\">CATALOGO JBM_PT<\/a>[\/vc_column_text][vc_media_grid style=&#8221;lazy&#8221; element_width=&#8221;6&#8243; gap=&#8221;10&#8243; grid_id=&#8221;vc_gid:1764346864686-4d91b99b66c08d01c811562c4b5cbec5-6&#8243; el_class=&#8221;imageGalleryMargin&#8221; include=&#8221;21399,21401,21397,21403&#8243;][\/vc_column_inner][\/vc_row_inner][\/vc_tta_section][\/vc_tta_tabs][\/vc_column][vc_column width=&#8221;1\/6&#8243;][vc_custom_heading icon=&#8221;stm-email2&#8243; icon_size=&#8221;40&#8243; stripe_pos=&#8221;hide&#8221; text=&#8221;Contacto&#8221; font_container=&#8221;tag:h4|font_size:23|text_align:left&#8221; google_fonts=&#8221;font_family:Poppins%3A300%2Cregular%2C500%2C600%2C700|font_style:400%20regular%3A400%3Anormal&#8221; css=&#8221;.vc_custom_1704469403958{margin-top: 0px !important;padding-top: 0px !important;}&#8221; el_class=&#8221;iconTitle&#8221;]\n<div class=\"wpcf7 no-js\" id=\"wpcf7-f12358-o1\" lang=\"es-ES\" dir=\"ltr\" data-wpcf7-id=\"12358\">\n<div class=\"screen-reader-response\"><p role=\"status\" aria-live=\"polite\" aria-atomic=\"true\"><\/p> <ul><\/ul><\/div>\n<form action=\"\/es\/wp-json\/wp\/v2\/pages\/21475#wpcf7-f12358-o1\" method=\"post\" class=\"wpcf7-form init\" aria-label=\"Formulario de contacto\" novalidate=\"novalidate\" data-status=\"init\">\n<div style=\"display: none;\">\n<input type=\"hidden\" name=\"_wpcf7\" value=\"12358\" \/>\n<input type=\"hidden\" name=\"_wpcf7_version\" value=\"6.0.6\" \/>\n<input type=\"hidden\" name=\"_wpcf7_locale\" value=\"es_ES\" \/>\n<input type=\"hidden\" name=\"_wpcf7_unit_tag\" value=\"wpcf7-f12358-o1\" \/>\n<input type=\"hidden\" name=\"_wpcf7_container_post\" value=\"0\" \/>\n<input type=\"hidden\" name=\"_wpcf7_posted_data_hash\" value=\"\" \/>\n<input type=\"hidden\" name=\"_wpcf7_recaptcha_response\" value=\"\" \/>\n<\/div>\n<div class=\"request_callback\">\n        <div class=\"input-group\">\n            <span class=\"wpcf7-form-control-wrap\" data-name=\"your-subject\"><input size=\"40\" maxlength=\"400\" class=\"wpcf7-form-control wpcf7-text wpcf7-validates-as-required\" aria-required=\"true\" aria-invalid=\"false\" placeholder=\"Sujeto *\" value=\"\" type=\"text\" name=\"your-subject\" \/><\/span>\n        <div class=\"input-group\">\n            <span class=\"wpcf7-form-control-wrap\" data-name=\"your-message\"><textarea cols=\"40\" rows=\"10\" maxlength=\"2000\" class=\"wpcf7-form-control wpcf7-textarea wpcf7-validates-as-required height100\" aria-required=\"true\" aria-invalid=\"false\" placeholder=\"Mensaje *\" name=\"your-message\"><\/textarea><\/span>\n        <div class=\"input-group\">\n            <span class=\"wpcf7-form-control-wrap\" data-name=\"your-company\"><input size=\"40\" maxlength=\"400\" class=\"wpcf7-form-control wpcf7-text\" aria-invalid=\"false\" placeholder=\"Empresa\" value=\"\" type=\"text\" name=\"your-company\" \/><\/span>      \n        <div class=\"input-group\">\n            <span class=\"wpcf7-form-control-wrap\" data-name=\"your-name\"><input size=\"40\" maxlength=\"400\" class=\"wpcf7-form-control wpcf7-text wpcf7-validates-as-required\" aria-required=\"true\" aria-invalid=\"false\" placeholder=\"Nombre *\" value=\"\" type=\"text\" name=\"your-name\" \/><\/span>\n        <div class=\"input-group\">\n            <span class=\"wpcf7-form-control-wrap\" data-name=\"your-loc\"><input size=\"40\" maxlength=\"400\" class=\"wpcf7-form-control wpcf7-text wpcf7-validates-as-required\" aria-required=\"true\" aria-invalid=\"false\" placeholder=\"Localidad *\" value=\"\" type=\"text\" name=\"your-loc\" \/><\/span>\n        <div class=\"input-group\">\n            <span class=\"wpcf7-form-control-wrap\" data-name=\"your-tel\"><input size=\"40\" maxlength=\"400\" class=\"wpcf7-form-control wpcf7-tel wpcf7-validates-as-required wpcf7-text wpcf7-validates-as-tel\" aria-required=\"true\" aria-invalid=\"false\" placeholder=\"Contacto *\" value=\"\" type=\"tel\" name=\"your-tel\" \/><\/span>       \n        <div class=\"input-group\">\n            <span class=\"wpcf7-form-control-wrap\" data-name=\"your-email\"><input size=\"40\" maxlength=\"400\" class=\"wpcf7-form-control wpcf7-email wpcf7-validates-as-required wpcf7-text wpcf7-validates-as-email\" aria-required=\"true\" aria-invalid=\"false\" placeholder=\"E-mail *\" value=\"\" type=\"email\" name=\"your-email\" \/><\/span>      \n        <\/div>\n        <div class=\"input-group\">\n            <button type=\"submit\" class=\"button size-lg icon_right\">Enviar<i class=\"fa fa-chevron-right\"><\/i><\/button>\n        <\/div>\n<\/div><div class=\"wpcf7-response-output\" aria-hidden=\"true\"><\/div>\n<\/form>\n<\/div>\n[\/vc_column][\/vc_row]<\/p>\n<\/section>","protected":false},"excerpt":{"rendered":"<p>[vc_row full_width=&#8221;stretch_row_content_no_spaces&#8221; css=&#8221;.vc_custom_1654161618218{margin-top: 0px !important;margin-right: 0px !important;margin-bottom: 73px !important;margin-left: 0px !important;border-bottom-width: 8px !important;border-bottom-color: #008623 !important;border-bottom-style: solid !important;}&#8221;][vc_column][rev_slider_vc alias=&#8221;slider-ambiente-11&#8243;][\/vc_column][\/vc_row][vc_row][vc_column width=&#8221;1\/6&#8243;][vc_custom_heading icon=&#8221;icon-agri-floresta&#8221; icon_size=&#8221;40&#8243; stripe_pos=&#8221;hide&#8221; text=&#8221;Floresta&#8221; font_container=&#8221;tag:h4|font_size:23|text_align:left&#8221; google_fonts=&#8221;font_family:Poppins%3A300%2Cregular%2C500%2C600%2C700|font_style:400%20regular%3A400%3Anormal&#8221; css=&#8221;.vc_custom_1706547932301{margin-top: 0px !important;padding-top: 0px !important;}&#8221; el_class=&#8221;iconTitle&#8221; link=&#8221;url:https%3A%2F%2Fagricortes.com%2Ffloresta%2F&#8221;][vc_raw_html]JTVCYmVsbG93cyUyMGNvbmZpZ19pZCUzRCUyMm1haW4lMjIlMjBtZW51JTNEJTIyMTAzJTIyJTVE[\/vc_raw_html][\/vc_column][vc_column width=&#8221;2\/3&#8243;][vc_tta_tabs spacing=&#8221;5&#8243; active_section=&#8221;1&#8243; el_class=&#8221;theme_style&#8221;][vc_tta_section title=&#8221;JBM&#8221; tab_id=&#8221;gandini&#8221;][vc_row_inner][vc_column_inner width=&#8221;2\/3&#8243;][vc_single_image image=&#8221;21393&#8243; img_size=&#8221;&#8221; css=&#8221;.vc_custom_1762338059377{margin-bottom: 10px !important;}&#8221;][vc_column_text css=&#8221;.vc_custom_1762339528661{margin-bottom: 0px !important;}&#8221;]muellers-backhaus.de\/en[\/vc_column_text][vc_custom_heading text=&#8221;JBM&#8221; font_container=&#8221;tag:h1|text_align:left&#8221; google_fonts=&#8221;font_family:Poppins%3A300%2Cregular%2C500%2C600%2C700|font_style:400%20regular%3A400%3Anormal&#8221;][vc_column_text]Estilha simplesmente potente Uma s\u00e9rie de<\/p>\n","protected":false},"author":5,"featured_media":0,"parent":0,"menu_order":0,"comment_status":"closed","ping_status":"closed","template":"","meta":{"footnotes":""},"class_list":["post-21475","page","type-page","status-publish","hentry"],"aioseo_notices":[],"_links":{"self":[{"href":"https:\/\/agricortes.com\/es\/wp-json\/wp\/v2\/pages\/21475","targetHints":{"allow":["GET"]}}],"collection":[{"href":"https:\/\/agricortes.com\/es\/wp-json\/wp\/v2\/pages"}],"about":[{"href":"https:\/\/agricortes.com\/es\/wp-json\/wp\/v2\/types\/page"}],"author":[{"embeddable":true,"href":"https:\/\/agricortes.com\/es\/wp-json\/wp\/v2\/users\/5"}],"replies":[{"embeddable":true,"href":"https:\/\/agricortes.com\/es\/wp-json\/wp\/v2\/comments?post=21475"}],"version-history":[{"count":44,"href":"https:\/\/agricortes.com\/es\/wp-json\/wp\/v2\/pages\/21475\/revisions"}],"predecessor-version":[{"id":21554,"href":"https:\/\/agricortes.com\/es\/wp-json\/wp\/v2\/pages\/21475\/revisions\/21554"}],"wp:attachment":[{"href":"https:\/\/agricortes.com\/es\/wp-json\/wp\/v2\/media?parent=21475"}],"curies":[{"name":"wp","href":"https:\/\/api.w.org\/{rel}","templated":true}]}}